{"id":4163,"date":"2023-01-15T23:47:15","date_gmt":"2023-01-15T20:47:15","guid":{"rendered":"http:\/\/achenehealth.com\/de\/?page_id=4163"},"modified":"2025-03-08T20:54:37","modified_gmt":"2025-03-08T17:54:37","slug":"achene-gesundheit","status":"publish","type":"page","link":"https:\/\/achenehealth.com\/de\/","title":{"rendered":"Achene Gesundheit"},"content":{"rendered":"<div class=\"wpb-content-wrapper\"><p>[vc_row row_space=&#8221;remove_padding&#8221;][vc_column][vc_custom_heading text=&#8221;Reiseb\u00fcro Achene Gesundheitstourismus. Belgische Nr. 16028&#8243; font_container=&#8221;tag:h6|text_align:right&#8221; css=&#8221;&#8221;][\/vc_column][\/vc_row][vc_row fullwidth=&#8221;0&#8243; row_space=&#8221;remove_padding&#8221; isfullwidth=&#8221;0&#8243;][vc_column]\n\t\t\t<!-- START achene REVOLUTION SLIDER 6.7.40 --><p class=\"rs-p-wp-fix\"><\/p>\n\t\t\t<rs-module-wrap id=\"rev_slider_2_1_wrapper\" data-source=\"gallery\" style=\"visibility:hidden;background:transparent;padding:0;margin:0px auto;margin-top:0;margin-bottom:0;\">\n\t\t\t\t<rs-module id=\"rev_slider_2_1\" style=\"\" data-version=\"6.7.40\">\n\t\t\t\t\t<rs-slides style=\"overflow: hidden; position: absolute;\">\n\t\t\t\t\t\t<rs-slide style=\"position: absolute;\" data-key=\"rs-4\" data-title=\"Slide\" data-thumb=\"\/\/achenehealth.com\/wp-content\/uploads\/2023\/01\/obesity-achene.jpeg\" data-in=\"o:0;\" data-out=\"a:false;\">\n\t\t\t\t\t\t\t<img decoding=\"async\" src=\"\/\/achenehealth.com\/de\/wp-content\/plugins\/revslider\/sr6\/assets\/assets\/dummy.png\" alt=\"\" title=\"obesity-achene\" width=\"1600\" height=\"1066\" class=\"rev-slidebg tp-rs-img rs-lazyload\" data-lazyload=\"\/\/achenehealth.com\/wp-content\/uploads\/2023\/01\/obesity-achene.jpeg\" data-panzoom=\"d:10000;ss:100;se:109;\" data-no-retina>\n<!--\n\t\t\t\t\t\t\t--><rs-layer\n\t\t\t\t\t\t\t\tid=\"slider-2-slide-4-layer-3\" \n\t\t\t\t\t\t\t\tdata-type=\"text\"\n\t\t\t\t\t\t\t\tdata-color=\"#007aff||#007aff||rgba(255, 255, 255, 1)||rgba(255, 255, 255, 1)\"\n\t\t\t\t\t\t\t\tdata-rsp_ch=\"on\"\n\t\t\t\t\t\t\t\tdata-xy=\"x:l,l,l,c;xo:61px,61px,10px,0;y:t,t,m,m;yo:118px,118px,-84px,-87px;\"\n\t\t\t\t\t\t\t\tdata-text=\"s:68,68,42,34;l:74,74,50,42;fw:600;a:left,left,left,center;\"\n\t\t\t\t\t\t\t\tdata-dim=\"w:1090px,1090px,auto,auto;h:273px,273px,auto,auto;\"\n\t\t\t\t\t\t\t\tdata-frame_0=\"y:50px;\"\n\t\t\t\t\t\t\t\tdata-frame_1=\"e:power2.inOut;st:260;sp:380;sR:260;\"\n\t\t\t\t\t\t\t\tdata-frame_999=\"y:-50px;o:0;e:nothing;st:w;sR:8360;\"\n\t\t\t\t\t\t\t\tstyle=\"z-index:6;font-family:'Poppins';\"\n\t\t\t\t\t\t\t>Wir stehen Ihnen mit unser en <br> vertraglich vereinbarten  <br>Gesundheitseinrichtungen <br> zur Verf\u00fcgung \n\t\t\t\t\t\t\t<\/rs-layer><!--\n-->\t\t\t\t\t<\/rs-slide>\n\t\t\t\t\t\t<rs-slide style=\"position: absolute;\" data-key=\"rs-5\" data-title=\"Slide\" data-thumb=\"\/\/achenehealth.com\/wp-content\/uploads\/2023\/01\/break-into-beauty.jpeg\" data-in=\"o:0;\" data-out=\"a:false;\">\n\t\t\t\t\t\t\t<img decoding=\"async\" src=\"\/\/achenehealth.com\/de\/wp-content\/plugins\/revslider\/sr6\/assets\/assets\/dummy.png\" alt=\"\" title=\"break-into-beauty\" width=\"1700\" height=\"1258\" class=\"rev-slidebg tp-rs-img rs-lazyload\" data-lazyload=\"\/\/achenehealth.com\/wp-content\/uploads\/2023\/01\/break-into-beauty.jpeg\" data-panzoom=\"d:10000;ss:100;se:109;\" data-no-retina>\n<!--\n\t\t\t\t\t\t\t--><rs-layer\n\t\t\t\t\t\t\t\tid=\"slider-2-slide-5-layer-3\" \n\t\t\t\t\t\t\t\tdata-type=\"text\"\n\t\t\t\t\t\t\t\tdata-color=\"rgba(255, 255, 255, 1)\"\n\t\t\t\t\t\t\t\tdata-rsp_ch=\"on\"\n\t\t\t\t\t\t\t\tdata-xy=\"x:l,l,l,c;xo:10px,10px,11px,0;y:t,t,m,m;yo:292px,292px,-48px,-49px;\"\n\t\t\t\t\t\t\t\tdata-text=\"s:68,68,38,34;l:72,72,46,42;fw:600;a:left,left,left,center;\"\n\t\t\t\t\t\t\t\tdata-frame_0=\"y:50px;\"\n\t\t\t\t\t\t\t\tdata-frame_1=\"e:power2.inOut;st:260;sp:380;sR:260;\"\n\t\t\t\t\t\t\t\tdata-frame_999=\"y:-50px;o:0;e:nothing;st:w;sR:8360;\"\n\t\t\t\t\t\t\t\tstyle=\"z-index:5;font-family:'Poppins';\"\n\t\t\t\t\t\t\t>Sie k\u00f6nnen einen Unterschied <br> machen \n\t\t\t\t\t\t\t<\/rs-layer><!--\n\n\t\t\t\t\t\t\t--><rs-layer\n\t\t\t\t\t\t\t\tid=\"slider-2-slide-5-layer-7\" \n\t\t\t\t\t\t\t\tdata-type=\"text\"\n\t\t\t\t\t\t\t\tdata-color=\"#0a0202\"\n\t\t\t\t\t\t\t\tdata-rsp_ch=\"on\"\n\t\t\t\t\t\t\t\tdata-xy=\"x:l,l,l,c;xo:10px,10px,10px,0;y:t,t,m,m;yo:257px,257px,-116px,-115px;\"\n\t\t\t\t\t\t\t\tdata-text=\"s:14,14,14,12;l:22;fw:500;\"\n\t\t\t\t\t\t\t\tdata-padding=\"t:2;r:10;b:2;l:10;\"\n\t\t\t\t\t\t\t\tdata-frame_1=\"e:power2.inOut;st:540;sR:540;\"\n\t\t\t\t\t\t\t\tdata-frame_999=\"o:0;e:nothing;st:w;sR:8160;\"\n\t\t\t\t\t\t\t\tstyle=\"z-index:6;background-color:rgba(252,201,27,0.8);font-family:'Poppins';text-transform:uppercase;\"\n\t\t\t\t\t\t\t>Willkommen bei ACHENE HEALTH \n\t\t\t\t\t\t\t<\/rs-layer><!--\n-->\t\t\t\t\t<\/rs-slide>\n\t\t\t\t\t\t<rs-slide style=\"position: absolute;\" data-key=\"rs-13\" data-title=\"Slide\" data-thumb=\"\/\/achenehealth.com\/wp-content\/uploads\/2023\/01\/gozluk.png\" data-in=\"o:0;\" data-out=\"a:false;\">\n\t\t\t\t\t\t\t<img decoding=\"async\" src=\"\/\/achenehealth.com\/de\/wp-content\/plugins\/revslider\/sr6\/assets\/assets\/dummy.png\" alt=\"\" title=\"gozluk\" width=\"750\" height=\"422\" class=\"rev-slidebg tp-rs-img rs-lazyload\" data-lazyload=\"\/\/achenehealth.com\/wp-content\/uploads\/2023\/01\/gozluk.png\" data-panzoom=\"d:10000;ss:100;se:109;\" data-no-retina>\n<!--\n\t\t\t\t\t\t\t--><rs-layer\n\t\t\t\t\t\t\t\tid=\"slider-2-slide-13-layer-3\" \n\t\t\t\t\t\t\t\tdata-type=\"text\"\n\t\t\t\t\t\t\t\tdata-color=\"rgba(255, 255, 255, 1)\"\n\t\t\t\t\t\t\t\tdata-rsp_ch=\"on\"\n\t\t\t\t\t\t\t\tdata-xy=\"x:l,l,l,c;xo:10px,10px,11px,0;y:t,t,m,m;yo:292px,292px,-48px,-49px;\"\n\t\t\t\t\t\t\t\tdata-text=\"s:68,68,38,34;l:72,72,46,42;fw:600;a:left,left,left,center;\"\n\t\t\t\t\t\t\t\tdata-dim=\"w:1416px,1416px,auto,auto;h:147px,147px,auto,auto;\"\n\t\t\t\t\t\t\t\tdata-frame_0=\"y:50px;\"\n\t\t\t\t\t\t\t\tdata-frame_1=\"e:power2.inOut;st:260;sp:380;sR:260;\"\n\t\t\t\t\t\t\t\tdata-frame_999=\"y:-50px;o:0;e:nothing;st:w;sR:8360;\"\n\t\t\t\t\t\t\t\tstyle=\"z-index:5;font-family:'Poppins';\"\n\t\t\t\t\t\t\t>Transformation<br> der Gesundheitsf\u00fcrsorge<br> Verbesserung des Lebens \n\t\t\t\t\t\t\t<\/rs-layer><!--\n\n\t\t\t\t\t\t\t--><rs-layer\n\t\t\t\t\t\t\t\tid=\"slider-2-slide-13-layer-7\" \n\t\t\t\t\t\t\t\tdata-type=\"text\"\n\t\t\t\t\t\t\t\tdata-color=\"#0a0202\"\n\t\t\t\t\t\t\t\tdata-rsp_ch=\"on\"\n\t\t\t\t\t\t\t\tdata-xy=\"x:l,l,l,c;xo:10px,10px,10px,0;y:t,t,m,m;yo:257px,257px,-116px,-115px;\"\n\t\t\t\t\t\t\t\tdata-text=\"s:14,14,14,12;l:22;fw:500;\"\n\t\t\t\t\t\t\t\tdata-padding=\"t:2;r:10;b:2;l:10;\"\n\t\t\t\t\t\t\t\tdata-frame_1=\"e:power2.inOut;st:540;sR:540;\"\n\t\t\t\t\t\t\t\tdata-frame_999=\"o:0;e:nothing;st:w;sR:8160;\"\n\t\t\t\t\t\t\t\tstyle=\"z-index:6;background-color:rgba(252,201,27,0.8);font-family:'Poppins';text-transform:uppercase;\"\n\t\t\t\t\t\t\t>ACHENE HEALTH OPHTALMOLOGY \n\t\t\t\t\t\t\t<\/rs-layer><!--\n-->\t\t\t\t\t<\/rs-slide>\n\t\t\t\t\t\t<rs-slide style=\"position: absolute;\" data-key=\"rs-14\" data-title=\"Slide\" data-thumb=\"\/\/achenehealth.com\/wp-content\/uploads\/2023\/01\/Knee-examination.jpg\" data-in=\"o:0;\" data-out=\"a:false;\">\n\t\t\t\t\t\t\t<img decoding=\"async\" src=\"\/\/achenehealth.com\/de\/wp-content\/plugins\/revslider\/sr6\/assets\/assets\/dummy.png\" alt=\"\" title=\"Knee examination\" width=\"2560\" height=\"1254\" class=\"rev-slidebg tp-rs-img rs-lazyload\" data-lazyload=\"\/\/achenehealth.com\/wp-content\/uploads\/2023\/01\/Knee-examination.jpg\" data-panzoom=\"d:10000;ss:100;se:109;\" data-no-retina>\n<!--\n\t\t\t\t\t\t\t--><rs-layer\n\t\t\t\t\t\t\t\tid=\"slider-2-slide-14-layer-3\" \n\t\t\t\t\t\t\t\tdata-type=\"text\"\n\t\t\t\t\t\t\t\tdata-color=\"#3400ba||#3400ba||rgba(255, 255, 255, 1)||rgba(255, 255, 255, 1)\"\n\t\t\t\t\t\t\t\tdata-rsp_ch=\"on\"\n\t\t\t\t\t\t\t\tdata-xy=\"x:l,l,l,c;xo:47px,47px,11px,0;y:t,t,m,m;yo:264px,264px,-48px,-49px;\"\n\t\t\t\t\t\t\t\tdata-text=\"s:68,68,38,34;l:72,72,46,42;fw:600;a:left,left,left,center;\"\n\t\t\t\t\t\t\t\tdata-frame_0=\"y:50px;\"\n\t\t\t\t\t\t\t\tdata-frame_1=\"e:power2.inOut;st:260;sp:380;sR:260;\"\n\t\t\t\t\t\t\t\tdata-frame_999=\"y:-50px;o:0;e:nothing;st:w;sR:8360;\"\n\t\t\t\t\t\t\t\tstyle=\"z-index:6;font-family:'Poppins';\"\n\t\t\t\t\t\t\t>Ihre Gesundheit <br> Unsere oberste Priorit\u00e4t \n\t\t\t\t\t\t\t<\/rs-layer><!--\n-->\t\t\t\t\t<\/rs-slide>\n\t\t\t\t\t<\/rs-slides>\n\t\t\t\t<\/rs-module>\n\t\t\t\t<script>\n\t\t\t\t\tsetREVStartSize({c: 'rev_slider_2_1',rl:[1240,1240,778,480],el:[800,800,500,400],gw:[1170,1170,778,480],gh:[800,800,500,400],type:'standard',justify:'',layout:'fullwidth',mh:\"0\"});if (window.RS_MODULES!==undefined && window.RS_MODULES.modules!==undefined && window.RS_MODULES.modules[\"revslider21\"]!==undefined) {window.RS_MODULES.modules[\"revslider21\"].once = false;window.revapi2 = undefined;if (window.RS_MODULES.checkMinimal!==undefined) window.RS_MODULES.checkMinimal()}\n\t\t\t\t<\/script>\n\t\t\t<\/rs-module-wrap>\n\t\t\t<!-- END REVOLUTION SLIDER -->\n[\/vc_column][\/vc_row][vc_row][vc_column][info_banner_vc use_theme_fonts=&#8221;yes&#8221; image_id=&#8221;4345&#8243; ribbon_text=&#8221;ACHENE&#8221;]<\/p>\n<h2 style=\"text-align: center;\">Ihre Gesundheit, unsere oberste Priorit\u00e4t<\/h2>\n<p style=\"text-align: left;\">ACHENE HEALTH ist bestrebt, seinen Kunden die h\u00f6chste Qualit\u00e4t an Dienstleistungen und Pflege zu bieten. Wir wissen, dass eine medizinische Behandlung im Ausland eine be\u00e4ngstigende Erfahrung sein kann Deshalb bem\u00fchen wir uns, die besten Optionen und die beste Unterst\u00fctzung anzubieten, um einen nahtlosen und stressfreien Prozess zu gew\u00e4hrleisten.<\/p>\n<p style=\"text-align: left;\">Wir arbeiten eng mit renommierten und anerkannten medizinischen Einrichtungen und Anbietern zusammen und bieten eine Reihe von Behandlungen und Verfahren f\u00fcr jeden Bedarf an. Unser Team widmet sich der pers\u00f6nlichen Betreuung und Unterst\u00fctzung, von der ersten Beratung bis zur Nachbetreuung.<\/p>\n<p style=\"text-align: left;\">Wir glauben an Transparenz und Ehrlichkeit. Wir bem\u00fchen uns, unsere Kunden mit genauen und detaillierten Informationen zu versorgen, damit sie fundierte Entscheidungen treffen k\u00f6nnen. Wir bieten auch \u00dcbersetzungsdienste, Reiseunterst\u00fctzung und ein engagiertes Kundendienstteam, um unseren Kunden die bestm\u00f6gliche Erfahrung zu bieten.<\/p>\n<p style=\"text-align: left;\">Unser Ziel ist es, uns als vertrauensw\u00fcrdige und zuverl\u00e4ssige Agentur zu positionieren, und wir sammeln und analysieren st\u00e4ndig das Feedback unserer Kunden, um unseren Service zu verbessern und ein hohes Ma\u00df an Kundenzufriedenheit zu gew\u00e4hrleisten.<\/p>\n<p style=\"text-align: left;\">Vielen Dank, dass Sie ACHENE HEALTH f\u00fcr Ihre Gesundheitsbed\u00fcrfnisse gew\u00e4hlt haben. Wir freuen uns darauf, Ihnen zu helfen, das bestm\u00f6gliche Ergebnis und eine positive Erfahrung zu erzielen.<\/p>\n<p>[\/info_banner_vc][\/vc_column][\/vc_row][vc_row parallax=&#8221;content-moving&#8221; parallax_image=&#8221;4260&#8243; parallax_speed_bg=&#8221;1.6&#8243; fullwidth=&#8221;0&#8243; row_space=&#8221;remove_padding_top&#8221; isfullwidth=&#8221;&#8221; css=&#8221;.vc_custom_1674811917064{background-color: #f4f5f9 !important;}&#8221;][vc_column][vc_row_inner][vc_column_inner width=&#8221;1\/4&#8243;][gva_icon_box title=&#8221;Excimer-Laser&#8221; icon_position=&#8221;top-center v2&#8243; icon_width=&#8221;fa-2x&#8221; icon_color=&#8221;#FFA600&#8243; image=&#8221;4524&#8243;][\/vc_column_inner][vc_column_inner width=&#8221;1\/4&#8243;][gva_icon_box title=&#8221;Nasenkorrektur&#8221; icon_position=&#8221;top-center v2&#8243; link=&#8221;https:\/\/achenehealth.com\/rhinoplasty\/&#8221; icon_width=&#8221;fa-2x&#8221; icon_color=&#8221;#FFA600&#8243; image=&#8221;4526&#8243;][\/vc_column_inner][vc_column_inner width=&#8221;1\/4&#8243;][gva_icon_box title=&#8221;Adipositaschirurgie&#8221; icon_position=&#8221;top-center v2&#8243; icon_width=&#8221;fa-2x&#8221; icon_color=&#8221;#FFA600&#8243; image=&#8221;4523&#8243;][\/vc_column_inner][vc_column_inner width=&#8221;1\/4&#8243;][gva_icon_box title=&#8221;Orthop\u00e4dische Chirurgie&#8221; icon_position=&#8221;top-center v2&#8243; icon_width=&#8221;fa-2x&#8221; icon_color=&#8221;#FFA600&#8243; image=&#8221;4525&#8243;][\/vc_column_inner][\/vc_row_inner][\/vc_column][\/vc_row][vc_row][vc_column][vc_custom_heading text=&#8221;Wir bieten die modernsten Lasertechniken zur Korrektur von Sehfehlern&#8221; font_container=&#8221;tag:h3|font_size:28|text_align:center&#8221; google_fonts=&#8221;font_family:Arvo%3Aregular%2Citalic%2C700%2C700italic|font_style:400%20regular%3A400%3Anormal&#8221; link=&#8221;title:Excimer%20laser&#8221;][\/vc_column][\/vc_row][vc_row row_space=&#8221;remove_padding_top&#8221;][vc_column width=&#8221;1\/2&#8243;][vc_single_image image=&#8221;4452&#8243; img_size=&#8221;full&#8221; alignment=&#8221;center&#8221; style=&#8221;vc_box_circle_2&#8243; onclick=&#8221;custom_link&#8221;][\/vc_column][vc_column width=&#8221;1\/2&#8243;][vc_custom_heading text=&#8221;ACHENE HEALTH Ophthalmology hat sich der exzellenten Augenheilkunde sowie der Patientenbetreuung und -versorgung verschrieben Unsere Dienstleistungen konzentrieren sich auf Subspezialit\u00e4ten, Behandlungen, Operationen und Verfahren des Auges, einschlie\u00dflich refraktiver Chirurgie, Katarakt, Hornhaut, Netzhaut, Glaukom und okuloplastischer Chirurgie&#8221; font_container=&#8221;tag:h3|font_size:24|text_align:left&#8221; use_theme_fonts=&#8221;yes&#8221; css_animation=&#8221;none&#8221; link=&#8221;title:Excimer%20laser&#8221;][vc_column_text]<\/p>\n<h4>To learn more about your <span style=\"color: blue;\"> treatment options <\/span>, contact us today.<\/h4>\n<p>[\/vc_column_text][\/vc_column][\/vc_row][vc_row row_space=&#8221;remove_padding_top&#8221;][vc_column][vc_custom_heading text=&#8221;Ein neuer Look&#8221; font_container=&#8221;tag:h3|font_size:28|text_align:center&#8221; google_fonts=&#8221;font_family:Arvo%3Aregular%2Citalic%2C700%2C700italic|font_style:400%20regular%3A400%3Anormal&#8221; link=&#8221;title:Excimer%20laser&#8221;]<div class=\"cq-ribbon-container \" style=\"max-width:;\" data-ribbonwidth=\"\" data-ribbontop=\"16px\" data-ribbonleft=\"10px\"  data-ribboncolor=\"\" data-containerbg=\"\" data-textcolor=\"\" data-textmargintop=\"\"><div style=\"background:#f04256;color:;\nbackground:#f04256;color:;top:10px;bottom:auto\" class=\"cq-ribbon4\">Nasenkorrektur<div class=\"arrow\" style=\"border-color:transparent #f04256\"><\/div><\/div><div class=\"cq-ribbon-content\"><a href=\"https:\/\/achenehealth.com\/de\/wp-content\/uploads\/2023\/01\/rhino-scaled.jpeg\" class=\"ribbon-image\"><img decoding=\"async\" src=\"https:\/\/achenehealth.com\/de\/wp-content\/uploads\/2023\/01\/rhino-scaled.jpeg\" alt=\"\" \/><\/a><p class=\"cq-ribbon-text\">Die Rhinoplastik, auch als Nasenkorrektur oder Nasenumformung bekannt, ist ein g\u00e4ngiges Verfahren der plastischen Chirurgie, das darauf abzielt, die Form oder Gr\u00f6\u00dfe der Nase zu ver\u00e4ndern, um ihr Aussehen und ihre Symmetrie mit dem Rest des Gesichts zu verbessern. Dies kann die Verkleinerung oder Vergr\u00f6\u00dferung der Nase, die Formung der Nasenspitze und die Verkleinerung der Nasenl\u00f6cher umfassen. Neben der \u00c4sthetik k\u00f6nnen mit einer Rhinoplastik auch funktionelle Probleme wie eine Nasenscheidewandverkr\u00fcmmung, Nasennebenh\u00f6hlenentz\u00fcndungen und Polypen behandelt werden. Ziel des Verfahrens ist es, ein nat\u00fcrlich aussehendes Ergebnis zu erzielen, das das gesamte Erscheinungsbild des Gesichts des Patienten erg\u00e4nzt.<\/p><\/div><\/div>[\/vc_column][\/vc_row][vc_row row_space=&#8221;padding-small&#8221; custom_background=&#8221;bg-theme-2&#8243;][vc_column width=&#8221;5\/6&#8243;][gva_call_to_action title=&#8221;Wir zeigen Ihnen, wie wir Ihnen helfen k\u00f6nnen&#8221; button_align=&#8221;button-right&#8221; text_link=&#8221;Read more&#8221;][\/gva_call_to_action][\/vc_column][vc_column width=&#8221;1\/6&#8243;][vc_wp_text]<button class=\"wappointment_widget\" style=\"display:none\" data-popup=\"1\" data-button-title=\"Kostenlose Online-Terminvereinbarung\">Kostenlose Online-Terminvereinbarung<\/button>[\/vc_wp_text][\/vc_column][\/vc_row][vc_row row_space=&#8221;remove_padding_bottom&#8221;][vc_column][gva_block_heading title=&#8221;Partner-Krankenh\u00e4user&#8221;][\/gva_block_heading][\/vc_column][\/vc_row][vc_row row_space=&#8221;remove_padding_top&#8221;][vc_column width=&#8221;1\/2&#8243;][gva_partners photo=&#8221;4953&#8243; link=&#8221;https:\/\/www.medicalpark.com.tr&#8221; title=&#8221;Medicalpark-Gruppe&#8221;]Die Medicalpark-Gruppe ist ein f\u00fchrender privater Gesundheitsdienstleister in der T\u00fcrkei. Sie betreibt ein Netz von Krankenh\u00e4usern und medizinischen Zentren im ganzen Land und bietet eine breite Palette von medizinischen Dienstleistungen und Behandlungen an. Die Gruppe wurde 1999 gegr\u00fcndet und ist inzwischen auf mehrere Standorte in Gro\u00dfst\u00e4dten wie Istanbul, Ankara, Samsun und Antalya angewachsen. Die Medicalpark Group ist f\u00fcr ihre fortschrittliche Technologie und ihr hochqualifiziertes medizinisches Personal bekannt und wurde von internationalen Organisationen wie der Joint Commission International (JCI) akkreditiert. Die Gruppe bietet eine internationale Patientenabteilung, die Patienten aus der ganzen Welt betreut.[\/gva_partners][gva_partners photo=&#8221;4927&#8243; link=&#8221;https:\/\/www.medicana.com.tr\/&#8221; title=&#8221;Medicana Health Group&#8221;]Die Medicana Health Group begann ihre T\u00e4tigkeit 1992 mit erfahrenem und fachkundigem Personal und einem auf Patientenzufriedenheit ausgerichteten Dienstleistungsansatz, der im Gesundheitssektor einen Unterschied macht. Die Medicana Health Group bietet ihren Patienten mit 14 Krankenh\u00e4usern in 7 Provinzen der T\u00fcrkei, n\u00e4mlich Istanbul, Ankara, Izmir, Konya, Samsun, Sivas und Bursa, Gesundheitsdienstleistungen an.[\/gva_partners][gva_partners photo=&#8221;4928&#8243; link=&#8221;https:\/\/medibafra.com.tr\/&#8221; title=&#8221;Medi Bafra Hospital&#8221;]Medi Bafra Hospital wurde am 10. August 2009 mit dem vorrangigen Ziel gegr\u00fcndet, die Qualit\u00e4t der Gesundheitsversorgung der Patienten zu verbessern. Das Krankenhaus verf\u00fcgt \u00fcber 153 Betten f\u00fcr ambulante und station\u00e4re Behandlungen und engagiert sich f\u00fcr die Verbesserung der Gesundheit der Patienten. Das Krankenhaus verf\u00fcgt \u00fcber ein Team von engagierten Fach\u00e4rzten und Gesundheitspersonal in verschiedenen Bereichen, deren Hauptaugenmerk darauf liegt, den Patienten die bestm\u00f6gliche Versorgung zu bieten. [\/gva_partners][\/vc_column][vc_column width=&#8221;1\/2&#8243;][gva_partners photo=&#8221;4954&#8243; link=&#8221;https:\/\/www.livhospital.com&#8221; title=&#8221;Liv Hospitals&#8221;]Das Liv Hospital ist benannt nach dem &#8220;F\u00fchrende internationale Vision&#8221;. Leihkrankenhaus ist eine Gruppe von privaten Gesundheitseinrichtungen in der T\u00fcrkei. Es bietet eine breite Palette medizinischer Dienstleistungen an, darunter allgemeine Chirurgie, Kardiologie, Orthop\u00e4die, Neurologie und Onkologie, um nur einige zu nennen. Die Krankenhausgruppe wurde 2011 gegr\u00fcndet und ist seither auf mehrere Standorte in der T\u00fcrkei angewachsen, darunter Istanbul, Ankara Izimr und Samsun. Das Liv Hospital ist bekannt f\u00fcr seine hochmoderne Technologie und sein hochqualifiziertes medizinisches Personal. Die Krankenhausgruppe ist JCI-akkreditiert und arbeitet mit einer internationalen Patientenabteilung. Es gilt als eines der besten Privatkrankenh\u00e4user der T\u00fcrkei und bietet ein breites Spektrum an medizinischen Leistungen f\u00fcr einheimische und internationale Patienten.[\/gva_partners][gva_partners photo=&#8221;4907&#8243; link=&#8221;https:\/\/www.buyukanadoluhastanesi.com\/&#8221; title=&#8221;B\u00fcy\u00fck Anadolu Hospitals&#8221;]B\u00fcy\u00fck Anadolu Sa\u011fl\u0131k Grubu verf\u00fcgt \u00fcber 27 Jahre Erfahrung in der Erbringung von Gesundheitsdienstleistungen. Es bietet spezialisierte Gesundheitsdienstleistungen an. Das Krankenhaus setzt sich unerm\u00fcdlich daf\u00fcr ein, die Zufriedenheit der Patienten zu gew\u00e4hrleisten, ihre Gesundheitsprobleme in k\u00fcrzester Zeit zu l\u00f6sen, alle gesetzlichen Anforderungen zu erf\u00fcllen und Gesundheitsdienstleistungen mit einem qualifizierten medizinischen Team anzubieten. Mit zwei Krankenh\u00e4usern in Samsun und zwei in Dar\u0131ca ist die Gruppe bestrebt, qualitativ hochwertige Gesundheitsdienstleistungen zu erbringen und dabei die Entwicklungen in Wissenschaft und Technik genau zu verfolgen.[\/gva_partners][gva_partners photo=&#8221;4908&#8243; link=&#8221;https:\/\/fbm.com.tr&#8221; title=&#8221;FBM \u00c4sthetische Klinik&#8221;]Die FBM Aesthetic Clinic ist seit 2005 mit ihrem erfahrenen Personal in den Bereichen plastische Chirurgie, Haartransplantation, Rhinoplastik, Mammoplastik und nicht-chirurgische Gesichtsverj\u00fcngung unter der Leitung von Associate Professor Dr. Hayati Akba\u015f t\u00e4tig.[\/gva_partners][\/vc_column][\/vc_row][vc_row][vc_column][gva_brands style=&#8221;style-2&#8243; items_lg=&#8221;4&#8243; items_md=&#8221;3&#8243; items_sm=&#8221;2&#8243; items_xs=&#8221;2&#8243;][\/vc_column][\/vc_row]<\/p>\n<\/div>","protected":false},"excerpt":{"rendered":"<p>[vc_row row_space=&#8221;remove_padding&#8221;][vc_column][vc_custom_heading text=&#8221;Reiseb\u00fcro Achene Gesundheitstourismus. Belgische Nr. 16028&#8243; font_container=&#8221;tag:h6|text_align:right&#8221; css=&#8221;&#8221;][\/vc_column][\/vc_row][vc_row fullwidth=&#8221;0&#8243; row_space=&#8221;remove_padding&#8221; isfullwidth=&#8221;0&#8243;][vc_column][\/vc_column][\/vc_row][vc_row][vc_column][info_banner_vc use_theme_fonts=&#8221;yes&#8221; image_id=&#8221;4345&#8243; ribbon_text=&#8221;ACHENE&#8221;] Ihre Gesundheit, unsere oberste Priorit\u00e4t ACHENE HEALTH ist bestrebt, seinen Kunden die h\u00f6chste Qualit\u00e4t an Dienstleistungen und Pflege zu bieten. Wir wissen, dass eine medizinische Behandlung im Ausland eine be\u00e4ngstigende Erfahrung sein kann Deshalb bem\u00fchen wir uns, die besten [&hellip;]<\/p>\n","protected":false},"author":1,"featured_media":0,"parent":0,"menu_order":0,"comment_status":"closed","ping_status":"closed","template":"","meta":{"footnotes":""},"class_list":["post-4163","page","type-page","status-publish","hentry"],"_links":{"self":[{"href":"https:\/\/achenehealth.com\/de\/wp-json\/wp\/v2\/pages\/4163","targetHints":{"allow":["GET"]}}],"collection":[{"href":"https:\/\/achenehealth.com\/de\/wp-json\/wp\/v2\/pages"}],"about":[{"href":"https:\/\/achenehealth.com\/de\/wp-json\/wp\/v2\/types\/page"}],"author":[{"embeddable":true,"href":"https:\/\/achenehealth.com\/de\/wp-json\/wp\/v2\/users\/1"}],"replies":[{"embeddable":true,"href":"https:\/\/achenehealth.com\/de\/wp-json\/wp\/v2\/comments?post=4163"}],"version-history":[{"count":53,"href":"https:\/\/achenehealth.com\/de\/wp-json\/wp\/v2\/pages\/4163\/revisions"}],"predecessor-version":[{"id":5033,"href":"https:\/\/achenehealth.com\/de\/wp-json\/wp\/v2\/pages\/4163\/revisions\/5033"}],"wp:attachment":[{"href":"https:\/\/achenehealth.com\/de\/wp-json\/wp\/v2\/media?parent=4163"}],"curies":[{"name":"wp","href":"https:\/\/api.w.org\/{rel}","templated":true}]}}