{"id":4202,"date":"2023-01-16T19:36:19","date_gmt":"2023-01-16T16:36:19","guid":{"rendered":"http:\/\/achenehealth.com\/de\/?page_id=4202"},"modified":"2023-06-01T20:10:09","modified_gmt":"2023-06-01T17:10:09","slug":"cookie-richtlinie","status":"publish","type":"page","link":"https:\/\/achenehealth.com\/de\/cookie-richtlinie\/","title":{"rendered":"Cookies-Politik"},"content":{"rendered":"<p><\/p><p>COOKIES WEBSITE-ERKL\u00c4RUNG<\/p><p><\/p><p><\/p><p>Cookies sind kleine Textdateien, die eine Website bei Ihrem ersten Besuch auf Ihrem Computer oder Mobilger\u00e4t ablegen kann. Die Cookies helfen der Website, Ihr Ger\u00e4t bei Ihrem n\u00e4chsten Besuch zu erkennen. Web-Beacons oder andere \u00e4hnliche Dateien k\u00f6nnen das Gleiche bewirken. Wir verwenden den Begriff &#8220;Cookies&#8221; in dieser Richtlinie f\u00fcr alle Dateien, die auf diese Weise Informationen sammeln.<\/p><p><\/p><p><\/p><p>Wir verwenden Cookies, um Sie von anderen Nutzern der Website zu unterscheiden. Dies hilft uns, Ihnen bei der Nutzung der Website ein gutes Erlebnis zu bieten, und erm\u00f6glicht es uns au\u00dferdem, die von uns angebotenen Dienste zu verbessern. Wenn Sie die Website erneut besuchen, k\u00f6nnen wir f\u00fcr die Systemverwaltung Informationen \u00fcber Ihre fr\u00fcheren Besuche und \u00fcber Ihren Computer abrufen, einschlie\u00dflich, sofern verf\u00fcgbar, Ihrer IP-Adresse, Ihres Betriebssystems und Ihres Browsertyps. Aus demselben Grund k\u00f6nnen wir auch Informationen \u00fcber Ihre allgemeine Internetnutzung erhalten, indem wir eine Cookie-Datei verwenden, die auf der Festplatte Ihres Computers gespeichert wird.<\/p><p><\/p><p><\/p><p>Wir k\u00f6nnen die folgenden Cookies verwenden:<\/p><p><\/p><p><\/p><ul class=\"wp-block-list\"><\/p><li>Streng notwendige Cookies: Dies sind Cookies, die unerl\u00e4sslich sind, damit Sie sich auf der Website bewegen und ihre Funktionen nutzen k\u00f6nnen, z. B. den Zugriff auf sichere Bereiche der Website. Die Deaktivierung dieser Cookies kann dazu f\u00fchren, dass Sie auf Teile unserer Website nicht zugreifen k\u00f6nnen.<\/li><p><\/p><p><\/p><li>Analytische oder leistungsbezogene Cookies: Mit diesen Cookies k\u00f6nnen wir Informationen dar\u00fcber sammeln, wie Besucher die Website nutzen, z. B. welche Seiten sie am h\u00e4ufigsten besuchen. Dies hilft uns, die Funktionsweise unserer Website zu verbessern, z. B. indem wir sicherstellen, dass die Benutzer leicht finden, wonach sie suchen. Einige dieser Cookies sind so genannte analytische Cookies, die es uns erm\u00f6glichen, den Website-Verkehr mit Hilfe branchenweit anerkannter Dritter zu \u00fcberwachen.<\/li><p><\/p><p><\/p><li>Funktionalit\u00e4ts-Cookies. Diese Cookies k\u00f6nnen verwendet werden, um Sie wiederzuerkennen, wenn Sie auf unsere Website zur\u00fcckkehren, und um sich an \u00c4nderungen zu erinnern, die Sie an Dingen wie Textgr\u00f6\u00dfe, Schriftarten und anderen Teilen der Website vorgenommen haben, die Sie \u00e4ndern k\u00f6nnen, damit wir unsere Inhalte f\u00fcr Sie personalisieren k\u00f6nnen. Die meisten Browser akzeptieren Cookies automatisch, aber Sie k\u00f6nnen Ihre Cookie-Pr\u00e4ferenzen \u00e4ndern, indem Sie die Einstellungen Ihres Browsers so anpassen, dass alle oder einige Cookies abgelehnt werden, wenn Sie dies w\u00fcnschen. In der Regel k\u00f6nnen Sie dies tun, indem Sie das Men\u00fc &#8220;Optionen&#8221; oder &#8220;Einstellungen&#8221; Ihres Browsers aufrufen. Bitte beachten Sie jedoch, dass wir in diesem Fall nicht garantieren k\u00f6nnen, dass Sie die Website in vollem Umfang nutzen k\u00f6nnen, und dass Sie m\u00f6glicherweise nicht in der Lage sind, auf alle oder Teile unserer Website zuzugreifen, wenn Sie sich daf\u00fcr entscheiden, alle Cookies (einschlie\u00dflich wichtiger Cookies) zu blockieren.<\/li><p><\/ul><p><\/p><p><\/p><p>Wenn wir im Rahmen der Verwendung von Cookies auf der Website personenbezogene Daten erheben, tun wir dies in \u00dcbereinstimmung mit unserer Datenschutzrichtlinie [www.achenehealth.com\/privacy-policy].<\/p><p><\/p>","protected":false},"excerpt":{"rendered":"<p>COOKIES WEBSITE-ERKL\u00c4RUNG Cookies sind kleine Textdateien, die eine Website bei Ihrem ersten Besuch auf Ihrem Computer oder Mobilger\u00e4t ablegen kann. Die Cookies helfen der Website, Ihr Ger\u00e4t bei Ihrem n\u00e4chsten Besuch zu erkennen. Web-Beacons oder andere \u00e4hnliche Dateien k\u00f6nnen das Gleiche bewirken. Wir verwenden den Begriff &#8220;Cookies&#8221; in dieser Richtlinie f\u00fcr alle Dateien, die auf [&hellip;]<\/p>\n","protected":false},"author":1,"featured_media":0,"parent":0,"menu_order":0,"comment_status":"closed","ping_status":"closed","template":"","meta":{"footnotes":""},"class_list":["post-4202","page","type-page","status-publish","hentry"],"_links":{"self":[{"href":"https:\/\/achenehealth.com\/de\/wp-json\/wp\/v2\/pages\/4202","targetHints":{"allow":["GET"]}}],"collection":[{"href":"https:\/\/achenehealth.com\/de\/wp-json\/wp\/v2\/pages"}],"about":[{"href":"https:\/\/achenehealth.com\/de\/wp-json\/wp\/v2\/types\/page"}],"author":[{"embeddable":true,"href":"https:\/\/achenehealth.com\/de\/wp-json\/wp\/v2\/users\/1"}],"replies":[{"embeddable":true,"href":"https:\/\/achenehealth.com\/de\/wp-json\/wp\/v2\/comments?post=4202"}],"version-history":[{"count":7,"href":"https:\/\/achenehealth.com\/de\/wp-json\/wp\/v2\/pages\/4202\/revisions"}],"predecessor-version":[{"id":4770,"href":"https:\/\/achenehealth.com\/de\/wp-json\/wp\/v2\/pages\/4202\/revisions\/4770"}],"wp:attachment":[{"href":"https:\/\/achenehealth.com\/de\/wp-json\/wp\/v2\/media?parent=4202"}],"curies":[{"name":"wp","href":"https:\/\/api.w.org\/{rel}","templated":true}]}}