{"id":4206,"date":"2023-01-16T19:56:59","date_gmt":"2023-01-16T16:56:59","guid":{"rendered":"http:\/\/achenehealth.com\/de\/?page_id=4206"},"modified":"2023-06-01T20:12:00","modified_gmt":"2023-06-01T17:12:00","slug":"datenschutzbestimmungen","status":"publish","type":"page","link":"https:\/\/achenehealth.com\/de\/datenschutzbestimmungen\/","title":{"rendered":"Datenschutzbestimmungen"},"content":{"rendered":"<p><\/p><p>POLITIK ZUM SCHUTZ DER PRIVATSPH\u00c4RE UND PERSONENBEZOGENER DATEN<\/p><p><\/p><p><\/p><p>Als ACHENE Health Services Limited, die den Service auf achenehealth.com zeigen wir ein H\u00f6chstma\u00df an Sensibilit\u00e4t f\u00fcr die Sicherheit Ihrer pers\u00f6nlichen Daten. Ihre pers\u00f6nlichen Daten werden in \u00dcbereinstimmung mit dem Gesetz \u00fcber den Schutz personenbezogener Daten Nr. 6698 (\u201cKVKK&#8221;).<\/p><p><\/p><p><\/p><p>Achene Health ist ein Datenverantwortlicher im Sinne des Datenschutzgesetzes Nr. 6698 (\u201cDatenschutzgesetz&#8221;), in Bezug auf Ihre pers\u00f6nlichen Informationen. Als f\u00fcr die Datenverarbeitung Verantwortlicher sind wir daf\u00fcr verantwortlich, dass wir bei der Verarbeitung personenbezogener Daten die Datenschutzgesetze einhalten und diese Informationen gem\u00e4\u00df den Anweisungen unserer Kunden und unserer beruflichen Schweigepflicht verwenden.<\/p><p><\/p><p><\/p><p>In dieser Datenschutzrichtlinie verwenden wir die Worte \u201cPers\u00f6nliche Daten&#8221;: Mit diesen Worten beschreiben wir Informationen, die Sie betreffen und Sie identifizieren.<\/p><p><\/p><p><\/p><p>Diese Datenschutzpolitik kann sich von Zeit zu Zeit und als Reaktion auf die von den Datenschutzbeh\u00f6rden herausgegebenen Leitlinien \u00e4ndern. Wir informieren Sie \u00fcber \u00c4nderungen auf unserer Website unter www.achenehealth.com, und wenn Sie ein Kunde sind, werden wir Sie schriftlich \u00fcber alle wichtigen \u00c4nderungen informieren.<\/p><p><\/p><p><\/p><p>1. Welche pers\u00f6nlichen Informationen sammeln und verwenden wir?<\/p><p><\/p><p><\/p><p>Die Art der pers\u00f6nlichen Daten, die wir sammeln und verarbeiten, h\u00e4ngt von unserer Beziehung zu Ihnen und dem Kontext ab, in dem wir sie erhalten und verwenden.<\/p><p><\/p><p><\/p><p>Clients:where we are advising and\/or acting for you<\/p><p><\/p><p><\/p><p>Damit wir Ihnen unsere Dienste anbieten k\u00f6nnen, ben\u00f6tigen wir bestimmte pers\u00f6nliche Informationen. Wenn Sie die von uns angeforderten pers\u00f6nlichen Daten nicht bereitstellen, kann dies dazu f\u00fchren, dass wir Ihnen unsere Dienstleistungen nicht oder nur verz\u00f6gert anbieten k\u00f6nnen. Arten von Informationen, die wir sammeln k\u00f6nnen:<\/p><p><\/p><p><\/p><p>\u2022 Your name \u2022 Your contact information (e.g., address, phone number, mobile phone number, email address) \u2022 Matter information (i.e., information relating to the matter in which you are seeking our advice or representation) \u2022 Financial information so far as is relevant to your instructions (e.g., the source of funds if you are instructing us on a purchase transaction or your bank details if we will transfer money to you) \u2022 If you are a business client, information provided by you about other individuals in connection with advice we are providing to the business (e.g., Mitarbeiterinformationen)<\/p><p><\/p><p><\/p><p>Business development and website use:if we have or would like to have a business relationship with you, or if you visit our website This personal information will be used to develop our business and the services we provide.<\/p><p><\/p><p><\/p><p>Arten von Informationen, die wir sammeln k\u00f6nnen:<\/p><p><\/p><p><\/p><p>\u2022 Your name \u2022 Your contact information (e.g., email address) \u2022 Information about your occupation and professional information (e.g., Berufsbezeichnung, Unternehmen, Berufserfahrung)<\/p><p><\/p><p><\/p><p>2. Wie personenbezogene Daten erfasst werden und Ihre Verantwortung<\/p><p><\/p><p><\/p><p>Wir werden pers\u00f6nliche Informationen von Ihnen sammeln, wenn wir Sie pers\u00f6nlich treffen oder durch Korrespondenz mit Ihnen in Bezug auf Ihre Angelegenheit.<\/p><p><\/p><p><\/p><p>Wir k\u00f6nnen personenbezogene Daten von Dritten erhalten, die wir im Rahmen der Erbringung unserer rechtlichen und professionellen Dienstleistungen verwenden. Die Verarbeitung dieser personenbezogenen Daten kann f\u00fcr die Bearbeitung Ihrer Angelegenheit erforderlich sein und uns in die Lage versetzen, in Ihrem besten Interesse als Ihr Rechts- und Berufsberater zu handeln.<\/p><p><\/p><p><\/p><p>Zu den Quellen, von denen wir pers\u00f6nliche Informationen sammeln k\u00f6nnen, geh\u00f6ren:<\/p><p><\/p><p><\/p><p>\u2022 Publicly accessible sources \u2022 Direct from a third party (e.g., from a client, such as information about their employees, other parties involved in the legal proceedings, such as the lawyer acting on the other side) \u2022 A third party with your consent (e.g., your bank, another financial institution or advisor; consultants and other professionals we may engage in relation to your matter; your employer) \u2022 Other technical systems, (e.g., Kommunikationssysteme, E-Mail und Instant-Messaging-Systeme)<\/p><p><\/p><p><\/p><p>Wenn wir unsere Dienstleistungen f\u00fcr Sie erbringen, k\u00f6nnen wir personenbezogene Daten \u00fcber Sie, Ihre F\u00fchrungskr\u00e4fte und\/oder Ihre Mitarbeiter oder andere Dritte speichern und verwenden. Wenn Sie uns personenbezogene Daten \u00fcber einen Dritten zur Verf\u00fcgung stellen, best\u00e4tigen Sie, dass Sie die erforderliche Erlaubnis oder Befugnis dazu haben. Sie sind auch daf\u00fcr verantwortlich, dass die Bereitstellung dieser pers\u00f6nlichen Informationen mit dem Datenschutz und anderen geltenden Gesetzen \u00fcbereinstimmt. Sie m\u00fcssen befugt sein, personenbezogene Daten weiterzugeben, wenn sie sich auf eine andere Person beziehen, und alle weitergegebenen Daten m\u00fcssen vollst\u00e4ndig, richtig und aktuell sein.<\/p><p><\/p><p><\/p><p>3. Wie und warum wir Ihre pers\u00f6nlichen Daten verwenden<\/p><p><\/p><p><\/p><p>Nach dem Datenschutzgesetz d\u00fcrfen wir Ihre personenbezogenen Daten nur dann verwenden, wenn wir einen triftigen Grund daf\u00fcr haben, zum Beispiel:<\/p><p><\/p><p><\/p><p>\u2022 To comply with our legal and regulatory obligations \u2022 For our legitimate interests \u2022 For the performance of our contract with you or to take steps at your request before entering into a contract \u2022 With your explicit consent.<\/p><p><\/p><p><\/p><p>Ein berechtigtes Interesse liegt vor, wenn wir einen gesch\u00e4ftlichen oder kommerziellen Grund haben, Ihre pers\u00f6nlichen Daten zu verwenden, sofern Ihre eigenen Rechte und Interessen nicht \u00fcberwiegen. Wir stellen sicher, dass wir alle potenziellen Auswirkungen auf Sie und Ihre Rechte ber\u00fccksichtigen und abw\u00e4gen, bevor wir Ihre personenbezogenen Daten f\u00fcr unsere berechtigten Interessen verarbeiten. Wir verwenden Ihre personenbezogenen Daten nicht f\u00fcr Aktivit\u00e4ten, bei denen die Auswirkungen auf Sie unsere Interessen \u00fcberwiegen, es sei denn, wir haben Ihre ausdr\u00fcckliche Zustimmung oder sind anderweitig gesetzlich dazu verpflichtet oder berechtigt.<\/p><p><\/p><p><\/p><p>Im Allgemeinen sammeln wir pers\u00f6nliche Informationen, um:<\/p><p><\/p><p><\/p><p>\u2022 Provide legal and professional services to you, to manage our relationship and comply with our legal obligations arising from it \u2022 Provide you with information about our business and the services we offer including relevant communications \u2022 Help us improve our business and the services we offer.<\/p><p><\/p><p><\/p><p>Die obigen Informationen gelten nicht f\u00fcr personenbezogene Daten einer besonderen Kategorie, die Sie uns zur Verf\u00fcgung gestellt haben oder uns erm\u00e4chtigt haben, sie von einem Dritten einzuholen, und die wir in der Regel nur mit Ihrer ausdr\u00fccklichen Zustimmung verarbeiten werden. Unter bestimmten Umst\u00e4nden k\u00f6nnen wir jedoch im Zusammenhang mit einer Angelegenheit personenbezogene Daten einer besonderen Kategorie von Dritten erhalten, die wir rechtm\u00e4\u00dfig ohne Ihre Zustimmung verarbeiten k\u00f6nnen, wenn dies zur Begr\u00fcndung, Aus\u00fcbung oder Verteidigung eines Rechtsanspruchs oder von Rechtsanspr\u00fcchen erforderlich ist oder wenn Gerichte in ihrer gerichtlichen Eigenschaft handeln.<\/p><p><\/p><p><\/p><p>Wir werden Ihre pers\u00f6nlichen Daten nur f\u00fcr die Zwecke verwenden, f\u00fcr die wir sie gesammelt haben, es sei denn, wir sind der Meinung, dass wir sie f\u00fcr einen anderen Zweck verwenden m\u00fcssen und dieser Grund mit dem urspr\u00fcnglichen Zweck vereinbar ist. Wenn wir Ihre pers\u00f6nlichen Daten f\u00fcr einen anderen Zweck verwenden m\u00fcssen, werden wir Sie davon in Kenntnis setzen und die Rechtsgrundlage erl\u00e4utern, die uns dies erlaubt. Wir k\u00f6nnen Ihre pers\u00f6nlichen Daten ohne Ihr Wissen oder Ihre ausdr\u00fcckliche Zustimmung in \u00dcbereinstimmung mit den oben genannten Regeln verarbeiten, wenn dies gesetzlich vorgeschrieben oder erlaubt ist.<\/p><p><\/p><p><\/p><p>4. Mit wem wir Ihre pers\u00f6nlichen Daten teilen<\/p><p><\/p><p><\/p><p>Wir teilen pers\u00f6nliche Informationen mit:<\/p><p><\/p><p><\/p><p>\u2022 Professional advisers whom we instruct on your behalf or refer you to (e.g., accountants, tax advisors or other experts) \u2022 Other third parties where necessary (e.g., expert witnesses, courts or tribunals) \u2022 Our financial institutions<\/p><p><\/p><p><\/p><p>Wir geben Ihre pers\u00f6nlichen Daten an Dritte weiter (z B an die Polizei und andere Strafverfolgungsbeh\u00f6rden), wenn wir dazu verpflichtet sind, um gesetzlichen, beruflichen oder ethischen Verpflichtungen nachzukommen (z B unseren Verpflichtungen zur Geldw\u00e4schebek\u00e4mpfung) oder um unsere Rechte, unser Eigentum oder unsere Sicherheit (oder die unserer Partner, Mitarbeiter oder Kunden) durchzusetzen oder zu sch\u00fctzen.<\/p><p><\/p><p><\/p><p>5. Wie lange werden Ihre pers\u00f6nlichen Daten aufbewahrt<\/p><p><\/p><p><\/p><p>Wir werden Ihre pers\u00f6nlichen Daten nur so lange aufbewahren, wie es notwendig ist, um die Zwecke zu erf\u00fcllen, f\u00fcr die wir sie gesammelt haben, einschlie\u00dflich der Erf\u00fcllung rechtlicher, buchhalterischer oder berichtender Anforderungen und Verpflichtungen. Wenn es nicht mehr notwendig ist, Ihre pers\u00f6nlichen Daten aufzubewahren, werden wir sie l\u00f6schen oder anonymisieren. Unter bestimmten Umst\u00e4nden k\u00f6nnen wir Ihre pers\u00f6nlichen Daten f\u00fcr Forschungs- oder Statistikzwecke anonymisieren (so dass sie nicht mehr mit Ihnen in Verbindung gebracht werden k\u00f6nnen); in diesem Fall k\u00f6nnen wir diese Daten auf unbestimmte Zeit verwenden, ohne Sie dar\u00fcber zu informieren.<\/p><p><\/p><p><\/p><p>Um die angemessene Aufbewahrungsfrist f\u00fcr personenbezogene Daten zu bestimmen, ber\u00fccksichtigen wir die Menge, die Art und die Sensibilit\u00e4t der personenbezogenen Daten, das potenzielle Risiko eines Schadens durch unbefugte Nutzung oder Offenlegung der Daten, die Zwecke, f\u00fcr die wir Ihre personenbezogenen Daten verarbeiten, und die Frage, ob wir diese Zwecke durch andere Mittel erreichen k\u00f6nnen, sowie die geltenden gesetzlichen Bestimmungen.<\/p><p><\/p><p><\/p><p>6. Wie wir Ihre pers\u00f6nlichen Daten sch\u00fctzen<\/p><p><\/p><p><\/p><p>Die Sicherheit von Informationen ist ein wesentlicher Bestandteil der Einhaltung von Datenschutzbestimmungen. Wir haben angemessene Sicherheitsma\u00dfnahmen ergriffen, um zu verhindern, dass Ihre pers\u00f6nlichen Daten versehentlich verloren gehen, unbefugt verwendet oder abgerufen, ver\u00e4ndert oder offengelegt werden. Dar\u00fcber hinaus beschr\u00e4nken wir den Zugang zu Ihren pers\u00f6nlichen Daten auf diejenigen Mitarbeiter, Vertreter, Auftragnehmer und andere Dritte, die dies aus gesch\u00e4ftlichen Gr\u00fcnden wissen m\u00fcssen und die zur Vertraulichkeit verpflichtet sind.<\/p><p><\/p><p><\/p><p>Wir haben Verfahren f\u00fcr den Fall einer vermuteten Verletzung des Schutzes personenbezogener Daten eingerichtet und werden Sie \u00fcber eine Verletzung benachrichtigen, wenn wir gesetzlich dazu verpflichtet sind.<\/p><p><\/p><p><\/p><p>7. Ihre Rechte in Bezug auf Ihre pers\u00f6nlichen Daten<\/p><p><\/p><p><\/p><p>Sie haben das Recht, eine Kopie Ihrer pers\u00f6nlichen Daten zu erhalten, die wir \u00fcber Sie gespeichert haben, vorbehaltlich bestimmter Ausnahmen.<\/p><p><\/p><p><\/p><p>Sie haben das Recht, uns aufzufordern, Ihre bei uns gespeicherten personenbezogenen Daten zu berichtigen, wenn diese falsch oder unvollst\u00e4ndig sind.<\/p><p><\/p><p><\/p><p>Sie haben das Recht, unter bestimmten Umst\u00e4nden die L\u00f6schung Ihrer personenbezogenen Daten zu verlangen. Zum Beispiel (i) wenn Ihre personenbezogenen Daten f\u00fcr die Zwecke, f\u00fcr die sie erhoben oder anderweitig verwendet wurden, nicht mehr erforderlich sind; (ii) wenn Sie Ihre Zustimmung zur\u00fcckziehen und es keinen anderen Rechtsgrund gibt, auf den wir uns f\u00fcr die weitere Verwendung Ihrer personenbezogenen Daten berufen k\u00f6nnen; (iii) wenn Sie der Verwendung Ihrer personenbezogenen Daten widersprechen; (iv) wenn wir Ihre personenbezogenen Daten unrechtm\u00e4\u00dfig verwendet haben; oder (v) wenn Ihre personenbezogenen Daten gel\u00f6scht werden m\u00fcssen, um einer rechtlichen Verpflichtung nachzukommen.<\/p><p><\/p><p><\/p><p>Sie haben das Recht, der Verwendung Ihrer personenbezogenen Daten unter bestimmten Umst\u00e4nden zu widersprechen. Zum Beispiel (i) wenn Sie Gr\u00fcnde haben, die sich auf Ihre besondere Situation beziehen, und wir Ihre pers\u00f6nlichen Daten f\u00fcr unsere berechtigten Interessen verwenden.<\/p><p><\/p><p><\/p><p>Sie haben das Recht, Ihre Zustimmung jederzeit zu widerrufen, wenn wir uns auf die Zustimmung zur Verwendung Ihrer personenbezogenen Daten verlassen.<\/p><p><\/p><p><\/p><p>Sie haben das Recht, sich bei der t\u00fcrkischen Datenschutzbeh\u00f6rde zu beschweren, wenn Sie der Meinung sind, dass wir Ihre pers\u00f6nlichen Daten nicht in \u00dcbereinstimmung mit dem Datenschutzrecht verwendet haben.<\/p><p><\/p><p><\/p><p>8. Kontaktinformationen<\/p><p><\/p><p><\/p><p>Wenn Sie Fragen zu dieser Datenschutzrichtlinie haben, senden Sie uns bitte eine E-Mail an consult@achenehealth.com; per Post an Mimarsinan, 160. Sk. Nr:22, 55200 Atakum\/Samsun, T\u00fcrkiye.<\/p><p><\/p><p><\/p><p><\/p><p><\/p>","protected":false},"excerpt":{"rendered":"<p>POLITIK ZUM SCHUTZ DER PRIVATSPH\u00c4RE UND PERSONENBEZOGENER DATEN Als ACHENE Health Services Limited, die den Service auf achenehealth.com zeigen wir ein H\u00f6chstma\u00df an Sensibilit\u00e4t f\u00fcr die Sicherheit Ihrer pers\u00f6nlichen Daten. Ihre pers\u00f6nlichen Daten werden in \u00dcbereinstimmung mit dem Gesetz \u00fcber den Schutz personenbezogener Daten Nr. 6698 (\u201cKVKK&#8221;). Achene Health ist ein Datenverantwortlicher im Sinne des [&hellip;]<\/p>\n","protected":false},"author":1,"featured_media":0,"parent":0,"menu_order":0,"comment_status":"closed","ping_status":"closed","template":"","meta":{"footnotes":""},"class_list":["post-4206","page","type-page","status-publish","hentry"],"_links":{"self":[{"href":"https:\/\/achenehealth.com\/de\/wp-json\/wp\/v2\/pages\/4206","targetHints":{"allow":["GET"]}}],"collection":[{"href":"https:\/\/achenehealth.com\/de\/wp-json\/wp\/v2\/pages"}],"about":[{"href":"https:\/\/achenehealth.com\/de\/wp-json\/wp\/v2\/types\/page"}],"author":[{"embeddable":true,"href":"https:\/\/achenehealth.com\/de\/wp-json\/wp\/v2\/users\/1"}],"replies":[{"embeddable":true,"href":"https:\/\/achenehealth.com\/de\/wp-json\/wp\/v2\/comments?post=4206"}],"version-history":[{"count":4,"href":"https:\/\/achenehealth.com\/de\/wp-json\/wp\/v2\/pages\/4206\/revisions"}],"predecessor-version":[{"id":4773,"href":"https:\/\/achenehealth.com\/de\/wp-json\/wp\/v2\/pages\/4206\/revisions\/4773"}],"wp:attachment":[{"href":"https:\/\/achenehealth.com\/de\/wp-json\/wp\/v2\/media?parent=4206"}],"curies":[{"name":"wp","href":"https:\/\/api.w.org\/{rel}","templated":true}]}}