{"id":4210,"date":"2023-01-16T20:15:44","date_gmt":"2023-01-16T17:15:44","guid":{"rendered":"http:\/\/achenehealth.com\/de\/?page_id=4210"},"modified":"2023-06-01T20:30:21","modified_gmt":"2023-06-01T17:30:21","slug":"rechtsbeistand","status":"publish","type":"page","link":"https:\/\/achenehealth.com\/de\/rechtsbeistand\/","title":{"rendered":"Rechtsberatung"},"content":{"rendered":"<p><\/p><h2 class=\"wp-block-heading\">ACHENE GESUNDHEIT<\/h2><p><\/p><p><\/p><h3 class=\"wp-block-heading\">\u00dcber rechtliches Eigentum und Urheberrecht<\/h3><p><\/p><p><\/p><p>Der Eigent\u00fcmer dieser Website und ihres Inhalts ist ACHENE Health. Es ist verboten, die \u00dcbertragung, \u00dcbertragung, Verkauf, Vermietung und \/ oder \u00f6ffentliche Ausstellung dieser Website ohne die Genehmigung der Eigent\u00fcmer.<\/p><p><\/p><p><\/p><p>ACHENE Health beh\u00e4lt sich das Recht vor, den Inhalt der Website ohne vorherige Ank\u00fcndigung und ohne jegliche Einschr\u00e4nkung zu \u00e4ndern. Die an diese Website gesendeten oder \u00fcber ihre Formulare eingegebenen Informationen m\u00fcssen wahrheitsgem\u00e4\u00df sein und d\u00fcrfen nicht gegen die Rechte Dritter oder das geltende Recht versto\u00dfen.<\/p><p><\/p><p><\/p><p>ACHENE Health lehnt jede vertragliche oder au\u00dfervertragliche Verantwortung gegen\u00fcber Personen oder Unternehmen ab, die Sch\u00e4den jeglicher Art erlitten haben, die durch Computerviren oder Computerelemente jeglicher Art verursacht wurden, da ACHENE Health nicht in der Lage ist, eine 100%ige Abwesenheit von Viren oder anderen Elementen auf der Website zu garantieren.<\/p><p><\/p><p><\/p><p>Die auf dieser Website enthaltenen Informationen und Ratschl\u00e4ge dienen lediglich der Orientierung, und ACHENE Health ist von jeglicher Haftung befreit, die sich aus der mangelnden Genauigkeit oder Wirksamkeit solcher Informationen oder Ratschl\u00e4ge ergibt. ACHENE Health bef\u00fcrwortet keine Behandlungen, Verfahren, Produkte oder \u00c4rzte, auf die hier Bezug genommen wird. Diese Informationen dienen der Aufkl\u00e4rung und sind nicht als medizinischer Rat gedacht.Die Informationen auf dieser Website k\u00f6nnen niemals die Behandlung oder Beratung durch einen Arzt ersetzen. Auf der Grundlage dieser Quelle wird dringend davon abgeraten, eine medikament\u00f6se Therapie zu beginnen oder die derzeitige Therapie zu \u00e4ndern. Der Inhalt unserer Website sollte niemals zur pers\u00f6nlichen Diagnose oder Auswahl einer Behandlungsmethode ausgewertet werden. Es ist nicht beabsichtigt, auf der Website Werbung oder Anzeigen zu machen, die dem Inhalt des Gesetzes widersprechen.<\/p><p><\/p><p><\/p><h3 class=\"wp-block-heading\">Bedingungen f\u00fcr die Nutzung der Website<\/h3><p><\/p><p><\/p><p>ACHENE Health, bietet auf seiner Website Informationen \u00fcber die Art der T\u00e4tigkeit, Produkte und Dienstleistungen, die Sie durchf\u00fchren, auf Abonnement und die Bedingungen, die vereinbart werden. ACHENE Health beh\u00e4lt sich das Recht vor, die auf dieser Website enthaltenen Informationen zu aktualisieren, zu \u00e4ndern oder zu l\u00f6schen und kann den Zugang zu diesen Informationen einschr\u00e4nken oder verweigern.<\/p><p><\/p><p><\/p><p>In particular,ACHENE Healthreserves the right to eliminate, limit or prevent access to its website when technical difficulties arise due to events or circumstances beyond the control of ACHENE Health, which, in its opinion, reduce or cancel the security levels adopted for the proper functioning of the website.<\/p><p><\/p><p><\/p><h3 class=\"wp-block-heading\">Politik zum Schutz personenbezogener Daten<\/h3><p><\/p><p><\/p><p>Einige der auf der Website angebotenen Dienste k\u00f6nnen besondere Bedingungen mit spezifischen Bestimmungen zum Schutz personenbezogener Daten enthalten. Die erhobenen personenbezogenen Daten werden automatisiert verarbeitet und in die entsprechenden automatisierten Dateien aufgenommen. Der Benutzer garantiert, dass die pers\u00f6nlichen Daten, die er ACHENE Health zur Verf\u00fcgung gestellt hat, wahrheitsgem\u00e4\u00df sind, und ist daf\u00fcr verantwortlich, dass er jede \u00c4nderung dieser Daten mitteilt. ACHENE Health, als Verantwortlicher f\u00fcr die automatisierte Datei, garantiert die vollst\u00e4ndige Einhaltung der Regeln des Schutzes personenbezogener Daten, und somit, in \u00dcbereinstimmung mit dem L.O. 15\/1999 werden die Anw\u00e4lte, die Streithelfer, die Bevollm\u00e4chtigten und gegebenenfalls die B\u00fcrgen der unterzeichnenden juristischen Person informiert und stimmen der Aufnahme ihrer Daten in die bestehenden automatisierten Dateien zu.<\/p><p><\/p><p><\/p><p>Der Zweck der Erhebung und der automatisierten Verarbeitung personenbezogener Daten ist die Aufrechterhaltung der vertraglichen Beziehung mit ACHENE Health, die Verwaltung, die Bereitstellung, die Erweiterung und die Verbesserung der Dienstleistungen, f\u00fcr die sich der Nutzer entscheidet, sich zu registrieren, sowie die Zusendung von technischen, betrieblichen und kommerziellen Informationen \u00fcber Produkte und Dienstleistungen, die von ACHENE Health angeboten werden, auf traditionellem und elektronischem Weg. ACHENE Health hat die gesetzlich vorgeschriebenen Sicherheitsniveaus f\u00fcr den Schutz personenbezogener Daten angenommen und versucht, die anderen Mittel und zus\u00e4tzlichen technischen Ma\u00dfnahmen zu installieren, die in seiner Reichweite liegen, um den Verlust, den Missbrauch, die \u00c4nderung, den unbefugten Zugriff und den Diebstahl der ACHENE Health zur Verf\u00fcgung gestellten personenbezogenen Daten zu verhindern.<\/p><p><\/p><p><\/p><p>Der Nutzer muss sich jedoch bewusst sein, dass die Sicherheitsma\u00dfnahmen im Internet nicht un\u00fcberwindbar sind. Die Benutzer haben anerkannte Rechte und k\u00f6nnen die Rechte auf Zugang, L\u00f6schung, Berichtigung und Widerspruch aus\u00fcben sowie \u00fcber die Abtretungen informiert werden, indem sie sich an ACHENE Health wenden. ACHENE Health kann Cookies verwenden, wenn ein Benutzer im Internet surft, die nur mit dem Browser eines bestimmten Computers (eines anonymen Benutzers) verbunden sind, und die an sich nicht den Vor- und Nachnamen des Benutzers liefern.<\/p><p><\/p><p><\/p><p>Dank der Cookies ist es m\u00f6glich, dass ACHENE Health die Browser der registrierten Benutzer wiedererkennt, nachdem sie sich zum ersten Mal angemeldet haben, ohne dass sie sich bei jedem Besuch neu anmelden m\u00fcssen, um Zugang zu den Bereichen und Diensten zu erhalten, die ausschlie\u00dflich ihnen vorbehalten sind. Die verwendeten Cookies k\u00f6nnen keine von anderen Anbietern erstellten Cookie-Dateien lesen. Der Nutzer hat die M\u00f6glichkeit, seinen Browser so zu konfigurieren, dass er auf dem Bildschirm vor dem Empfang von Cookies gewarnt wird und die Installation von Cookies auf seiner Festplatte verhindert.<\/p><p><\/p><p><\/p><h3 class=\"wp-block-heading\">Web-Analytik<\/h3><p><\/p><p><\/p><p>Diese Website benutzt Google Analytics, einen Webanalysedienst der Google Inc. eine Gesellschaft nach dem Recht des Bundesstaates Delaware mit Hauptsitz in 1600 Amphitheatre Parkway, Mountain View (Kalifornien), CA 94043, Vereinigte Staaten (\u201cGoogle&#8221;). Google Analytics verwendet \u201cCookies&#8221;, das sind Textdateien, die auf Ihrem Computer gespeichert werden und die eine Analyse der Benutzung der Website durch Sie erm\u00f6glichen.<\/p><p><\/p><p><\/p><p>Die durch den Cookie erzeugten Informationen \u00fcber Ihre Benutzung dieser Website (einschlie\u00dflich Ihrer IP-Adresse) werden direkt an einen Server von Google in den USA \u00fcbertragen und dort gespeichert. Google wird diese Informationen in unserem Auftrag benutzen, um Ihre Nutzung der Website zu verfolgen, um Reports \u00fcber die Websiteaktivit\u00e4ten zusammenzustellen und um weitere mit der Websitenutzung und der Internetnutzung verbundene Dienstleistungen zu erbringen.<\/p><p><\/p><p><\/p><p>Auch wird Google diese Informationen gegebenenfalls an Dritte \u00fcbertragen, sofern dies gesetzlich vorgeschrieben oder soweit Dritte diese Daten im Auftrag von Google verarbeiten. Google wird Ihre IP-Adresse nicht mit anderen von Google gespeicherten Daten in Verbindung bringen. Sie k\u00f6nnen die Verwendung von Cookies ablehnen, indem Sie die entsprechenden Einstellungen in Ihrem Browser vornehmen Sie sollten sich jedoch dar\u00fcber im Klaren sein, dass Sie in diesem Fall m\u00f6glicherweise nicht alle Funktionen dieser Website nutzen k\u00f6nnen. Durch die Nutzung dieser Website erkl\u00e4ren Sie sich mit der Bearbeitung der \u00fcber Sie erhobenen Daten durch Google in der zuvor beschriebenen Art und Weise und zu dem zuvor benannten Zweck einverstanden.<\/p><p><\/p>","protected":false},"excerpt":{"rendered":"<p>ACHENE GESUNDHEIT \u00dcber rechtliches Eigentum und Urheberrecht Der Eigent\u00fcmer dieser Website und ihres Inhalts ist ACHENE Health. Es ist verboten, die \u00dcbertragung, \u00dcbertragung, Verkauf, Vermietung und \/ oder \u00f6ffentliche Ausstellung dieser Website ohne die Genehmigung der Eigent\u00fcmer. ACHENE Health beh\u00e4lt sich das Recht vor, den Inhalt der Website ohne vorherige Ank\u00fcndigung und ohne jegliche Einschr\u00e4nkung [&hellip;]<\/p>\n","protected":false},"author":1,"featured_media":0,"parent":0,"menu_order":0,"comment_status":"closed","ping_status":"closed","template":"","meta":{"footnotes":""},"class_list":["post-4210","page","type-page","status-publish","hentry"],"_links":{"self":[{"href":"https:\/\/achenehealth.com\/de\/wp-json\/wp\/v2\/pages\/4210","targetHints":{"allow":["GET"]}}],"collection":[{"href":"https:\/\/achenehealth.com\/de\/wp-json\/wp\/v2\/pages"}],"about":[{"href":"https:\/\/achenehealth.com\/de\/wp-json\/wp\/v2\/types\/page"}],"author":[{"embeddable":true,"href":"https:\/\/achenehealth.com\/de\/wp-json\/wp\/v2\/users\/1"}],"replies":[{"embeddable":true,"href":"https:\/\/achenehealth.com\/de\/wp-json\/wp\/v2\/comments?post=4210"}],"version-history":[{"count":7,"href":"https:\/\/achenehealth.com\/de\/wp-json\/wp\/v2\/pages\/4210\/revisions"}],"predecessor-version":[{"id":4787,"href":"https:\/\/achenehealth.com\/de\/wp-json\/wp\/v2\/pages\/4210\/revisions\/4787"}],"wp:attachment":[{"href":"https:\/\/achenehealth.com\/de\/wp-json\/wp\/v2\/media?parent=4210"}],"curies":[{"name":"wp","href":"https:\/\/api.w.org\/{rel}","templated":true}]}}