{"id":4484,"date":"2023-01-25T16:24:25","date_gmt":"2023-01-25T13:24:25","guid":{"rendered":"https:\/\/achenehealth.com\/?page_id=4484"},"modified":"2023-07-14T23:15:04","modified_gmt":"2023-07-14T20:15:04","slug":"nasenplastik","status":"publish","type":"page","link":"https:\/\/achenehealth.com\/de\/nasenplastik\/","title":{"rendered":"Nasenkorrektur"},"content":{"rendered":"<div class=\"wpb-content-wrapper\"><p>[vc_row row_space=&#8221;remove_padding_bottom&#8221;][vc_column width=&#8221;1\/2&#8243;][gva_block_heading title=&#8221;ACHENE Gesundheit Rhinoplastik&#8221; align=&#8221;align-left&#8221;]Die Nasenkorrektur gilt als einer der anspruchsvollsten Eingriffe in der Kopf- und Halschirurgie f\u00fcr eine effiziente \u00e4sthetische und praktische Nasenumformung.<\/p>\n<p>[\/gva_block_heading][vc_single_image image=&#8221;4488&#8243; img_size=&#8221;full&#8221; alignment=&#8221;right&#8221; style=&#8221;vc_box_rounded&#8221;][gva_icon_box icon_position=&#8221;top-left&#8221; image=&#8221;4394&#8243;][accordion_father activetabbg=&#8221;#994fe2&#8243; activetabclr=&#8221;#ffffff&#8221;][accordion_son title=&#8221;Welche Arten von Nasenkorrekturen gibt es&#8221;]Es gibt verschiedene Arten von Nasenkorrekturen, von denen jede zur Behandlung bestimmter Probleme und zur Erzielung bestimmter Ergebnisse eingesetzt wird. Zu den h\u00e4ufigsten Arten der Nasenkorrektur geh\u00f6ren:<\/p>\n<p>Augmentations-Rhinoplastik: Bei diesem Verfahren werden Gr\u00f6\u00dfe und Form der Nase verbessert, indem der Nasenr\u00fccken oder die Nasenspitze in der Regel mit Knorpel oder synthetischen Materialien aufgebaut wird.<\/p>\n<p>Reduktions-Rhinoplastik: Dieser Eingriff dient der Verkleinerung der Nase, in der Regel durch Entfernung von Knochen und Knorpel.<\/p>\n<p>Revisions-Rhinoplastik: Dieser Eingriff dient der Korrektur von Problemen, die nach einer fr\u00fcheren Nasenkorrektur aufgetreten sind.<\/p>\n<p>Funktionelle Rhinoplastik: Dieser Eingriff dient der Korrektur von Atembeschwerden durch Ver\u00e4nderung der inneren Struktur der Nase.<\/p>\n<p>Nicht-chirurgische Nasenkorrektur: Bei diesem Verfahren werden Dermalf\u00fcller verwendet, um die Nase neu zu formen.<\/p>\n<p>Es ist wichtig, dass Sie sich mit einem zertifizierten plastischen Chirurgen beraten, um die beste Art der Nasenkorrektur f\u00fcr Ihre individuellen Bed\u00fcrfnisse und Ziele zu bestimmen. Der Chirurg ber\u00fccksichtigt Ihre Gesichtsz\u00fcge, Ihren Hauttyp, Ihre Krankengeschichte und alle anderen Faktoren, die sich auf den Eingriff auswirken k\u00f6nnen.<\/p>\n<p>[\/accordion_son][accordion_son title=&#8221;Was ist eine \u00e4sthetische Nasenkorrektur&#8221;]Die \u00e4sthetische Nasenkorrektur, auch kosmetische Nasenkorrektur genannt, ist eine Form der Nasenkorrektur, die ausschlie\u00dflich zum Zweck der Verbesserung des Aussehens der Nase durchgef\u00fchrt wird. Ziel dieses Eingriffs ist es, ein ausgewogeneres und proportionaleres Aussehen zu erreichen, indem Probleme wie eine knollige Nasenspitze, eine schiefe Nase, ein H\u00f6cker auf dem Nasenr\u00fccken und Asymmetrien behoben werden.<\/p>\n<p>Bei einer \u00e4sthetischen Nasenkorrektur f\u00fchrt der Chirurg Schnitte in der Nase durch, um Zugang zu den darunter liegenden Knorpeln und Knochen zu erhalten. Anschlie\u00dfend formt der Chirurg die Nase neu, indem er Knorpel und Knochen entfernt, erg\u00e4nzt oder umverteilt.<\/p>\n<p>In einigen F\u00e4llen kann der Chirurg auch synthetische Materialien wie Silikon oder Gore-Tex zur Vergr\u00f6\u00dferung der Nase verwenden. Der Eingriff kann auch Osteotomien beinhalten, d h chirurgische Schnitte in den Nasenknochen, um die Form der Nase zu ver\u00e4ndern.<\/p>\n<p>Der Eingriff wird unter Vollnarkose durchgef\u00fchrt und die Erholungszeit h\u00e4ngt vom Umfang des Eingriffs ab. Der Chirurg wird ausf\u00fchrliche Anweisungen zur postoperativen Versorgung geben, einschlie\u00dflich der Frage, wann mit einer vollst\u00e4ndigen Heilung zu rechnen ist und was w\u00e4hrend des Genesungsprozesses zu erwarten ist.<\/p>\n<p>[\/accordion_son][accordion_son title=&#8221;Was sind die Gr\u00fcnde f\u00fcr eine Nasenkorrektur&#8221;]Die Rhinoplastik, auch als Nasenkorrektur bekannt, ist ein chirurgischer Eingriff zur Verbesserung des Aussehens und der Funktion der Nase. Die Indikationen f\u00fcr diesen Eingriff k\u00f6nnen sehr unterschiedlich sein, aber es gibt einige h\u00e4ufige Gr\u00fcnde, warum sich Menschen f\u00fcr eine Nasenkorrektur entscheiden:<\/p>\n<p>Umformung der Nase zur Verbesserung ihres Aussehens: Dies kann eine Verkleinerung der Nase, eine Verengung der Nasenl\u00f6cher oder eine Ver\u00e4nderung der Form der Nasenspitze beinhalten.<\/p>\n<p>Korrektur von funktionellen Problemen: Dazu kann die Korrektur einer Nasenscheidewandverkr\u00fcmmung geh\u00f6ren, die Schwierigkeiten beim Atmen durch die Nase verursachen kann.<\/p>\n<p>Verbesserung der Symmetrie: Manche Menschen haben eine asymmetrische Nase, die mit einer Nasenkorrektur korrigiert werden kann.<\/p>\n<p>Reparatur von Verletzungen: Mit einer Nasenkorrektur k\u00f6nnen Verletzungen der Nase behoben werden, z B ein Nasenbeinbruch.<\/p>\n<p>Korrektur von angeborenen Defekten: Manche Menschen k\u00f6nnen mit einem angeborenen Defekt geboren werden, z B einer Nasenspalte, die mit einer Nasenkorrektur korrigiert werden kann.<\/p>\n<p>Es ist wichtig zu wissen, dass es sich bei der Rhinoplastik nicht um ein einheitliches Verfahren handelt, und die Indikationen f\u00fcr den Eingriff sind von Person zu Person unterschiedlich. Au\u00dferdem h\u00e4ngen der Erfolg und das Ergebnis der Operation von den F\u00e4higkeiten und der Erfahrung des Chirurgen sowie vom allgemeinen Gesundheitszustand des Patienten ab.<\/p>\n<p>Zusammenfassend l\u00e4sst sich sagen, dass die Rhinoplastik ein chirurgischer Eingriff ist, mit dem das Aussehen und die Funktion der Nase verbessert werden k\u00f6nnen. Die Indikationen f\u00fcr diesen Eingriff k\u00f6nnen sehr unterschiedlich sein, aber einige h\u00e4ufige Gr\u00fcnde sind die Umformung der Nase zur Verbesserung ihres Aussehens, die Korrektur funktioneller Probleme, die Verbesserung der Symmetrie, die Behebung von Verletzungen und die Korrektur angeborener Fehler.[\/accordion_son][accordion_son title=&#8221;Was ist der optimale Zeitpunkt f\u00fcr eine Nasenkorrektur&#8221;]Der optimale Zeitpunkt f\u00fcr eine Nasenkorrektur ist in der Regel in den k\u00e4lteren Jahreszeiten, wie Herbst und Winter. Dies liegt daran, dass der Heilungsprozess nach dem Eingriff mehrere Wochen dauern kann In dieser Zeit sollten die Patienten die Sonne meiden, um Komplikationen und Verf\u00e4rbungen an der Einschnittstelle zu vermeiden. Au\u00dferdem k\u00f6nnen die Patienten in den k\u00e4lteren Monaten eventuelle postoperative Bluterg\u00fcsse oder Schwellungen leichter mit Schals und M\u00fctzen kaschieren. Letztendlich h\u00e4ngt der beste Zeitpunkt f\u00fcr eine Nasenkorrektur vom einzelnen Patienten und seinen besonderen Umst\u00e4nden ab. Daher wird empfohlen, dass Personen, die sich f\u00fcr den Eingriff entscheiden, sich mit einem zertifizierten plastischen Chirurgen beraten, um den besten Zeitpunkt f\u00fcr ihre spezifischen Bed\u00fcrfnisse und ihre Genesung zu bestimmen.[\/accordion_son][accordion_son title=&#8221;Wie lange dauert eine rhinoplastische Operation&#8221;]Eine Rhinoplastik, auch Nasenkorrektur genannt, ist ein chirurgischer Eingriff, der in der Regel zwischen 1 und 3 Stunden dauert. Die genaue Dauer der Operation h\u00e4ngt von den spezifischen Zielen und Bed\u00fcrfnissen des Patienten sowie von der Komplexit\u00e4t des Eingriffs ab. W\u00e4hrend des Eingriffs formt der Chirurg die Nase um, um ihr Aussehen zu verbessern, funktionelle Probleme zu korrigieren oder beides. Der Eingriff kann unter Vollnarkose oder unter \u00f6rtlicher Bet\u00e4ubung mit Sedierung durchgef\u00fchrt werden, je nachdem, was der Patient bevorzugt und was der Chirurg empfiehlt. Nach der Operation m\u00fcssen die Patienten mit einigen Schwellungen und Bluterg\u00fcssen rechnen, die in der Regel innerhalb weniger Wochen abklingen.[\/accordion_son][accordion_son title=&#8221;Wie schmerzhaft ist eine Nasenkorrektur&#8221;]Bei der Nasenkorrektur handelt es sich um einen chirurgischen Eingriff, der w\u00e4hrend der Genesungsphase zu Unbehagen und Schmerzen f\u00fchren kann. Der Grad der von den Patienten empfundenen Schmerzen h\u00e4ngt von der Person, der Komplexit\u00e4t des Eingriffs und der Schmerztoleranz des Patienten ab.<\/p>\n<p>Unmittelbar nach dem Eingriff kann es zu Schmerzen und Unwohlsein in der Nase und den umliegenden Bereichen kommen. Dies kann mit vom Chirurgen verschriebenen Schmerzmitteln behandelt werden. Schwellungen und Bluterg\u00fcsse um die Augen und die Nase sind ebenfalls h\u00e4ufig, was einige Unannehmlichkeiten verursachen kann.<\/p>\n<p>In den ersten Tagen nach dem Eingriff m\u00fcssen die Patienten mit Schmerzen und Unwohlsein rechnen. Die Schmerzen sollten im Laufe einer Woche allm\u00e4hlich abnehmen und mit rezeptfreien Schmerzmitteln beherrschbar sein.<\/p>\n<p>W\u00e4hrend der Heilungsphase k\u00f6nnen die Patienten auch Juckreiz und ein Spannungsgef\u00fchl in der Nase versp\u00fcren. Auch eine verstopfte Nase und Atembeschwerden durch die Nase sind h\u00e4ufig zu beobachten. Diese Symptome sollten sich mit der Heilung der Nase allm\u00e4hlich verbessern.<\/p>\n<p>Es ist wichtig, die Nachsorgeanweisungen des Chirurgen zu befolgen, um eine gute Heilung zu gew\u00e4hrleisten und Schmerzen und Beschwerden zu minimieren. Die meisten Patienten sind in der Lage, innerhalb von 7-10 Tagen nach dem Eingriff zur Arbeit und zu normalen Aktivit\u00e4ten zur\u00fcckzukehren.<\/p>\n<p>Zusammenfassend l\u00e4sst sich sagen, dass der Grad der Schmerzen und Beschwerden w\u00e4hrend der Erholungsphase nach einer Nasenkorrektur von Person zu Person unterschiedlich sein kann. Die Patienten m\u00fcssen mit gewissen Schmerzen und Beschwerden rechnen, die jedoch mit Schmerzmitteln behandelt werden k\u00f6nnen und im Laufe des Heilungsprozesses allm\u00e4hlich abnehmen sollten.[\/accordion_son][accordion_son title=&#8221;Wie lange dauert die Heilung nach einer Nasenkorrektur&#8221;]Der Heilungsverlauf bei einer Nasenkorrektur kann je nach Person unterschiedlich sein, aber im Allgemeinen kann der Heilungsprozess in mehrere Phasen unterteilt werden:<\/p>\n<p>Tag der Operation: Der Patient befindet sich w\u00e4hrend des Eingriffs in Vollnarkose und kann noch am selben Tag nach Hause gehen. Zur Linderung von Schwellungen werden Eispackungen verwendet, und der Patient wird \u00fcber deren Anwendung sowie \u00fcber die Anwendung von Salben instruiert. F\u00e4den und Schienen k\u00f6nnen nach einer Woche entfernt werden.<\/p>\n<p>1-2 Wochen: Der Patient wird eine gewisse Schwellung versp\u00fcren, und die Bluterg\u00fcsse um die Nase und die Augen beginnen zu verblassen. Die Schmerzen sollten minimal und mit rezeptfreien Schmerzmitteln leicht kontrollierbar sein.<\/p>\n<p>3-4 Wochen: Fast alle sichtbaren Zeichen der Operation sind verschwunden und Sie k\u00f6nnen wieder mit dem Kardiotraining beginnen. Die neue Form der Nase wird durch die fortschreitende R\u00fcckbildung der Schwellungen besser definiert sein.<\/p>\n<p>6 Wochen: Der Patient kann die \u00dcbungen zur Gewichtsbelastung wieder aufnehmen und eine Brille tragen.<\/p>\n<p>3-6 Monate: Alle Probleme mit dem Gef\u00fchl in der Nase oder auf der Nasenhaut beginnen sich zu l\u00f6sen.<\/p>\n<p>1 Jahr: Der Heilungsprozess ist abgeschlossen, die neue Nasenform ist vollst\u00e4ndig ausgebildet, alle Schwellungen sind verschwunden und die Nasenspitze ist verfeinert.[\/accordion_son][accordion_son title=&#8221;Wie kann man die Genesung bei einer Nasenkorrektur beschleunigen&#8221;]Die Erholung nach einer Nasenkorrektur kann mehrere Wochen bis Monate dauern. Es gibt jedoch einige Ma\u00dfnahmen, die den Genesungsprozess beschleunigen k\u00f6nnen.<\/p>\n<p>Zun\u00e4chst ist es wichtig, dass Sie alle postoperativen Anweisungen des Chirurgen befolgen. Dazu kann geh\u00f6ren, die verschriebenen Medikamente wie vorgeschrieben einzunehmen, anstrengende Aktivit\u00e4ten zu vermeiden und die Nase eine bestimmte Zeit lang nicht zu putzen.<\/p>\n<p>Zweitens kann das Hochlegen des Kopfes und das Vereisen des Bereichs dazu beitragen, Schwellungen und Bluterg\u00fcsse zu verringern. Das Auflegen einer kalten Kompresse auf den Bereich in den ersten Tagen nach der Operation kann ebenfalls dazu beitragen, die Entz\u00fcndung zu verringern und die Heilung zu f\u00f6rdern.<\/p>\n<p>Drittens ist es wichtig, nicht zu rauchen oder Alkohol zu trinken, da dies die Heilung verz\u00f6gern und das Risiko von Komplikationen erh\u00f6hen kann.<\/p>\n<p>Au\u00dferdem kann eine saubere und trockene Einschnittstelle helfen, Infektionen zu vermeiden. Dies kann die Verwendung von antibiotischer Salbe und das Wechseln von Verb\u00e4nden nach Anweisung des Chirurgen beinhalten.<\/p>\n<p>Ein weiterer wichtiger Aspekt bei der Genesung nach einer Nasenkorrektur ist es, eine gewisse Zeit lang keine Brille oder Sonnenbrille auf der Nase zu tragen. Dies kann Druck auf die Nase aus\u00fcben und den Heilungsprozess behindern. Der Chirurg wird in der Regel beraten, wann es sicher ist, wieder eine Brille zu tragen.<\/p>\n<p>Wenn Sie eine Brille tragen m\u00fcssen, k\u00f6nnen Sie einen speziellen Clip-on oder &#8220;Brillenb\u00fcgel&#8221; das am Brillengestell befestigt wird und \u00fcber dem Nasensteg sitzt, so dass kein Druck auf die Nase entsteht.<\/p>\n<p>Es ist auch wichtig, anstrengende Aktivit\u00e4ten und schweres Heben f\u00fcr eine gewisse Zeit nach der Operation zu vermeiden, da dies den Blutfluss im Gesicht erh\u00f6hen und zu Schwellungen und Bluterg\u00fcssen f\u00fchren kann.<\/p>\n<p>Im Allgemeinen ist es wichtig, geduldig zu sein und die Anweisungen des Chirurgen zu befolgen, um eine gute Heilung und optimale Ergebnisse zu gew\u00e4hrleisten.[\/accordion_son][\/accordion_father][\/vc_column][vc_column width=&#8221;1\/2&#8243;][gva_box_video photo=&#8221;4271&#8243; title=&#8221;Nasenplastik&#8221;]https:\/\/www.youtube.com\/watch?v=wu4DBIb_XVo[\/gva_box_video][vc_empty_space][gva_block_heading title=&#8221;Verbessern Sie Ihr Aussehen&#8221; align=&#8221;align-left&#8221;]Nasenkorrektur, also known as a nose job, is a surgical procedure performed to reshape the nose and improve its appearance. Es handelt sich um ein beliebtes Verfahren, das zur Verbesserung der Gesichtssymmetrie, der Atmung und des Selbstbewusstseins beitragen kann.<\/p>\n<p>Einer der Hauptvorteile der Rhinoplastik ist die M\u00f6glichkeit, ein ausgewogeneres und angemesseneres Aussehen zu erreichen. Mit dem Verfahren k\u00f6nnen verschiedene Probleme korrigiert werden, darunter eine knollige Spitze, eine schiefe Nase, ein H\u00f6cker auf dem Nasenr\u00fccken und Asymmetrie. Sie kann auch zur Korrektur funktioneller Probleme wie Atembeschwerden eingesetzt werden.<\/p>\n<p>Ein weiterer Vorteil der Nasenkorrektur ist, dass sie bei M\u00e4nnern und Frauen jeden Alters durchgef\u00fchrt werden kann. Das Verfahren wird auf die Bed\u00fcrfnisse und Ziele des Einzelnen zugeschnitten und ist daher f\u00fcr viele Patienten eine vielseitige und effektive Option.<\/p>\n<p>Au\u00dferdem ist der Eingriff dank der Fortschritte bei den Operationstechniken sicherer und vorhersehbarer geworden, mit k\u00fcrzeren Erholungszeiten und weniger sichtbaren Narben. Viele Patienten sind in der Lage, innerhalb von ein oder zwei Wochen nach der Operation zur Arbeit und zu normalen Aktivit\u00e4ten zur\u00fcckzukehren.<\/p>\n<p>Insgesamt kann eine Nasenkorrektur eine hervorragende Option f\u00fcr Menschen sein, die das Aussehen und die Funktion ihrer Nase verbessern m\u00f6chten. Es ist wichtig, dass Sie sich mit einem erfahrenen Chirurgen beraten, um den Eingriff, seine Risiken und Vorteile sowie die besten M\u00f6glichkeiten zur Erzielung der gew\u00fcnschten Ergebnisse zu besprechen.[\/gva_block_heading][\/vc_column][\/vc_row][vc_row][vc_column][gva_block_heading title=&#8221;Nasenkorrektur&#8221; align=&#8221;align-left&#8221;][\/gva_block_heading][info_list_father liststyle=&#8221;dotted&#8221;][info_list_son imgstyle=&#8221;img-circle&#8221; titleclr=&#8221;#000000&#8243; image_id=&#8221;4496&#8243; title=&#8221;Konsultation&#8221;]Der Beratungsprozess umfasst in der Regel ein Gespr\u00e4ch mit einem plastischen Chirurgen, um das gew\u00fcnschte Ergebnis zu ermitteln und zu beurteilen, ob der Patient ein geeigneter Kandidat f\u00fcr den Eingriff ist.[\/info_list_son][info_list_son imgstyle=&#8221;img-circle&#8221; titleclr=&#8221;#000000&#8243; image_id=&#8221;4498&#8243; title=&#8221;Chirurgischer Plan&#8221;]Der Operationsplan wird w\u00e4hrend des Beratungsgespr\u00e4chs entwickelt und auf die spezifischen Bed\u00fcrfnisse und Ziele des Patienten zugeschnitten. The steps of a rhinoplasty procedure typically involve the following:[\/info_list_son][info_list_son imgstyle=&#8221;img-circle&#8221; titleclr=&#8221;#000000&#8243; image_id=&#8221;4497&#8243; title=&#8221;An\u00e4sthesie&#8221; caption_url=&#8221;&#8221;]Der Patient erh\u00e4lt entweder eine Vollnarkose, bei der er w\u00e4hrend des Eingriffs schl\u00e4ft, oder eine Lokalan\u00e4sthesie, bei der der zu operierende Bereich bet\u00e4ubt wird.[\/info_list_son][info_list_son imgstyle=&#8221;img-circle&#8221; titleclr=&#8221;#000000&#8243; image_id=&#8221;4499&#8243; title=&#8221;Einschnitt&#8221;]Der Chirurg macht Schnitte an der Innenseite der Nase (geschlossene Rhinoplastik) oder am Nasensteg (offene Rhinoplastik).[\/info_list_son][info_list_son imgstyle=&#8221;img-circle&#8221; titleclr=&#8221;#000000&#8243; image_id=&#8221;4526&#8243; title=&#8221;Umgestaltung&#8221;]Der Chirurg formt dann den Knorpel und den Knochen neu, um das gew\u00fcnschte Aussehen zu erreichen. Dabei kann Gewebe entfernt, hinzugef\u00fcgt oder umgestaltet werden.[\/info_list_son][info_list_son imgstyle=&#8221;img-circle&#8221; titleclr=&#8221;#000000&#8243; image_id=&#8221;4499&#8243; title=&#8221;Schlie\u00dfen der Inzision&#8221;]Die Einschnitte werden mit N\u00e4hten oder chirurgischem Klebeband verschlossen.[\/info_list_son][info_list_son imgstyle=&#8221;img-circle&#8221; titleclr=&#8221;#000000&#8243; image_id=&#8221;4548&#8243; title=&#8221;Einsetzen von Schienen und Packungen&#8221;]Der Chirurg kann im Inneren der Nase eine Schiene und au\u00dferhalb der Nase eine Packung anbringen, um die neue Form zu unterst\u00fctzen und Schwellungen zu verringern.[\/info_list_son][info_list_son imgstyle=&#8221;img-circle&#8221; titleclr=&#8221;#000000&#8243; image_id=&#8221;4261&#8243; title=&#8221;Erholung&#8221;]Der Patient wird \u00fcberwacht, w\u00e4hrend er sich von der An\u00e4sthesie erholt. Sie erhalten Anweisungen, wie sie sich zu Hause versorgen k\u00f6nnen und wann sie sich beim Chirurgen melden m\u00fcssen.[\/info_list_son][\/info_list_father][\/vc_column][\/vc_row][vc_row row_space=&#8221;remove_padding_top&#8221;][vc_column width=&#8221;1\/4&#8243;][gva_icon_box title=&#8221;Top-Patientenbetreuung&#8221; icon=&#8221;gv-icon-1271&#8243; description=&#8221;Unser oberstes Ziel ist es, stets eine au\u00dfergew\u00f6hnliche Pflege, eine einzigartige chirurgische Erfahrung und eine personalisierte Behandlung zu bieten.&#8221; icon_position=&#8221;top-center v2&#8243; icon_width=&#8221;fa-4x&#8221; icon_color=&#8221;#0000ff&#8221;][\/vc_column][vc_column width=&#8221;1\/4&#8243;][gva_icon_box title=&#8221;\u00c4ndern Sie Ihr Erscheinungsbild&#8221; icon=&#8221;gv-icon-1566&#8243; description=&#8221;Verbessern Sie Ihr Aussehen mit einer Nasenkorrektur&#8221; icon_position=&#8221;top-center v2&#8243; icon_width=&#8221;fa-4x&#8221; icon_color=&#8221;#0000ff&#8221;][\/vc_column][vc_column width=&#8221;1\/4&#8243;][gva_icon_box title=&#8221;Verbessern Sie Ihren Atem&#8221; icon=&#8221;gv-icon-381&#8243; description=&#8221;Beenden Sie Ihr Atemproblem&#8221; icon_position=&#8221;top-center v2&#8243; icon_width=&#8221;fa-4x&#8221; icon_color=&#8221;#0000ff&#8221;][\/vc_column][vc_column width=&#8221;1\/4&#8243;][gva_icon_box title=&#8221;Die Kunst der Nasenkorrektur&#8221; icon=&#8221;gv-icon-848&#8243; description=&#8221;Wunsch, das Aussehen der Nase zu ver\u00e4ndern&#8221; icon_position=&#8221;top-center v2&#8243; icon_width=&#8221;fa-4x&#8221; icon_color=&#8221;#0000ff&#8221;][\/vc_column][\/vc_row]<\/p>\n<\/div>","protected":false},"excerpt":{"rendered":"<p>[vc_row row_space=&#8221;remove_padding_bottom&#8221;][vc_column width=&#8221;1\/2&#8243;][gva_block_heading title=&#8221;ACHENE Gesundheit Rhinoplastik&#8221; align=&#8221;align-left&#8221;]Die Nasenkorrektur gilt als einer der anspruchsvollsten Eingriffe in der Kopf- und Halschirurgie f\u00fcr eine effiziente \u00e4sthetische und praktische Nasenumformung. [\/gva_block_heading][vc_single_image image=&#8221;4488&#8243; img_size=&#8221;full&#8221; alignment=&#8221;right&#8221; style=&#8221;vc_box_rounded&#8221;][gva_icon_box icon_position=&#8221;top-left&#8221; image=&#8221;4394&#8243;][accordion_father activetabbg=&#8221;#994fe2&#8243; activetabclr=&#8221;#ffffff&#8221;][accordion_son title=&#8221;Welche Arten von Nasenkorrekturen gibt es&#8221;]Es gibt verschiedene Arten von Nasenkorrekturen, von denen jede zur Behandlung bestimmter Probleme und zur [&hellip;]<\/p>\n","protected":false},"author":1,"featured_media":4488,"parent":0,"menu_order":0,"comment_status":"closed","ping_status":"closed","template":"","meta":{"footnotes":""},"class_list":["post-4484","page","type-page","status-publish","has-post-thumbnail","hentry"],"_links":{"self":[{"href":"https:\/\/achenehealth.com\/de\/wp-json\/wp\/v2\/pages\/4484","targetHints":{"allow":["GET"]}}],"collection":[{"href":"https:\/\/achenehealth.com\/de\/wp-json\/wp\/v2\/pages"}],"about":[{"href":"https:\/\/achenehealth.com\/de\/wp-json\/wp\/v2\/types\/page"}],"author":[{"embeddable":true,"href":"https:\/\/achenehealth.com\/de\/wp-json\/wp\/v2\/users\/1"}],"replies":[{"embeddable":true,"href":"https:\/\/achenehealth.com\/de\/wp-json\/wp\/v2\/comments?post=4484"}],"version-history":[{"count":20,"href":"https:\/\/achenehealth.com\/de\/wp-json\/wp\/v2\/pages\/4484\/revisions"}],"predecessor-version":[{"id":4861,"href":"https:\/\/achenehealth.com\/de\/wp-json\/wp\/v2\/pages\/4484\/revisions\/4861"}],"wp:featuredmedia":[{"embeddable":true,"href":"https:\/\/achenehealth.com\/de\/wp-json\/wp\/v2\/media\/4488"}],"wp:attachment":[{"href":"https:\/\/achenehealth.com\/de\/wp-json\/wp\/v2\/media?parent=4484"}],"curies":[{"name":"wp","href":"https:\/\/api.w.org\/{rel}","templated":true}]}}