{"id":4558,"date":"2023-01-27T18:32:17","date_gmt":"2023-01-27T15:32:17","guid":{"rendered":"https:\/\/achenehealth.com\/?page_id=4558"},"modified":"2023-11-30T19:39:47","modified_gmt":"2023-11-30T16:39:47","slug":"warum-uns","status":"publish","type":"page","link":"https:\/\/achenehealth.com\/de\/warum-uns\/","title":{"rendered":"Warum wir"},"content":{"rendered":"<div class=\"wpb-content-wrapper\"><p>[vc_row][vc_column][info_banner_vc use_theme_fonts=&#8221;yes&#8221; image_id=&#8221;4345&#8243; ribbon_text=&#8221;ACHENE&#8221;]<\/p>\n<h2>Ihre Gesundheit, unsere oberste Priorit\u00e4t<\/h2>\n<h2>Erleben Sie mit uns eine Gesundheitsversorgung von Weltklasse<\/h2>\n<p>Bei ACHENE HEALTH haben wir uns dem Ziel verschrieben, unseren Kunden die h\u00f6chste Qualit\u00e4t an Service und Pflege zu bieten. Wir wissen, dass eine medizinische Behandlung im Ausland eine be\u00e4ngstigende Erfahrung sein kann Deshalb bem\u00fchen wir uns, die besten Optionen und die beste Unterst\u00fctzung anzubieten, um einen nahtlosen und stressfreien Prozess zu gew\u00e4hrleisten.<\/p>\n<p>Wir arbeiten eng mit renommierten und anerkannten medizinischen Einrichtungen und Anbietern zusammen und bieten eine Reihe von Behandlungen und Verfahren f\u00fcr jeden Bedarf an. Unser Team bietet einen pers\u00f6nlichen Service und Unterst\u00fctzung von der ersten Beratung bis zur Nachbetreuung.<\/p>\n<p>Wir glauben an Transparenz und Ehrlichkeit und bem\u00fchen uns, unsere Kunden mit genauen und detaillierten Informationen zu versorgen, damit sie fundierte Entscheidungen treffen k\u00f6nnen. Wir bieten auch \u00dcbersetzungsdienste, Reiseunterst\u00fctzung und ein engagiertes Kundendienstteam, um unseren Kunden die bestm\u00f6gliche Erfahrung zu bieten.<\/p>\n<p>Unser Ziel ist es, uns als vertrauensw\u00fcrdige und zuverl\u00e4ssige Agentur zu positionieren, und wir sammeln und analysieren st\u00e4ndig das Feedback unserer Kunden, um unseren Service zu verbessern und ein hohes Ma\u00df an Kundenzufriedenheit zu gew\u00e4hrleisten.<\/p>\n<p>Vielen Dank, dass Sie ACHENE HEALTH f\u00fcr Ihre Gesundheitsbed\u00fcrfnisse gew\u00e4hlt haben. Wir freuen uns darauf, Ihnen zu helfen, die bestm\u00f6glichen Ergebnisse und eine positive Erfahrung zu erzielen.[\/info_banner_vc][\/vc_column][\/vc_row][vc_row row_space=&#8221;remove_padding_top&#8221;][vc_column width=&#8221;1\/4&#8243;][gva_box_color title=&#8221;Krankenh\u00e4user&#8221; image=&#8221;4563&#8243;]ACHENE HEALTH ist stolz darauf, seinen Patienten den Zugang zu einigen der am h\u00f6chsten akkreditierten und renommiertesten Krankenh\u00e4user der Welt zu erm\u00f6glichen. Unser Netz von Partnerkrankenh\u00e4usern erf\u00fcllt die h\u00f6chsten Qualit\u00e4ts- und Sicherheitsstandards. In diesen Einrichtungen arbeiten einige der qualifiziertesten und erfahrensten Fachkr\u00e4fte des Gesundheitswesens und sie sind mit der neuesten Technologie und modernsten Ger\u00e4ten ausgestattet.<\/p>\n<p>Dar\u00fcber hinaus sind unsere Krankenhauspartner von international anerkannten Organisationen wie Joint Commission International (JCI), International Organisation for Standardisation (ISO) und anderen akkreditiert.<\/p>\n<p>Wir sind bestrebt, unseren Patienten ein H\u00f6chstma\u00df an Pflege und Service zu bieten.[\/gva_box_color][\/vc_column][vc_column width=&#8221;1\/4&#8243;][gva_box_color title=&#8221;Kommunikation&#8221; image=&#8221;4564&#8243;]Wir bei ACHENE HEALTH wissen, dass die Kommunikation ein wichtiger Aspekt der medizinischen Versorgung ist, insbesondere f\u00fcr internationale Patienten. Aus diesem Grund bieten wir professionelle \u00dcbersetzungsdienste in einer Vielzahl von Sprachen an, darunter Arabisch, Englisch, Russisch, Deutsch und Georgisch. Unser Team erfahrener \u00dcbersetzer setzt sich daf\u00fcr ein, dass Sie mit Ihrem medizinischen Betreuer und unseren Mitarbeitern genau und zuverl\u00e4ssig kommunizieren k\u00f6nnen. Wir bieten \u00dcbersetzungsdienste f\u00fcr Arzttermine, Konsultationen und andere wichtige Mitteilungen. Unser Ziel ist es, Ihren Aufenthalt bei uns so angenehm und stressfrei wie m\u00f6glich zu gestalten, und wir glauben, dass die F\u00e4higkeit, effektiv zu kommunizieren, ein entscheidender Teil dieser Erfahrung ist.[\/gva_box_color][\/vc_column][vc_column width=&#8221;1\/4&#8243;][gva_box_color title=&#8221;Unterbringung&#8221; image=&#8221;4565&#8243;]Bei ACHENE HEALTH sind wir davon \u00fcberzeugt, dass eine komfortable und einladende Umgebung ein wesentlicher Bestandteil des Heilungsprozesses ist. Deshalb bieten wir unseren Patienten im Gesundheitstourismus eine breite Palette von Unterbringungsm\u00f6glichkeiten an, die allesamt darauf ausgerichtet sind, Ihnen ein H\u00f6chstma\u00df an Komfort und Gastfreundschaft zu bieten. Egal, ob Sie ein Privatzimmer oder eine Suite ben\u00f6tigen oder eine preisg\u00fcnstigere Option suchen, wir haben f\u00fcr jeden Bedarf und jedes Budget das passende Angebot. Unsere Unterk\u00fcnfte befinden sich in unmittelbarer N\u00e4he des Krankenhauses und sind mit modernen Annehmlichkeiten und Dienstleistungen ausgestattet, um Ihren Aufenthalt so angenehm wie m\u00f6glich zu gestalten. Unser Team ist bestrebt, Ihnen einen warmen und freundlichen Empfang zu bieten, und wir stehen Ihnen jederzeit zur Verf\u00fcgung, um Ihnen bei Ihren Anfragen oder Anliegen zu helfen.[\/gva_box_color][\/vc_column][vc_column width=&#8221;1\/4&#8243;][gva_box_color title=&#8221;Transport&#8221; image=&#8221;4566&#8243;]Wir bei ACHENE HEALTH wissen, wie wichtig ein reibungsloser und stressfreier Transport f\u00fcr unsere Patienten im Gesundheitstourismus ist. Deshalb bieten wir einen bequemen und zuverl\u00e4ssigen Flughafentransfer zum und vom Krankenhaus an. Unsere erfahrenen Fahrer sind ortskundig und sorgen daf\u00fcr, dass Sie sicher und p\u00fcnktlich an Ihrem Ziel ankommen. F\u00fcr Ihren zus\u00e4tzlichen Komfort und Ihren Seelenfrieden werden alle unsere Fahrzeuge regelm\u00e4\u00dfig desinfiziert und sind mit allen notwendigen Sicherheitsmerkmalen ausgestattet. Wir k\u00fcmmern uns um Ihren Transportbedarf, w\u00e4hrend Sie sich auf Ihre Genesung konzentrieren. Kontaktieren Sie uns noch heute, um Ihren Flughafentransfer zu arrangieren.[\/gva_box_color][\/vc_column][\/vc_row][vc_row row_space=&#8221;remove_padding_top&#8221;][vc_column][vc_wp_text]<button class=\"wappointment_widget\" style=\"display:none\" data-popup=\"1\" data-button-title=\"Online-Termin\">Online-Termin<\/button>[\/vc_wp_text][info_banner_vc use_theme_fonts=&#8221;yes&#8221; image_id=&#8221;4345&#8243; ribbon_text=&#8221;ACHENE&#8221;]<\/p>\n<h2 style=\"text-align: center;\">All-inclusive-Paket<\/h2>\n<h4 style=\"text-align: center;\">Unser Ziel ist es, unseren Patienten ein H\u00f6chstma\u00df an Pflege und Service zu bieten, und unsere All-inclusive-Pakete sind genau darauf ausgerichtet. Kontaktieren Sie uns noch heute, um mehr zu erfahren und ein auf Ihre Bed\u00fcrfnisse zugeschnittenes Paket zusammenzustellen.<\/h4>\n<p>[\/info_banner_vc][\/vc_column][\/vc_row][vc_row row_space=&#8221;remove_padding_top&#8221;][vc_column width=&#8221;1\/2&#8243;][info_list_father liststyle=&#8221;inset&#8221;][info_list_son style=&#8221;icon&#8221; titleclr=&#8221;#000000&#8243; title=&#8221;Unterbringung&#8221; icon=&#8221;fas fa-hotel&#8221; iconclr=&#8221;#ffffff&#8221; iconbg=&#8221;#dd3333&#8243;]Sie haben die Wahl zwischen komfortablen und g\u00fcnstig gelegenen Unterbringungsm\u00f6glichkeiten, von Privatzimmern bis hin zu Suiten.[\/info_list_son][info_list_son style=&#8221;icon&#8221; titleclr=&#8221;#000000&#8243; title=&#8221;Abholung und R\u00fcckgabe am Flughafen&#8221; iconclr=&#8221;#ffffff&#8221; iconbg=&#8221;#dd3333&#8243; icon=&#8221;fas fa-car&#8221;]Bequemer und zuverl\u00e4ssiger Transport zum und vom Flughafen, mit erfahrenen Fahrern und regelm\u00e4\u00dfig gereinigten Fahrzeugen.[\/info_list_son][info_list_son style=&#8221;icon&#8221; titleclr=&#8221;#000000&#8243; title=&#8221;\u00dcbersetzung&#8221; iconclr=&#8221;#ffffff&#8221; iconbg=&#8221;#dd3333&#8243; icon=&#8221;fas fa-language&#8221;]Wir verf\u00fcgen \u00fcber ein Team von professionellen \u00dcbersetzern und Dolmetschern, die Erfahrung im medizinischen Bereich haben.[\/info_list_son][info_list_son style=&#8221;icon&#8221; titleclr=&#8221;#000000&#8243; title=&#8221;Krankenhausaufenthalt&#8221; icon=&#8221;far fa-hospital&#8221; iconclr=&#8221;#ffffff&#8221; iconbg=&#8221;#dd3333&#8243;]Zugang zu einigen der anerkanntesten und renommiertesten Krankenh\u00e4user der Welt, die \u00fcber erfahrenes medizinisches Fachpersonal verf\u00fcgen und mit modernster Technologie ausgestattet sind.[\/info_list_son][\/info_list_father][\/vc_column][vc_column width=&#8221;1\/2&#8243;][info_list_father theme=&#8221;right&#8221; liststyle=&#8221;inset&#8221;][info_list_son style=&#8221;icon&#8221; titleclr=&#8221;#000000&#8243; title=&#8221;Pr\u00e4operative Beratung&#8221; icon=&#8221;fas fa-stethoscope&#8221; iconclr=&#8221;#ffffff&#8221; iconbg=&#8221;#dd3333&#8243;]Eine pers\u00f6nliche Beratung durch professionelle Teammitglieder zur Beurteilung Ihres Zustands.[\/info_list_son][info_list_son style=&#8221;icon&#8221; titleclr=&#8221;#000000&#8243; title=&#8221;Pr\u00e4operative Laborarbeit&#8221; icon=&#8221;fas fa-vial&#8221; iconclr=&#8221;#ffffff&#8221; iconbg=&#8221;#dd3333&#8243;]Alle notwendigen Tests und Untersuchungen vor der Operation, wie von Ihrem medizinischen Betreuer festgelegt.[\/info_list_son][info_list_son style=&#8221;icon&#8221; titleclr=&#8221;#000000&#8243; title=&#8221;Chirurgie&#8221; icon=&#8221;fas fa-cut&#8221; iconclr=&#8221;#ffffff&#8221; iconbg=&#8221;#dd3333&#8243;]Der von Ihrem medizinischen Betreuer festgelegte chirurgische Eingriff, der von hochqualifizierten und erfahrenen Chirurgen durchgef\u00fchrt wird.[\/info_list_son][info_list_son style=&#8221;icon&#8221; titleclr=&#8221;#000000&#8243; title=&#8221;Postoperative Medikamente&#8221; icon=&#8221;fas fa-hand-peace&#8221; iconclr=&#8221;#ffffff&#8221; iconbg=&#8221;#dd3333&#8243;]Alle notwendigen Medikamente und Behandlungen nach der Operation, wie von Ihrem medizinischen Betreuer festgelegt.[\/info_list_son][\/info_list_father][\/vc_column][\/vc_row][vc_row row_space=&#8221;remove_padding_bottom&#8221;][vc_column][gva_block_heading title=&#8221;Partner-Krankenh\u00e4user&#8221;][\/gva_block_heading][\/vc_column][\/vc_row][vc_row row_space=&#8221;remove_padding_top&#8221;][vc_column width=&#8221;1\/2&#8243;][gva_partners photo=&#8221;4953&#8243; link=&#8221;https:\/\/www.medicalpark.com.tr&#8221; title=&#8221;Medicalpark-Gruppe&#8221;]Die Medicalpark-Gruppe ist ein f\u00fchrender privater Gesundheitsdienstleister in der T\u00fcrkei. Sie betreibt ein Netz von Krankenh\u00e4usern und medizinischen Zentren im ganzen Land und bietet eine breite Palette von medizinischen Dienstleistungen und Behandlungen an. Die Gruppe wurde 1999 gegr\u00fcndet und ist inzwischen auf mehrere Standorte in Gro\u00dfst\u00e4dten wie Istanbul, Ankara, Samsun und Antalya angewachsen. Die Medicalpark Group ist f\u00fcr ihre fortschrittliche Technologie und ihr hochqualifiziertes medizinisches Personal bekannt und wurde von internationalen Organisationen wie der Joint Commission International (JCI) akkreditiert. Die Gruppe bietet eine internationale Patientenabteilung, die Patienten aus der ganzen Welt betreut.[\/gva_partners][gva_partners photo=&#8221;4927&#8243; link=&#8221;https:\/\/www.medicana.com.tr\/&#8221; title=&#8221;Medicana Health Group&#8221;]Die Medicana Health Group begann ihre T\u00e4tigkeit 1992 mit erfahrenem und fachkundigem Personal und einem auf Patientenzufriedenheit ausgerichteten Dienstleistungsansatz, der im Gesundheitssektor einen Unterschied macht. Die Medicana Health Group bietet ihren Patienten mit 14 Krankenh\u00e4usern in 7 Provinzen der T\u00fcrkei, n\u00e4mlich Istanbul, Ankara, Izmir, Konya, Samsun, Sivas und Bursa, Gesundheitsdienstleistungen an.[\/gva_partners][gva_partners photo=&#8221;4928&#8243; link=&#8221;https:\/\/medibafra.com.tr\/&#8221; title=&#8221;Medi Bafra Hospital&#8221;]Medi Bafra Hospital wurde am 10. August 2009 mit dem vorrangigen Ziel gegr\u00fcndet, die Qualit\u00e4t der Gesundheitsversorgung der Patienten zu verbessern. Das Krankenhaus verf\u00fcgt \u00fcber 153 Betten f\u00fcr ambulante und station\u00e4re Behandlungen und engagiert sich f\u00fcr die Verbesserung der Gesundheit der Patienten. Das Krankenhaus verf\u00fcgt \u00fcber ein Team von engagierten Fach\u00e4rzten und Gesundheitspersonal in verschiedenen Bereichen, deren Hauptaugenmerk darauf liegt, den Patienten die bestm\u00f6gliche Versorgung zu bieten. [\/gva_partners][\/vc_column][vc_column width=&#8221;1\/2&#8243;][gva_partners photo=&#8221;4954&#8243; link=&#8221;https:\/\/www.livhospital.com&#8221; title=&#8221;Liv Hospitals&#8221;]Das Liv Hospital ist benannt nach dem &#8220;F\u00fchrende internationale Vision&#8221;. Leihkrankenhaus ist eine Gruppe von privaten Gesundheitseinrichtungen in der T\u00fcrkei. Es bietet eine breite Palette medizinischer Dienstleistungen an, darunter allgemeine Chirurgie, Kardiologie, Orthop\u00e4die, Neurologie und Onkologie, um nur einige zu nennen. Die Krankenhausgruppe wurde 2011 gegr\u00fcndet und ist seither auf mehrere Standorte in der T\u00fcrkei angewachsen, darunter Istanbul, Ankara Izimr und Samsun. Das Liv Hospital ist bekannt f\u00fcr seine hochmoderne Technologie und sein hochqualifiziertes medizinisches Personal. Die Krankenhausgruppe ist JCI-akkreditiert und arbeitet mit einer internationalen Patientenabteilung. Es gilt als eines der besten Privatkrankenh\u00e4user der T\u00fcrkei und bietet ein breites Spektrum an medizinischen Leistungen f\u00fcr einheimische und internationale Patienten.[\/gva_partners][gva_partners photo=&#8221;4907&#8243; link=&#8221;https:\/\/www.buyukanadoluhastanesi.com\/&#8221; title=&#8221;B\u00fcy\u00fck Anadolu Hospitals&#8221;]B\u00fcy\u00fck Anadolu Sa\u011fl\u0131k Grubu verf\u00fcgt \u00fcber 27 Jahre Erfahrung in der Erbringung von Gesundheitsdienstleistungen. Es bietet spezialisierte Gesundheitsdienstleistungen an. Das Krankenhaus setzt sich unerm\u00fcdlich daf\u00fcr ein, die Zufriedenheit der Patienten zu gew\u00e4hrleisten, ihre Gesundheitsprobleme in k\u00fcrzester Zeit zu l\u00f6sen, alle gesetzlichen Anforderungen zu erf\u00fcllen und Gesundheitsdienstleistungen mit einem qualifizierten medizinischen Team anzubieten. Mit zwei Krankenh\u00e4usern in Samsun und zwei in Dar\u0131ca ist die Gruppe bestrebt, qualitativ hochwertige Gesundheitsdienstleistungen zu erbringen und dabei die Entwicklungen in Wissenschaft und Technik genau zu verfolgen.[\/gva_partners][gva_partners photo=&#8221;4908&#8243; link=&#8221;https:\/\/fbm.com.tr&#8221; title=&#8221;FBM \u00c4sthetische Klinik&#8221;]Die FBM Aesthetic Clinic ist seit 2005 mit ihrem erfahrenen Personal in den Bereichen plastische Chirurgie, Haartransplantation, Rhinoplastik, Mammoplastik und nicht-chirurgische Gesichtsverj\u00fcngung unter der Leitung von Associate Professor Dr. Hayati Akba\u015f t\u00e4tig.[\/gva_partners][\/vc_column][\/vc_row][vc_row][vc_column][gva_brands style=&#8221;style-2&#8243; items_lg=&#8221;4&#8243; items_md=&#8221;3&#8243; items_sm=&#8221;2&#8243; items_xs=&#8221;2&#8243;][\/vc_column][\/vc_row]<\/p>\n<\/div>","protected":false},"excerpt":{"rendered":"<p>[vc_row][vc_column][info_banner_vc use_theme_fonts=&#8221;yes&#8221; image_id=&#8221;4345&#8243; ribbon_text=&#8221;ACHENE&#8221;] Ihre Gesundheit, unsere oberste Priorit\u00e4t Erleben Sie mit uns eine Gesundheitsversorgung von Weltklasse Bei ACHENE HEALTH haben wir uns dem Ziel verschrieben, unseren Kunden die h\u00f6chste Qualit\u00e4t an Service und Pflege zu bieten. Wir wissen, dass eine medizinische Behandlung im Ausland eine be\u00e4ngstigende Erfahrung sein kann Deshalb bem\u00fchen wir uns, die [&hellip;]<\/p>\n","protected":false},"author":1,"featured_media":4623,"parent":0,"menu_order":0,"comment_status":"closed","ping_status":"closed","template":"","meta":{"footnotes":""},"class_list":["post-4558","page","type-page","status-publish","has-post-thumbnail","hentry"],"_links":{"self":[{"href":"https:\/\/achenehealth.com\/de\/wp-json\/wp\/v2\/pages\/4558","targetHints":{"allow":["GET"]}}],"collection":[{"href":"https:\/\/achenehealth.com\/de\/wp-json\/wp\/v2\/pages"}],"about":[{"href":"https:\/\/achenehealth.com\/de\/wp-json\/wp\/v2\/types\/page"}],"author":[{"embeddable":true,"href":"https:\/\/achenehealth.com\/de\/wp-json\/wp\/v2\/users\/1"}],"replies":[{"embeddable":true,"href":"https:\/\/achenehealth.com\/de\/wp-json\/wp\/v2\/comments?post=4558"}],"version-history":[{"count":42,"href":"https:\/\/achenehealth.com\/de\/wp-json\/wp\/v2\/pages\/4558\/revisions"}],"predecessor-version":[{"id":4967,"href":"https:\/\/achenehealth.com\/de\/wp-json\/wp\/v2\/pages\/4558\/revisions\/4967"}],"wp:featuredmedia":[{"embeddable":true,"href":"https:\/\/achenehealth.com\/de\/wp-json\/wp\/v2\/media\/4623"}],"wp:attachment":[{"href":"https:\/\/achenehealth.com\/de\/wp-json\/wp\/v2\/media?parent=4558"}],"curies":[{"name":"wp","href":"https:\/\/api.w.org\/{rel}","templated":true}]}}