{"id":4638,"date":"2023-01-29T22:42:03","date_gmt":"2023-01-29T19:42:03","guid":{"rendered":"https:\/\/achenehealth.com\/?page_id=4638"},"modified":"2023-06-04T17:22:05","modified_gmt":"2023-06-04T14:22:05","slug":"knieprothese","status":"publish","type":"page","link":"https:\/\/achenehealth.com\/de\/knieprothese\/","title":{"rendered":"Kniegelenkersatz"},"content":{"rendered":"<div class=\"wpb-content-wrapper\"><p>[vc_row fullwidth=&#8221;0&#8243; row_space=&#8221;remove_padding_top&#8221;][vc_column][vc_single_image image=&#8221;4686&#8243; img_size=&#8221;full&#8221;][\/vc_column][\/vc_row][vc_row row_space=&#8221;remove_padding_bottom&#8221;][vc_column width=&#8221;1\/2&#8243;][gva_block_heading title=&#8221;Diagnose von Knieschmerzen: Warum es wichtig ist, einen Arzt aufzusuchen&#8221; align=&#8221;align-left&#8221;]<\/p>\n<p style=\"font-weight: 400; text-align: left;\">Wenn Sie eines der folgenden Anzeichen und Symptome versp\u00fcren, sollten Sie einen Arzt aufsuchen, um eine genaue Diagnose zu erhalten. Ihr Arzt f\u00fchrt m\u00f6glicherweise eine k\u00f6rperliche Untersuchung durch, pr\u00fcft Ihre Krankengeschichte und ordnet bildgebende Verfahren wie R\u00f6ntgenaufnahmen oder MRT an, um die Ursache Ihrer Knieschmerzen zu ermitteln. Eine fr\u00fchzeitige Diagnose und Behandlung kann dazu beitragen, Schmerzen zu lindern und weitere Sch\u00e4den am Kniegelenk zu verhindern.<\/p>\n<ul>\n<li style=\"font-weight: 400; text-align: left;\">H\u00fcftschmerzen zus\u00e4tzlich zu Knieschmerzen<\/li>\n<li style=\"font-weight: 400; text-align: left;\">Entz\u00fcndung in der N\u00e4he der Patella (Kniescheibe)<\/li>\n<li style=\"font-weight: 400; text-align: left;\">Instabilit\u00e4t des Gelenks<\/li>\n<li style=\"font-weight: 400; text-align: left;\">Knie, das einrastet oder blockiert<\/li>\n<li style=\"font-weight: 400; text-align: left;\">Knieschmerzen, wenn Sie Ihr Knie strecken oder beugen<\/li>\n<li style=\"font-weight: 400; text-align: left;\">Humpelnd<\/li>\n<li style=\"font-weight: 400; text-align: left;\">Schmerzen beim Bewegen des Knies<\/li>\n<li style=\"font-weight: 400; text-align: left;\">Steifigkeit<\/li>\n<li style=\"font-weight: 400; text-align: left;\">Anschwellen<\/li>\n<li style=\"font-weight: 400; text-align: left;\">Das Gehen f\u00fchlt sich unsicher oder gef\u00e4hrlich an<\/li>\n<\/ul>\n<p>[\/gva_block_heading][vc_single_image image=&#8221;4643&#8243; img_size=&#8221;full&#8221; alignment=&#8221;right&#8221;][gva_icon_box icon_position=&#8221;top-left&#8221; image=&#8221;4394&#8243;][accordion_father activetabbg=&#8221;#994fe2&#8243; activetabclr=&#8221;#ffffff&#8221;][accordion_son title=&#8221;Was sind die h\u00e4ufigsten Knieprobleme&#8221;]<\/p>\n<p style=\"font-weight: 400;\">Knieprobleme k\u00f6nnen durch eine Vielzahl von Faktoren verursacht werden, darunter Verletzungen, \u00dcberlastung und degenerative Erkrankungen wie Arthritis. Zu den h\u00e4ufigen Knieverletzungen geh\u00f6ren Risse des vorderen Kreuzbandes (ACL) oder des Meniskus, Br\u00fcche und Schleimbeutelentz\u00fcndungen (Entz\u00fcndung der mit Fl\u00fcssigkeit gef\u00fcllten S\u00e4cke, die das Gelenk polstern). Arthritis, die durch die Abnutzung des Knorpels, der das Kniegelenk sch\u00fctzt, gekennzeichnet ist, kann ebenfalls Knieschmerzen und Steifheit verursachen. Andere Erkrankungen wie Gicht, Tendinitis und Osteoporose k\u00f6nnen ebenfalls zu Knieproblemen f\u00fchren. Es ist wichtig, von einem Orthop\u00e4den eine korrekte Diagnose und einen individuellen Behandlungsplan zu erhalten, um Knieprobleme zu behandeln.<\/p>\n<p style=\"font-weight: 400;\">Im Folgenden finden Sie eine Liste der h\u00e4ufigsten Erkrankungen, die eine Kniegelenkersatzoperation erforderlich machen k\u00f6nnen:<\/p>\n<ul>\n<li style=\"font-weight: 400;\">Osteoarthritis<\/li>\n<li style=\"font-weight: 400;\">Rheumatoide Arthritis<\/li>\n<li style=\"font-weight: 400;\">Posttraumatische Arthritis<\/li>\n<li style=\"font-weight: 400;\">Avaskul\u00e4re Nekrose<\/li>\n<li style=\"font-weight: 400;\">Osteoporosebedingte Frakturen<\/li>\n<li style=\"font-weight: 400;\">Chronische Knieschmerzen und Instabilit\u00e4t<\/li>\n<li style=\"font-weight: 400;\">Degenerative Gelenkerkrankung<\/li>\n<\/ul>\n<p style=\"font-weight: 400;\">Diese Erkrankungen k\u00f6nnen starke Knieschmerzen verursachen und die Beweglichkeit einschr\u00e4nken, so dass f\u00fcr manche Menschen eine Kniegelenkersatzoperation erforderlich ist. Es ist wichtig, einen orthop\u00e4dischen Chirurgen zu konsultieren, um eine korrekte Diagnose und einen individuellen Behandlungsplan zu erstellen.<\/p>\n<p>[\/accordion_son][accordion_son title=&#8221;Was sind die Symptome einer Kniearthrose&#8221;]Zu den h\u00e4ufigsten Symptomen der Kniearthrose geh\u00f6ren:<\/p>\n<ul>\n<li style=\"font-weight: 400;\">Schmerzen: Schmerzende oder brennende Schmerzen im Kniegelenk, insbesondere bei belastenden T\u00e4tigkeiten wie Gehen oder Treppensteigen.<\/li>\n<li style=\"font-weight: 400;\">Steifheit: Schwierigkeiten, das Knie zu beugen oder zu strecken, insbesondere nach Zeiten der Inaktivit\u00e4t.<\/li>\n<li style=\"font-weight: 400;\">Schwellung: Das Knie kann geschwollen und empfindlich sein.<\/li>\n<li style=\"font-weight: 400;\">Eingeschr\u00e4nkte Mobilit\u00e4t: Schwierigkeiten, das Kniegelenk zu bewegen, einschlie\u00dflich Gehen, Treppensteigen oder l\u00e4ngeres Stehen.<\/li>\n<li style=\"font-weight: 400;\">Krepitus: Ein knackendes oder knirschendes Ger\u00e4usch, wenn Sie Ihr Knie bewegen.<\/li>\n<li style=\"font-weight: 400;\">Instabilit\u00e4t: Ein Gef\u00fchl, dass das Knie &#8220;nachgeben&#8221;.<\/li>\n<\/ul>\n<p>[\/accordion_son][accordion_son title=&#8221;Was ist ein vollst\u00e4ndiger Knieersatz&#8221;]<\/p>\n<p style=\"font-weight: 400;\">Die Knietotalendoprothese (TKR) ist ein chirurgischer Eingriff, bei dem ein besch\u00e4digtes Kniegelenk durch ein k\u00fcnstliches Gelenk aus Metall- und Kunststoffkomponenten ersetzt wird. Die Ziele der TKR sind die Linderung von Schmerzen, die Verbesserung der Gelenkfunktion und -beweglichkeit sowie die Korrektur von Kniefehlstellungen.<\/p>\n<p>[\/accordion_son][accordion_son title=&#8221;Wer braucht eine Kniegelenkersatzoperation&#8221;]<\/p>\n<p style=\"font-weight: 400;\">Eine Kniegelenkersatzoperation, auch bekannt als Knietotalendoprothese, wird in der Regel f\u00fcr Personen empfohlen, die unter starken Knieschmerzen und Steifheit leiden, die durch Arthritis oder andere Erkrankungen verursacht werden und auf nicht-chirurgische Behandlungen nicht angesprochen haben. Die Operation kann auch f\u00fcr Personen notwendig sein, die eine Knieverletzung erlitten haben oder eine Kniefehlstellung haben, die ihre Mobilit\u00e4t und Lebensqualit\u00e4t beeintr\u00e4chtigt. Die Entscheidung f\u00fcr eine Kniegelenkersatzoperation wird in der Regel nach einer umfassenden Untersuchung durch einen orthop\u00e4dischen Chirurgen getroffen, wobei Faktoren wie die St\u00e4rke der Schmerzen, der Grad der Gelenksch\u00e4digung sowie der allgemeine Gesundheitszustand und das Aktivit\u00e4tsniveau des Patienten ber\u00fccksichtigt werden.<\/p>\n<p>[\/accordion_son][accordion_son title=&#8221;Wann sollten Patienten einen totalen Knieersatz in Betracht ziehen&#8221;]<\/p>\n<p style=\"font-weight: 400;\">Patienten sollten eine Knie-Totalendoprothese in Erw\u00e4gung ziehen, wenn nicht-chirurgische Behandlungen wie Physiotherapie, Schmerzmittel und \u00c4nderungen der Lebensweise keine ausreichende Linderung von Knieschmerzen und Steifheit aufgrund von schwerer Arthrose des Knies, rheumatoider Arthritis oder anderen Kniegelenkserkrankungen mehr bieten. Dar\u00fcber hinaus kann eine TKR in Betracht gezogen werden, wenn die Kniefehlstellung die Lebensqualit\u00e4t und Mobilit\u00e4t des Patienten erheblich beeintr\u00e4chtigt. Die Entscheidung f\u00fcr eine TKR wird in der Regel in Absprache mit einem orthop\u00e4dischen Chirurgen getroffen.<\/p>\n<p>[\/accordion_son][accordion_son title=&#8221;Kann ich eine Knietotalendoprothese erhalten, wenn ich \u00fcbergewichtig bin&#8221;]<\/p>\n<p style=\"font-weight: 400;\">Ja, Sie k\u00f6nnen eine Knietotalendoprothese erhalten, wenn Sie \u00fcbergewichtig sind. \u00dcbergewicht oder Fettleibigkeit k\u00f6nnen jedoch das Risiko bestimmter Komplikationen im Zusammenhang mit einer Kniegelenkersatzoperation erh\u00f6hen, z B Infektionen, Blutgerinnsel und l\u00e4ngere Genesungszeiten. Au\u00dferdem kann es zu einer zus\u00e4tzlichen Belastung des k\u00fcnstlichen Gelenks kommen, was zur Lockerung oder zum Versagen des Implantats f\u00fchren kann.<\/p>\n<p style=\"font-weight: 400;\">Wenn Sie eine TKR in Erw\u00e4gung ziehen und \u00fcbergewichtig oder fettleibig sind, ist es wichtig, dass Sie die m\u00f6glichen Risiken und Vorteile des Verfahrens mit Ihrem Orthop\u00e4den besprechen. Ihr Chirurg kann Ihnen empfehlen, vor der Operation abzunehmen, um die Risiken zu minimieren und die Ergebnisse des Eingriffs zu verbessern. In einigen F\u00e4llen kann vor einer TKR eine bariatrische Operation empfohlen werden, um Ihnen zu helfen, ein gesundes Gewicht zu erreichen.<\/p>\n<p>[\/accordion_son][accordion_son title=&#8221;Was passiert bei einer Kniegelenkersatzoperation&#8221;]<\/p>\n<p style=\"font-weight: 400;\">Bei der Kniegelenkersatzoperation wird das besch\u00e4digte Kniegelenk freigelegt, und das Ende des Oberschenkelknochens (Femur) und der obere Teil des Schienbeins (Tibia) werden so umgeformt, dass sie zu den k\u00fcnstlichen Gelenkkomponenten passen. Das besch\u00e4digte Kniegelenk wird dann entfernt und die Metall- und Kunststoffteile des k\u00fcnstlichen Gelenks werden mit einem speziellen Zement oder durch eine Presspassung an den Knochen befestigt. Die Knieprothesenkomponenten bestehen in der Regel aus einer Metallplatte f\u00fcr den Oberschenkelknochen, einer Metallbox f\u00fcr das Schienbein und einem Kunststoffzwischenst\u00fcck. Der Eingriff dauert in der Regel 1-2 Stunden und wird unter Vollnarkose durchgef\u00fchrt. Nach der Operation wird das Knie in der Regel mit einem Verband umwickelt, und es kann eine Drainage gelegt werden, um \u00fcbersch\u00fcssige Fl\u00fcssigkeit zu entfernen. Nach der Operation bleiben Sie in der Regel 3-5 Tage im Krankenhaus.<\/p>\n<p>[\/accordion_son][accordion_son title=&#8221;Wie lange werde ich nach meiner Operation in der Klinik bleiben&#8221;]<\/p>\n<p style=\"font-weight: 400;\">Der Krankenhausaufenthalt nach einer Knie-Totalendoprothese betr\u00e4gt in der Regel 3-5 Tage. W\u00e4hrend dieser Zeit erh\u00e4lt der Patient eine Schmerzbehandlung und Rehabilitationstherapie und wird auf eventuelle Komplikationen \u00fcberwacht. Die Dauer des Krankenhausaufenthalts kann je nach dem allgemeinen Gesundheitszustand des Patienten, der Art des durchgef\u00fchrten TKR-Verfahrens und der Reaktion des Patienten auf den Eingriff variieren.<\/p>\n<p style=\"font-weight: 400;\">Nach der Entlassung aus dem Krankenhaus erhalten die meisten Patienten weiterhin Rehabilitationstherapien und werden von ihrem orthop\u00e4dischen Chirurgen \u00fcberwacht, um eine erfolgreiche Genesung sicherzustellen. Der Patient muss damit rechnen, dass er nach der Operation mehrere Wochen bis Monate lang Physiotherapie ben\u00f6tigt, um Kraft und Bewegungsumfang des Knies wiederzuerlangen. Die Dauer der Genesung kann von Person zu Person sehr unterschiedlich sein, aber die meisten Menschen k\u00f6nnen innerhalb von 2-6 Monaten nach der Operation zu ihren normalen t\u00e4glichen Aktivit\u00e4ten zur\u00fcckkehren.<\/p>\n<p>[\/accordion_son][accordion_son title=&#8221;Welche Zeitspanne ist nach einer Kniegelenkersatzoperation zu erwarten&#8221;]<\/p>\n<ul>\n<li>Tag 1: Sie sollten in der Lage sein, mit einer Gehhilfe zu stehen.<\/li>\n<li style=\"font-weight: 400;\">2-5 Tage: Sie werden das Krankenhaus verlassen k\u00f6nnen.<\/li>\n<li style=\"font-weight: 400;\">1 Woche: Sie sollten in der Lage sein, selbst\u00e4ndig mit Kr\u00fccken zu gehen.<\/li>\n<li style=\"font-weight: 400;\">4-6 Wochen: M\u00f6glicherweise k\u00f6nnen Sie wieder Auto fahren (fragen Sie Ihre Autoversicherung).<\/li>\n<li style=\"font-weight: 400;\">6 Wochen: Sie sollten in der Lage sein, ohne Kr\u00fccken zu gehen.<\/li>\n<li style=\"font-weight: 400;\">3 Monate bis 1 Jahr: Sie sollten sich vollst\u00e4ndig erholt haben, da das Narbengewebe verheilt ist und die Muskeln durch Bewegung wieder aufgebaut werden.<\/li>\n<li style=\"font-weight: 400;\">2 Jahre: Sie sollten in der Regel keine Schmerzen und Schwellungen mehr haben.<\/li>\n<\/ul>\n<p style=\"font-weight: 400;\">Hinweis: Dieser Zeitrahmen ist eine Sch\u00e4tzung und kann je nach individuellen Faktoren wie Alter, allgemeiner Gesundheitszustand und Rehabilitationsfortschritt variieren. Es ist wichtig, dass Sie die Anweisungen Ihres Arztes befolgen und wie vorgeschrieben an der Physiotherapie teilnehmen, um das beste Ergebnis zu erzielen.<\/p>\n<p>[\/accordion_son][accordion_son title=&#8221;Kann ich mit einer Knieprothese Sport treiben&#8221;]<\/p>\n<p style=\"font-weight: 400;\">Nach einer Knietotalendoprothese k\u00f6nnen die meisten Menschen Aktivit\u00e4ten mit geringer Belastung wie Gehen, Golf und Schwimmen aus\u00fcben, aber Aktivit\u00e4ten mit hoher Belastung wie Laufen, Springen und Kontaktsportarten werden im Allgemeinen nicht empfohlen. Die Entscheidung, nach einer TKR Sport zu treiben, h\u00e4ngt von mehreren Faktoren ab, unter anderem vom Alter des Patienten, seinem allgemeinen Gesundheitszustand und seiner k\u00f6rperlichen Verfassung.<\/p>\n<p style=\"font-weight: 400;\">Es ist wichtig, dass Sie Ihr Aktivit\u00e4tsniveau und Ihre Bewegungsziele vor der Operation mit Ihrem Orthop\u00e4den besprechen und die postoperativen Empfehlungen des Chirurgen f\u00fcr Rehabilitation und k\u00f6rperliche Aktivit\u00e4t befolgen. In manchen F\u00e4llen wird empfohlen, bestimmte Aktivit\u00e4ten zu vermeiden oder zu modifizieren, um die Belastung f\u00fcr das k\u00fcnstliche Gelenk zu minimieren.<\/p>\n<p style=\"font-weight: 400;\">Es ist wichtig, dass Sie auf Ihren K\u00f6rper h\u00f6ren und sich nicht zu sehr anstrengen, vor allem in den ersten Phasen der Genesung nach einer TKR. Eine allm\u00e4hliche Steigerung der k\u00f6rperlichen Aktivit\u00e4t und das Vermeiden anstrengender T\u00e4tigkeiten k\u00f6nnen dazu beitragen, die Lebensdauer der Prothese zu verl\u00e4ngern und das Risiko von Komplikationen zu minimieren.<\/p>\n<p>[\/accordion_son][accordion_son title=&#8221;Welche Risiken bestehen bei einem totalen Knieersatz&#8221;]<\/p>\n<ul>\n<li style=\"font-weight: 400;\">Infektion: Das Risiko einer Infektion besteht bei jedem chirurgischen Eingriff, ist aber nach einer TKR selten.<\/li>\n<li style=\"font-weight: 400;\">Blutgerinnsel: Nach einer TKR k\u00f6nnen sich Blutgerinnsel in den Beinvenen bilden, die lebensbedrohlich sein k\u00f6nnen, wenn sie in die Lunge gelangen.<\/li>\n<li style=\"font-weight: 400;\">Verletzung von Nerven oder Blutgef\u00e4\u00dfen: W\u00e4hrend der Operation besteht das Risiko einer Verletzung von Nerven und Blutgef\u00e4\u00dfen im Kniebereich.<\/li>\n<li style=\"font-weight: 400;\">Lockerung: Die k\u00fcnstlichen Gelenkkomponenten k\u00f6nnen sich im Laufe der Zeit lockern und eine Revisionsoperation erfordern.<\/li>\n<li style=\"font-weight: 400;\">Implantatversagen: Das k\u00fcnstliche Gelenk kann sich abnutzen oder brechen, was eine weitere Operation erforderlich macht.<\/li>\n<li style=\"font-weight: 400;\">Schmerzen: Schmerzen oder Beschwerden im Knie nach einer TKR k\u00f6nnen fortbestehen und eine zus\u00e4tzliche Behandlung erfordern.<\/li>\n<li style=\"font-weight: 400;\">Steifheit: Das Knie kann nach einer TKR steif werden und den Bewegungsumfang des Patienten einschr\u00e4nken.<\/li>\n<\/ul>\n<p>Es ist wichtig, die potenziellen Risiken und Vorteile der TKR mit einem qualifizierten orthop\u00e4dischen Chirurgen zu besprechen, bevor man sich f\u00fcr den Eingriff entscheidet.[\/accordion_son][\/accordion_father][\/vc_column][vc_column width=&#8221;1\/2&#8243;][vc_single_image image=&#8221;4650&#8243; img_size=&#8221;full&#8221; alignment=&#8221;right&#8221;][vc_empty_space][gva_block_heading title=&#8221;Degeneration des Kniegelenks&#8221; align=&#8221;align-left&#8221;]<\/p>\n<p style=\"font-weight: 400;\">Kniegelenkdegeneration ist ein Zustand, bei dem das Kniegelenk mit der Zeit verschlei\u00dft, was zu Schmerzen, Steifheit und eingeschr\u00e4nkter Beweglichkeit f\u00fchrt. Sie wird h\u00e4ufig durch Osteoarthritis verursacht, eine Art von Arthritis, die die Gelenke betrifft, kann aber auch durch andere Erkrankungen wie Verletzungen, Fettleibigkeit oder rheumatoide Arthritis verursacht werden. Die Degeneration des Kniegelenks f\u00fchrt dazu, dass der Knorpel, der die Knochen im Gelenk polstert, abbaut, was zu Schmerzen, Entz\u00fcndungen und eingeschr\u00e4nkter Gelenkfunktion f\u00fchrt. In fortgeschrittenen F\u00e4llen kann die Kniegelenkdegeneration zu erheblichen Knieschmerzen, eingeschr\u00e4nkter Beweglichkeit und Behinderung f\u00fchren, so dass Aktivit\u00e4ten wie Gehen, Treppensteigen und sogar Stehen schwierig werden. In einigen F\u00e4llen kann die Degeneration des Kniegelenks eine Kniegelenkersatzoperation erforderlich machen.<\/p>\n<p>[\/gva_block_heading][vc_single_image image=&#8221;4660&#8243; img_size=&#8221;350&#215;525&#8243; alignment=&#8221;right&#8221;][\/vc_column][\/vc_row][vc_row row_space=&#8221;remove_padding_top&#8221;][vc_column width=&#8221;1\/4&#8243;][gva_icon_box title=&#8221;Top-Patientenbetreuung&#8221; icon=&#8221;gv-icon-1271&#8243; description=&#8221;Unser oberstes Ziel ist es, stets eine au\u00dfergew\u00f6hnliche Pflege, un\u00fcbertroffene chirurgische Erfahrung und eine individuelle Behandlung zu bieten.&#8221; icon_position=&#8221;top-center v2&#8243; icon_width=&#8221;fa-4x&#8221; icon_color=&#8221;#0000ff&#8221;][\/vc_column][vc_column width=&#8221;1\/4&#8243;][gva_icon_box title=&#8221;Schmerz zur\u00fcck, Fortschritt voraus&#8221; description=&#8221;Verbessern Sie Ihre Bewegungen&#8221; icon_position=&#8221;top-center v2&#8243; icon_width=&#8221;fa-4x&#8221; icon_color=&#8221;#0000ff&#8221; image=&#8221;4699&#8243;][\/vc_column][vc_column width=&#8221;1\/4&#8243;][gva_icon_box title=&#8221;Jeder Schritt ist st\u00e4rker&#8221; icon=&#8221;gv-icon-1604&#8243; description=&#8221;Stoppen Sie Ihr Gehproblem&#8221; icon_position=&#8221;top-center v2&#8243; icon_width=&#8221;fa-4x&#8221; icon_color=&#8221;#0000ff&#8221;][\/vc_column][vc_column width=&#8221;1\/4&#8243;][gva_icon_box title=&#8221;Neues Knie, neue M\u00f6glichkeiten&#8221; description=&#8221;Neuanfang, grenzenlose M\u00f6glichkeiten&#8221; icon_position=&#8221;top-center v2&#8243; icon_width=&#8221;fa-4x&#8221; icon_color=&#8221;#0000ff&#8221; image=&#8221;4696&#8243;][\/vc_column][\/vc_row][vc_column][\/vc_column]<\/p>\n<\/div>","protected":false},"excerpt":{"rendered":"<p>[vc_row fullwidth=&#8221;0&#8243; row_space=&#8221;remove_padding_top&#8221;][vc_column][vc_single_image image=&#8221;4686&#8243; img_size=&#8221;full&#8221;][\/vc_column][\/vc_row][vc_row row_space=&#8221;remove_padding_bottom&#8221;][vc_column width=&#8221;1\/2&#8243;][gva_block_heading title=&#8221;Diagnose von Knieschmerzen: Warum es wichtig ist, einen Arzt aufzusuchen&#8221; align=&#8221;align-left&#8221;] Wenn Sie eines der folgenden Anzeichen und Symptome versp\u00fcren, sollten Sie einen Arzt aufsuchen, um eine genaue Diagnose zu erhalten. Ihr Arzt f\u00fchrt m\u00f6glicherweise eine k\u00f6rperliche Untersuchung durch, pr\u00fcft Ihre Krankengeschichte und ordnet bildgebende Verfahren wie R\u00f6ntgenaufnahmen [&hellip;]<\/p>\n","protected":false},"author":1,"featured_media":4525,"parent":0,"menu_order":0,"comment_status":"closed","ping_status":"closed","template":"","meta":{"footnotes":""},"class_list":["post-4638","page","type-page","status-publish","has-post-thumbnail","hentry"],"_links":{"self":[{"href":"https:\/\/achenehealth.com\/de\/wp-json\/wp\/v2\/pages\/4638","targetHints":{"allow":["GET"]}}],"collection":[{"href":"https:\/\/achenehealth.com\/de\/wp-json\/wp\/v2\/pages"}],"about":[{"href":"https:\/\/achenehealth.com\/de\/wp-json\/wp\/v2\/types\/page"}],"author":[{"embeddable":true,"href":"https:\/\/achenehealth.com\/de\/wp-json\/wp\/v2\/users\/1"}],"replies":[{"embeddable":true,"href":"https:\/\/achenehealth.com\/de\/wp-json\/wp\/v2\/comments?post=4638"}],"version-history":[{"count":39,"href":"https:\/\/achenehealth.com\/de\/wp-json\/wp\/v2\/pages\/4638\/revisions"}],"predecessor-version":[{"id":4799,"href":"https:\/\/achenehealth.com\/de\/wp-json\/wp\/v2\/pages\/4638\/revisions\/4799"}],"wp:featuredmedia":[{"embeddable":true,"href":"https:\/\/achenehealth.com\/de\/wp-json\/wp\/v2\/media\/4525"}],"wp:attachment":[{"href":"https:\/\/achenehealth.com\/de\/wp-json\/wp\/v2\/media?parent=4638"}],"curies":[{"name":"wp","href":"https:\/\/api.w.org\/{rel}","templated":true}]}}