{"id":610,"date":"2016-03-07T03:10:46","date_gmt":"2016-03-07T00:10:46","guid":{"rendered":"https:\/\/themesgavias.com\/wp\/kunco\/?page_id=610"},"modified":"2025-03-08T20:56:47","modified_gmt":"2025-03-08T17:56:47","slug":"uber","status":"publish","type":"page","link":"https:\/\/achenehealth.com\/de\/uber\/","title":{"rendered":"\u00dcber"},"content":{"rendered":"<div class=\"wpb-content-wrapper\">[vc_row row_space=&#8221;remove_padding_top&#8221;][vc_column width=&#8221;1\/3&#8243;][gva_icon_box title=&#8221;Achene&#8221; description=&#8221;Achene ist eine kleine, einsamige Fruchtart. Der Begriff Achene wird oft als Symbol f\u00fcr den Beginn des Lebens verwendet. Der Firmenname ACHENE ist auch ein Akronym f\u00fcr die W\u00f6rter &#8220;Aktivit\u00e4t&#8220;, &#8220;Gesundheit&#8220; und &#8220;Netzwerk&#8220;. Das Konzept einer Achene steht f\u00fcr die Idee, einen gesunden Lebensstil zu f\u00f6rdern und Menschen auf ihrem Weg zum Wohlbefinden zu unterst\u00fctzen.&#8221; icon_position=&#8221;top-center v2&#8243; icon_width=&#8221;fa-2x&#8221; image=&#8221;4345&#8243;][\/vc_column][vc_column width=&#8221;1\/3&#8243;][gva_icon_box title=&#8221;Mission&#8221; description=&#8221;Unsere Aufgabe bei Achene Health and Travel Agency ist es, unseren Kunden au\u00dfergew\u00f6hnliche Gesundheits- und Reisedienstleistungen zu bieten, um ihr Wohlbefinden zu gew\u00e4hrleisten und gleichzeitig einen verantwortungsvollen und nachhaltigen Tourismus zu f\u00f6rdern. Wir streben danach, pers\u00f6nliche und unvergessliche Erlebnisse zu schaffen, die von unserem Engagement f\u00fcr Exzellenz und Liebe zum Detail getragen werden.&#8221; icon_position=&#8221;top-center v2&#8243; icon_width=&#8221;fa-2x&#8221; image=&#8221;4728&#8243;][\/vc_column][vc_column width=&#8221;1\/3&#8243;][gva_icon_box title=&#8221;Vision&#8221; description=&#8221;Unsere Vision bei Achene Health and Travel Agency ist es, der f\u00fchrende Anbieter von umfassenden Gesundheits- und Reisel\u00f6sungen zu werden und die Art und Weise zu revolutionieren, wie Menschen Gesundheit und Reisen erleben. Wir wollen unsere Kunden inspirieren, aufkl\u00e4ren und bef\u00e4higen, ein ges\u00fcnderes und erf\u00fcllteres Leben zu f\u00fchren und gleichzeitig die Welt auf nachhaltige und verantwortungsvolle Weise zu erkunden.&#8221; icon_position=&#8221;top-center v2&#8243; icon_width=&#8221;fa-2x&#8221; image=&#8221;4729&#8243;][\/vc_column][\/vc_row][vc_row row_space=&#8221;remove_padding_top&#8221;][vc_column][info_banner_vc use_theme_fonts=&#8221;yes&#8221; ribbon_text=&#8221;achene&#8221;]\r\n<h2>Bei Achene Health glauben wir an:<\/h2>\r\n<ol>\r\n \t<li style=\"text-align: left;\">Einzigartiger Kundenservice &#8211; Wir gehen weit \u00fcber das \u00fcbliche Ma\u00df hinaus, um sicherzustellen, dass unsere Kunden die Sorgfalt und Aufmerksamkeit erhalten, die sie verdienen.<\/li>\r\n \t<li style=\"text-align: left;\">Ma\u00dfgeschneiderte Erlebnisse schaffen &#8211; Wir wissen, dass jeder Kunde einzigartig ist, und bem\u00fchen uns, ma\u00dfgeschneiderte Gesundheits- und Reisel\u00f6sungen zu entwickeln, die seinen individuellen Bed\u00fcrfnissen entsprechen.<\/li>\r\n \t<li style=\"text-align: left;\">F\u00f6rderung einer gesunden Lebensweise &#8211; Wir glauben an die transformative Kraft des Reisens und wollen unsere Kunden zu einem ges\u00fcnderen und erf\u00fcllteren Leben inspirieren und erziehen.<\/li>\r\n \t<li style=\"text-align: left;\">Umfassende Innovation &#8211; Wir erforschen st\u00e4ndig neue Technologien und L\u00f6sungen, um die Gesundheit unserer Kunden zu verbessern.<\/li>\r\n<\/ol>\r\n<p style=\"text-align: left;\">Unser Auftrag, unsere Vision und unsere Werte sind die Grundlage f\u00fcr alles, was wir tun, und erinnern uns daran, was wir im Leben der Menschen, denen wir dienen, bewirken k\u00f6nnen.<\/p>\r\n[\/info_banner_vc][\/vc_column][\/vc_row][vc_row row_space=&#8221;remove_padding_top&#8221;][vc_column width=&#8221;1\/3&#8243;][gva_box_color text_style=&#8221;white&#8221; title=&#8221;Freien Termin buchen&#8221; color=&#8221;#1e73be&#8221; image=&#8221;4240&#8243;]\r\n<p style=\"text-align: left;\">ACHENE GESUNDHEIT<\/p>\r\n<p style=\"text-align: left;\">W\u00fcnschen Sie weitere Informationen? Dann vereinbaren Sie einfach einen kostenlosen Kurztermin, damit wir Ihre individuelle Therapie per WhatsApp, Google Meet oder Skype mit Ihnen besprechen k\u00f6nnen.<\/p>\r\n<p style=\"text-align: left;\">Klicken Sie auf die Schaltfl\u00e4che unten, und wir melden uns bei Ihnen.<\/p>\r\n[\/gva_box_color][vc_column_text]\r\n\r\n<button class=\"wappointment_widget\" style=\"display:none\" data-popup=\"1\" data-button-title=\"Jetzt buchen\">Jetzt buchen<\/button>[\/vc_column_text][\/vc_column][vc_column width=&#8221;1\/3&#8243;][gva_block_heading title=&#8221;Schreiben Sie uns&#8221; icon=&#8221;gv-icon-220&#8243; align=&#8221;align-left&#8221;]Wir freuen uns \u00fcber alle Anfragen, von Fragen zu Betriebsabl\u00e4ufen bis hin zur erweiterten Fehlersuche. Kontaktieren Sie uns heute.[\/gva_block_heading]\n<div class=\"wpcf7 no-js\" id=\"wpcf7-f6-o1\" lang=\"tr-TR\" dir=\"ltr\" data-wpcf7-id=\"6\">\n<div class=\"screen-reader-response\"><p role=\"status\" aria-live=\"polite\" aria-atomic=\"true\"><\/p> <ul><\/ul><\/div>\n<form action=\"\/de\/wp-json\/wp\/v2\/pages\/610#wpcf7-f6-o1\" method=\"post\" class=\"wpcf7-form init\" aria-label=\"\u0130leti\u015fim Formu\" enctype=\"multipart\/form-data\" novalidate=\"novalidate\" data-status=\"init\">\n<fieldset class=\"hidden-fields-container\"><input type=\"hidden\" name=\"_wpcf7\" value=\"6\" \/><input type=\"hidden\" name=\"_wpcf7_version\" value=\"6.1.5\" \/><input type=\"hidden\" name=\"_wpcf7_locale\" value=\"tr_TR\" \/><input type=\"hidden\" name=\"_wpcf7_unit_tag\" value=\"wpcf7-f6-o1\" \/><input type=\"hidden\" name=\"_wpcf7_container_post\" value=\"0\" \/><input type=\"hidden\" name=\"_wpcf7_posted_data_hash\" value=\"\" \/>\n<\/fieldset>\n<p><label> Ihr Name*<br \/>\n<span class=\"wpcf7-form-control-wrap\" data-name=\"your-name\"><input size=\"40\" maxlength=\"400\" class=\"wpcf7-form-control wpcf7-text wpcf7-validates-as-required\" autocomplete=\"name\" aria-required=\"true\" aria-invalid=\"false\" value=\"\" type=\"text\" name=\"your-name\" \/><\/span> <\/label>\n<\/p>\n<p><label> Deine E-Mail*<br \/>\n<span class=\"wpcf7-form-control-wrap\" data-name=\"your-email\"><input size=\"40\" maxlength=\"400\" class=\"wpcf7-form-control wpcf7-email wpcf7-validates-as-required wpcf7-text wpcf7-validates-as-email\" autocomplete=\"email\" aria-required=\"true\" aria-invalid=\"false\" value=\"\" type=\"email\" name=\"your-email\" \/><\/span> <\/label><br \/>\n<label> Betreff<br \/>\n<span class=\"wpcf7-form-control-wrap\" data-name=\"your-subject\"><input size=\"40\" maxlength=\"400\" class=\"wpcf7-form-control wpcf7-text wpcf7-validates-as-required\" aria-required=\"true\" aria-invalid=\"false\" value=\"\" type=\"text\" name=\"your-subject\" \/><\/span> <\/label><br \/>\n<label> Sprache<br \/>\n<span class=\"wpcf7-form-control-wrap\" data-name=\"your-language\"><input size=\"40\" maxlength=\"400\" class=\"wpcf7-form-control wpcf7-text\" aria-invalid=\"false\" value=\"\" type=\"text\" name=\"your-language\" \/><\/span> <\/label><br \/>\n<label> Ihre Nachricht*<br \/>\n<span class=\"wpcf7-form-control-wrap\" data-name=\"your-message\"><textarea cols=\"40\" rows=\"10\" maxlength=\"2000\" class=\"wpcf7-form-control wpcf7-textarea wpcf7-validates-as-required\" aria-required=\"true\" aria-invalid=\"false\" name=\"your-message\"><\/textarea><\/span> <\/label><br \/>\n<span class=\"wpcf7-form-control-wrap\" data-name=\"file-350\"><input size=\"40\" class=\"wpcf7-form-control wpcf7-file\" accept=\"audio\/*,video\/*,image\/*\" aria-invalid=\"false\" type=\"file\" name=\"file-350\" \/><\/span>\n<\/p>\n<p><input class=\"wpcf7-form-control wpcf7-submit has-spinner\" type=\"submit\" value=\"Einreichen\" \/>\n<\/p><p style=\"display: none !important;\" class=\"akismet-fields-container\" data-prefix=\"_wpcf7_ak_\"><label>&#916;<textarea name=\"_wpcf7_ak_hp_textarea\" cols=\"45\" rows=\"8\" maxlength=\"100\"><\/textarea><\/label><input type=\"hidden\" id=\"ak_js_1\" name=\"_wpcf7_ak_js\" value=\"42\"\/><script>document.getElementById( \"ak_js_1\" ).setAttribute( \"value\", ( new Date() ).getTime() );<\/script><\/p><div class=\"wpcf7-response-output\" aria-hidden=\"true\"><\/div>\n<\/form>\n<\/div>\n[\/vc_column][vc_column width=&#8221;1\/3&#8243;][gva_block_heading title=&#8221;Hauptb\u00fcro&#8221; align=&#8221;align-left&#8221;][\/gva_block_heading][gva_contact_info photo=&#8221;954&#8243; address=&#8221;Mimarsinan Mah. 160. Sok. \u00d6z\u00e7ak\u0131r Apt. No:22, Kat 1, D:4, 55200 Atakum\/Samsun, T\u00fcrkiye&#8221; phone=&#8221;+90 540 240 01 55&#8243; email=&#8221;consult@achenehealth.com&#8221; website=&#8221;https:\/\/achenehealth.com&#8221;][vc_empty_space][gva_block_heading title=&#8221;Soziale Links&#8221; align=&#8221;align-left&#8221;][\/gva_block_heading][gva_social_links el_class=&#8221;icons-align-left&#8221;][vc_single_image image=&#8221;4835&#8243; img_size=&#8221;full&#8221;][vc_column_text css=&#8221;&#8221;]Reiseb\u00fcro Achene Gesundheitstourismus ist Mitglied des Verbands der t\u00fcrkischen Reiseb\u00fcros (T\u00dcRSAB). <span class=\"Y2IQFc\" lang=\"de\">Belgische Nr. <\/span>16028[\/vc_column_text][vc_single_image image=&#8221;5026&#8243; img_size=&#8221;full&#8221; css=&#8221;&#8221;][\/vc_column][\/vc_row][vc_row row_space=&#8221;remove_padding_top&#8221; isfullwidth=&#8221;0&#8243;][vc_column][vc_gmaps link=&#8221;#E-8_JTNDaWZyYW1lJTIwc3JjJTNEJTIyaHR0cHMlM0ElMkYlMkZ3d3cuZ29vZ2xlLmNvbSUyRm1hcHMlMkZlbWJlZCUzRnBiJTNEJTIxMW0xNCUyMTFtOCUyMTFtMyUyMTFkMTI1OS42MDAyNTI3MDUyNTY1JTIxMmQzNi4yNzIwOTIyMTI4NTc0NDQlMjEzZDQxLjMzMzg0OTY3ODYzMDIxNiUyMTNtMiUyMTFpMTAyNCUyMTJpNzY4JTIxNGYxMy4xJTIxM20zJTIxMW0yJTIxMXMweDAlMjUzQTB4MmE0NTFlMTBjZGUzNzBhNCUyMTJzQWNoZW5lJTI1MjBIZWFsdGglMjE1ZTAlMjEzbTIlMjExc3RyJTIxMnN0ciUyMTR2MTY3NDU1NTAwNTg1OSUyMTVtMiUyMTFzdHIlMjEyc3RyJTIyJTIwd2lkdGglM0QlMjI2MDAlMjIlMjBoZWlnaHQlM0QlMjI0NTAlMjIlMjBzdHlsZSUzRCUyMmJvcmRlciUzQTAlM0IlMjIlMjBhbGxvd2Z1bGxzY3JlZW4lM0QlMjIlMjIlMjBsb2FkaW5nJTNEJTIybGF6eSUyMiUyMHJlZmVycmVycG9saWN5JTNEJTIybm8tcmVmZXJyZXItd2hlbi1kb3duZ3JhZGUlMjIlM0UlM0MlMkZpZnJhbWUlM0U=&#8221; size=&#8221;450&#8243; css=&#8221;.vc_custom_1674555029527{padding-top: 50px !important;padding-bottom: 50px !important;}&#8221;][\/vc_column][\/vc_row]<!-- \/wp:post-content --><\/div>","protected":false},"excerpt":{"rendered":"<p>[vc_row row_space=&#8221;remove_padding_top&#8221;][vc_column width=&#8221;1\/3&#8243;][gva_icon_box title=&#8221;Achene&#8221; description=&#8221;Achene ist eine kleine, einsamige Fruchtart. Der Begriff Achene wird oft als Symbol f\u00fcr den Beginn des Lebens verwendet. Der Firmenname ACHENE ist auch ein Akronym f\u00fcr die W\u00f6rter &#8220;Aktivit\u00e4t&#8220;, &#8220;Gesundheit&#8220; und &#8220;Netzwerk&#8220;. Das Konzept einer Achene steht f\u00fcr die Idee, einen gesunden Lebensstil zu f\u00f6rdern und Menschen auf ihrem Weg [&hellip;]<\/p>\n","protected":false},"author":1,"featured_media":0,"parent":0,"menu_order":0,"comment_status":"closed","ping_status":"closed","template":"","meta":{"footnotes":""},"class_list":["post-610","page","type-page","status-publish","hentry"],"_links":{"self":[{"href":"https:\/\/achenehealth.com\/de\/wp-json\/wp\/v2\/pages\/610","targetHints":{"allow":["GET"]}}],"collection":[{"href":"https:\/\/achenehealth.com\/de\/wp-json\/wp\/v2\/pages"}],"about":[{"href":"https:\/\/achenehealth.com\/de\/wp-json\/wp\/v2\/types\/page"}],"author":[{"embeddable":true,"href":"https:\/\/achenehealth.com\/de\/wp-json\/wp\/v2\/users\/1"}],"replies":[{"embeddable":true,"href":"https:\/\/achenehealth.com\/de\/wp-json\/wp\/v2\/comments?post=610"}],"version-history":[{"count":36,"href":"https:\/\/achenehealth.com\/de\/wp-json\/wp\/v2\/pages\/610\/revisions"}],"predecessor-version":[{"id":5035,"href":"https:\/\/achenehealth.com\/de\/wp-json\/wp\/v2\/pages\/610\/revisions\/5035"}],"wp:attachment":[{"href":"https:\/\/achenehealth.com\/de\/wp-json\/wp\/v2\/media?parent=610"}],"curies":[{"name":"wp","href":"https:\/\/api.w.org\/{rel}","templated":true}]}}