{"id":4163,"date":"2023-01-15T23:47:15","date_gmt":"2023-01-15T20:47:15","guid":{"rendered":"http:\/\/achenehealth.com\/fr\/?page_id=4163"},"modified":"2025-03-08T20:46:13","modified_gmt":"2025-03-08T17:46:13","slug":"achene-health","status":"publish","type":"page","link":"https:\/\/achenehealth.com\/fr\/","title":{"rendered":"Achene Health"},"content":{"rendered":"<div class=\"wpb-content-wrapper\"><p>[vc_row row_space=&#8221;remove_padding&#8221;][vc_column][vc_custom_heading text=&#8221;L&#8217;agence de voyage Achene Health Tourism. Belge non. 16028&#8243; font_container=&#8221;tag:h6|text_align:right&#8221; css=&#8221;&#8221;][\/vc_column][\/vc_row][vc_row fullwidth=&#8221;0&#8243; row_space=&#8221;remove_padding&#8221; isfullwidth=&#8221;0&#8243;][vc_column]\n\t\t\t<!-- START achene REVOLUTION SLIDER 6.7.40 --><p class=\"rs-p-wp-fix\"><\/p>\n\t\t\t<rs-module-wrap id=\"rev_slider_2_1_wrapper\" data-source=\"gallery\" style=\"visibility:hidden;background:transparent;padding:0;margin:0px auto;margin-top:0;margin-bottom:0;\">\n\t\t\t\t<rs-module id=\"rev_slider_2_1\" style=\"\" data-version=\"6.7.40\">\n\t\t\t\t\t<rs-slides style=\"overflow: hidden; position: absolute;\">\n\t\t\t\t\t\t<rs-slide style=\"position: absolute;\" data-key=\"rs-4\" data-title=\"Slide\" data-thumb=\"\/\/achenehealth.com\/wp-content\/uploads\/2023\/01\/obesity-achene.jpeg\" data-in=\"o:0;\" data-out=\"a:false;\">\n\t\t\t\t\t\t\t<img decoding=\"async\" src=\"\/\/achenehealth.com\/fr\/wp-content\/plugins\/revslider\/sr6\/assets\/assets\/dummy.png\" alt=\"\" title=\"obesity-achene\" width=\"1600\" height=\"1066\" class=\"rev-slidebg tp-rs-img rs-lazyload\" data-lazyload=\"\/\/achenehealth.com\/wp-content\/uploads\/2023\/01\/obesity-achene.jpeg\" data-panzoom=\"d:10000;ss:100;se:109;\" data-no-retina>\n<!--\n\t\t\t\t\t\t\t--><rs-layer\n\t\t\t\t\t\t\t\tid=\"slider-2-slide-4-layer-3\" \n\t\t\t\t\t\t\t\tdata-type=\"text\"\n\t\t\t\t\t\t\t\tdata-color=\"#007aff||#007aff||rgba(255, 255, 255, 1)||rgba(255, 255, 255, 1)\"\n\t\t\t\t\t\t\t\tdata-rsp_ch=\"on\"\n\t\t\t\t\t\t\t\tdata-xy=\"x:l,l,l,c;xo:70px,70px,10px,0;y:t,t,m,m;yo:140px,140px,-84px,-87px;\"\n\t\t\t\t\t\t\t\tdata-text=\"s:68,68,42,34;l:74,74,50,42;fw:600;a:left,left,left,center;\"\n\t\t\t\t\t\t\t\tdata-frame_0=\"y:50px;\"\n\t\t\t\t\t\t\t\tdata-frame_1=\"e:power2.inOut;st:260;sp:380;sR:260;\"\n\t\t\t\t\t\t\t\tdata-frame_999=\"y:-50px;o:0;e:nothing;st:w;sR:8360;\"\n\t\t\t\t\t\t\t\tstyle=\"z-index:6;font-family:'Poppins';\"\n\t\t\t\t\t\t\t>Nous sommes \u00e0 votre service <br>\navec nos \u00e9tablissements <br> de sant\u00e9 conventionn\u00e9s \n\t\t\t\t\t\t\t<\/rs-layer><!--\n-->\t\t\t\t\t<\/rs-slide>\n\t\t\t\t\t\t<rs-slide style=\"position: absolute;\" data-key=\"rs-5\" data-title=\"Slide\" data-thumb=\"\/\/achenehealth.com\/wp-content\/uploads\/2023\/01\/break-into-beauty.jpeg\" data-in=\"o:0;\" data-out=\"a:false;\">\n\t\t\t\t\t\t\t<img decoding=\"async\" src=\"\/\/achenehealth.com\/fr\/wp-content\/plugins\/revslider\/sr6\/assets\/assets\/dummy.png\" alt=\"\" title=\"break-into-beauty\" width=\"1700\" height=\"1258\" class=\"rev-slidebg tp-rs-img rs-lazyload\" data-lazyload=\"\/\/achenehealth.com\/wp-content\/uploads\/2023\/01\/break-into-beauty.jpeg\" data-panzoom=\"d:10000;ss:100;se:109;\" data-no-retina>\n<!--\n\t\t\t\t\t\t\t--><rs-layer\n\t\t\t\t\t\t\t\tid=\"slider-2-slide-5-layer-3\" \n\t\t\t\t\t\t\t\tdata-type=\"text\"\n\t\t\t\t\t\t\t\tdata-color=\"rgba(255, 255, 255, 1)\"\n\t\t\t\t\t\t\t\tdata-rsp_ch=\"on\"\n\t\t\t\t\t\t\t\tdata-xy=\"x:l,l,l,c;xo:10px,10px,11px,0;y:t,t,m,m;yo:292px,292px,-48px,-49px;\"\n\t\t\t\t\t\t\t\tdata-text=\"s:68,68,38,34;l:72,72,46,42;fw:600;a:left,left,left,center;\"\n\t\t\t\t\t\t\t\tdata-frame_0=\"y:50px;\"\n\t\t\t\t\t\t\t\tdata-frame_1=\"e:power2.inOut;st:260;sp:380;sR:260;\"\n\t\t\t\t\t\t\t\tdata-frame_999=\"y:-50px;o:0;e:nothing;st:w;sR:8360;\"\n\t\t\t\t\t\t\t\tstyle=\"z-index:5;font-family:'Poppins';\"\n\t\t\t\t\t\t\t>Vous pouvez faire <br>la diff\u00e9rence \n\t\t\t\t\t\t\t<\/rs-layer><!--\n\n\t\t\t\t\t\t\t--><rs-layer\n\t\t\t\t\t\t\t\tid=\"slider-2-slide-5-layer-7\" \n\t\t\t\t\t\t\t\tdata-type=\"text\"\n\t\t\t\t\t\t\t\tdata-color=\"#0a0202\"\n\t\t\t\t\t\t\t\tdata-rsp_ch=\"on\"\n\t\t\t\t\t\t\t\tdata-xy=\"x:l,l,l,c;xo:10px,10px,10px,0;y:t,t,m,m;yo:257px,257px,-116px,-115px;\"\n\t\t\t\t\t\t\t\tdata-text=\"s:14,14,14,12;l:22;fw:500;\"\n\t\t\t\t\t\t\t\tdata-padding=\"t:2;r:10;b:2;l:10;\"\n\t\t\t\t\t\t\t\tdata-frame_1=\"e:power2.inOut;st:540;sR:540;\"\n\t\t\t\t\t\t\t\tdata-frame_999=\"o:0;e:nothing;st:w;sR:8160;\"\n\t\t\t\t\t\t\t\tstyle=\"z-index:6;background-color:rgba(252,201,27,0.8);font-family:'Poppins';text-transform:uppercase;\"\n\t\t\t\t\t\t\t>Bienvenue \u00e0 ACHENE HEALTH \n\t\t\t\t\t\t\t<\/rs-layer><!--\n-->\t\t\t\t\t<\/rs-slide>\n\t\t\t\t\t\t<rs-slide style=\"position: absolute;\" data-key=\"rs-13\" data-title=\"Slide\" data-thumb=\"\/\/achenehealth.com\/wp-content\/uploads\/2023\/01\/gozluk.png\" data-in=\"o:0;\" data-out=\"a:false;\">\n\t\t\t\t\t\t\t<img decoding=\"async\" src=\"\/\/achenehealth.com\/fr\/wp-content\/plugins\/revslider\/sr6\/assets\/assets\/dummy.png\" alt=\"\" title=\"gozluk\" width=\"750\" height=\"422\" class=\"rev-slidebg tp-rs-img rs-lazyload\" data-lazyload=\"\/\/achenehealth.com\/wp-content\/uploads\/2023\/01\/gozluk.png\" data-panzoom=\"d:10000;ss:100;se:109;\" data-no-retina>\n<!--\n\t\t\t\t\t\t\t--><rs-layer\n\t\t\t\t\t\t\t\tid=\"slider-2-slide-13-layer-3\" \n\t\t\t\t\t\t\t\tdata-type=\"text\"\n\t\t\t\t\t\t\t\tdata-color=\"rgba(255, 255, 255, 1)\"\n\t\t\t\t\t\t\t\tdata-rsp_ch=\"on\"\n\t\t\t\t\t\t\t\tdata-xy=\"x:l,l,l,c;xo:10px,10px,11px,0;y:t,t,m,m;yo:292px,292px,-48px,-49px;\"\n\t\t\t\t\t\t\t\tdata-text=\"s:68,68,38,34;l:72,72,46,42;fw:600;a:left,left,left,center;\"\n\t\t\t\t\t\t\t\tdata-frame_0=\"y:50px;\"\n\t\t\t\t\t\t\t\tdata-frame_1=\"e:power2.inOut;st:260;sp:380;sR:260;\"\n\t\t\t\t\t\t\t\tdata-frame_999=\"y:-50px;o:0;e:nothing;st:w;sR:8360;\"\n\t\t\t\t\t\t\t\tstyle=\"z-index:5;font-family:'Poppins';\"\n\t\t\t\t\t\t\t>Transformer les soins de sant\u00e9<br> Am\u00e9liorer les conditions de vie \n\t\t\t\t\t\t\t<\/rs-layer><!--\n\n\t\t\t\t\t\t\t--><rs-layer\n\t\t\t\t\t\t\t\tid=\"slider-2-slide-13-layer-7\" \n\t\t\t\t\t\t\t\tdata-type=\"text\"\n\t\t\t\t\t\t\t\tdata-color=\"#0a0202\"\n\t\t\t\t\t\t\t\tdata-rsp_ch=\"on\"\n\t\t\t\t\t\t\t\tdata-xy=\"x:l,l,l,c;xo:10px,10px,10px,0;y:t,t,m,m;yo:257px,257px,-116px,-115px;\"\n\t\t\t\t\t\t\t\tdata-text=\"s:14,14,14,12;l:22;fw:500;\"\n\t\t\t\t\t\t\t\tdata-padding=\"t:2;r:10;b:2;l:10;\"\n\t\t\t\t\t\t\t\tdata-frame_1=\"e:power2.inOut;st:540;sR:540;\"\n\t\t\t\t\t\t\t\tdata-frame_999=\"o:0;e:nothing;st:w;sR:8160;\"\n\t\t\t\t\t\t\t\tstyle=\"z-index:6;background-color:rgba(252,201,27,0.8);font-family:'Poppins';text-transform:uppercase;\"\n\t\t\t\t\t\t\t>OPHTALMOLOGIE ACHENE HEALTH \n\t\t\t\t\t\t\t<\/rs-layer><!--\n-->\t\t\t\t\t<\/rs-slide>\n\t\t\t\t\t\t<rs-slide style=\"position: absolute;\" data-key=\"rs-14\" data-title=\"Slide\" data-thumb=\"\/\/achenehealth.com\/wp-content\/uploads\/2023\/01\/Knee-examination.jpg\" data-in=\"o:0;\" data-out=\"a:false;\">\n\t\t\t\t\t\t\t<img decoding=\"async\" src=\"\/\/achenehealth.com\/fr\/wp-content\/plugins\/revslider\/sr6\/assets\/assets\/dummy.png\" alt=\"\" title=\"Knee examination\" width=\"2560\" height=\"1254\" class=\"rev-slidebg tp-rs-img rs-lazyload\" data-lazyload=\"\/\/achenehealth.com\/wp-content\/uploads\/2023\/01\/Knee-examination.jpg\" data-panzoom=\"d:10000;ss:100;se:109;\" data-no-retina>\n<!--\n\t\t\t\t\t\t\t--><rs-layer\n\t\t\t\t\t\t\t\tid=\"slider-2-slide-14-layer-3\" \n\t\t\t\t\t\t\t\tdata-type=\"text\"\n\t\t\t\t\t\t\t\tdata-color=\"#3400ba||#3400ba||rgba(255, 255, 255, 1)||rgba(255, 255, 255, 1)\"\n\t\t\t\t\t\t\t\tdata-rsp_ch=\"on\"\n\t\t\t\t\t\t\t\tdata-xy=\"x:l,l,l,c;xo:47px,47px,11px,0;y:t,t,m,m;yo:264px,264px,-48px,-49px;\"\n\t\t\t\t\t\t\t\tdata-text=\"s:68,68,38,34;l:72,72,46,42;fw:600;a:left,left,left,center;\"\n\t\t\t\t\t\t\t\tdata-frame_0=\"y:50px;\"\n\t\t\t\t\t\t\t\tdata-frame_1=\"e:power2.inOut;st:260;sp:380;sR:260;\"\n\t\t\t\t\t\t\t\tdata-frame_999=\"y:-50px;o:0;e:nothing;st:w;sR:8360;\"\n\t\t\t\t\t\t\t\tstyle=\"z-index:5;font-family:'Poppins';\"\n\t\t\t\t\t\t\t>Votre sant\u00e9 <br>Notre priorit\u00e9 \n\t\t\t\t\t\t\t<\/rs-layer><!--\n-->\t\t\t\t\t<\/rs-slide>\n\t\t\t\t\t<\/rs-slides>\n\t\t\t\t<\/rs-module>\n\t\t\t\t<script>\n\t\t\t\t\tsetREVStartSize({c: 'rev_slider_2_1',rl:[1240,1240,778,480],el:[800,800,500,400],gw:[1170,1170,778,480],gh:[800,800,500,400],type:'standard',justify:'',layout:'fullwidth',mh:\"0\"});if (window.RS_MODULES!==undefined && window.RS_MODULES.modules!==undefined && window.RS_MODULES.modules[\"revslider21\"]!==undefined) {window.RS_MODULES.modules[\"revslider21\"].once = false;window.revapi2 = undefined;if (window.RS_MODULES.checkMinimal!==undefined) window.RS_MODULES.checkMinimal()}\n\t\t\t\t<\/script>\n\t\t\t<\/rs-module-wrap>\n\t\t\t<!-- END REVOLUTION SLIDER -->\n[\/vc_column][\/vc_row][vc_row][vc_column][info_banner_vc use_theme_fonts=&#8221;yes&#8221; image_id=&#8221;4345&#8243; ribbon_text=&#8221;ACHENE&#8221;]<\/p>\n<h2 style=\"text-align: center;\">Votre sant\u00e9, notre priorit\u00e9<\/h2>\n<p style=\"text-align: left;\">ACHENE HEALTH s&#8217;engage \u00e0 fournir \u00e0 ses clients des services et des soins de la plus haute qualit\u00e9. Nous comprenons que la recherche d&#8217;un traitement m\u00e9dical \u00e0 l&#8217;\u00e9tranger peut \u00eatre une exp\u00e9rience d\u00e9courageante, c&#8217;est pourquoi nous nous engageons \u00e0 fournir les meilleures options et le meilleur soutien pour garantir un processus transparent et sans stress.<\/p>\n<p style=\"text-align: left;\">Nous travaillons en \u00e9troite collaboration avec des \u00e9tablissements et des prestataires m\u00e9dicaux r\u00e9put\u00e9s et accr\u00e9dit\u00e9s, offrant une gamme de traitements et de proc\u00e9dures r\u00e9pondant \u00e0 tous les besoins. Notre \u00e9quipe se consacre \u00e0 la fourniture d&#8217;un service et d&#8217;un soutien personnalis\u00e9s, depuis la consultation initiale jusqu&#8217;au suivi.<\/p>\n<p style=\"text-align: left;\">Nous croyons en la transparence et l&#8217;honn\u00eatet\u00e9. Nous nous effor\u00e7ons de fournir \u00e0 nos clients des informations pr\u00e9cises et d\u00e9taill\u00e9es pour les aider \u00e0 prendre des d\u00e9cisions en connaissance de cause. Nous proposons \u00e9galement des services de traduction, une assistance voyage et une \u00e9quipe d\u00e9di\u00e9e au service client\u00e8le afin de garantir \u00e0 nos clients la meilleure exp\u00e9rience possible.<\/p>\n<p style=\"text-align: left;\">Notre objectif est de nous positionner comme une agence digne de confiance et fiable Nous recueillons et analysons en permanence les commentaires de nos clients afin d&#8217;am\u00e9liorer notre service et de maintenir un niveau \u00e9lev\u00e9 de satisfaction de la client\u00e8le.<\/p>\n<p style=\"text-align: left;\">Merci d&#8217;avoir choisi ACHENE HEALTH pour vos besoins de sant\u00e9. Nous sommes impatients de vous aider \u00e0 obtenir le meilleur r\u00e9sultat possible et \u00e0 vivre une exp\u00e9rience positive.<\/p>\n<p>[\/info_banner_vc][\/vc_column][\/vc_row][vc_row parallax=&#8221;content-moving&#8221; parallax_image=&#8221;4260&#8243; parallax_speed_bg=&#8221;1.6&#8243; fullwidth=&#8221;0&#8243; row_space=&#8221;remove_padding_top&#8221; isfullwidth=&#8221;&#8221; css=&#8221;.vc_custom_1674811917064{background-color: #f4f5f9 !important;}&#8221;][vc_column][vc_row_inner][vc_column_inner width=&#8221;1\/4&#8243;][gva_icon_box title=&#8221;Laser \u00e0 excim\u00e8re&#8221; icon_position=&#8221;top-center v2&#8243; icon_width=&#8221;fa-2x&#8221; icon_color=&#8221;#FFA600&#8243; image=&#8221;4524&#8243;][\/vc_column_inner][vc_column_inner width=&#8221;1\/4&#8243;][gva_icon_box title=&#8221;Rhinoplastie&#8221; icon_position=&#8221;top-center v2&#8243; icon_width=&#8221;fa-2x&#8221; icon_color=&#8221;#FFA600&#8243; image=&#8221;4526&#8243;][\/vc_column_inner][vc_column_inner width=&#8221;1\/4&#8243;][gva_icon_box title=&#8221;Chirurgie de l&#8217;ob\u00e9sit\u00e9&#8221; icon_position=&#8221;top-center v2&#8243; icon_width=&#8221;fa-2x&#8221; icon_color=&#8221;#FFA600&#8243; image=&#8221;4523&#8243;][\/vc_column_inner][vc_column_inner width=&#8221;1\/4&#8243;][gva_icon_box title=&#8221;Chirurgie orthop\u00e9dique&#8221; icon_position=&#8221;top-center v2&#8243; icon_width=&#8221;fa-2x&#8221; icon_color=&#8221;#FFA600&#8243; image=&#8221;4525&#8243;][\/vc_column_inner][\/vc_row_inner][\/vc_column][\/vc_row][vc_row][vc_column][vc_custom_heading text=&#8221;Nous proposons les techniques de correction de la vue au laser les plus modernes&#8221; font_container=&#8221;tag:h3|font_size:28|text_align:center&#8221; google_fonts=&#8221;font_family:Arvo%3Aregular%2Citalic%2C700%2C700italic|font_style:400%20regular%3A400%3Anormal&#8221; link=&#8221;title:Excimer%20laser&#8221;][\/vc_column][\/vc_row][vc_row row_space=&#8221;remove_padding_top&#8221;][vc_column width=&#8221;1\/2&#8243;][vc_single_image image=&#8221;4452&#8243; img_size=&#8221;full&#8221; alignment=&#8221;center&#8221; style=&#8221;vc_box_circle_2&#8243; onclick=&#8221;custom_link&#8221;][\/vc_column][vc_column width=&#8221;1\/2&#8243;][vc_custom_heading text=&#8221;Le service d&#8217;ophtalmologie d&#8217;ACHENE HEALTH se consacre \u00e0 l&#8217;excellence en mati\u00e8re de soins de la vue, de soins et de services aux patients Nos services se concentrent sur les sous-sp\u00e9cialit\u00e9s, les traitements, les chirurgies et les proc\u00e9dures de l&#8217;\u0153il, y compris la chirurgie r\u00e9fractive, la cataracte, la corn\u00e9e, la r\u00e9tine, le glaucome et la chirurgie oculoplastique&#8221; font_container=&#8221;tag:h3|font_size:24|text_align:left&#8221; use_theme_fonts=&#8221;yes&#8221; css_animation=&#8221;none&#8221; link=&#8221;title:Excimer%20laser&#8221;][vc_column_text]<\/p>\n<h4>To learn more about your <span style=\"color: blue;\"> treatment options <\/span>, contact us today.<\/h4>\n<p>[\/vc_column_text][\/vc_column][\/vc_row][vc_row row_space=&#8221;remove_padding_top&#8221;][vc_column][vc_custom_heading text=&#8221;Avoir un nouveau look&#8221; font_container=&#8221;tag:h2|font_size:60|text_align:center&#8221; google_fonts=&#8221;font_family:Arvo%3Aregular%2Citalic%2C700%2C700italic|font_style:400%20regular%3A400%3Anormal&#8221; link=&#8221;title:Excimer%20laser&#8221;]<div class=\"cq-ribbon-container \" style=\"max-width:;\" data-ribbonwidth=\"\" data-ribbontop=\"16px\" data-ribbonleft=\"10px\"  data-ribboncolor=\"\" data-containerbg=\"\" data-textcolor=\"\" data-textmargintop=\"\"><div style=\"background:#f04256;color:;\nbackground:#f04256;color:;top:10px;bottom:auto\" class=\"cq-ribbon4\">Rhinoplastie<div class=\"arrow\" style=\"border-color:transparent #f04256\"><\/div><\/div><div class=\"cq-ribbon-content\"><a href=\"https:\/\/achenehealth.com\/fr\/wp-content\/uploads\/2023\/01\/rhino-scaled.jpeg\" class=\"ribbon-image\"><img decoding=\"async\" src=\"https:\/\/achenehealth.com\/fr\/wp-content\/uploads\/2023\/01\/rhino-scaled.jpeg\" alt=\"\" \/><\/a><p class=\"cq-ribbon-text\">La rhinoplastie, \u00e9galement connue sous le nom de rhinoplastie ou de remodelage du nez, est une intervention de chirurgie plastique courante qui vise \u00e0 modifier la forme ou la taille du nez afin d&#8217;en am\u00e9liorer l&#8217;apparence et la sym\u00e9trie par rapport au reste du visage. Il peut s&#8217;agir de r\u00e9duire ou d&#8217;agrandir le nez, de modeler la pointe du nez et d&#8217;att\u00e9nuer les narines. Outre l&#8217;aspect esth\u00e9tique, la rhinoplastie peut \u00e9galement r\u00e9soudre des probl\u00e8mes fonctionnels tels que la d\u00e9viation de la cloison nasale, la sinusite et les polypes. L&#8217;objectif de l&#8217;intervention est d&#8217;obtenir un r\u00e9sultat d&#8217;apparence naturelle qui compl\u00e8te l&#8217;aspect g\u00e9n\u00e9ral du visage du patient.<\/p><\/div><\/div>[\/vc_column][\/vc_row][vc_row row_space=&#8221;padding-small&#8221; custom_background=&#8221;bg-theme-2&#8243;][vc_column width=&#8221;5\/6&#8243;][gva_call_to_action title=&#8221;Voyons comment nous pouvons vous aider&#8221; button_align=&#8221;button-right&#8221; text_link=&#8221;Read more&#8221;][\/gva_call_to_action][\/vc_column][vc_column width=&#8221;1\/6&#8243;][vc_wp_text]<button class=\"wappointment_widget\" style=\"display:none\" data-popup=\"1\" data-button-title=\"Rendez-vous gratuit en ligne\">Rendez-vous gratuit en ligne<\/button>[\/vc_wp_text][\/vc_column][\/vc_row][vc_row row_space=&#8221;remove_padding_bottom&#8221;][vc_column][gva_block_heading title=&#8221;H\u00f4pitaux partenaires&#8221;][\/gva_block_heading][\/vc_column][\/vc_row][vc_row row_space=&#8221;remove_padding_top&#8221;][vc_column width=&#8221;1\/2&#8243;][gva_partners photo=&#8221;4929&#8243; link=&#8221;https:\/\/www.medicalpark.com.tr&#8221; title=&#8221;Medicalpark Group&#8221;]Le groupe Medicalpark est l&#8217;un des principaux fournisseurs priv\u00e9s de soins de sant\u00e9 en Turquie. Elle exploite un r\u00e9seau d&#8217;h\u00f4pitaux et de centres m\u00e9dicaux dans tout le pays, offrant une large gamme de services et de traitements m\u00e9dicaux. Le groupe a \u00e9t\u00e9 fond\u00e9 en 1999 et s&#8217;est d\u00e9velopp\u00e9 pour inclure plusieurs sites dans les grandes villes comme Istanbul, Ankara, Samsun et Antalya. Le groupe Parc m\u00e9dical est r\u00e9put\u00e9 pour sa technologie de pointe et son personnel m\u00e9dical hautement qualifi\u00e9 Il est accr\u00e9dit\u00e9 par des organisations internationales telles que la Joint Commission International (JCI). Le groupe dispose d&#8217;un service international pour les patients qui offre des services aux patients du monde entier.[\/gva_partners][gva_partners photo=&#8221;4900&#8243; link=&#8221;https:\/\/medibafra.com.tr\/&#8221; title=&#8221;Medicana Health Group&#8221;]Le groupe Medicana Health a commenc\u00e9 \u00e0 servir en 1992 avec son personnel exp\u00e9riment\u00e9 et expert, son approche de service orient\u00e9e vers la satisfaction du patient qui fait la diff\u00e9rence dans le secteur de la sant\u00e9. Le groupe Medicana Health fournit des services de sant\u00e9 \u00e0 ses patients dans 14 h\u00f4pitaux r\u00e9partis dans 7 provinces de Turquie, \u00e0 savoir Istanbul, Ankara, Izmir, Konya, Samsun, Sivas et Bursa.[\/gva_partners][gva_partners photo=&#8221;4901&#8243; link=&#8221;https:\/\/medibafra.com.tr\/&#8221; title=&#8221;Medi Bafra Hospital&#8221;]L&#8217;h\u00f4pital Private Medi Bafra a \u00e9t\u00e9 cr\u00e9\u00e9 le 10 ao\u00fbt 2009, avec pour objectif principal d&#8217;am\u00e9liorer la qualit\u00e9 des soins de sant\u00e9 fournis aux patients. L&#8217;h\u00f4pital dispose de 153 lits pour les traitements ambulatoires et hospitaliers et s&#8217;engage \u00e0 travailler \u00e0 l&#8217;am\u00e9lioration de la sant\u00e9 des patients. [\/gva_partners][\/vc_column][vc_column width=&#8221;1\/2&#8243;][gva_partners photo=&#8221;4930&#8243; link=&#8221;https:\/\/www.livhospital.com&#8221; title=&#8221;Liv Hospital&#8221;]L&#8217;h\u00f4pital Liv porte le nom de la &#8220;Une vision internationale de premier plan&#8221;. H\u00f4pital Liv est un groupe d&#8217;\u00e9tablissements de sant\u00e9 priv\u00e9s en Turquie. Elle offre une large gamme de services m\u00e9dicaux, notamment la chirurgie g\u00e9n\u00e9rale, la cardiologie, l&#8217;orthop\u00e9die, la neurologie et l&#8217;oncologie, entre autres. Le groupe hospitalier a \u00e9t\u00e9 fond\u00e9 en 2011 et s&#8217;est depuis d\u00e9velopp\u00e9 pour inclure plusieurs sites \u00e0 travers la Turquie, y compris Istanbul, Ankara, Izmir et Samsun. L&#8217;h\u00f4pital Liv est r\u00e9put\u00e9 pour sa technologie de pointe et son personnel m\u00e9dical hautement qualifi\u00e9. Le groupe hospitalier est accr\u00e9dit\u00e9 par le JCI et travaille avec un d\u00e9partement de patients internationaux. Il est consid\u00e9r\u00e9 comme l&#8217;un des meilleurs h\u00f4pitaux priv\u00e9s de Turquie et offre une large gamme de services m\u00e9dicaux aux patients locaux et internationaux.[\/gva_partners][gva_partners photo=&#8221;4879&#8243; link=&#8221;https:\/\/www.buyukanadoluhastanesi.com\/&#8221; title=&#8221;B\u00fcy\u00fck Anadolu Hospitals&#8221;]B\u00fcy\u00fck Anadolu Sa\u011fl\u0131k Grubu s&#8217;enorgueillit de ses 27 ann\u00e9es d&#8217;exp\u00e9rience dans la prestation de services de sant\u00e9. Il fournit des services de sant\u00e9 sp\u00e9cialis\u00e9s. L&#8217;engagement de l&#8217;h\u00f4pital \u00e0 assurer la satisfaction des patients, \u00e0 r\u00e9soudre leurs probl\u00e8mes de sant\u00e9 dans les plus brefs d\u00e9lais, \u00e0 r\u00e9pondre \u00e0 toutes les exigences l\u00e9gales et \u00e0 fournir des services de sant\u00e9 avec une \u00e9quipe m\u00e9dicale qualifi\u00e9e est in\u00e9branlable. Avec deux h\u00f4pitaux \u00e0 Samsun et deux \u00e0 Dar\u0131ca, l[\/gva_partners][gva_partners photo=&#8221;4880&#8243; link=&#8221;https:\/\/medibafra.com.tr\/&#8221; title=&#8221;FBM Clinique d&#8217;esth\u00e9tique&#8221;]La clinique esth\u00e9tique FBM est au service depuis 2005 avec son personnel exp\u00e9riment\u00e9 dans les domaines de la chirurgie plastique, de la greffe de cheveux, de la rhinoplastie, de la mammoplastie, du rajeunissement facial non chirurgical sous la direction du professeur associ\u00e9 Dr Hayati Akba\u015f.[\/gva_partners][\/vc_column][\/vc_row][vc_row][vc_column][gva_brands style=&#8221;style-2&#8243; items_lg=&#8221;4&#8243; items_md=&#8221;3&#8243; items_sm=&#8221;2&#8243; items_xs=&#8221;2&#8243;][\/vc_column][\/vc_row]<\/p>\n<\/div>","protected":false},"excerpt":{"rendered":"<p>[vc_row row_space=&#8221;remove_padding&#8221;][vc_column][vc_custom_heading text=&#8221;L&#8217;agence de voyage Achene Health Tourism. Belge non. 16028&#8243; font_container=&#8221;tag:h6|text_align:right&#8221; css=&#8221;&#8221;][\/vc_column][\/vc_row][vc_row fullwidth=&#8221;0&#8243; row_space=&#8221;remove_padding&#8221; isfullwidth=&#8221;0&#8243;][vc_column][\/vc_column][\/vc_row][vc_row][vc_column][info_banner_vc use_theme_fonts=&#8221;yes&#8221; image_id=&#8221;4345&#8243; ribbon_text=&#8221;ACHENE&#8221;] Votre sant\u00e9, notre priorit\u00e9 ACHENE HEALTH s&#8217;engage \u00e0 fournir \u00e0 ses clients des services et des soins de la plus haute qualit\u00e9. Nous comprenons que la recherche d&#8217;un traitement m\u00e9dical \u00e0 l&#8217;\u00e9tranger peut \u00eatre une exp\u00e9rience [&hellip;]<\/p>\n","protected":false},"author":1,"featured_media":0,"parent":0,"menu_order":0,"comment_status":"closed","ping_status":"closed","template":"","meta":{"footnotes":""},"class_list":["post-4163","page","type-page","status-publish","hentry"],"_links":{"self":[{"href":"https:\/\/achenehealth.com\/fr\/wp-json\/wp\/v2\/pages\/4163","targetHints":{"allow":["GET"]}}],"collection":[{"href":"https:\/\/achenehealth.com\/fr\/wp-json\/wp\/v2\/pages"}],"about":[{"href":"https:\/\/achenehealth.com\/fr\/wp-json\/wp\/v2\/types\/page"}],"author":[{"embeddable":true,"href":"https:\/\/achenehealth.com\/fr\/wp-json\/wp\/v2\/users\/1"}],"replies":[{"embeddable":true,"href":"https:\/\/achenehealth.com\/fr\/wp-json\/wp\/v2\/comments?post=4163"}],"version-history":[{"count":56,"href":"https:\/\/achenehealth.com\/fr\/wp-json\/wp\/v2\/pages\/4163\/revisions"}],"predecessor-version":[{"id":5006,"href":"https:\/\/achenehealth.com\/fr\/wp-json\/wp\/v2\/pages\/4163\/revisions\/5006"}],"wp:attachment":[{"href":"https:\/\/achenehealth.com\/fr\/wp-json\/wp\/v2\/media?parent=4163"}],"curies":[{"name":"wp","href":"https:\/\/api.w.org\/{rel}","templated":true}]}}