{"id":4202,"date":"2023-01-16T19:36:19","date_gmt":"2023-01-16T16:36:19","guid":{"rendered":"http:\/\/achenehealth.com\/fr\/?page_id=4202"},"modified":"2023-06-02T14:56:14","modified_gmt":"2023-06-02T11:56:14","slug":"politique-en-matiere-de-cookies","status":"publish","type":"page","link":"https:\/\/achenehealth.com\/fr\/politique-en-matiere-de-cookies\/","title":{"rendered":"Politique en mati\u00e8re de cookies"},"content":{"rendered":"<p><\/p><p>COOKIES D\u00c9CLARATION DU SITE WEB<\/p><p><\/p><p><\/p><p>Les cookies sont de petits fichiers texte qu&#8217;un site web peut placer sur votre ordinateur ou votre appareil mobile lorsque vous le visitez pour la premi\u00e8re fois. Les cookies aideront le site web \u00e0 reconna\u00eetre votre appareil lors de votre prochaine visite. Les pixels invisibles ou d&#8217;autres fichiers similaires peuvent \u00e9galement faire la m\u00eame chose. Nous utilisons le terme \u201cdans la pr\u00e9sente politique, le terme &#8220;cookies&#8221; d\u00e9signe tous les fichiers qui collectent des informations de cette mani\u00e8re.<\/p><p><\/p><p><\/p><p>Nous utilisons des cookies pour vous distinguer des autres utilisateurs du site web. Cela nous aide \u00e0 vous fournir une bonne exp\u00e9rience lorsque vous utilisez le site web et nous permet \u00e9galement d&#8217;am\u00e9liorer les services que nous vous fournissons. Lorsque vous revisitez le site web, nous pouvons obtenir des informations sur vos visites pr\u00e9c\u00e9dentes et sur votre ordinateur, y compris, le cas \u00e9ch\u00e9ant, votre adresse IP, votre syst\u00e8me d&#8217;exploitation et votre type de navigateur, \u00e0 des fins d&#8217;administration du syst\u00e8me Il s&#8217;agit de donn\u00e9es statistiques sur vos actions et habitudes de navigation, qui ne permettent pas de vous identifier. Pour la m\u00eame raison, nous pouvons obtenir des informations sur votre utilisation g\u00e9n\u00e9rale d&#8217;Internet en utilisant un fichier cookie qui est stock\u00e9 sur le disque dur de votre ordinateur.<\/p><p><\/p><p><\/p><p>Nous pouvons utiliser les cookies suivants :<\/p><p><\/p><p><\/p><p>\u2022Strictly necessary cookies.Il s&#8217;agit de cookies essentiels pour vous permettre de vous d\u00e9placer sur le site web et d&#8217;utiliser ses fonctions, comme l&#8217;acc\u00e8s aux zones s\u00e9curis\u00e9es du site web. En les d\u00e9sactivant, vous risquez de ne pas pouvoir acc\u00e9der \u00e0 certaines parties de notre site web.<\/p><p><\/p><p><\/p><p>\u2022<em>Analytical or performance cookies.<\/em><em>Nous pouvons utiliser ces cookies pour collecter des informations sur la mani\u00e8re dont les visiteurs utilisent le site web, par exemple les pages les plus consult\u00e9es par les visiteurs. Cela nous aide \u00e0 am\u00e9liorer le fonctionnement de notre site web, par exemple en veillant \u00e0 ce que les utilisateurs trouvent facilement ce qu&#8217;ils recherchent. Certains de ces cookies sont des cookies analytiques qui nous permettent de surveiller le trafic sur le site web en utilisant des tiers accept\u00e9s par l&#8217;industrie.<\/em><\/p><p><\/p><p><\/p><p>\u2022Functionality cookies.Ces cookies peuvent \u00eatre utilis\u00e9s pour vous reconna\u00eetre lorsque vous revenez sur notre site web et pour m\u00e9moriser les modifications que vous avez apport\u00e9es \u00e0 des \u00e9l\u00e9ments tels que la taille du texte, les polices et d&#8217;autres parties du site web que vous pouvez modifier afin que nous puissions personnaliser notre contenu pour vous. La plupart des navigateurs acceptent les cookies automatiquement, mais vous pouvez modifier vos pr\u00e9f\u00e9rences en mati\u00e8re de cookies en r\u00e9glant les param\u00e8tres de votre navigateur de mani\u00e8re \u00e0 refuser l&#8217;installation de tous les cookies ou de certains d&#8217;entre eux si vous le souhaitez. Vous pouvez g\u00e9n\u00e9ralement le faire en visitant le site \u201coptions&#8221; ou \u201cmenu &#8220;pr\u00e9f\u00e9rences&#8221; de votre navigateur. Veuillez toutefois noter que si vous choisissez de bloquer tous les cookies (y compris les cookies essentiels), nous ne pouvons pas garantir que votre exp\u00e9rience sera aussi satisfaisante qu&#8217;elle le serait autrement, et il se peut que vous ne puissiez pas acc\u00e9der \u00e0 l&#8217;ensemble ou \u00e0 certaines parties de notre site web.<\/p><p><\/p><p><\/p><p>Lorsque nous collectons des donn\u00e9es \u00e0 caract\u00e8re personnel dans le cadre de l&#8217;utilisation de cookies sur le site web, nous le faisons conform\u00e9ment \u00e0 notre politique de confidentialit\u00e9<em>[www.achenehealth.com\/privacy-policy]<\/em>.<\/p><p><\/p>","protected":false},"excerpt":{"rendered":"<p>COOKIES D\u00c9CLARATION DU SITE WEB Les cookies sont de petits fichiers texte qu&#8217;un site web peut placer sur votre ordinateur ou votre appareil mobile lorsque vous le visitez pour la premi\u00e8re fois. Les cookies aideront le site web \u00e0 reconna\u00eetre votre appareil lors de votre prochaine visite. Les pixels invisibles ou d&#8217;autres fichiers similaires peuvent [&hellip;]<\/p>\n","protected":false},"author":1,"featured_media":0,"parent":0,"menu_order":0,"comment_status":"closed","ping_status":"closed","template":"","meta":{"footnotes":""},"class_list":["post-4202","page","type-page","status-publish","hentry"],"_links":{"self":[{"href":"https:\/\/achenehealth.com\/fr\/wp-json\/wp\/v2\/pages\/4202","targetHints":{"allow":["GET"]}}],"collection":[{"href":"https:\/\/achenehealth.com\/fr\/wp-json\/wp\/v2\/pages"}],"about":[{"href":"https:\/\/achenehealth.com\/fr\/wp-json\/wp\/v2\/types\/page"}],"author":[{"embeddable":true,"href":"https:\/\/achenehealth.com\/fr\/wp-json\/wp\/v2\/users\/1"}],"replies":[{"embeddable":true,"href":"https:\/\/achenehealth.com\/fr\/wp-json\/wp\/v2\/comments?post=4202"}],"version-history":[{"count":2,"href":"https:\/\/achenehealth.com\/fr\/wp-json\/wp\/v2\/pages\/4202\/revisions"}],"predecessor-version":[{"id":4779,"href":"https:\/\/achenehealth.com\/fr\/wp-json\/wp\/v2\/pages\/4202\/revisions\/4779"}],"wp:attachment":[{"href":"https:\/\/achenehealth.com\/fr\/wp-json\/wp\/v2\/media?parent=4202"}],"curies":[{"name":"wp","href":"https:\/\/api.w.org\/{rel}","templated":true}]}}