{"id":4206,"date":"2023-01-16T19:56:59","date_gmt":"2023-01-16T16:56:59","guid":{"rendered":"http:\/\/achenehealth.com\/fr\/?page_id=4206"},"modified":"2023-06-02T14:56:52","modified_gmt":"2023-06-02T11:56:52","slug":"politique-de-confidentialite","status":"publish","type":"page","link":"https:\/\/achenehealth.com\/fr\/politique-de-confidentialite\/","title":{"rendered":"Politique de confidentialit\u00e9"},"content":{"rendered":"<p><\/p><p>POLITIQUE DE PROTECTION DE LA VIE PRIVEE ET DES DONNEES PERSONNELLES<\/p><p><\/p><p><\/p><p>En tant qu&#8217;ACHENE Health Services Limited, qui fournit des services sur achenehealth.com, nous faisons preuve d&#8217;une sensibilit\u00e9 maximale \u00e0 l&#8217;\u00e9gard de la s\u00e9curit\u00e9 de vos donn\u00e9es personnelles. Vos donn\u00e9es personnelles sont trait\u00e9es et conserv\u00e9es conform\u00e9ment \u00e0 la loi sur la protection des donn\u00e9es personnelles no. 6698 (\u201cKVKK&#8221;).<\/p><p><\/p><p><\/p><p>Achene Health est un contr\u00f4leur de donn\u00e9es aux fins de la loi sur la protection des donn\u00e9es no. 6698 (\u201cloi sur la protection des donn\u00e9es&#8221;), en ce qui concerne vos informations personnelles. En tant que responsable du traitement des donn\u00e9es, nous devons nous assurer que lorsque nous traitons des informations personnelles, nous respectons la loi sur la protection des donn\u00e9es et que nous utilisons ces informations conform\u00e9ment aux instructions de nos clients et \u00e0 notre devoir professionnel de confidentialit\u00e9.<\/p><p><\/p><p><\/p><p>Dans la pr\u00e9sente politique de protection de la vie priv\u00e9e, lorsque nous utilisons les mots \u201cinformations personnelles&#8221; : nous utilisons ces termes pour d\u00e9crire les informations qui vous concernent et qui vous identifient.<\/p><p><\/p><p><\/p><p>La pr\u00e9sente politique de confidentialit\u00e9 peut \u00eatre modifi\u00e9e de temps \u00e0 autre et en r\u00e9ponse aux orientations \u00e9mises par les r\u00e9gulateurs de la protection des donn\u00e9es. Nous vous informerons des changements sur notre site web \u00e0 l&#8217;adresse suivante : www.achenehealth.com et, si vous \u00eates client, nous vous informerons par \u00e9crit de tout changement important.<\/p><p><\/p><p><\/p><p>1. Quelles sont les informations personnelles que nous recueillons et utilisons ?<\/p><p><\/p><p><\/p><p>Le type d&#8217;informations personnelles que nous collectons et traitons d\u00e9pend de notre relation avec vous et du contexte dans lequel nous les obtenons et les utilisons.<\/p><p><\/p><p><\/p><p>Clients:where we are advising and\/or acting for you<\/p><p><\/p><p><\/p><p>Nous aurons besoin de certaines informations personnelles pour pouvoir vous fournir nos services. Si vous ne fournissez pas les informations personnelles que nous vous demandons, cela peut retarder ou emp\u00eacher la fourniture de services. Types d&#8217;informations que nous pouvons recueillir :<\/p><p><\/p><p><\/p><p>\u2022 Your name \u2022 Your contact information (e.g., address, phone number, mobile phone number, email address) \u2022 Matter information (i.e., information relating to the matter in which you are seeking our advice or representation) \u2022 Financial information so far as is relevant to your instructions (e.g., the source of funds if you are instructing us on a purchase transaction or your bank details if we will transfer money to you) \u2022 If you are a business client, information provided by you about other individuals in connection with advice we are providing to the business (e.g., informations sur les employ\u00e9s)<\/p><p><\/p><p><\/p><p>Business development and website use:if we have or would like to have a business relationship with you, or if you visit our website This personal information will be used to develop our business and the services we provide.<\/p><p><\/p><p><\/p><p>Types d&#8217;informations que nous pouvons recueillir :<\/p><p><\/p><p><\/p><p>\u2022 Your name \u2022 Your contact information (e.g., email address) \u2022 Information about your occupation and professional information (e.g.(titre du poste, entreprise, exp\u00e9rience professionnelle)<\/p><p><\/p><p><\/p><p>2. Comment les informations personnelles sont-elles collect\u00e9es et quelles sont vos responsabilit\u00e9s <\/p><p><\/p><p><\/p><p>Nous recueillerons des informations personnelles aupr\u00e8s de vous en personne lorsque nous vous rencontrerons ou par le biais de la correspondance que nous aurons avec vous dans le cadre de votre dossier.<\/p><p><\/p><p><\/p><p>Nous pouvons recevoir des informations personnelles de la part de tiers afin de les utiliser dans le cadre de la fourniture de nos services juridiques et professionnels. Le traitement de ces informations personnelles peut \u00eatre n\u00e9cessaire pour faire avancer votre dossier et nous permettre d&#8217;agir au mieux de vos int\u00e9r\u00eats en tant que votre conseiller juridique et professionnel.<\/p><p><\/p><p><\/p><p>Les sources aupr\u00e8s desquelles nous pouvons \u00e9galement collecter des informations personnelles sont les suivantes :<\/p><p><\/p><p><\/p><p>\u2022 Publicly accessible sources \u2022 Direct from a third party (e.g., from a client, such as information about their employees, other parties involved in the legal proceedings, such as the lawyer acting on the other side) \u2022 A third party with your consent (e.g., your bank, another financial institution or advisor; consultants and other professionals we may engage in relation to your matter; your employer) \u2022 Other technical systems, (e.g.les syst\u00e8mes de communication, le courrier \u00e9lectronique et les syst\u00e8mes de messagerie instantan\u00e9e)<\/p><p><\/p><p><\/p><p>Lorsque nous vous fournissons nos services, nous pouvons d\u00e9tenir et utiliser des informations personnelles vous concernant, concernant vos dirigeants et\/ou vos employ\u00e9s ou d&#8217;autres tiers. Lorsque vous nous fournissez des informations personnelles concernant un tiers, vous confirmez que vous disposez de l&#8217;autorisation ou de l&#8217;autorit\u00e9 n\u00e9cessaire pour le faire. Il vous incombe \u00e9galement de veiller \u00e0 ce que la fourniture de ces informations personnelles soit conforme \u00e0 la protection des donn\u00e9es et aux autres lois applicables. Vous devez \u00eatre habilit\u00e9 \u00e0 divulguer des donn\u00e9es \u00e0 caract\u00e8re personnel si elles concernent quelqu&#8217;un d&#8217;autre et toutes les donn\u00e9es divulgu\u00e9es doivent \u00eatre compl\u00e8tes, exactes et \u00e0 jour.<\/p><p><\/p><p><\/p><p>3. Comment et pourquoi nous utilisons vos informations personnelles<\/p><p><\/p><p><\/p><p>En vertu de la loi sur la protection des donn\u00e9es, nous ne pouvons utiliser vos informations personnelles que si nous avons une bonne raison de le faire, par exemple :<\/p><p><\/p><p><\/p><p>\u2022 To comply with our legal and regulatory obligations \u2022 For our legitimate interests \u2022 For the performance of our contract with you or to take steps at your request before entering into a contract \u2022 With your explicit consent.<\/p><p><\/p><p><\/p><p>Il y a int\u00e9r\u00eat l\u00e9gitime lorsque nous avons une raison professionnelle ou commerciale d&#8217;utiliser vos donn\u00e9es \u00e0 caract\u00e8re personnel, pour autant que vos propres droits et int\u00e9r\u00eats ne l&#8217;emportent pas sur cet int\u00e9r\u00eat. Nous veillons \u00e0 prendre en consid\u00e9ration et \u00e0 \u00e9quilibrer tout impact potentiel sur vous et vos droits avant de traiter vos informations personnelles dans le cadre de nos int\u00e9r\u00eats l\u00e9gitimes. Nous n&#8217;utilisons pas vos donn\u00e9es personnelles pour des activit\u00e9s o\u00f9 l&#8217;impact sur vous l&#8217;emporte sur nos int\u00e9r\u00eats, \u00e0 moins que nous n&#8217;ayons obtenu votre consentement explicite ou que la loi ne l&#8217;exige ou ne l&#8217;autorise.<\/p><p><\/p><p><\/p><p>En r\u00e8gle g\u00e9n\u00e9rale, nous recueillons des informations personnelles pour<\/p><p><\/p><p><\/p><p>\u2022 Provide legal and professional services to you, to manage our relationship and comply with our legal obligations arising from it \u2022 Provide you with information about our business and the services we offer including relevant communications \u2022 Help us improve our business and the services we offer.<\/p><p><\/p><p><\/p><p>Les informations ci-dessus ne s&#8217;appliquent pas aux informations personnelles de cat\u00e9gorie sp\u00e9ciale que vous pouvez nous avoir fournies ou que vous nous avez autoris\u00e9s \u00e0 obtenir d&#8217;un tiers, et que nous ne traiterons g\u00e9n\u00e9ralement qu&#8217;avec votre consentement explicite. Toutefois, dans certaines circonstances, en relation avec une affaire, nous pouvons recevoir des informations personnelles de cat\u00e9gorie sp\u00e9ciale de la part de tiers et nous pouvons l\u00e9galement les traiter sans votre consentement lorsque cela est n\u00e9cessaire pour \u00e9tablir, exercer ou d\u00e9fendre une ou plusieurs r\u00e9clamations l\u00e9gales ou lorsque les tribunaux agissent dans le cadre de leur capacit\u00e9 judiciaire.<\/p><p><\/p><p><\/p><p>Nous n&#8217;utiliserons vos donn\u00e9es personnelles qu&#8217;aux fins pour lesquelles nous les avons collect\u00e9es, \u00e0 moins que nous ne consid\u00e9rions raisonnablement que nous devons les utiliser pour une autre raison et que cette raison est compatible avec l&#8217;objectif initial. Si nous devons utiliser vos informations personnelles \u00e0 des fins non li\u00e9es, nous vous en informerons et nous vous expliquerons la base juridique qui nous autorise \u00e0 le faire. Nous pouvons traiter vos informations personnelles \u00e0 votre insu ou sans votre consentement explicite, conform\u00e9ment aux r\u00e8gles ci-dessus, lorsque la loi l&#8217;exige ou le permet.<\/p><p><\/p><p><\/p><p>4. Avec qui partageons-nous vos donn\u00e9es personnelles <\/p><p><\/p><p><\/p><p>Nous partageons des informations personnelles avec :<\/p><p><\/p><p><\/p><p>\u2022 Professional advisers whom we instruct on your behalf or refer you to (e.g., accountants, tax advisors or other experts) \u2022 Other third parties where necessary (e.g., expert witnesses, courts or tribunals) \u2022 Our financial institutions<\/p><p><\/p><p><\/p><p>Nous partagerons vos informations personnelles avec des tiers (tels que la police et d&#8217;autres organismes charg\u00e9s de l&#8217;application de la loi) lorsque nous sommes tenus de le faire afin de nous conformer \u00e0 une obligation l\u00e9gale, professionnelle ou \u00e9thique (telle que le respect de nos obligations en mati\u00e8re de lutte contre le blanchiment d&#8217;argent), ou afin de faire respecter ou de prot\u00e9ger nos droits, nos biens ou notre s\u00e9curit\u00e9 (ou ceux de nos partenaires, de nos employ\u00e9s ou de nos clients).<\/p><p><\/p><p><\/p><p>5. Dur\u00e9e de conservation des donn\u00e9es personnelles<\/p><p><\/p><p><\/p><p>Nous ne conserverons vos informations personnelles que pendant la dur\u00e9e n\u00e9cessaire \u00e0 la r\u00e9alisation des objectifs pour lesquels nous les avons collect\u00e9es, y compris pour satisfaire aux exigences et obligations l\u00e9gales, comptables ou en mati\u00e8re d&#8217;\u00e9tablissement de rapports. Lorsqu&#8217;il n&#8217;est plus n\u00e9cessaire de conserver vos informations personnelles, nous les supprimons ou les rendons anonymes. Dans certaines circonstances, nous pouvons anonymiser vos informations personnelles (de sorte qu&#8217;elles ne puissent plus \u00eatre associ\u00e9es \u00e0 vous) \u00e0 des fins de recherche ou de statistiques, auquel cas nous pouvons utiliser ces informations ind\u00e9finiment sans vous en avertir.<\/p><p><\/p><p><\/p><p>Pour d\u00e9terminer la dur\u00e9e de conservation appropri\u00e9e des informations personnelles, nous tenons compte de la quantit\u00e9, de la nature et de la sensibilit\u00e9 des informations personnelles, du risque potentiel de pr\u00e9judice r\u00e9sultant d&#8217;une utilisation ou d&#8217;une divulgation non autoris\u00e9e de ces informations, des objectifs pour lesquels nous traitons vos informations personnelles et de la possibilit\u00e9 d&#8217;atteindre ces objectifs par d&#8217;autres moyens, ainsi que des exigences l\u00e9gales applicables.<\/p><p><\/p><p><\/p><p>6. Comment nous prot\u00e9geons vos donn\u00e9es personnelles<\/p><p><\/p><p><\/p><p>La s\u00e9curisation des informations est un \u00e9l\u00e9ment cl\u00e9 du respect de la protection des donn\u00e9es. Nous avons mis en place des mesures de s\u00e9curit\u00e9 appropri\u00e9es pour \u00e9viter que vos donn\u00e9es personnelles ne soient accidentellement perdues, utilis\u00e9es ou consult\u00e9es de mani\u00e8re non autoris\u00e9e, modifi\u00e9es ou divulgu\u00e9es. En outre, nous limitons l&#8217;acc\u00e8s \u00e0 vos informations personnelles aux employ\u00e9s, agents, sous-traitants et autres tiers qui ont besoin de les conna\u00eetre pour des raisons professionnelles et qui sont soumis \u00e0 un devoir de confidentialit\u00e9.<\/p><p><\/p><p><\/p><p>Nous avons mis en place des proc\u00e9dures pour faire face \u00e0 toute violation pr\u00e9sum\u00e9e de donn\u00e9es \u00e0 caract\u00e8re personnel et nous vous informerons d&#8217;une violation si nous sommes l\u00e9galement tenus de le faire.<\/p><p><\/p><p><\/p><p>7. Vos droits concernant vos donn\u00e9es personnelles<\/p><p><\/p><p><\/p><p>Vous avez le droit de recevoir une copie des informations personnelles que nous d\u00e9tenons \u00e0 votre sujet, sous r\u00e9serve de certaines exceptions.<\/p><p><\/p><p><\/p><p>Vous avez le droit de nous demander de corriger les informations personnelles que nous d\u00e9tenons si elles sont incorrectes ou incompl\u00e8tes.<\/p><p><\/p><p><\/p><p>Vous avez le droit de nous demander de supprimer vos donn\u00e9es personnelles dans certaines circonstances. Par exemple (i) lorsque vos informations personnelles ne sont plus n\u00e9cessaires par rapport aux objectifs pour lesquels elles ont \u00e9t\u00e9 collect\u00e9es ou utilis\u00e9es d&#8217;une autre mani\u00e8re ; (ii) si vous retirez votre consentement et qu&#8217;il n&#8217;y a pas d&#8217;autre motif l\u00e9gal sur lequel nous nous appuyons pour continuer \u00e0 utiliser vos informations personnelles ; (iii) si vous vous opposez \u00e0 l&#8217;utilisation de vos informations personnelles ; (iv) si nous avons utilis\u00e9 vos informations personnelles de mani\u00e8re ill\u00e9gale ; ou (v) si vos informations personnelles doivent \u00eatre effac\u00e9es pour se conformer \u00e0 une obligation l\u00e9gale.<\/p><p><\/p><p><\/p><p>Vous avez le droit de vous opposer \u00e0 l&#8217;utilisation de vos donn\u00e9es personnelles dans certaines circonstances. Par exemple (i) lorsque vous avez des motifs li\u00e9s \u00e0 votre situation particuli\u00e8re et que nous utilisons vos informations personnelles dans le cadre de nos int\u00e9r\u00eats l\u00e9gitimes.<\/p><p><\/p><p><\/p><p>Vous avez le droit de retirer votre consentement \u00e0 tout moment lorsque nous nous appuyons sur le consentement pour utiliser vos informations personnelles.<\/p><p><\/p><p><\/p><p>Vous avez le droit de d\u00e9poser une plainte aupr\u00e8s de l&#8217;autorit\u00e9 turque de protection des donn\u00e9es si vous pensez que nous n&#8217;avons pas utilis\u00e9 vos informations personnelles conform\u00e9ment \u00e0 la loi sur la protection des donn\u00e9es.<\/p><p><\/p><p><\/p><p>8. Informations sur le contact<\/p><p><\/p><p><\/p><p>Si vous avez des questions concernant cette politique de confidentialit\u00e9, veuillez nous en faire part par courrier \u00e9lectronique \u00e0 consult@achenehealth.com ; par courrier \u00e0 Mimarsinan, 160. Sk. No:22, 55200 Atakum\/Samsun, T\u00fcrkiye.<\/p><p><\/p><p><\/p><p><\/p><p><\/p>","protected":false},"excerpt":{"rendered":"<p>POLITIQUE DE PROTECTION DE LA VIE PRIVEE ET DES DONNEES PERSONNELLES En tant qu&#8217;ACHENE Health Services Limited, qui fournit des services sur achenehealth.com, nous faisons preuve d&#8217;une sensibilit\u00e9 maximale \u00e0 l&#8217;\u00e9gard de la s\u00e9curit\u00e9 de vos donn\u00e9es personnelles. Vos donn\u00e9es personnelles sont trait\u00e9es et conserv\u00e9es conform\u00e9ment \u00e0 la loi sur la protection des donn\u00e9es personnelles [&hellip;]<\/p>\n","protected":false},"author":1,"featured_media":0,"parent":0,"menu_order":0,"comment_status":"closed","ping_status":"closed","template":"","meta":{"footnotes":""},"class_list":["post-4206","page","type-page","status-publish","hentry"],"_links":{"self":[{"href":"https:\/\/achenehealth.com\/fr\/wp-json\/wp\/v2\/pages\/4206","targetHints":{"allow":["GET"]}}],"collection":[{"href":"https:\/\/achenehealth.com\/fr\/wp-json\/wp\/v2\/pages"}],"about":[{"href":"https:\/\/achenehealth.com\/fr\/wp-json\/wp\/v2\/types\/page"}],"author":[{"embeddable":true,"href":"https:\/\/achenehealth.com\/fr\/wp-json\/wp\/v2\/users\/1"}],"replies":[{"embeddable":true,"href":"https:\/\/achenehealth.com\/fr\/wp-json\/wp\/v2\/comments?post=4206"}],"version-history":[{"count":3,"href":"https:\/\/achenehealth.com\/fr\/wp-json\/wp\/v2\/pages\/4206\/revisions"}],"predecessor-version":[{"id":4781,"href":"https:\/\/achenehealth.com\/fr\/wp-json\/wp\/v2\/pages\/4206\/revisions\/4781"}],"wp:attachment":[{"href":"https:\/\/achenehealth.com\/fr\/wp-json\/wp\/v2\/media?parent=4206"}],"curies":[{"name":"wp","href":"https:\/\/api.w.org\/{rel}","templated":true}]}}