{"id":4210,"date":"2023-01-16T20:15:44","date_gmt":"2023-01-16T17:15:44","guid":{"rendered":"http:\/\/achenehealth.com\/fr\/?page_id=4210"},"modified":"2023-06-02T14:56:27","modified_gmt":"2023-06-02T11:56:27","slug":"conseil-juridique","status":"publish","type":"page","link":"https:\/\/achenehealth.com\/fr\/conseil-juridique\/","title":{"rendered":"Conseil juridique"},"content":{"rendered":"<p><\/p><h2 class=\"wp-block-heading\">ACHENE HEALTH<\/h2><p><\/p><p><\/p><h3 class=\"wp-block-heading\">\u00c0 propos de la propri\u00e9t\u00e9 juridique et des droits d&#8217;auteur<\/h3><p><\/p><p><\/p><p>Le propri\u00e9taire de ce site web et de son contenu est ACHENE Health. Il est interdit de transmettre, transf\u00e9rer, vendre, louer et\/ou exposer publiquement ce site web sans l&#8217;autorisation de leurs propri\u00e9taires.<\/p><p><\/p><p><\/p><p>ACHENE Health se r\u00e9serve le droit de modifier le contenu du site web sans pr\u00e9avis et sans aucune limitation. Les informations envoy\u00e9es \u00e0 ce site ou introduites par le biais de ses formulaires doivent \u00eatre v\u00e9ridiques et ne pas porter atteinte aux droits des tiers ou \u00e0 la l\u00e9gislation en vigueur.<\/p><p><\/p><p><\/p><p>ACHENE Health, d\u00e9cline toute responsabilit\u00e9 contractuelle ou extracontractuelle avec la personne ou l&#8217;entreprise qui aurait subi des dommages de toute nature caus\u00e9s par des virus informatiques ou par des \u00e9l\u00e9ments informatiques de toute nature en ne pouvant garantir \u00e0 100% l&#8217;absence de virus ou d&#8217;autres \u00e9l\u00e9ments sur le site web.<\/p><p><\/p><p><\/p><p>Les informations et les conseils pr\u00e9sent\u00e9s sur ce site sont donn\u00e9s \u00e0 titre indicatif et ACHENE Health est exempt\u00e9e de toute responsabilit\u00e9 d\u00e9coulant du manque d&#8217;exactitude ou d&#8217;efficacit\u00e9 de ces informations ou conseils. ACHENE Health ne cautionne aucun des traitements, proc\u00e9dures, produits ou m\u00e9decins mentionn\u00e9s dans le pr\u00e9sent document. Ces informations sont fournies \u00e0 titre de service \u00e9ducatif et ne sont pas destin\u00e9es \u00e0 servir de conseils m\u00e9dicaux.Les informations contenues dans le site ne peuvent en aucun cas remplacer le traitement ou la consultation d&#8217;un m\u00e9decin. D&#8217;apr\u00e8s cette source, il est fortement d\u00e9conseill\u00e9 de commencer un traitement m\u00e9dicamenteux ou de modifier le traitement en cours. Le contenu de notre site web ne doit jamais \u00eatre \u00e9valu\u00e9 en vue d&#8217;un diagnostic personnel ou de la s\u00e9lection d&#8217;une m\u00e9thode de traitement. Il n&#8217;y a aucune intention de faire de la publicit\u00e9 ou des annonces contraires au contenu de la loi sur le site.<\/p><p><\/p><p><\/p><h3 class=\"wp-block-heading\">Conditions d&#8217;utilisation du site web<\/h3><p><\/p><p><\/p><p>ACHENE Health, propose sur son site web des informations relatives au type d&#8217;activit\u00e9, de produits et de services que vous effectuez, sur abonnement et selon les termes et conditions qui sont convenus. ACHENE Health se r\u00e9serve le droit de mettre \u00e0 jour, de modifier ou de supprimer les informations contenues dans ce site web et peut limiter ou refuser l&#8217;acc\u00e8s \u00e0 ces informations.<\/p><p><\/p><p><\/p><p>In particular,ACHENE Healthreserves the right to eliminate, limit or prevent access to its website when technical difficulties arise due to events or circumstances beyond the control of ACHENE Health, which, in its opinion, reduce or cancel the security levels adopted for the proper functioning of the website.<\/p><p><\/p><p><\/p><h3 class=\"wp-block-heading\">Politique de protection des donn\u00e9es personnelles<\/h3><p><\/p><p><\/p><p>Certains services fournis sur le site web peuvent contenir des conditions particuli\u00e8res avec des dispositions sp\u00e9cifiques sur la protection des donn\u00e9es personnelles. Les donn\u00e9es personnelles collect\u00e9es feront l&#8217;objet d&#8217;un traitement automatis\u00e9 et seront incorpor\u00e9es dans les fichiers automatis\u00e9s correspondants. L&#8217;utilisateur garantit que les donn\u00e9es personnelles fournies \u00e0 ACHENE Health sont exactes et il est responsable de la communication de toute modification de ces donn\u00e9es. ACHENE Health, en tant que responsable du fichier automatis\u00e9, garantit le plein respect des r\u00e8gles de protection des donn\u00e9es personnelles, et donc, conform\u00e9ment \u00e0 la L.O. 15\/1999, les avocats, les intervenants, les mandataires et, le cas \u00e9ch\u00e9ant, les garants de l&#8217;entit\u00e9 juridique signataire sont inform\u00e9s et consentent \u00e0 l&#8217;incorporation de leurs donn\u00e9es dans les fichiers automatis\u00e9s existants.<\/p><p><\/p><p><\/p><p>La collecte et le traitement automatis\u00e9 des donn\u00e9es personnelles ont pour but de maintenir la relation contractuelle avec ACHENE Health, la gestion, l&#8217;administration, la fourniture, l&#8217;extension et l&#8217;am\u00e9lioration des services auxquels l&#8217;utilisateur d\u00e9cide de s&#8217;inscrire, ainsi que l&#8217;envoi par des moyens traditionnels et \u00e9lectroniques d&#8217;informations techniques, op\u00e9rationnelles et commerciales sur les produits et services offerts par ACHENE Health. ACHENE Health a adopt\u00e9 les niveaux de s\u00e9curit\u00e9 l\u00e9galement requis pour la protection des donn\u00e9es \u00e0 caract\u00e8re personnel et s&#8217;efforce de mettre en place les autres moyens et mesures techniques suppl\u00e9mentaires \u00e0 sa port\u00e9e pour pr\u00e9venir la perte, l&#8217;utilisation abusive, l&#8217;alt\u00e9ration, l&#8217;acc\u00e8s non autoris\u00e9 et le vol des donn\u00e9es \u00e0 caract\u00e8re personnel fournies \u00e0 ACHENE Health.<\/p><p><\/p><p><\/p><p>Toutefois, l&#8217;utilisateur doit \u00eatre conscient que les mesures de s\u00e9curit\u00e9 sur Internet ne sont pas infranchissables. Les utilisateurs ont des droits reconnus et pourront exercer les droits d&#8217;acc\u00e8s, d&#8217;annulation, de rectification et d&#8217;opposition, ainsi que d&#8217;\u00eatre inform\u00e9s des cessions r\u00e9alis\u00e9es en contactant ACHENE Health. ACHENE Health, peut utiliser des cookies lorsqu&#8217;un utilisateur navigue sur le web, associ\u00e9s uniquement au navigateur d&#8217;un ordinateur particulier (un utilisateur anonyme), et qui ne fournissent pas en eux-m\u00eames le nom et le pr\u00e9nom de l&#8217;utilisateur.<\/p><p><\/p><p><\/p><p>Gr\u00e2ce aux cookies, ACHENE Health peut reconna\u00eetre les navigateurs des utilisateurs enregistr\u00e9s apr\u00e8s leur premier enregistrement, sans qu&#8217;ils aient \u00e0 s&#8217;enregistrer \u00e0 chaque visite pour acc\u00e9der aux zones et aux services qui leur sont exclusivement r\u00e9serv\u00e9s. Les cookies utilis\u00e9s ne peuvent pas lire les fichiers de cookies cr\u00e9\u00e9s par d&#8217;autres fournisseurs. L&#8217;utilisateur a la possibilit\u00e9 de configurer son navigateur pour \u00eatre averti \u00e0 l&#8217;\u00e9cran de la r\u00e9ception de cookies et pour emp\u00eacher l&#8217;installation de cookies sur son disque dur.<\/p><p><\/p><p><\/p><h3 class=\"wp-block-heading\">Analyse du Web<\/h3><p><\/p><p><\/p><p>Ce site utilise Google Analytics, un service d&#8217;analyse de site internet fourni par Google, Inc. une soci\u00e9t\u00e9 du Delaware dont le si\u00e8ge social est situ\u00e9 au 1600 Amphitheatre Parkway, Mountain View (California), CA 94043, \u00c9tats-Unis (\u201cGoogle&#8221;). Google Analytics utilise \u201cles &#8220;cookies&#8221;, qui sont des fichiers texte plac\u00e9s sur votre ordinateur, pour aider le site web \u00e0 analyser l&#8217;utilisation qu&#8217;en font les utilisateurs.<\/p><p><\/p><p><\/p><p>Les informations g\u00e9n\u00e9r\u00e9es par les cookies concernant votre utilisation du site (y compris votre adresse IP) seront directement transmises et stock\u00e9es par Google sur des serveurs situ\u00e9s aux \u00c9tats-Unis. Google utilisera ces informations en notre nom afin de suivre votre utilisation du site, de compiler des rapports sur l&#8217;activit\u00e9 du site et de fournir d&#8217;autres services li\u00e9s \u00e0 l&#8217;activit\u00e9 du site et \u00e0 l&#8217;utilisation d&#8217;Internet.<\/p><p><\/p><p><\/p><p>Google peut \u00e9galement transf\u00e9rer ces informations \u00e0 des tiers lorsque la loi l&#8217;exige ou lorsque ces tiers traitent les informations pour le compte de Google. Google n&#8217;associera pas votre adresse IP \u00e0 d&#8217;autres donn\u00e9es d\u00e9tenues par Google. Vous pouvez refuser l&#8217;utilisation de cookies en s\u00e9lectionnant les param\u00e8tres appropri\u00e9s de votre navigateur Toutefois, vous devez savoir que si vous le faites, vous risquez de ne pas pouvoir utiliser toutes les fonctionnalit\u00e9s de ce site web. En utilisant ce site Internet, vous consentez au traitement des informations vous concernant par Google de la mani\u00e8re et dans le but d\u00e9crits ci-dessus.<\/p><p><\/p>","protected":false},"excerpt":{"rendered":"<p>ACHENE HEALTH \u00c0 propos de la propri\u00e9t\u00e9 juridique et des droits d&#8217;auteur Le propri\u00e9taire de ce site web et de son contenu est ACHENE Health. Il est interdit de transmettre, transf\u00e9rer, vendre, louer et\/ou exposer publiquement ce site web sans l&#8217;autorisation de leurs propri\u00e9taires. ACHENE Health se r\u00e9serve le droit de modifier le contenu du [&hellip;]<\/p>\n","protected":false},"author":1,"featured_media":0,"parent":0,"menu_order":0,"comment_status":"closed","ping_status":"closed","template":"","meta":{"footnotes":""},"class_list":["post-4210","page","type-page","status-publish","hentry"],"_links":{"self":[{"href":"https:\/\/achenehealth.com\/fr\/wp-json\/wp\/v2\/pages\/4210","targetHints":{"allow":["GET"]}}],"collection":[{"href":"https:\/\/achenehealth.com\/fr\/wp-json\/wp\/v2\/pages"}],"about":[{"href":"https:\/\/achenehealth.com\/fr\/wp-json\/wp\/v2\/types\/page"}],"author":[{"embeddable":true,"href":"https:\/\/achenehealth.com\/fr\/wp-json\/wp\/v2\/users\/1"}],"replies":[{"embeddable":true,"href":"https:\/\/achenehealth.com\/fr\/wp-json\/wp\/v2\/comments?post=4210"}],"version-history":[{"count":6,"href":"https:\/\/achenehealth.com\/fr\/wp-json\/wp\/v2\/pages\/4210\/revisions"}],"predecessor-version":[{"id":4780,"href":"https:\/\/achenehealth.com\/fr\/wp-json\/wp\/v2\/pages\/4210\/revisions\/4780"}],"wp:attachment":[{"href":"https:\/\/achenehealth.com\/fr\/wp-json\/wp\/v2\/media?parent=4210"}],"curies":[{"name":"wp","href":"https:\/\/api.w.org\/{rel}","templated":true}]}}