{"id":4423,"date":"2023-01-24T19:39:26","date_gmt":"2023-01-24T16:39:26","guid":{"rendered":"https:\/\/achenehealth.com\/?page_id=4423"},"modified":"2023-07-31T15:16:38","modified_gmt":"2023-07-31T12:16:38","slug":"laser-a-excimere","status":"publish","type":"page","link":"https:\/\/achenehealth.com\/fr\/laser-a-excimere\/","title":{"rendered":"Laser \u00e0 excim\u00e8re"},"content":{"rendered":"<div class=\"wpb-content-wrapper\"><p>[vc_row row_space=&#8221;remove_padding_bottom&#8221;][vc_column width=&#8221;1\/2&#8243;][gva_block_heading title=&#8221;ACHENE Health Ophthalmology&#8221; align=&#8221;align-left&#8221;]<\/p>\n<p class=\"vc_custom_heading\">ACHENE HEALTH Ophthalmology se consacre \u00e0 l&#8217;excellence des soins de la vue et des services. Nos services se concentrent sur les sous-sp\u00e9cialit\u00e9s, les traitements, les chirurgies et les proc\u00e9dures de l&#8217;\u0153il, y compris la chirurgie r\u00e9fractive, la cataracte, la coun\u00e9e, la r\u00e9tine, le glaucome et la chirurgie oculoplastique.<\/p>\n<p>[\/gva_block_heading][gva_block_heading title=&#8221;Probl\u00e8mes de r\u00e9fraction&#8221; align=&#8221;align-left&#8221;]<\/p>\n<p style=\"font-weight: 400;\">Les erreurs de r\u00e9fraction sont un type sp\u00e9cifique de probl\u00e8me de vision qui emp\u00eache de voir clairement. Elles surviennent lousque la foume de l&#8217;\u0153il emp\u00eache la lumi\u00e8re de se focaliser courectement sur la r\u00e9tine (couche de tissu sensible \u00e0 la lumi\u00e8re situ\u00e9e \u00e0 l&#8217;arri\u00e8re de l&#8217;\u0153il). Elle survient lousque la capacit\u00e9 de l&#8217;\u0153il \u00e0 faire la mise au point sur des images externes est alt\u00e9r\u00e9e. Les erreurs de r\u00e9fraction provoquent une vision floue, qui peut parfois \u00eatre si grave qu&#8217;elle alt\u00e8re la vision &#8211; la vision floue est le sympt\u00f4me le plus courant. Une vision double, une vision floue, des \u00e9blouissements ou des halos autour des lumi\u00e8res vives, un plissement des yeux, des maux de t\u00eate ou une fatigue oculaire peuvent \u00e9galement survenir. Les erreurs de r\u00e9fraction peuvent g\u00e9n\u00e9ralement \u00eatre courig\u00e9es \u00e0 l&#8217;aide de lunettes ou de lentilles de contact.<\/p>\n<p>[\/gva_block_heading][gva_block_heading title=&#8221;Laser Excimer&#8221; align=&#8221;align-left&#8221;][\/gva_block_heading][gva_icon_box description=&#8221;Le laser excimer a \u00e9t\u00e9 approuv\u00e9 pour la premi\u00e8re fois par la Food and Drug Administration (FDA) des \u00c9tats-Unis en 1995 pour la chirurgie oculaire au laser. Depuis lors, il a \u00e9t\u00e9 utilis\u00e9 pour traiter des millions de patients souffrant de troubles de la r\u00e9fraction tels que la myopie, l&#8217;hyperm\u00e9tropie et l&#8217;astigmatisme. Le laser excimer s&#8217;est av\u00e9r\u00e9 \u00eatre une m\u00e9thode s\u00fbre et efficace pour corriger l&#8217;\u00e9rosion r\u00e9fractive et a \u00e9t\u00e9 utilis\u00e9 avec succ\u00e8s dans de nombreux essais et \u00e9tudes cliniques. Il convient de noter que la FDA contr\u00f4le r\u00e9guli\u00e8rement la s\u00e9curit\u00e9 et l&#8217;efficacit\u00e9 de tous les dispositifs m\u00e9dicaux, y compris les lasers excim\u00e8res, et qu&#8217;elle met \u00e0 jour ses lignes directrices et ses recommandations en fonction des nouvelles informations disponibles. Il est \u00e9galement important de noter que la technologie du laser excimer a \u00e9volu\u00e9 au fil du temps et que de nouvelles versions, telles que les lasers guid\u00e9s par front d&#8217;onde ou par topographie, sont d\u00e9sormais disponibles, offrant une plus grande pr\u00e9cision et de meilleurs r\u00e9sultats.&#8221; icon_position=&#8221;top-left&#8221; image=&#8221;4533&#8243;][\/vc_column][vc_column width=&#8221;1\/2&#8243;][vc_single_image image=&#8221;4437&#8243; img_size=&#8221;full&#8221; alignment=&#8221;right&#8221; style=&#8221;vc_box_bouder_circle_2&#8243;][vc_empty_space][gva_icon_box icon_position=&#8221;top-left&#8221; image=&#8221;4394&#8243;][accordion_father][accordion_son title=&#8221;Qu&#8217;est-ce que le laser excimer ?&#8221;]Le laser excimer modifie l&#8217;\u00e9tat de r\u00e9fraction de l&#8217;\u0153il en enlevant du tissu de la corn\u00e9e ant\u00e9rieure par un processus connu sous le nom de d\u00e9composition photoablative. Ce processus utilise l&#8217;\u00e9nergie ultraviolette du laser excimer pour rompre les liaisons chimiques dans la corn\u00e9e sans causer de dommages thermiques aux tissus environnants.<\/p>\n<p>Le laser excimer est un type de laser utilis\u00e9 en chirurgie r\u00e9fractive, comme le k\u00e9ratomileusis in situ assist\u00e9 par laser (LASIK) et la k\u00e9ratectomie photor\u00e9fractive (PRK), pour remodeler la corn\u00e9e et corriger les probl\u00e8mes de vision tels que la myopie, l&#8217;hyperm\u00e9tropie et l&#8217;astigmatisme. Le laser excimer utilise l&#8217;\u00e9nergie ultraviolette (UV) pour retirer avec pr\u00e9cision de minuscules quantit\u00e9s de tissu de la corn\u00e9e, modifiant ainsi sa forme et ses propri\u00e9t\u00e9s de r\u00e9fraction afin d&#8217;am\u00e9liorer la vision du patient. La proc\u00e9dure est g\u00e9n\u00e9ralement non invasive et ne cause que des dommages thermiques minimes aux tissus environnants. Cela en fait un choix populaire pour les personnes souffrant d&#8217;erreurs de r\u00e9fraction qui souhaitent r\u00e9duire ou \u00e9liminer leur d\u00e9pendance \u00e0 l&#8217;\u00e9gard des lunettes ou des lentilles de contact.[\/accordion_son][accordion_son title=&#8221;Quels sont les types de laser excimer ?&#8221;]Il existe plusieurs types de chirurgie oculaire au laser :<\/p>\n<p>LASIK (Laser-Assisted In Situ Keratomileusis) &#8211; Il s&#8217;agit de la chirurgie oculaire au laser la plus couramment pratiqu\u00e9e et elle est utilis\u00e9e pour corriger la myopie, l&#8217;hyperm\u00e9tropie et l&#8217;astigmatisme.<br \/>\nPRK (k\u00e9ratectomie photor\u00e9fractive) &#8211; Similaire au LASIK, la PRK est utilis\u00e9e pour corriger les m\u00eames probl\u00e8mes de vision, mais la technique chirurgicale est l\u00e9g\u00e8rement diff\u00e9rente.<br \/>\nLASEK (Laser-Assisted Sub-Epithelial Keratectomy) &#8211; Il s&#8217;agit d&#8217;une variante de la PRK, utilis\u00e9e pour corriger les m\u00eames probl\u00e8mes de vision.<br \/>\nEpi-LASIK &#8211; Il s&#8217;agit d&#8217;une variante du LASIK similaire \u00e0 la PRK mais moins invasive.<br \/>\nSMILE (Small Incision Lenticule Extraction) &#8211; Il s&#8217;agit d&#8217;un nouveau type de chirurgie oculaire au laser qui permet de corriger la myopie et l&#8217;astigmatisme et qui est moins invasif que la chirurgie LASIK traditionnelle.<br \/>\n&#8220;Le laser sans contact, \u00e9galement connu sous le nom de laser sans lame, est un type de chirurgie oculaire au laser qui est similaire \u00e0 la chirurgie LASIK traditionnelle. Cependant, au lieu d&#8217;utiliser une lame (microk\u00e9ratome) pour cr\u00e9er un volet dans la corn\u00e9e, le chirurgien utilise un laser pour cr\u00e9er le volet. On parle souvent de &#8220;LASIK tout laser&#8221; ou de &#8220;LASIK sans lame&#8221;. Le principal avantage de ce type de chirurgie est qu&#8217;elle est moins invasive, ce qui signifie que le temps de r\u00e9cup\u00e9ration est g\u00e9n\u00e9ralement plus court et qu&#8217;il y a moins de risques de complications. En outre, comme le volet est cr\u00e9\u00e9 \u00e0 l&#8217;aide d&#8217;un laser, la pr\u00e9cision de la proc\u00e9dure est accrue, ce qui peut se traduire par de meilleurs r\u00e9sultats visuels pour certains patients.<br \/>\nIl est important de noter que le succ\u00e8s et la s\u00e9curit\u00e9 de la chirurgie oculaire au laser d\u00e9pendent de la comp\u00e9tence et de l&#8217;exp\u00e9rience du chirurgien et de l&#8217;\u00e9tat de sant\u00e9 g\u00e9n\u00e9ral du patient, et pas seulement du type de laser utilis\u00e9.[\/accordion_son][accordion_son title=&#8221;Pourquoi le laser excimer est-il utilis\u00e9 dans le LASIK ?&#8221;]Le laser Excimer est utilis\u00e9 dans le LASIK parce qu&#8217;il est capable d&#8217;apporter des modifications pr\u00e9cises, exactes et hautement contr\u00f4l\u00e9es \u00e0 la forme de la corn\u00e9e. Le laser \u00e9met une \u00e9nergie lumineuse ultraviolette (UV) qui est utilis\u00e9e pour enlever une tr\u00e8s fine couche de tissu de la corn\u00e9e. Comme le laser est capable de cibler des zones sp\u00e9cifiques de la corn\u00e9e avec une grande pr\u00e9cision, il peut corriger un large \u00e9ventail d&#8217;erreurs de r\u00e9fraction telles que la myopie, l&#8217;hyperm\u00e9tropie et l&#8217;astigmatisme.<\/p>\n<p>Le laser Excimer est \u00e9galement utilis\u00e9 dans le LASIK parce qu&#8217;il est capable d&#8217;apporter ces changements \u00e0 la corn\u00e9e sans causer de dommages thermiques importants aux tissus environnants. Ceci est important car cela r\u00e9duit le risque de complications et permet un temps de r\u00e9cup\u00e9ration plus rapide. En outre, l&#8217;intervention est g\u00e9n\u00e9ralement r\u00e9alis\u00e9e en ambulatoire et est relativement indolore, ce qui permet aux patients de reprendre leurs activit\u00e9s normales peu de temps apr\u00e8s l&#8217;op\u00e9ration.[\/accordion_son][accordion_son title=&#8221;Qu&#8217;est-ce que la chirurgie oculaire au laser sans contact ?&#8221;]La chirurgie oculaire au laser sans contact, \u00e9galement connue sous le nom de LASIK &#8220;sans lame&#8221; ou &#8220;tout laser&#8221;, est un type de chirurgie oculaire au laser qui utilise un laser pour remodeler la corn\u00e9e afin de corriger les d\u00e9ficiences visuelles telles que la myopie, l&#8217;hyperm\u00e9tropie et l&#8217;astigmatisme. Contrairement au LASIK traditionnel, qui utilise une lame chirurgicale pour cr\u00e9er un volet dans la corn\u00e9e, la chirurgie oculaire au laser sans contact utilise un laser pour cr\u00e9er le volet, ce qui \u00e9limine le besoin d&#8217;une lame. L&#8217;intervention est r\u00e9alis\u00e9e en ambulatoire et dure g\u00e9n\u00e9ralement moins de 20 minutes. Le temps de r\u00e9cup\u00e9ration est g\u00e9n\u00e9ralement plus rapide que pour le LASIK traditionnel et les patients b\u00e9n\u00e9ficient g\u00e9n\u00e9ralement d&#8217;une am\u00e9lioration de leur vision dans les 24 heures.[\/accordion_son][accordion_son title=&#8221;Le laser excimer est-il une option appropri\u00e9e pour moi ?&#8221;]Excimer laser can be used to correct a wide range of refractive errors, including myopia, hyperopia, and astigmatism.<\/p>\n<p>&nbsp;<\/p>\n<p>The amount of correction that can be achieved with excimer laser surgery depends on various factors, including the skill and experience of the surgeon, the patient\u2019s overall health, and the specific type of laser and surgical technique used.<\/p>\n<p>For myopia, excimer laser can be used to correct up to -20 diopters. For Hypermetropia, it can be used up to +6 diopters. And for Astigmatism, it can be used up to -6 diopters.<\/p>\n<p>However, it\u2019s worth noting that for very high degrees of myopia, hypermetropia or astigmatism, other surgical options such as Phakic IOLs or refractive lens exchange may be more appropriate.<\/p>\n<p>As always, a comprehensive eye examination and discussion with a qualified eye surgeon is necessary to determine the most appropriate treatment for each individual patient.[\/accordion_son][accordion_son title=&#8221;La chirurgie oculaire au laser am\u00e9liore-t-elle la vision ?&#8221;]La chirurgie oculaire au laser, telle que le LASIK, peut am\u00e9liorer la vision des patients souffrant de certains probl\u00e8mes de vue tels que la myopie, l&#8217;hyperm\u00e9tropie et l&#8217;astigmatisme. Elle consiste \u00e0 remodeler la corn\u00e9e, la surface claire de l&#8217;\u0153il, afin de modifier la fa\u00e7on dont la lumi\u00e8re p\u00e9n\u00e8tre dans l&#8217;\u0153il et est focalis\u00e9e sur la r\u00e9tine.<\/p>\n<p>Le taux de r\u00e9ussite de la chirurgie oculaire au laser est \u00e9lev\u00e9, la plupart des patients constatant une am\u00e9lioration significative de leur vision. Toutefois, il ne s&#8217;agit pas d&#8217;une garantie et certains patients peuvent ne pas atteindre une vision de 20\/20 ou avoir besoin de proc\u00e9dures suppl\u00e9mentaires pour affiner leur vision.<\/p>\n<p>Il est important de noter que la chirurgie oculaire au laser peut ne pas convenir \u00e0 tout le monde et qu&#8217;un examen complet des yeux et une consultation avec un ophtalmologiste qualifi\u00e9 sont n\u00e9cessaires pour d\u00e9terminer si c&#8217;est la bonne option pour vous.[\/accordion_son][accordion_son title=&#8221;La chirurgie oculaire au laser est-elle douloureuse ?&#8221;]La chirurgie oculaire au laser, telle que le LASIK, n&#8217;est g\u00e9n\u00e9ralement pas consid\u00e9r\u00e9e comme tr\u00e8s douloureuse. Pendant l&#8217;intervention, des gouttes oculaires anesth\u00e9siantes sont utilis\u00e9es pour insensibiliser la surface de l&#8217;\u0153il, de sorte que la plupart des patients ne ressentent que peu ou pas d&#8217;inconfort. Certains patients peuvent ressentir une l\u00e9g\u00e8re pression pendant l&#8217;intervention, mais celle-ci est g\u00e9n\u00e9ralement d\u00e9crite comme l\u00e9g\u00e8re et de courte dur\u00e9e.<\/p>\n<p>Apr\u00e8s l&#8217;intervention, certains patients peuvent ressentir une l\u00e9g\u00e8re g\u00eane ou une sensation de grattage dans l&#8217;\u0153il, mais cela est g\u00e9n\u00e9ralement bien g\u00e9r\u00e9 avec des analg\u00e9siques en vente libre et dispara\u00eet g\u00e9n\u00e9ralement en un jour ou deux.<\/p>\n<p>La plupart des patients peuvent reprendre leurs activit\u00e9s normales, comme le travail et la conduite, un jour ou deux apr\u00e8s l&#8217;intervention. Il est important de suivre les instructions post-op\u00e9ratoires fournies par le chirurgien pour garantir une bonne cicatrisation et le meilleur r\u00e9sultat possible.[\/accordion_son][accordion_son title=&#8221;Comment ne pas cligner des yeux lors d&#8217;une chirurgie oculaire au laser ?&#8221;]Au cours de la chirurgie oculaire au laser, un dispositif appel\u00e9 sp\u00e9culum des paupi\u00e8res est utilis\u00e9 pour maintenir les paupi\u00e8res ouvertes et emp\u00eacher le clignement des yeux. Le sp\u00e9culum est un petit dispositif en plastique qui est plac\u00e9 entre les paupi\u00e8res sup\u00e9rieures et inf\u00e9rieures et qui les maintient doucement ouvertes. Il est g\u00e9n\u00e9ralement indolore et ne cause aucun dommage \u00e0 l&#8217;\u0153il. En outre, le chirurgien peut vous demander de vous concentrer sur une cible lumineuse pendant l&#8217;intervention, ce qui peut aider \u00e0 stabiliser votre \u0153il et \u00e0 r\u00e9duire la n\u00e9cessit\u00e9 de cligner des yeux. Certaines des technologies laser les plus r\u00e9centes int\u00e8grent un syst\u00e8me de suivi de l&#8217;\u0153il qui permet au laser de suivre les mouvements de l&#8217;\u0153il et d&#8217;ajuster le faisceau laser en cons\u00e9quence, ce qui peut r\u00e9duire la n\u00e9cessit\u00e9 de maintenir les paupi\u00e8res ouvertes pendant l&#8217;intervention.[\/accordion_son][accordion_son title=&#8221;Combien de temps faut-il pour gu\u00e9rir d&#8217;une op\u00e9ration des yeux au laser ?&#8221;]Le processus de gu\u00e9rison apr\u00e8s une chirurgie oculaire au laser, \u00e9galement connue sous le nom de chirurgie r\u00e9fractive, peut varier en fonction du type d&#8217;intervention et du patient. En g\u00e9n\u00e9ral, la plupart des personnes peuvent constater une am\u00e9lioration de leur vision dans les jours qui suivent l&#8217;op\u00e9ration, et la majorit\u00e9 des patients atteignent une acuit\u00e9 visuelle optimale au bout d&#8217;une semaine ou deux. Toutefois, il est important de noter que le processus de gu\u00e9rison complet peut prendre plusieurs mois.<\/p>\n<p>La majorit\u00e9 des patients peuvent reprendre leurs activit\u00e9s normales un jour ou deux apr\u00e8s l&#8217;op\u00e9ration, mais ils peuvent ressentir une l\u00e9g\u00e8re g\u00eane, comme une sensation de br\u00fblure, des d\u00e9mangeaisons ou une sensibilit\u00e9 \u00e0 la lumi\u00e8re, pendant quelques jours. Il est important de suivre les instructions post-op\u00e9ratoires fournies par le chirurgien, qui peuvent inclure l&#8217;utilisation de gouttes oculaires pour r\u00e9duire l&#8217;inflammation, \u00e9viter de se frotter les yeux et \u00e9viter certaines activit\u00e9s comme la natation, le sport ou le port de charges lourdes pendant un certain temps.<\/p>\n<p>Dans certains cas, le processus de cicatrisation peut prendre plus de temps et certains patients peuvent voir leur vision fluctuer pendant plusieurs mois. Le chirurgien surveillera de pr\u00e8s le processus de gu\u00e9rison et fera les ajustements n\u00e9cessaires pour garantir le meilleur r\u00e9sultat possible.[\/accordion_son][accordion_son title=&#8221;Le laser excimer est-il sans danger pour les yeux ?&#8221;]Le laser Excimer est consid\u00e9r\u00e9 comme un traitement s\u00fbr et efficace pour certaines affections oculaires, telles que la myopie, l&#8217;hyperm\u00e9tropie et l&#8217;astigmatisme. L&#8217;intervention, connue sous le nom de chirurgie oculaire au laser ou chirurgie r\u00e9fractive, utilise un faisceau tr\u00e8s concentr\u00e9 de lumi\u00e8re ultraviolette pour remodeler la corn\u00e9e, la surface claire de l&#8217;avant de l&#8217;\u0153il, afin d&#8217;am\u00e9liorer la vision. L&#8217;intervention est g\u00e9n\u00e9ralement r\u00e9alis\u00e9e en ambulatoire et la plupart des patients peuvent reprendre leurs activit\u00e9s normales au bout de quelques jours. Cependant, comme pour toute proc\u00e9dure m\u00e9dicale, il existe des risques et des complications potentielles qui doivent \u00eatre discut\u00e9s avec un chirurgien ophtalmologiste qualifi\u00e9 avant d&#8217;entreprendre le traitement.[\/accordion_son][\/accordion_father][\/vc_column][\/vc_row][vc_row row_space=&#8221;remove_margin remove_padding remove_padding_col&#8221;][vc_column][gva_block_heading title=&#8221;Laser Excimer&#8221; align=&#8221;align-left&#8221;][\/gva_block_heading][\/vc_column][\/vc_row][vc_row row_space=&#8221;remove_padding_top&#8221;][vc_column width=&#8221;1\/3&#8243;][vc_single_image image=&#8221;4467&#8243;][\/vc_column][vc_column width=&#8221;1\/3&#8243;][vc_single_image image=&#8221;4466&#8243;][\/vc_column][vc_column width=&#8221;1\/3&#8243;][vc_single_image image=&#8221;4468&#8243;][\/vc_column][\/vc_row][vc_row row_space=&#8221;remove_padding_top&#8221;][vc_column][vc_custom_heading text=&#8221;La proc\u00e9dure commence par la cr\u00e9ation d&#8217;un rabat sur le devant de l&#8217;\u0153il, qui ressemble \u00e0 un verre de montre, \u00e0 l&#8217;aide du tissu counea. Ce tissu a un pouvoir de r\u00e9fraction \u00e9lev\u00e9. Le volet est cr\u00e9\u00e9 \u00e0 l&#8217;aide d&#8217;un laser sans lame et est adapt\u00e9 \u00e0 chaque patient gr\u00e2ce \u00e0 une pr\u00e9cision contr\u00f4l\u00e9e par ordinateur. Ensuite, les informations du patient sont recueillies \u00e0 l&#8217;aide de l&#8217;aberrom\u00e9trie Wavescan, qui est utilis\u00e9e pour cr\u00e9er un plan de traitement personnalis\u00e9 connu sous le nom de front d&#8217;onde. Ces informations sont ensuite transf\u00e9r\u00e9es au laser excimer. Le lambeau est alors retir\u00e9 et le tissu stroma sous-jacent est trait\u00e9 \u00e0 l&#8217;aide du laser excimer, qui est \u00e9quip\u00e9 d&#8217;un syst\u00e8me d&#8217;enregistrement de l&#8217;iris et qui est capable de mettre en \u0153uvre les mesures du front d&#8217;onde. La proc\u00e9dure est g\u00e9n\u00e9ralement non invasive et ne cause que des dommages thermiques minimes aux tissus environnants. Il s&#8217;agit donc d&#8217;un choix populaire pour les personnes souffrant d&#8217;erreurs de r\u00e9fraction qui souhaitent r\u00e9duire ou \u00e9liminer leur d\u00e9pendance \u00e0 l&#8217;\u00e9gard des lunettes ou des lentilles de contact.&#8221; font_container=&#8221;tag:p|text_align:left&#8221; use_theme_fonts=&#8221;yes&#8221;][gva_image_content][\/gva_image_content][\/vc_column][\/vc_row][vc_row row_space=&#8221;remove_padding_top&#8221;][vc_column width=&#8221;1\/4&#8243;][gva_icon_box title=&#8221;Des soins de premier oudre pour les patients&#8221; icon=&#8221;gv-icon-1271&#8243; description=&#8221;Notre objectif principal est de toujours fournir des soins exceptionnels, une exp\u00e9rience chirurgicale in\u00e9gal\u00e9e et un traitement personnalis\u00e9.&#8221; icon_position=&#8221;top-center v2&#8243; icon_width=&#8221;fa-4x&#8221; icon_colou=&#8221;#0000ff&#8221;][\/vc_column][vc_column width=&#8221;1\/4&#8243;][gva_icon_box title=&#8221;Avoir une vision claire&#8221; icon=&#8221;gv-icon-1589&#8243; description=&#8221;R\u00e9aliser votre vision et votre style de vie id\u00e9al&#8221; icon_position=&#8221;top-center v2&#8243; icon_width=&#8221;fa-4x&#8221; icon_colou=&#8221;#0000ff&#8221;][\/vc_column][vc_column width=&#8221;1\/4&#8243;][gva_icon_box title=&#8221;Optimisez votre vision&#8221; icon=&#8221;gv-icon-1289&#8243; description=&#8221;Am\u00e9liorez votre vision gr\u00e2ce \u00e0 la proc\u00e9dure sans contact la plus r\u00e9cente et la plus avanc\u00e9e.&#8221; icon_position=&#8221;top-center v2&#8243; icon_width=&#8221;fa-4x&#8221; icon_colou=&#8221;#0000ff&#8221;][\/vc_column][vc_column width=&#8221;1\/4&#8243;][gva_icon_box title=&#8221;Red\u00e9finir votre vision&#8221; icon=&#8221;fa fa-eye&#8221; description=&#8221;\u00c9liminer le besoin de lunettes de vision de loin et\/ou de lentilles de contact.&#8221; icon_position=&#8221;top-center v2&#8243; icon_width=&#8221;fa-4x&#8221; icon_colou=&#8221;#0000ff&#8221;][\/vc_column][\/vc_row]<\/p>\n<\/div>","protected":false},"excerpt":{"rendered":"<p>[vc_row row_space=&#8221;remove_padding_bottom&#8221;][vc_column width=&#8221;1\/2&#8243;][gva_block_heading title=&#8221;ACHENE Health Ophthalmology&#8221; align=&#8221;align-left&#8221;] ACHENE HEALTH Ophthalmology se consacre \u00e0 l&#8217;excellence des soins de la vue et des services. Nos services se concentrent sur les sous-sp\u00e9cialit\u00e9s, les traitements, les chirurgies et les proc\u00e9dures de l&#8217;\u0153il, y compris la chirurgie r\u00e9fractive, la cataracte, la coun\u00e9e, la r\u00e9tine, le glaucome et la chirurgie oculoplastique. [&hellip;]<\/p>\n","protected":false},"author":1,"featured_media":4450,"parent":0,"menu_order":0,"comment_status":"closed","ping_status":"closed","template":"","meta":{"footnotes":""},"class_list":["post-4423","page","type-page","status-publish","has-post-thumbnail","hentry"],"_links":{"self":[{"href":"https:\/\/achenehealth.com\/fr\/wp-json\/wp\/v2\/pages\/4423","targetHints":{"allow":["GET"]}}],"collection":[{"href":"https:\/\/achenehealth.com\/fr\/wp-json\/wp\/v2\/pages"}],"about":[{"href":"https:\/\/achenehealth.com\/fr\/wp-json\/wp\/v2\/types\/page"}],"author":[{"embeddable":true,"href":"https:\/\/achenehealth.com\/fr\/wp-json\/wp\/v2\/users\/1"}],"replies":[{"embeddable":true,"href":"https:\/\/achenehealth.com\/fr\/wp-json\/wp\/v2\/comments?post=4423"}],"version-history":[{"count":32,"href":"https:\/\/achenehealth.com\/fr\/wp-json\/wp\/v2\/pages\/4423\/revisions"}],"predecessor-version":[{"id":4842,"href":"https:\/\/achenehealth.com\/fr\/wp-json\/wp\/v2\/pages\/4423\/revisions\/4842"}],"wp:featuredmedia":[{"embeddable":true,"href":"https:\/\/achenehealth.com\/fr\/wp-json\/wp\/v2\/media\/4450"}],"wp:attachment":[{"href":"https:\/\/achenehealth.com\/fr\/wp-json\/wp\/v2\/media?parent=4423"}],"curies":[{"name":"wp","href":"https:\/\/api.w.org\/{rel}","templated":true}]}}