{"id":4484,"date":"2023-01-25T16:24:25","date_gmt":"2023-01-25T13:24:25","guid":{"rendered":"https:\/\/achenehealth.com\/?page_id=4484"},"modified":"2023-06-04T17:51:46","modified_gmt":"2023-06-04T14:51:46","slug":"rhinoplastie","status":"publish","type":"page","link":"https:\/\/achenehealth.com\/fr\/rhinoplastie\/","title":{"rendered":"Rhinoplastie"},"content":{"rendered":"<div class=\"wpb-content-wrapper\"><p>[vc_row row_space=&#8221;remove_padding_bottom&#8221;][vc_column width=&#8221;1\/2&#8243;][gva_block_heading title=&#8221;Rhinoplastie ACHENE Health&#8221; align=&#8221;align-left&#8221;]La rhinoplastie est consid\u00e9r\u00e9e comme l&#8217;une des interventions les plus difficiles de la chirurgie oto-rhino-laryngologique de la t\u00eate et du cou, car elle permet un remodelage esth\u00e9tique et pratique du nez.<\/p>\n<p>[\/gva_block_heading][vc_single_image image=&#8221;4488&#8243; img_size=&#8221;full&#8221; alignment=&#8221;right&#8221; style=&#8221;vc_box_rounded&#8221;][gva_icon_box icon_position=&#8221;top-left&#8221; image=&#8221;4394&#8243;][accordion_father activetabbg=&#8221;#994fe2&#8243; activetabclr=&#8221;#ffffff&#8221;][accordion_son title=&#8221;Quels sont les types de rhinoplastie&#8221;]Il existe plusieurs types de rhinoplastie, chacun d&#8217;entre eux \u00e9tant utilis\u00e9 pour traiter des probl\u00e8mes sp\u00e9cifiques et obtenir des r\u00e9sultats particuliers. Les types de rhinoplastie les plus courants sont les suivants :<\/p>\n<p>Rhinoplastie d&#8217;augmentation : Ce type d&#8217;intervention est utilis\u00e9 pour am\u00e9liorer la taille et la forme du nez, g\u00e9n\u00e9ralement en utilisant du cartilage ou des mat\u00e9riaux synth\u00e9tiques pour reconstruire l&#8217;ar\u00eate ou la pointe du nez.<\/p>\n<p>Rhinoplastie de r\u00e9duction : Cette proc\u00e9dure est utilis\u00e9e pour r\u00e9duire la taille du nez, g\u00e9n\u00e9ralement en enlevant de l&#8217;os et du cartilage.<\/p>\n<p>Rhinoplastie de r\u00e9vision : Cette proc\u00e9dure est utilis\u00e9e pour corriger des probl\u00e8mes survenus apr\u00e8s une pr\u00e9c\u00e9dente rhinoplastie.<\/p>\n<p>La rhinoplastie fonctionnelle : Cette proc\u00e9dure est utilis\u00e9e pour corriger les difficult\u00e9s respiratoires en modifiant la structure interne du nez.<\/p>\n<p>Rhinoplastie non chirurgicale : il s&#8217;agit d&#8217;une proc\u00e9dure qui utilise des produits de comblement dermique pour remodeler le nez.<\/p>\n<p>Il est important de consulter un chirurgien plasticien certifi\u00e9 pour d\u00e9terminer le meilleur type de rhinoplastie en fonction de vos besoins et de vos objectifs individuels. Le chirurgien tiendra compte des caract\u00e9ristiques de votre visage, de votre type de peau, de vos ant\u00e9c\u00e9dents m\u00e9dicaux et de tout autre facteur susceptible d&#8217;influer sur la proc\u00e9dure.<\/p>\n<p>[\/accordion_son][accordion_son title=&#8221;Qu&#8217;est-ce que la rhinoplastie esth\u00e9tique&#8221;]La rhinoplastie esth\u00e9tique, \u00e9galement connue sous le nom de rhinoplastie cosm\u00e9tique, est un type de rhinoplastie pratiqu\u00e9e dans le seul but d&#8217;am\u00e9liorer l&#8217;apparence du nez. L&#8217;objectif de cette intervention est de cr\u00e9er une apparence plus \u00e9quilibr\u00e9e et proportionn\u00e9e en traitant des probl\u00e8mes tels qu&#8217;une pointe nasale bulbeuse, un nez tordu, une bosse sur l&#8217;ar\u00eate et une asym\u00e9trie.<\/p>\n<p>Lors d&#8217;une rhinoplastie esth\u00e9tique, le chirurgien pratique des incisions dans le nez pour acc\u00e9der au cartilage et \u00e0 l&#8217;os sous-jacents. Le chirurgien remod\u00e8lera ensuite le nez en enlevant, ajoutant ou redistribuant le cartilage et l&#8217;os selon les besoins.<\/p>\n<p>Dans certains cas, le chirurgien peut \u00e9galement utiliser des mat\u00e9riaux synth\u00e9tiques, tels que le silicone ou le Gore-Tex, pour augmenter le nez. L&#8217;intervention peut \u00e9galement impliquer l&#8217;utilisation d&#8217;ost\u00e9otomies, qui sont des coupes chirurgicales pratiqu\u00e9es dans les os du nez pour en modifier la forme.<\/p>\n<p>L&#8217;intervention est r\u00e9alis\u00e9e sous anesth\u00e9sie g\u00e9n\u00e9rale et la dur\u00e9e de la convalescence d\u00e9pend de l&#8217;ampleur de l&#8217;intervention. Le chirurgien fournira des instructions d\u00e9taill\u00e9es sur les soins postop\u00e9ratoires, y compris sur le moment o\u00f9 la gu\u00e9rison compl\u00e8te est attendue, et sur ce \u00e0 quoi il faut s&#8217;attendre pendant le processus de r\u00e9tablissement.<\/p>\n<p>[\/accordion_son][accordion_son title=&#8221;Quelles sont les raisons de la rhinoplastie&#8221;]La rhinoplastie, \u00e9galement connue sous le nom d&#8217;op\u00e9ration du nez, est une intervention chirurgicale visant \u00e0 am\u00e9liorer l&#8217;apparence et la fonction du nez. Les indications pour cette proc\u00e9dure peuvent varier consid\u00e9rablement, mais les raisons les plus courantes pour lesquelles les individus peuvent choisir de subir une rhinoplastie sont les suivantes :<\/p>\n<p>Remodeler le nez pour en am\u00e9liorer l&#8217;apparence : Il peut s&#8217;agir de r\u00e9duire la taille du nez, de r\u00e9tr\u00e9cir les narines ou de modifier la forme de la pointe.<\/p>\n<p>Correction des probl\u00e8mes fonctionnels : Il peut s&#8217;agir de corriger une d\u00e9viation de la cloison nasale, qui peut entra\u00eener des difficult\u00e9s \u00e0 respirer par le nez.<\/p>\n<p>Am\u00e9liorer la sym\u00e9trie : Certaines personnes peuvent avoir un nez asym\u00e9trique, ce qui peut \u00eatre corrig\u00e9 par une rhinoplastie.<\/p>\n<p>R\u00e9paration des blessures : La rhinoplastie peut \u00eatre utilis\u00e9e pour r\u00e9parer des blessures au nez, telles qu&#8217;une fracture du nez.<\/p>\n<p>Correction de d\u00e9fauts cong\u00e9nitaux : Certaines personnes peuvent na\u00eetre avec une anomalie cong\u00e9nitale, telle qu&#8217;une fente nasale, qui peut \u00eatre corrig\u00e9e par une rhinoplastie.<\/p>\n<p>Il est important de noter que la rhinoplastie n&#8217;est pas une proc\u00e9dure universelle et que les indications de la chirurgie varient d&#8217;une personne \u00e0 l&#8217;autre. En outre, la r\u00e9ussite et les r\u00e9sultats de l&#8217;op\u00e9ration d\u00e9pendent des comp\u00e9tences et de l&#8217;exp\u00e9rience du chirurgien, ainsi que de l&#8217;\u00e9tat de sant\u00e9 g\u00e9n\u00e9ral du patient.<\/p>\n<p>En r\u00e9sum\u00e9, la rhinoplastie est une intervention chirurgicale qui permet d&#8217;am\u00e9liorer l&#8217;apparence et la fonction du nez. Les indications de cette proc\u00e9dure peuvent varier consid\u00e9rablement, mais les raisons les plus courantes sont le remodelage du nez pour en am\u00e9liorer l&#8217;apparence, la correction de probl\u00e8mes fonctionnels, l&#8217;am\u00e9lioration de la sym\u00e9trie, la r\u00e9paration de blessures et la correction d&#8217;anomalies cong\u00e9nitales.[\/accordion_son][accordion_son title=&#8221;Quel est le moment optimal pour une rhinoplastie&#8221;]La p\u00e9riode optimale pour une rhinoplastie, ou chirurgie du nez, se situe g\u00e9n\u00e9ralement pendant les saisons les plus froides de l&#8217;ann\u00e9e, comme l&#8217;automne et l&#8217;hiver. En effet, le processus de cicatrisation apr\u00e8s l&#8217;intervention peut durer plusieurs semaines, pendant lesquelles les patients doivent \u00e9viter de s&#8217;exposer au soleil afin d&#8217;\u00e9viter les complications et la d\u00e9coloration du site d&#8217;incision. En outre, pendant les mois les plus froids, les patients peuvent plus facilement dissimuler les ecchymoses ou les gonflements postop\u00e9ratoires \u00e0 l&#8217;aide d&#8217;\u00e9charpes et de chapeaux. En fin de compte, le meilleur moment pour proc\u00e9der \u00e0 une rhinoplastie varie en fonction du patient et des circonstances qui lui sont propres. Il est donc recommand\u00e9 aux personnes souhaitant subir cette intervention de consulter un chirurgien plasticien certifi\u00e9 afin de d\u00e9terminer le moment le plus appropri\u00e9 \u00e0 leurs besoins sp\u00e9cifiques et \u00e0 leur r\u00e9tablissement.[\/accordion_son][accordion_son title=&#8221;Combien de temps dure une rhinoplastie&#8221;]La rhinoplastie, \u00e9galement connue sous le nom d&#8217;op\u00e9ration du nez, est une intervention chirurgicale qui dure g\u00e9n\u00e9ralement entre une et trois heures. La dur\u00e9e exacte de l&#8217;intervention d\u00e9pend des objectifs et des besoins sp\u00e9cifiques du patient, ainsi que de la complexit\u00e9 de l&#8217;intervention. Au cours de l&#8217;intervention, le chirurgien remod\u00e8lera le nez afin d&#8217;en am\u00e9liorer l&#8217;apparence, de corriger les probl\u00e8mes fonctionnels, ou les deux \u00e0 la fois. L&#8217;intervention peut \u00eatre r\u00e9alis\u00e9e sous anesth\u00e9sie g\u00e9n\u00e9rale ou sous anesth\u00e9sie locale avec s\u00e9dation, selon les pr\u00e9f\u00e9rences du patient et les recommandations du chirurgien. Apr\u00e8s l&#8217;intervention, les patients peuvent s&#8217;attendre \u00e0 un certain gonflement et \u00e0 des ecchymoses, qui disparaissent g\u00e9n\u00e9ralement au bout de quelques semaines.[\/accordion_son][accordion_son title=&#8221;La rhinoplastie est-elle douloureuse&#8221;]La rhinoplastie est une intervention chirurgicale qui peut entra\u00eener une certaine g\u00eane et des douleurs pendant la p\u00e9riode de convalescence. Le niveau de douleur ressentie par les patients varie en fonction de l&#8217;individu, de la complexit\u00e9 de l&#8217;intervention et de la tol\u00e9rance du patient \u00e0 la douleur.<\/p>\n<p>Imm\u00e9diatement apr\u00e8s l&#8217;intervention, les patients peuvent ressentir une certaine douleur et une g\u00eane au niveau du nez et des zones environnantes. Ce probl\u00e8me peut \u00eatre trait\u00e9 avec des m\u00e9dicaments contre la douleur prescrits par le chirurgien. Les gonflements et les ecchymoses autour des yeux et du nez sont \u00e9galement fr\u00e9quents, ce qui peut entra\u00eener une certaine g\u00eane.<\/p>\n<p>Les patients peuvent s&#8217;attendre \u00e0 ressentir une certaine douleur et un certain inconfort pendant les premiers jours suivant l&#8217;op\u00e9ration. La douleur devrait diminuer progressivement en l&#8217;espace d&#8217;une semaine et \u00eatre g\u00e9rable \u00e0 l&#8217;aide d&#8217;analg\u00e9siques en vente libre.<\/p>\n<p>Pendant la p\u00e9riode de cicatrisation, les patients peuvent \u00e9galement ressentir des d\u00e9mangeaisons et des tiraillements au niveau du nez. Il est \u00e9galement fr\u00e9quent de constater une congestion nasale et des difficult\u00e9s \u00e0 respirer par le nez. Ces sympt\u00f4mes devraient s&#8217;att\u00e9nuer progressivement au fur et \u00e0 mesure que le nez gu\u00e9rit.<\/p>\n<p>Il est important de suivre les instructions fournies par le chirurgien pour assurer une bonne cicatrisation et minimiser la douleur et l&#8217;inconfort. La plupart des patients peuvent reprendre leur travail et leurs activit\u00e9s normales dans les 7 \u00e0 10 jours suivant l&#8217;intervention.<\/p>\n<p>En r\u00e9sum\u00e9, le niveau de douleur et d&#8217;inconfort ressenti pendant la p\u00e9riode de convalescence apr\u00e8s une rhinoplastie peut varier d&#8217;une personne \u00e0 l&#8217;autre. Les patients doivent s&#8217;attendre \u00e0 ressentir une certaine douleur et un certain inconfort, mais ceux-ci peuvent \u00eatre g\u00e9r\u00e9s \u00e0 l&#8217;aide d&#8217;analg\u00e9siques et devraient diminuer progressivement au cours de la p\u00e9riode de cicatrisation.[\/accordion_son][accordion_son title=&#8221;Quel est le d\u00e9lai de gu\u00e9rison apr\u00e8s une rhinoplastie&#8221;]Le d\u00e9lai de gu\u00e9rison d&#8217;une rhinoplastie peut varier en fonction de l&#8217;individu, mais en g\u00e9n\u00e9ral, le processus de gu\u00e9rison peut \u00eatre divis\u00e9 en plusieurs \u00e9tapes :<\/p>\n<p>Jour de l&#8217;op\u00e9ration : Le patient sera sous anesth\u00e9sie g\u00e9n\u00e9rale pendant l&#8217;op\u00e9ration et rentrera chez lui le jour m\u00eame. Des poches de glace seront utilis\u00e9es pour r\u00e9duire l&#8217;enflure, et le patient recevra des instructions sur la fa\u00e7on de les utiliser, ainsi que toute pommade topique. Les points de suture et les attelles peuvent \u00eatre retir\u00e9s au bout d&#8217;une semaine.<\/p>\n<p>1-2 semaines : Le patient pr\u00e9sentera un certain gonflement et les ecchymoses autour du nez et des yeux commenceront \u00e0 s&#8217;estomper. La douleur doit \u00eatre minime et facilement contr\u00f4lable \u00e0 l&#8217;aide d&#8217;analg\u00e9siques en vente libre.<\/p>\n<p>3-4 semaines : Presque tous les signes visibles de l&#8217;intervention chirurgicale auront disparu et vous pourrez reprendre vos exercices cardio en toute s\u00e9curit\u00e9. La nouvelle forme du nez sera mieux d\u00e9finie gr\u00e2ce \u00e0 la r\u00e9duction continue de l&#8217;enflure.<\/p>\n<p>6 semaines : Le patient peut reprendre les exercices de mise en charge et porter des lunettes.<\/p>\n<p>De 3 \u00e0 6 mois : Tout probl\u00e8me de sensation \u00e0 l&#8217;int\u00e9rieur du nez ou sur la peau du nez commencera \u00e0 se r\u00e9sorber.<\/p>\n<p>1 an : Le processus de cicatrisation est termin\u00e9, la nouvelle forme du nez est enti\u00e8rement form\u00e9e, l&#8217;\u0153d\u00e8me a disparu et la pointe du nez s&#8217;est affin\u00e9e.[\/accordion_son][accordion_son title=&#8221;Comment acc\u00e9l\u00e9rer le r\u00e9tablissement d&#8217;une rhinoplastie&#8221;]La convalescence apr\u00e8s une rhinoplastie peut durer plusieurs semaines ou plusieurs mois. Cependant, certaines mesures peuvent \u00eatre prises pour acc\u00e9l\u00e9rer le processus de gu\u00e9rison.<\/p>\n<p>Tout d&#8217;abord, il est important de suivre toutes les instructions post-op\u00e9ratoires fournies par le chirurgien. Il peut s&#8217;agir de prendre les m\u00e9dicaments prescrits comme indiqu\u00e9, d&#8217;\u00e9viter toute activit\u00e9 intense et d&#8217;\u00e9viter de se moucher pendant un certain temps.<\/p>\n<p>Ensuite, le fait de maintenir la t\u00eate sur\u00e9lev\u00e9e et de glacer la zone peut aider \u00e0 r\u00e9duire le gonflement et les ecchymoses. L&#8217;application d&#8217;une compresse froide sur la zone pendant les premiers jours suivant l&#8217;op\u00e9ration peut \u00e9galement contribuer \u00e0 r\u00e9duire l&#8217;inflammation et \u00e0 favoriser la cicatrisation.<\/p>\n<p>Troisi\u00e8mement, il est important d&#8217;\u00e9viter de fumer ou de boire de l&#8217;alcool, car cela peut retarder la cicatrisation et augmenter le risque de complications.<\/p>\n<p>Enfin, le fait de garder le site d&#8217;incision propre et sec peut aider \u00e0 pr\u00e9venir l&#8217;infection. Il peut s&#8217;agir d&#8217;utiliser une pommade antibiotique et de changer les bandages selon les instructions du chirurgien.<\/p>\n<p>Un autre aspect important de la r\u00e9cup\u00e9ration apr\u00e8s une rhinoplastie est d&#8217;\u00e9viter de porter des lunettes de vue ou de soleil sur le nez pendant un certain temps. Cela peut exercer une pression sur le nez et entraver le processus de gu\u00e9rison. Le chirurgien indiquera g\u00e9n\u00e9ralement \u00e0 quel moment il est possible de recommencer \u00e0 porter des lunettes en toute s\u00e9curit\u00e9.<\/p>\n<p>Si vous devez porter des lunettes, vous pouvez utiliser une pince sp\u00e9ciale ou des lunettes de soleil &#8220;supports de lunettes&#8221; qui se fixe sur la monture des lunettes et se place sur l&#8217;ar\u00eate du nez, \u00e9vitant ainsi toute pression sur le nez.<\/p>\n<p>Il est \u00e9galement important d&#8217;\u00e9viter les activit\u00e9s intenses et le port de charges lourdes pendant un certain temps apr\u00e8s l&#8217;op\u00e9ration, car ces activit\u00e9s peuvent augmenter le flux sanguin vers le visage et provoquer un gonflement et des ecchymoses plus importants.<\/p>\n<p>En g\u00e9n\u00e9ral, il est important d&#8217;\u00eatre patient et de suivre les instructions fournies par le chirurgien pour garantir une bonne cicatrisation et des r\u00e9sultats optimaux.[\/accordion_son][\/accordion_father][\/vc_column][vc_column width=&#8221;1\/2&#8243;][gva_box_video photo=&#8221;4271&#8243; title=&#8221;\u00c9pinoplastie&#8221;]https:\/\/www.youtube.com\/watch?v=wu4DBIb_XVo[\/gva_box_video][vc_empty_space][gva_block_heading title=&#8221;Am\u00e9liorer votre apparence&#8221; align=&#8221;align-left&#8221;]Rhinoplastie, also known as a nose job, is a surgical procedure performed to reshape the nose and improve its appearance. Il s&#8217;agit d&#8217;une intervention populaire qui peut contribuer \u00e0 am\u00e9liorer la sym\u00e9trie du visage, la respiration et la confiance en soi.<\/p>\n<p>L&#8217;un des principaux avantages de la rhinoplastie est la possibilit\u00e9 d&#8217;obtenir une apparence plus \u00e9quilibr\u00e9e et proportionn\u00e9e. La proc\u00e9dure peut \u00eatre utilis\u00e9e pour corriger une vari\u00e9t\u00e9 de probl\u00e8mes, y compris une pointe bulbeuse, un nez tordu, une bosse sur l&#8217;ar\u00eate et une asym\u00e9trie. Elle peut \u00e9galement \u00eatre utilis\u00e9e pour corriger des probl\u00e8mes fonctionnels tels que des difficult\u00e9s respiratoires.<\/p>\n<p>Un autre avantage de la rhinoplastie est qu&#8217;elle peut \u00eatre pratiqu\u00e9e sur des hommes et des femmes de tous \u00e2ges. La proc\u00e9dure est adapt\u00e9e aux besoins et aux objectifs de l&#8217;individu, ce qui en fait une option polyvalente et efficace pour de nombreux patients.<\/p>\n<p>En outre, les progr\u00e8s des techniques chirurgicales ont rendu la proc\u00e9dure plus s\u00fbre et plus pr\u00e9visible, avec des temps de r\u00e9cup\u00e9ration plus courts et des cicatrices moins visibles. De nombreux patients sont en mesure de reprendre leur travail et leurs activit\u00e9s normales dans la semaine ou les deux semaines qui suivent l&#8217;op\u00e9ration.<\/p>\n<p>Dans l&#8217;ensemble, la rhinoplastie peut \u00eatre une excellente option pour les personnes qui souhaitent am\u00e9liorer l&#8217;apparence et la fonction de leur nez. Il est important de consulter un chirurgien exp\u00e9riment\u00e9 pour discuter de l&#8217;intervention, de ses risques et de ses avantages, ainsi que des meilleures options pour obtenir les r\u00e9sultats souhait\u00e9s.[\/gva_block_heading][\/vc_column][\/vc_row][vc_row][vc_column][gva_block_heading title=&#8221;Rhinoplastie&#8221; align=&#8221;align-left&#8221;][\/gva_block_heading][info_list_father liststyle=&#8221;dotted&#8221;][info_list_son imgstyle=&#8221;img-circle&#8221; titleclr=&#8221;#000000&#8243; image_id=&#8221;4496&#8243; title=&#8221;Consultation&#8221;]Le processus de consultation comprend g\u00e9n\u00e9ralement un entretien avec un chirurgien plasticien afin de d\u00e9terminer le r\u00e9sultat souhait\u00e9 et d&#8217;\u00e9valuer si le patient est un bon candidat pour l&#8217;intervention.[\/info_list_son][info_list_son imgstyle=&#8221;img-circle&#8221; titleclr=&#8221;#000000&#8243; image_id=&#8221;4498&#8243; title=&#8221;Plan chirurgical&#8221;]Le plan chirurgical est \u00e9labor\u00e9 au cours de la consultation et sera adapt\u00e9 aux besoins et aux objectifs sp\u00e9cifiques du patient. The steps of a rhinoplasty procedure typically involve the following:[\/info_list_son][info_list_son imgstyle=&#8221;img-circle&#8221; titleclr=&#8221;#000000&#8243; image_id=&#8221;4497&#8243; title=&#8221;Anesth\u00e9sie&#8221;]The patient will be given either general anesthesia, which puts them to sleep during the surgery, or local anesthesia, which numbs the area being operated on.[\/info_list_son][info_list_son imgstyle=&#8221;img-circle&#8221; titleclr=&#8221;#000000&#8243; image_id=&#8221;4499&#8243; title=&#8221;Incision&#8221;]Le chirurgien pratique des incisions \u00e0 l&#8217;int\u00e9rieur du nez (rhinoplastie ferm\u00e9e) ou sur la columelle (rhinoplastie ouverte).[\/info_list_son][info_list_son imgstyle=&#8221;img-circle&#8221; titleclr=&#8221;#000000&#8243; image_id=&#8221;4526&#8243; title=&#8221;Remodelage&#8221;]Le chirurgien remod\u00e8lera ensuite le cartilage et l&#8217;os pour obtenir l&#8217;aspect souhait\u00e9. Il peut s&#8217;agir d&#8217;enlever, d&#8217;ajouter ou de remodeler des tissus.[\/info_list_son][info_list_son imgstyle=&#8221;img-circle&#8221; titleclr=&#8221;#000000&#8243; image_id=&#8221;4499&#8243; title=&#8221;Fermeture de l&#8217;incision&#8221;]Les incisions seront referm\u00e9es \u00e0 l&#8217;aide de sutures ou de ruban chirurgical.[\/info_list_son][info_list_son imgstyle=&#8221;img-circle&#8221; titleclr=&#8221;#000000&#8243; image_id=&#8221;4548&#8243; title=&#8221;Mise en place d&#8217;attelles et d&#8217;emballages&#8221;]Le chirurgien peut placer des attelles \u00e0 l&#8217;int\u00e9rieur du nez et des tampons \u00e0 l&#8217;ext\u00e9rieur du nez pour aider \u00e0 soutenir la nouvelle forme et r\u00e9duire le gonflement.[\/info_list_son][info_list_son imgstyle=&#8221;img-circle&#8221; titleclr=&#8221;#000000&#8243; image_id=&#8221;4261&#8243; title=&#8221;R\u00e9cup\u00e9ration&#8221;]Le patient sera surveill\u00e9 pendant qu&#8217;il se remet de l&#8217;anesth\u00e9sie. Ils recevront des instructions sur la mani\u00e8re de prendre soin d&#8217;eux \u00e0 la maison et sur le moment o\u00f9 ils devront consulter le chirurgien.[\/info_list_son][\/info_list_father][\/vc_column][\/vc_row][vc_row row_space=&#8221;remove_padding_top&#8221;][vc_column width=&#8221;1\/4&#8243;][gva_icon_box title=&#8221;Des soins de premier ordre pour les patients&#8221; icon=&#8221;gv-icon-1271&#8243; description=&#8221;Notre objectif principal est de toujours fournir des soins exceptionnels, une exp\u00e9rience chirurgicale in\u00e9gal\u00e9e et un traitement personnalis\u00e9.&#8221; icon_position=&#8221;top-center v2&#8243; icon_width=&#8221;fa-4x&#8221; icon_color=&#8221;#0000ff&#8221;][\/vc_column][vc_column width=&#8221;1\/4&#8243;][gva_icon_box title=&#8221;Changez votre apparence&#8221; icon=&#8221;gv-icon-1566&#8243; description=&#8221;Am\u00e9liorez votre apparence gr\u00e2ce \u00e0 une rhinoplastie rapproch\u00e9e&#8221; icon_position=&#8221;top-center v2&#8243; icon_width=&#8221;fa-4x&#8221; icon_color=&#8221;#0000ff&#8221;][\/vc_column][vc_column width=&#8221;1\/4&#8243;][gva_icon_box title=&#8221;Am\u00e9liorez votre respiration&#8221; icon=&#8221;gv-icon-381&#8243; description=&#8221;Arr\u00eatez votre probl\u00e8me respiratoire&#8221; icon_position=&#8221;top-center v2&#8243; icon_width=&#8221;fa-4x&#8221; icon_color=&#8221;#0000ff&#8221;][\/vc_column][vc_column width=&#8221;1\/4&#8243;][gva_icon_box title=&#8221;L&#8217;art de la rhinoplastie&#8221; icon=&#8221;gv-icon-848&#8243; description=&#8221;D\u00e9sir de modifier l&#8217;apparence du nez&#8221; icon_position=&#8221;top-center v2&#8243; icon_width=&#8221;fa-4x&#8221; icon_color=&#8221;#0000ff&#8221;][\/vc_column][\/vc_row]<\/p>\n<\/div>","protected":false},"excerpt":{"rendered":"<p>[vc_row row_space=&#8221;remove_padding_bottom&#8221;][vc_column width=&#8221;1\/2&#8243;][gva_block_heading title=&#8221;Rhinoplastie ACHENE Health&#8221; align=&#8221;align-left&#8221;]La rhinoplastie est consid\u00e9r\u00e9e comme l&#8217;une des interventions les plus difficiles de la chirurgie oto-rhino-laryngologique de la t\u00eate et du cou, car elle permet un remodelage esth\u00e9tique et pratique du nez. [\/gva_block_heading][vc_single_image image=&#8221;4488&#8243; img_size=&#8221;full&#8221; alignment=&#8221;right&#8221; style=&#8221;vc_box_rounded&#8221;][gva_icon_box icon_position=&#8221;top-left&#8221; image=&#8221;4394&#8243;][accordion_father activetabbg=&#8221;#994fe2&#8243; activetabclr=&#8221;#ffffff&#8221;][accordion_son title=&#8221;Quels sont les types de rhinoplastie&#8221;]Il existe plusieurs types [&hellip;]<\/p>\n","protected":false},"author":1,"featured_media":4488,"parent":0,"menu_order":0,"comment_status":"closed","ping_status":"closed","template":"","meta":{"footnotes":""},"class_list":["post-4484","page","type-page","status-publish","has-post-thumbnail","hentry"],"_links":{"self":[{"href":"https:\/\/achenehealth.com\/fr\/wp-json\/wp\/v2\/pages\/4484","targetHints":{"allow":["GET"]}}],"collection":[{"href":"https:\/\/achenehealth.com\/fr\/wp-json\/wp\/v2\/pages"}],"about":[{"href":"https:\/\/achenehealth.com\/fr\/wp-json\/wp\/v2\/types\/page"}],"author":[{"embeddable":true,"href":"https:\/\/achenehealth.com\/fr\/wp-json\/wp\/v2\/users\/1"}],"replies":[{"embeddable":true,"href":"https:\/\/achenehealth.com\/fr\/wp-json\/wp\/v2\/comments?post=4484"}],"version-history":[{"count":20,"href":"https:\/\/achenehealth.com\/fr\/wp-json\/wp\/v2\/pages\/4484\/revisions"}],"predecessor-version":[{"id":4789,"href":"https:\/\/achenehealth.com\/fr\/wp-json\/wp\/v2\/pages\/4484\/revisions\/4789"}],"wp:featuredmedia":[{"embeddable":true,"href":"https:\/\/achenehealth.com\/fr\/wp-json\/wp\/v2\/media\/4488"}],"wp:attachment":[{"href":"https:\/\/achenehealth.com\/fr\/wp-json\/wp\/v2\/media?parent=4484"}],"curies":[{"name":"wp","href":"https:\/\/api.w.org\/{rel}","templated":true}]}}