{"id":4558,"date":"2023-01-27T18:32:17","date_gmt":"2023-01-27T15:32:17","guid":{"rendered":"https:\/\/achenehealth.com\/?page_id=4558"},"modified":"2023-11-30T19:45:30","modified_gmt":"2023-11-30T16:45:30","slug":"pourquoi-nous","status":"publish","type":"page","link":"https:\/\/achenehealth.com\/fr\/pourquoi-nous\/","title":{"rendered":"Pourquoi nous"},"content":{"rendered":"<div class=\"wpb-content-wrapper\"><p>[vc_row][vc_column][info_banner_vc use_theme_fonts=&#8221;yes&#8221; image_id=&#8221;4345&#8243; ribbon_text=&#8221;ACHENE&#8221;]<\/p>\n<h2>Votre sant\u00e9, notre priorit\u00e9<\/h2>\n<h2>Faites l&#8217;exp\u00e9rience de soins de sant\u00e9 de classe mondiale avec nous<\/h2>\n<p>Chez ACHENE HEALTH, nous nous engageons \u00e0 fournir \u00e0 nos clients des services et des soins de la plus haute qualit\u00e9. Nous comprenons que la recherche d&#8217;un traitement m\u00e9dical \u00e0 l&#8217;\u00e9tranger peut \u00eatre une exp\u00e9rience d\u00e9courageante, c&#8217;est pourquoi nous nous engageons \u00e0 fournir les meilleures options et le meilleur soutien pour garantir un processus transparent et sans stress.<\/p>\n<p>Nous travaillons en \u00e9troite collaboration avec des \u00e9tablissements et des prestataires m\u00e9dicaux r\u00e9put\u00e9s et accr\u00e9dit\u00e9s, offrant une gamme de traitements et de proc\u00e9dures r\u00e9pondant \u00e0 tous les besoins. Notre \u00e9quipe se consacre \u00e0 fournir un service et un soutien personnalis\u00e9s, de la consultation initiale au suivi.<\/p>\n<p>Nous croyons en la transparence et l&#8217;honn\u00eatet\u00e9 et nous nous effor\u00e7ons de fournir \u00e0 nos clients des informations pr\u00e9cises et d\u00e9taill\u00e9es pour les aider \u00e0 prendre des d\u00e9cisions \u00e9clair\u00e9es. Nous proposons \u00e9galement des services de traduction, une assistance voyage et une \u00e9quipe d\u00e9di\u00e9e au service client\u00e8le afin de garantir \u00e0 nos clients la meilleure exp\u00e9rience possible.<\/p>\n<p>Notre objectif est de nous positionner comme une agence digne de confiance et fiable Nous recueillons et analysons en permanence les commentaires de nos clients afin d&#8217;am\u00e9liorer notre service et de maintenir un niveau \u00e9lev\u00e9 de satisfaction de la client\u00e8le.<\/p>\n<p>Merci d&#8217;avoir choisi ACHENE HEALTH pour vos besoins de sant\u00e9. Nous sommes impatients de vous aider \u00e0 obtenir les meilleurs r\u00e9sultats possibles et \u00e0 vivre une exp\u00e9rience positive.[\/info_banner_vc][\/vc_column][\/vc_row][vc_row row_space=&#8221;remove_padding_top&#8221;][vc_column width=&#8221;1\/4&#8243;][gva_box_color title=&#8221;H\u00f4pitaux&#8221; image=&#8221;4563&#8243;]ACHENE HEALTH est fi\u00e8re d&#8217;offrir \u00e0 ses patients l&#8217;acc\u00e8s \u00e0 certains des h\u00f4pitaux les plus accr\u00e9dit\u00e9s et les plus r\u00e9put\u00e9s au monde. Notre r\u00e9seau d&#8217;h\u00f4pitaux partenaires r\u00e9pond aux normes les plus strictes en mati\u00e8re de qualit\u00e9 et de s\u00e9curit\u00e9. Ces \u00e9tablissements sont dot\u00e9s de professionnels de la sant\u00e9 parmi les plus comp\u00e9tents et les plus exp\u00e9riment\u00e9s et sont \u00e9quip\u00e9s des technologies les plus r\u00e9centes et d&#8217;un mat\u00e9riel de pointe.<\/p>\n<p>En outre, nos partenaires hospitaliers sont accr\u00e9dit\u00e9s par des organisations internationalement reconnues telles que la Joint Commission International (JCI), l&#8217;Organisation internationale de normalisation (ISO) et d&#8217;autres.<\/p>\n<p>Nous nous engageons \u00e0 fournir le plus haut niveau de soins et de services \u00e0 nos patients.[\/gva_box_color][\/vc_column][vc_column width=&#8221;1\/4&#8243;][gva_box_color title=&#8221;Communication&#8221; image=&#8221;4564&#8243;]Chez ACHENE HEALTH, nous comprenons que la communication est un aspect important de l&#8217;exp\u00e9rience des soins de sant\u00e9, en particulier pour les patients internationaux. C&#8217;est pourquoi nous proposons des services de traduction professionnelle dans un grand nombre de langues, notamment l&#8217;arabe, l&#8217;anglais, le russe, l&#8217;allemand et le g\u00e9orgien. Notre \u00e9quipe de traducteurs exp\u00e9riment\u00e9s a pour mission de veiller \u00e0 ce que vous ayez acc\u00e8s \u00e0 une communication pr\u00e9cise et fiable avec votre prestataire de soins de sant\u00e9 et notre personnel. Nous pouvons fournir des services de traduction pour les rendez-vous m\u00e9dicaux, les consultations et autres communications importantes. Notre objectif est de faire en sorte que votre s\u00e9jour chez nous soit le plus confortable et le moins stressant possible, et nous pensons que la capacit\u00e9 \u00e0 communiquer efficacement est un \u00e9l\u00e9ment essentiel de cette exp\u00e9rience.[\/gva_box_color][\/vc_column][vc_column width=&#8221;1\/4&#8243;][gva_box_color title=&#8221;H\u00e9bergement&#8221; image=&#8221;4565&#8243;]Chez ACHENE HEALTH, nous pensons qu&#8217;un environnement confortable et accueillant est un \u00e9l\u00e9ment essentiel du processus de gu\u00e9rison. C&#8217;est pourquoi nous proposons \u00e0 nos patients du tourisme de sant\u00e9 un large \u00e9ventail d&#8217;options d&#8217;h\u00e9bergement, toutes con\u00e7ues pour leur offrir le plus haut niveau de confort et d&#8217;hospitalit\u00e9. Que vous ayez besoin d&#8217;une chambre ou d&#8217;une suite priv\u00e9e, ou d&#8217;une option plus \u00e9conomique, nous avons ce qu&#8217;il faut pour r\u00e9pondre \u00e0 tous les besoins et \u00e0 tous les budgets. Nos logements sont id\u00e9alement situ\u00e9s \u00e0 proximit\u00e9 de l&#8217;h\u00f4pital et sont dot\u00e9s d&#8217;\u00e9quipements et de services modernes pour rendre votre s\u00e9jour aussi agr\u00e9able que possible. Notre \u00e9quipe se consacre \u00e0 vous offrir une exp\u00e9rience chaleureuse et accueillante, et nous sommes toujours disponibles pour vous aider \u00e0 r\u00e9pondre \u00e0 vos demandes ou \u00e0 vos pr\u00e9occupations.[\/gva_box_color][\/vc_column][vc_column width=&#8221;1\/4&#8243;][gva_box_color title=&#8221;Transport&#8221; image=&#8221;4566&#8243;]Chez ACHENE HEALTH, nous comprenons l&#8217;importance d&#8217;une exp\u00e9rience de transport fluide et sans stress pour nos patients du tourisme de sant\u00e9. C&#8217;est pourquoi nous proposons un service pratique et fiable de transfert de l&#8217;a\u00e9roport \u00e0 l&#8217;h\u00f4pital. Nos chauffeurs exp\u00e9riment\u00e9s connaissent bien la r\u00e9gion et veilleront \u00e0 ce que vous arriviez \u00e0 destination en toute s\u00e9curit\u00e9 et \u00e0 l&#8217;heure. Pour votre confort et votre tranquillit\u00e9 d&#8217;esprit, tous nos v\u00e9hicules sont r\u00e9guli\u00e8rement nettoy\u00e9s et \u00e9quip\u00e9s de tous les dispositifs de s\u00e9curit\u00e9 n\u00e9cessaires. Laissez-nous nous occuper de vos besoins en mati\u00e8re de transport pendant que vous vous concentrez sur votre r\u00e9tablissement. Contactez-nous d\u00e8s aujourd&#8217;hui pour organiser votre transfert a\u00e9roportuaire.[\/gva_box_color][\/vc_column][\/vc_row][vc_row row_space=&#8221;remove_padding_top&#8221;][vc_column][vc_wp_text]<button class=\"wappointment_widget\" style=\"display:none\" data-popup=\"1\" data-button-title=\"Rendez-vous en ligne\">Rendez-vous en ligne<\/button>[\/vc_wp_text][info_banner_vc use_theme_fonts=&#8221;yes&#8221; image_id=&#8221;4345&#8243; ribbon_text=&#8221;ACHENE&#8221;]<\/p>\n<h2 style=\"text-align: center;\">Forfait tout compris<\/h2>\n<h4 style=\"text-align: center;\">Notre objectif est de fournir \u00e0 nos patients le plus haut niveau de soins et de services, et nos forfaits tout compris sont con\u00e7us \u00e0 cet effet. Contactez-nous d\u00e8s aujourd&#8217;hui pour en savoir plus et pour personnaliser une offre adapt\u00e9e \u00e0 vos besoins.<\/h4>\n<p>[\/info_banner_vc][\/vc_column][\/vc_row][vc_row row_space=&#8221;remove_padding_top&#8221;][vc_column width=&#8221;1\/2&#8243;][info_list_father liststyle=&#8221;inset&#8221;][info_list_son style=&#8221;icon&#8221; titleclr=&#8221;#000000&#8243; title=&#8221;H\u00e9bergement&#8221; icon=&#8221;fas fa-hotel&#8221; iconclr=&#8221;#ffffff&#8221; iconbg=&#8221;#dd3333&#8243;]Vous avez le choix entre des options d&#8217;h\u00e9bergement confortables et bien situ\u00e9es, allant de la chambre priv\u00e9e \u00e0 la suite.[\/info_list_son][info_list_son style=&#8221;icon&#8221; titleclr=&#8221;#000000&#8243; title=&#8221;Prise en charge et d\u00e9p\u00f4t \u00e0 l&#8217;a\u00e9roport&#8221; iconclr=&#8221;#ffffff&#8221; iconbg=&#8221;#dd3333&#8243; icon=&#8221;fas fa-car&#8221;]Transport pratique et fiable vers et depuis l&#8217;a\u00e9roport, avec des chauffeurs exp\u00e9riment\u00e9s et des v\u00e9hicules r\u00e9guli\u00e8rement nettoy\u00e9s.[\/info_list_son][info_list_son style=&#8221;icon&#8221; titleclr=&#8221;#000000&#8243; title=&#8221;Traduction&#8221; iconclr=&#8221;#ffffff&#8221; iconbg=&#8221;#dd3333&#8243; icon=&#8221;fas fa-language&#8221;]Nous disposons d&#8217;une \u00e9quipe de traducteurs et d&#8217;interpr\u00e8tes professionnels exp\u00e9riment\u00e9s dans le domaine m\u00e9dical.[\/info_list_son][info_list_son style=&#8221;icon&#8221; titleclr=&#8221;#000000&#8243; title=&#8221;Hospitalisation&#8221; icon=&#8221;far fa-hospital&#8221; iconclr=&#8221;#ffffff&#8221; iconbg=&#8221;#dd3333&#8243;]Acc\u00e8s \u00e0 certains des h\u00f4pitaux les plus accr\u00e9dit\u00e9s et les plus r\u00e9put\u00e9s au monde, dot\u00e9s de professionnels de la sant\u00e9 exp\u00e9riment\u00e9s et \u00e9quip\u00e9s des technologies les plus r\u00e9centes.[\/info_list_son][\/info_list_father][\/vc_column][vc_column width=&#8221;1\/2&#8243;][info_list_father theme=&#8221;right&#8221; liststyle=&#8221;inset&#8221;][info_list_son style=&#8221;icon&#8221; titleclr=&#8221;#000000&#8243; title=&#8221;Consultation pr\u00e9op\u00e9ratoire&#8221; icon=&#8221;fas fa-stethoscope&#8221; iconclr=&#8221;#ffffff&#8221; iconbg=&#8221;#dd3333&#8243;]Une consultation personnalis\u00e9e par des membres de l&#8217;\u00e9quipe professionnelle pour \u00e9valuer votre \u00e9tat de sant\u00e9.[\/info_list_son][info_list_son style=&#8221;icon&#8221; titleclr=&#8221;#000000&#8243; title=&#8221;Travaux de laboratoire pr\u00e9op\u00e9ratoires&#8221; icon=&#8221;fas fa-vial&#8221; iconclr=&#8221;#ffffff&#8221; iconbg=&#8221;#dd3333&#8243;]Tous les tests et \u00e9valuations n\u00e9cessaires avant l&#8217;intervention chirurgicale, tels que d\u00e9termin\u00e9s par votre prestataire de soins de sant\u00e9.[\/info_list_son][info_list_son style=&#8221;icon&#8221; titleclr=&#8221;#000000&#8243; title=&#8221;Chirurgie&#8221; icon=&#8221;fas fa-cut&#8221; iconclr=&#8221;#ffffff&#8221; iconbg=&#8221;#dd3333&#8243;]L&#8217;intervention chirurgicale, telle que d\u00e9termin\u00e9e par votre prestataire de soins, r\u00e9alis\u00e9e par des chirurgiens hautement qualifi\u00e9s et exp\u00e9riment\u00e9s.[\/info_list_son][info_list_son style=&#8221;icon&#8221; titleclr=&#8221;#000000&#8243; title=&#8221;M\u00e9dicaments post-chirurgicaux&#8221; icon=&#8221;fas fa-hand-peace&#8221; iconclr=&#8221;#ffffff&#8221; iconbg=&#8221;#dd3333&#8243;]Tous les m\u00e9dicaments et traitements n\u00e9cessaires \u00e0 la suite de l&#8217;intervention chirurgicale, tels que d\u00e9termin\u00e9s par votre prestataire de soins de sant\u00e9.[\/info_list_son][\/info_list_father][\/vc_column][\/vc_row][vc_row row_space=&#8221;remove_padding_bottom&#8221;][vc_column][gva_block_heading title=&#8221;H\u00f4pitaux partenaires&#8221;][\/gva_block_heading][\/vc_column][\/vc_row][vc_row row_space=&#8221;remove_padding_top&#8221;][vc_column width=&#8221;1\/2&#8243;][gva_partners photo=&#8221;4929&#8243; link=&#8221;https:\/\/www.medicalpark.com.tr&#8221; title=&#8221;Medicalpark Group&#8221;]Le groupe Medicalpark est l&#8217;un des principaux fournisseurs priv\u00e9s de soins de sant\u00e9 en Turquie. Elle exploite un r\u00e9seau d&#8217;h\u00f4pitaux et de centres m\u00e9dicaux dans tout le pays, offrant une large gamme de services et de traitements m\u00e9dicaux. Le groupe a \u00e9t\u00e9 fond\u00e9 en 1999 et s&#8217;est d\u00e9velopp\u00e9 pour inclure plusieurs sites dans les grandes villes comme Istanbul, Ankara, Samsun et Antalya. Le groupe Parc m\u00e9dical est r\u00e9put\u00e9 pour sa technologie de pointe et son personnel m\u00e9dical hautement qualifi\u00e9 Il est accr\u00e9dit\u00e9 par des organisations internationales telles que la Joint Commission International (JCI). Le groupe dispose d&#8217;un service international pour les patients qui offre des services aux patients du monde entier.[\/gva_partners][gva_partners photo=&#8221;4900&#8243; link=&#8221;https:\/\/medibafra.com.tr\/&#8221; title=&#8221;Medicana Health Group&#8221;]Le groupe Medicana Health a commenc\u00e9 \u00e0 servir en 1992 avec son personnel exp\u00e9riment\u00e9 et expert, son approche de service orient\u00e9e vers la satisfaction du patient qui fait la diff\u00e9rence dans le secteur de la sant\u00e9. Le groupe Medicana Health fournit des services de sant\u00e9 \u00e0 ses patients dans 14 h\u00f4pitaux r\u00e9partis dans 7 provinces de Turquie, \u00e0 savoir Istanbul, Ankara, Izmir, Konya, Samsun, Sivas et Bursa.[\/gva_partners][gva_partners photo=&#8221;4901&#8243; link=&#8221;https:\/\/medibafra.com.tr\/&#8221; title=&#8221;Medi Bafra Hospital&#8221;]L&#8217;h\u00f4pital Private Medi Bafra a \u00e9t\u00e9 cr\u00e9\u00e9 le 10 ao\u00fbt 2009, avec pour objectif principal d&#8217;am\u00e9liorer la qualit\u00e9 des soins de sant\u00e9 fournis aux patients. L&#8217;h\u00f4pital dispose de 153 lits pour les traitements ambulatoires et hospitaliers et s&#8217;engage \u00e0 travailler \u00e0 l&#8217;am\u00e9lioration de la sant\u00e9 des patients. [\/gva_partners][\/vc_column][vc_column width=&#8221;1\/2&#8243;][gva_partners photo=&#8221;4930&#8243; link=&#8221;https:\/\/www.livhospital.com&#8221; title=&#8221;Liv Hospital&#8221;]L&#8217;h\u00f4pital Liv porte le nom de la &#8220;Une vision internationale de premier plan&#8221;. H\u00f4pital Liv est un groupe d&#8217;\u00e9tablissements de sant\u00e9 priv\u00e9s en Turquie. Elle offre une large gamme de services m\u00e9dicaux, notamment la chirurgie g\u00e9n\u00e9rale, la cardiologie, l&#8217;orthop\u00e9die, la neurologie et l&#8217;oncologie, entre autres. Le groupe hospitalier a \u00e9t\u00e9 fond\u00e9 en 2011 et s&#8217;est depuis d\u00e9velopp\u00e9 pour inclure plusieurs sites \u00e0 travers la Turquie, y compris Istanbul, Ankara, Izmir et Samsun. L&#8217;h\u00f4pital Liv est r\u00e9put\u00e9 pour sa technologie de pointe et son personnel m\u00e9dical hautement qualifi\u00e9. Le groupe hospitalier est accr\u00e9dit\u00e9 par le JCI et travaille avec un d\u00e9partement de patients internationaux. Il est consid\u00e9r\u00e9 comme l&#8217;un des meilleurs h\u00f4pitaux priv\u00e9s de Turquie et offre une large gamme de services m\u00e9dicaux aux patients locaux et internationaux.[\/gva_partners][gva_partners photo=&#8221;4879&#8243; link=&#8221;https:\/\/www.buyukanadoluhastanesi.com\/&#8221; title=&#8221;B\u00fcy\u00fck Anadolu Hospitals&#8221;]B\u00fcy\u00fck Anadolu Sa\u011fl\u0131k Grubu s&#8217;enorgueillit de ses 27 ann\u00e9es d&#8217;exp\u00e9rience dans la prestation de services de sant\u00e9. Il fournit des services de sant\u00e9 sp\u00e9cialis\u00e9s. L&#8217;engagement de l&#8217;h\u00f4pital \u00e0 assurer la satisfaction des patients, \u00e0 r\u00e9soudre leurs probl\u00e8mes de sant\u00e9 dans les plus brefs d\u00e9lais, \u00e0 r\u00e9pondre \u00e0 toutes les exigences l\u00e9gales et \u00e0 fournir des services de sant\u00e9 avec une \u00e9quipe m\u00e9dicale qualifi\u00e9e est in\u00e9branlable. Avec deux h\u00f4pitaux \u00e0 Samsun et deux \u00e0 Dar\u0131ca, l[\/gva_partners][gva_partners photo=&#8221;4880&#8243; link=&#8221;https:\/\/medibafra.com.tr\/&#8221; title=&#8221;FBM Clinique d&#8217;esth\u00e9tique&#8221;]La clinique esth\u00e9tique FBM est au service depuis 2005 avec son personnel exp\u00e9riment\u00e9 dans les domaines de la chirurgie plastique, de la greffe de cheveux, de la rhinoplastie, de la mammoplastie, du rajeunissement facial non chirurgical sous la direction du professeur associ\u00e9 Dr Hayati Akba\u015f.[\/gva_partners][\/vc_column][\/vc_row][vc_row][vc_column][gva_brands style=&#8221;style-2&#8243; items_lg=&#8221;4&#8243; items_md=&#8221;3&#8243; items_sm=&#8221;2&#8243; items_xs=&#8221;2&#8243;][\/vc_column][\/vc_row]<\/p>\n<\/div>","protected":false},"excerpt":{"rendered":"<p>[vc_row][vc_column][info_banner_vc use_theme_fonts=&#8221;yes&#8221; image_id=&#8221;4345&#8243; ribbon_text=&#8221;ACHENE&#8221;] Votre sant\u00e9, notre priorit\u00e9 Faites l&#8217;exp\u00e9rience de soins de sant\u00e9 de classe mondiale avec nous Chez ACHENE HEALTH, nous nous engageons \u00e0 fournir \u00e0 nos clients des services et des soins de la plus haute qualit\u00e9. Nous comprenons que la recherche d&#8217;un traitement m\u00e9dical \u00e0 l&#8217;\u00e9tranger peut \u00eatre une exp\u00e9rience d\u00e9courageante, [&hellip;]<\/p>\n","protected":false},"author":1,"featured_media":4623,"parent":0,"menu_order":0,"comment_status":"closed","ping_status":"closed","template":"","meta":{"footnotes":""},"class_list":["post-4558","page","type-page","status-publish","has-post-thumbnail","hentry"],"_links":{"self":[{"href":"https:\/\/achenehealth.com\/fr\/wp-json\/wp\/v2\/pages\/4558","targetHints":{"allow":["GET"]}}],"collection":[{"href":"https:\/\/achenehealth.com\/fr\/wp-json\/wp\/v2\/pages"}],"about":[{"href":"https:\/\/achenehealth.com\/fr\/wp-json\/wp\/v2\/types\/page"}],"author":[{"embeddable":true,"href":"https:\/\/achenehealth.com\/fr\/wp-json\/wp\/v2\/users\/1"}],"replies":[{"embeddable":true,"href":"https:\/\/achenehealth.com\/fr\/wp-json\/wp\/v2\/comments?post=4558"}],"version-history":[{"count":39,"href":"https:\/\/achenehealth.com\/fr\/wp-json\/wp\/v2\/pages\/4558\/revisions"}],"predecessor-version":[{"id":4608,"href":"https:\/\/achenehealth.com\/fr\/wp-json\/wp\/v2\/pages\/4558\/revisions\/4608"}],"wp:featuredmedia":[{"embeddable":true,"href":"https:\/\/achenehealth.com\/fr\/wp-json\/wp\/v2\/media\/4623"}],"wp:attachment":[{"href":"https:\/\/achenehealth.com\/fr\/wp-json\/wp\/v2\/media?parent=4558"}],"curies":[{"name":"wp","href":"https:\/\/api.w.org\/{rel}","templated":true}]}}