{"id":610,"date":"2016-03-07T03:10:46","date_gmt":"2016-03-07T00:10:46","guid":{"rendered":"https:\/\/themesgavias.com\/wp\/kunco\/?page_id=610"},"modified":"2025-03-08T20:20:27","modified_gmt":"2025-03-08T17:20:27","slug":"a-propos-de","status":"publish","type":"page","link":"https:\/\/achenehealth.com\/fr\/a-propos-de\/","title":{"rendered":"A propos de"},"content":{"rendered":"<div class=\"wpb-content-wrapper\">[vc_row row_space=&#8221;remove_padding_top&#8221;][vc_column width=&#8221;1\/3&#8243;][gva_icon_box title=&#8221;Ach\u00e8ne&#8221; description=&#8221;ACHENE est un petit fruit \u00e0 une seule graine. Le terme ach\u00e8ne est souvent utilis\u00e9 pour symboliser le d\u00e9but de la vie. Le nom de l&#8217;entreprise ACHENE est \u00e9galement l&#8217;acronyme des mots &#8220;activit\u00e9&#8220;, &#8220;sant\u00e9&#8220; et &#8220;r\u00e9seau&#8220;. Le concept d&#8217;ach\u00e8ne repr\u00e9sente l&#8217;id\u00e9e de promouvoir un mode de vie sain et d&#8217;\u00eatre l\u00e0 pour soutenir les individus dans leur cheminement vers le bien-\u00eatre.&#8221; icon_position=&#8221;top-center v2&#8243; icon_width=&#8221;fa-2x&#8221; image=&#8221;4345&#8243;][\/vc_column][vc_column width=&#8221;1\/3&#8243;][gva_icon_box title=&#8221;La mission&#8221; description=&#8221;La mission de l&#8217;agence de sant\u00e9 et de voyage ACHENE est de fournir des services de sant\u00e9 et de voyage exceptionnels \u00e0 ses clients, en veillant \u00e0 leur confort et \u00e0 leur bien-\u00eatre tout en encourageant un tourisme responsable et durable. Nous nous effor\u00e7ons de cr\u00e9er des exp\u00e9riences personnalis\u00e9es et m\u00e9morables, gr\u00e2ce \u00e0 notre engagement en faveur de l&#8217;excellence et \u00e0 notre souci du d\u00e9tail.&#8221; icon_position=&#8221;top-center v2&#8243; icon_width=&#8221;fa-2x&#8221; image=&#8221;4728&#8243;][\/vc_column][vc_column width=&#8221;1\/3&#8243;][gva_icon_box title=&#8221;Vision&#8221; description=&#8221;La vision d&#8217;ACHENE Health and Travel Agency est de devenir le premier fournisseur de solutions compl\u00e8tes en mati\u00e8re de sant\u00e9 et de voyage, en r\u00e9volutionnant la fa\u00e7on dont les gens vivent la sant\u00e9 et le voyage. Notre objectif est d&#8217;inspirer, d&#8217;\u00e9duquer et d&#8217;habiliter nos clients \u00e0 mener une vie plus saine et plus \u00e9panouissante tout en explorant le monde d&#8217;une mani\u00e8re durable et responsable.&#8221; icon_position=&#8221;top-center v2&#8243; icon_width=&#8221;fa-2x&#8221; image=&#8221;4729&#8243;][\/vc_column][\/vc_row][vc_row row_space=&#8221;remove_padding_top&#8221;][vc_column][info_banner_vc use_theme_fonts=&#8221;yes&#8221; ribbon_text=&#8221;ach\u00e8ne&#8221;]\r\n<h2>Chez Ach\u00e8ne Health, nous croyons en :<\/h2>\r\n<ol>\r\n \t<li style=\"text-align: left;\">Offrir un service \u00e0 la client\u00e8le hors pair &#8211; Nous nous surpassons pour nous assurer que nos clients re\u00e7oivent les soins et l&#8217;attention qu&#8217;ils m\u00e9ritent.<\/li>\r\n \t<li style=\"text-align: left;\">Cr\u00e9er des exp\u00e9riences sur mesure &#8211; Nous comprenons que chaque client est unique et nous nous effor\u00e7ons de cr\u00e9er des solutions de sant\u00e9 et de voyage personnalis\u00e9es pour r\u00e9pondre \u00e0 leurs besoins individuels.<\/li>\r\n \t<li style=\"text-align: left;\">Promouvoir un mode de vie sain &#8211; Nous croyons au pouvoir transformateur des voyages et nous nous effor\u00e7ons d&#8217;inspirer et d&#8217;\u00e9duquer nos clients pour qu&#8217;ils m\u00e8nent une vie plus saine et plus \u00e9panouissante.<\/li>\r\n \t<li style=\"text-align: left;\">L&#8217;innovation &#8211; Nous explorons en permanence de nouvelles technologies et solutions pour am\u00e9liorer la sant\u00e9 de nos clients.<\/li>\r\n<\/ol>\r\n<p style=\"text-align: left;\">Notre mission, notre vision et nos valeurs guident tout ce que nous faisons et nous rappellent l&#8217;impact que nous pouvons avoir sur la vie de ceux que nous servons.<\/p>\r\n[\/info_banner_vc][\/vc_column][\/vc_row][vc_row row_space=&#8221;remove_padding_top&#8221;][vc_column width=&#8221;1\/3&#8243;][gva_box_color text_style=&#8221;white&#8221; title=&#8221;Prendre un rendez-vous gratuit&#8221; color=&#8221;#1e73be&#8221; image=&#8221;4240&#8243;]\r\n<p style=\"text-align: left;\">ACHENE HEALTH<\/p>\r\n<p style=\"text-align: left;\">Vous souhaitez plus d&#8217;informations? Il vous suffit alors de prendre un rendez-vous rapide et gratuit pour que nous puissions discuter avec vous de votre th\u00e9rapie individuelle par WhatsApp, Google Meet ou Skype.<\/p>\r\n<p style=\"text-align: left;\">Cliquez sur le bouton ci-dessous et nous vous contacterons.<\/p>\r\n[\/gva_box_color][vc_column_text]\r\n\r\n<button class=\"wappointment_widget\" style=\"display:none\" data-popup=\"1\" data-button-title=\"R\u00e9server\">R\u00e9server<\/button>\r\n\r\n[\/vc_column_text][\/vc_column][vc_column width=&#8221;1\/3&#8243;][gva_block_heading title=&#8221;Nous \u00e9crire&#8221; icon=&#8221;gv-icon-220&#8243; align=&#8221;align-left&#8221;]Toutes les demandes sont les bienvenues, qu&#8217;il s&#8217;agisse de questions sur les proc\u00e9dures d&#8217;exploitation ou de d\u00e9pannage avanc\u00e9. Contactez-nous d\u00e8s aujourd&#8217;hui.[\/gva_block_heading]\n<div class=\"wpcf7 no-js\" id=\"wpcf7-f6-o1\" lang=\"tr-TR\" dir=\"ltr\" data-wpcf7-id=\"6\">\n<div class=\"screen-reader-response\"><p role=\"status\" aria-live=\"polite\" aria-atomic=\"true\"><\/p> <ul><\/ul><\/div>\n<form action=\"\/fr\/wp-json\/wp\/v2\/pages\/610#wpcf7-f6-o1\" method=\"post\" class=\"wpcf7-form init\" aria-label=\"\u0130leti\u015fim Formu\" enctype=\"multipart\/form-data\" novalidate=\"novalidate\" data-status=\"init\">\n<fieldset class=\"hidden-fields-container\"><input type=\"hidden\" name=\"_wpcf7\" value=\"6\" \/><input type=\"hidden\" name=\"_wpcf7_version\" value=\"6.1.5\" \/><input type=\"hidden\" name=\"_wpcf7_locale\" value=\"tr_TR\" \/><input type=\"hidden\" name=\"_wpcf7_unit_tag\" value=\"wpcf7-f6-o1\" \/><input type=\"hidden\" name=\"_wpcf7_container_post\" value=\"0\" \/><input type=\"hidden\" name=\"_wpcf7_posted_data_hash\" value=\"\" \/>\n<\/fieldset>\n<p><label> Votre nom*<br \/>\n<span class=\"wpcf7-form-control-wrap\" data-name=\"your-name\"><input size=\"40\" maxlength=\"400\" class=\"wpcf7-form-control wpcf7-text wpcf7-validates-as-required\" autocomplete=\"name\" aria-required=\"true\" aria-invalid=\"false\" value=\"\" type=\"text\" name=\"your-name\" \/><\/span> <\/label>\n<\/p>\n<p><label> Votre email*<br \/>\n<span class=\"wpcf7-form-control-wrap\" data-name=\"your-email\"><input size=\"40\" maxlength=\"400\" class=\"wpcf7-form-control wpcf7-email wpcf7-validates-as-required wpcf7-text wpcf7-validates-as-email\" autocomplete=\"email\" aria-required=\"true\" aria-invalid=\"false\" value=\"\" type=\"email\" name=\"your-email\" \/><\/span> <\/label><br \/>\n<label> Sujet<br \/>\n<span class=\"wpcf7-form-control-wrap\" data-name=\"your-subject\"><input size=\"40\" maxlength=\"400\" class=\"wpcf7-form-control wpcf7-text wpcf7-validates-as-required\" aria-required=\"true\" aria-invalid=\"false\" value=\"\" type=\"text\" name=\"your-subject\" \/><\/span> <\/label><br \/>\n<label> Langue<br \/>\n<span class=\"wpcf7-form-control-wrap\" data-name=\"your-language\"><input size=\"40\" maxlength=\"400\" class=\"wpcf7-form-control wpcf7-text\" aria-invalid=\"false\" value=\"\" type=\"text\" name=\"your-language\" \/><\/span> <\/label><br \/>\n<label> Votre message*<br \/>\n<span class=\"wpcf7-form-control-wrap\" data-name=\"your-message\"><textarea cols=\"40\" rows=\"10\" maxlength=\"2000\" class=\"wpcf7-form-control wpcf7-textarea wpcf7-validates-as-required\" aria-required=\"true\" aria-invalid=\"false\" name=\"your-message\"><\/textarea><\/span> <\/label><br \/>\n<span class=\"wpcf7-form-control-wrap\" data-name=\"file-350\"><input size=\"40\" class=\"wpcf7-form-control wpcf7-file\" accept=\"audio\/*,video\/*,image\/*\" aria-invalid=\"false\" type=\"file\" name=\"file-350\" \/><\/span>\n<\/p>\n<p><input class=\"wpcf7-form-control wpcf7-submit has-spinner\" type=\"submit\" value=\"Soumission\" \/>\n<\/p><p style=\"display: none !important;\" class=\"akismet-fields-container\" data-prefix=\"_wpcf7_ak_\"><label>&#916;<textarea name=\"_wpcf7_ak_hp_textarea\" cols=\"45\" rows=\"8\" maxlength=\"100\"><\/textarea><\/label><input type=\"hidden\" id=\"ak_js_1\" name=\"_wpcf7_ak_js\" value=\"32\"\/><script>document.getElementById( \"ak_js_1\" ).setAttribute( \"value\", ( new Date() ).getTime() );<\/script><\/p><div class=\"wpcf7-response-output\" aria-hidden=\"true\"><\/div>\n<\/form>\n<\/div>\n[\/vc_column][vc_column width=&#8221;1\/3&#8243;][gva_block_heading title=&#8221;Bureau principal&#8221; align=&#8221;align-left&#8221;][\/gva_block_heading][gva_contact_info photo=&#8221;954&#8243; address=&#8221;Mimarsinan Mah. 160. Sok. \u00d6z\u00e7ak\u0131r Apt. No:22, Kat 1, D:4, 55200 Atakum\/Samsun, T\u00fcrkiye&#8221; phone=&#8221;+90 540 240 01 55&#8243; email=&#8221;consult@ach\u00e8nehealth.com&#8221; website=&#8221;https:\/\/ach\u00e8nehealth.com&#8221;][vc_empty_space][gva_block_heading title=&#8221;Liens sociaux&#8221; align=&#8221;align-left&#8221;][\/gva_block_heading][gva_social_links el_class=&#8221;icons-align-left&#8221;][vc_single_image image=&#8221;4816&#8243; img_size=&#8221;full&#8221;][vc_column_text css=&#8221;&#8221;]L&#8217;agence de voyage Achene Health Tourism est membre de l&#8217;Association des agences de voyage turques (T\u00dcRSAB). <span class=\"Y2IQFc\" lang=\"fr\">Belge non. <\/span>16028[\/vc_column_text][vc_single_image image=&#8221;5000&#8243; img_size=&#8221;full&#8221; css=&#8221;&#8221;][\/vc_column][\/vc_row][vc_row row_space=&#8221;remove_padding_top&#8221; isfullwidth=&#8221;0&#8243;][vc_column][vc_gmaps link=&#8221;#E-8_JTNDaWZyYW1lJTIwc3JjJTNEJTIyaHR0cHMlM0ElMkYlMkZ3d3cuZ29vZ2xlLmNvbSUyRm1hcHMlMkZlbWJlZCUzRnBiJTNEJTIxMW0xNCUyMTFtOCUyMTFtMyUyMTFkMTI1OS42MDAyNTI3MDUyNTY1JTIxMmQzNi4yNzIwOTIyMTI4NTc0NDQlMjEzZDQxLjMzMzg0OTY3ODYzMDIxNiUyMTNtMiUyMTFpMTAyNCUyMTJpNzY4JTIxNGYxMy4xJTIxM20zJTIxMW0yJTIxMXMweDAlMjUzQTB4MmE0NTFlMTBjZGUzNzBhNCUyMTJzQWNoZW5lJTI1MjBIZWFsdGglMjE1ZTAlMjEzbTIlMjExc3RyJTIxMnN0ciUyMTR2MTY3NDU1NTAwNTg1OSUyMTVtMiUyMTFzdHIlMjEyc3RyJTIyJTIwd2lkdGglM0QlMjI2MDAlMjIlMjBoZWlnaHQlM0QlMjI0NTAlMjIlMjBzdHlsZSUzRCUyMmJvcmRlciUzQTAlM0IlMjIlMjBhbGxvd2Z1bGxzY3JlZW4lM0QlMjIlMjIlMjBsb2FkaW5nJTNEJTIybGF6eSUyMiUyMHJlZmVycmVycG9saWN5JTNEJTIybm8tcmVmZXJyZXItd2hlbi1kb3duZ3JhZGUlMjIlM0UlM0MlMkZpZnJhbWUlM0U=&#8221; size=&#8221;450&#8243; css=&#8221;.vc_custom_1674555029527{padding-top: 50px !important;padding-bottom: 50px !important;}&#8221;][\/vc_column][\/vc_row]<!-- \/wp:post-content --><\/div>","protected":false},"excerpt":{"rendered":"<p>[vc_row row_space=&#8221;remove_padding_top&#8221;][vc_column width=&#8221;1\/3&#8243;][gva_icon_box title=&#8221;Ach\u00e8ne&#8221; description=&#8221;ACHENE est un petit fruit \u00e0 une seule graine. Le terme ach\u00e8ne est souvent utilis\u00e9 pour symboliser le d\u00e9but de la vie. Le nom de l&#8217;entreprise ACHENE est \u00e9galement l&#8217;acronyme des mots &#8220;activit\u00e9&#8220;, &#8220;sant\u00e9&#8220; et &#8220;r\u00e9seau&#8220;. Le concept d&#8217;ach\u00e8ne repr\u00e9sente l&#8217;id\u00e9e de promouvoir un mode de vie sain et d&#8217;\u00eatre l\u00e0 [&hellip;]<\/p>\n","protected":false},"author":1,"featured_media":0,"parent":0,"menu_order":0,"comment_status":"closed","ping_status":"closed","template":"","meta":{"footnotes":""},"class_list":["post-610","page","type-page","status-publish","hentry"],"_links":{"self":[{"href":"https:\/\/achenehealth.com\/fr\/wp-json\/wp\/v2\/pages\/610","targetHints":{"allow":["GET"]}}],"collection":[{"href":"https:\/\/achenehealth.com\/fr\/wp-json\/wp\/v2\/pages"}],"about":[{"href":"https:\/\/achenehealth.com\/fr\/wp-json\/wp\/v2\/types\/page"}],"author":[{"embeddable":true,"href":"https:\/\/achenehealth.com\/fr\/wp-json\/wp\/v2\/users\/1"}],"replies":[{"embeddable":true,"href":"https:\/\/achenehealth.com\/fr\/wp-json\/wp\/v2\/comments?post=610"}],"version-history":[{"count":34,"href":"https:\/\/achenehealth.com\/fr\/wp-json\/wp\/v2\/pages\/610\/revisions"}],"predecessor-version":[{"id":5001,"href":"https:\/\/achenehealth.com\/fr\/wp-json\/wp\/v2\/pages\/610\/revisions\/5001"}],"wp:attachment":[{"href":"https:\/\/achenehealth.com\/fr\/wp-json\/wp\/v2\/media?parent=610"}],"curies":[{"name":"wp","href":"https:\/\/api.w.org\/{rel}","templated":true}]}}