{"id":610,"date":"2016-03-07T03:10:46","date_gmt":"2016-03-07T00:10:46","guid":{"rendered":"https:\/\/themesgavias.com\/wp\/kunco\/?page_id=610"},"modified":"2025-03-08T20:20:22","modified_gmt":"2025-03-08T17:20:22","slug":"about","status":"publish","type":"page","link":"https:\/\/achenehealth.com\/ka\/about\/","title":{"rendered":"\u10e8\u10d4\u10e1\u10d0\u10ee\u10d4\u10d1"},"content":{"rendered":"<div class=\"wpb-content-wrapper\">[vc_row row_space=&#8221;remove_padding_top&#8221;][vc_column width=&#8221;1\/3&#8243;][gva_icon_box title=&#8221;Achene&#8221; description=&#8221;\u10d0\u10e9\u10d4\u10dc\u10d8 \u10de\u10d0\u10e2\u10d0\u10e0\u10d0, \u10d4\u10e0\u10d7\u10d7\u10d4\u10e1\u10da\u10d8\u10d0\u10dc\u10d8 \u10dc\u10d0\u10e7\u10dd\u10e4\u10d8\u10d0. \u10e2\u10d4\u10e0\u10db\u10d8\u10dc\u10d8 \u10d0\u10d9\u10d4\u10dc\u10d8 \u10ee\u10e8\u10d8\u10e0\u10d0\u10d3 \u10d2\u10d0\u10db\u10dd\u10d8\u10e7\u10d4\u10dc\u10d4\u10d1\u10d0 \u10e1\u10d8\u10ea\u10dd\u10ea\u10ee\u10da\u10d8\u10e1 \u10d3\u10d0\u10e1\u10d0\u10ec\u10e7\u10d8\u10e1\u10d8\u10e1 \u10e1\u10d8\u10db\u10d1\u10dd\u10da\u10dd\u10d3. \u10d9\u10dd\u10db\u10de\u10d0\u10dc\u10d8\u10d8\u10e1 \u10e1\u10d0\u10ee\u10d4\u10da\u10d8 ACHENE \u10d0\u10e1\u10d4\u10d5\u10d4 \u10d0\u10e0\u10d8\u10e1 \u10e1\u10d8\u10e2\u10e7\u10d5\u10d4\u10d1\u10d8\u10e1 &#8220;\u10d0\u10e5\u10e2\u10d8\u10d5\u10dd\u10d1\u10d0&#8220;, &#8220;\u10ef\u10d0\u10dc\u10db\u10e0\u10d7\u10d4\u10da\u10dd\u10d1\u10d0&#8220; \u10d3\u10d0 &#8220;\u10e5\u10e1\u10d4\u10da\u10d8&#8220;. Achen-\u10d8\u10e1 \u10d9\u10dd\u10dc\u10ea\u10d4\u10e4\u10ea\u10d8\u10d0 \u10ec\u10d0\u10e0\u10db\u10dd\u10d0\u10d3\u10d2\u10d4\u10dc\u10e1 \u10d8\u10d3\u10d4\u10d0\u10e1 \u10ef\u10d0\u10dc\u10e1\u10d0\u10e6\u10d8 \u10ea\u10ee\u10dd\u10d5\u10e0\u10d4\u10d1\u10d8\u10e1 \u10ec\u10d4\u10e1\u10d8\u10e1 \u10de\u10dd\u10de\u10e3\u10da\u10d0\u10e0\u10d8\u10d6\u10d0\u10ea\u10d8\u10d8\u10e1\u10d0 \u10d3\u10d0 \u10d8\u10e5 \u10e7\u10dd\u10e4\u10dc\u10d0, \u10e0\u10d0\u10d7\u10d0 \u10db\u10ee\u10d0\u10e0\u10d8 \u10d3\u10d0\u10e3\u10ed\u10d8\u10e0\u10dd\u10e1 \u10d8\u10dc\u10d3\u10d8\u10d5\u10d8\u10d3\u10d4\u10d1\u10e1 \u10d9\u10d4\u10d7\u10d8\u10da\u10d3\u10e6\u10d4\u10dd\u10d1\u10d8\u10e1 \u10d2\u10d6\u10d0\u10d6\u10d4.&#8221; icon_position=&#8221;top-center v2&#8243; icon_width=&#8221;fa-2x&#8221; image=&#8221;4345&#8243;][\/vc_column][vc_column width=&#8221;1\/3&#8243;][gva_icon_box title=&#8221;\u1c9b\u10d8\u10e1\u10d8\u10d0&#8221; description=&#8221;O\u10e9\u10d5\u10d4\u10dc\u10d8 \u10db\u10d8\u10e1\u10d8\u10d0\u10d0 Achene Health and Travel Agency-\u10e8\u10d8, \u10db\u10d8\u10d5\u10d0\u10ec\u10dd\u10d3\u10dd\u10d7 \u10d2\u10d0\u10dc\u10e1\u10d0\u10d9\u10e3\u10d7\u10e0\u10d4\u10d1\u10e3\u10da\u10d8 \u10ef\u10d0\u10dc\u10db\u10e0\u10d7\u10d4\u10da\u10dd\u10d1\u10d8\u10e1\u10d0 \u10d3\u10d0 \u10e2\u10e3\u10e0\u10d8\u10e1\u10e2\u10e3\u10da\u10d8 \u10e1\u10d4\u10e0\u10d5\u10d8\u10e1\u10d4\u10d1\u10d8 \u10e9\u10d5\u10d4\u10dc\u10e1 \u10d9\u10da\u10d8\u10d4\u10dc\u10e2\u10d4\u10d1\u10e1, \u10e3\u10d6\u10e0\u10e3\u10dc\u10d5\u10d4\u10da\u10d5\u10e7\u10dd\u10d7 \u10db\u10d0\u10d7\u10d8 \u10d9\u10dd\u10db\u10e4\u10dd\u10e0\u10e2\u10d8 \u10d3\u10d0 \u10d9\u10d4\u10d7\u10d8\u10da\u10d3\u10e6\u10d4\u10dd\u10d1\u10d0 \u10e1\u10d0\u10de\u10d0\u10e1\u10e3\u10ee\u10d8\u10e1\u10db\u10d2\u10d4\u10d1\u10da\u10dd \u10d3\u10d0 \u10db\u10d3\u10d2\u10e0\u10d0\u10d3\u10d8 \u10e2\u10e3\u10e0\u10d8\u10d6\u10db\u10d8\u10e1 \u10ee\u10d4\u10da\u10e8\u10d4\u10ec\u10e7\u10dd\u10d1\u10d8\u10e1\u10d0\u10e1. \u10e9\u10d5\u10d4\u10dc \u10d5\u10ea\u10d3\u10d8\u10da\u10dd\u10d1\u10d7 \u10e8\u10d4\u10d5\u10e5\u10db\u10dc\u10d0\u10d7 \u10de\u10d4\u10e0\u10e1\u10dd\u10dc\u10d0\u10da\u10d8\u10d6\u10d4\u10d1\u10e3\u10da\u10d8 \u10d3\u10d0 \u10d3\u10d0\u10e1\u10d0\u10db\u10d0\u10ee\u10e1\u10dd\u10d5\u10e0\u10d4\u10d1\u10d4\u10da\u10d8 \u10d2\u10d0\u10db\u10dd\u10ea\u10d3\u10d8\u10da\u10d4\u10d1\u10d0, \u10e0\u10d0\u10ea \u10d2\u10d0\u10dc\u10de\u10d8\u10e0\u10dd\u10d1\u10d4\u10d1\u10e3\u10da\u10d8\u10d0 \u10e1\u10e0\u10e3\u10da\u10e7\u10dd\u10e4\u10d8\u10da\u10d4\u10d1\u10d8\u10e1\u10d0\u10d3\u10db\u10d8 \u10e9\u10d5\u10d4\u10dc\u10d8 \u10d4\u10e0\u10d7\u10d2\u10e3\u10da\u10d4\u10d1\u10d8\u10d7\u10d0 \u10d3\u10d0 \u10d3\u10d4\u10e2\u10d0\u10da\u10d4\u10d1\u10d8\u10e1\u10d0\u10d3\u10db\u10d8 \u10e7\u10e3\u10e0\u10d0\u10d3\u10e6\u10d4\u10d1\u10d8\u10e1 \u10db\u10d8\u10e5\u10ea\u10d4\u10d5\u10d8\u10d7.&#8221; icon_position=&#8221;top-center v2&#8243; icon_width=&#8221;fa-2x&#8221; image=&#8221;4728&#8243;][\/vc_column][vc_column width=&#8221;1\/3&#8243;][gva_icon_box title=&#8221;\u10ee\u10d4\u10d3\u10d5\u10d0&#8221; description=&#8221;\u10e9\u10d5\u10d4\u10dc\u10d8 \u10ee\u10d4\u10d3\u10d5\u10d0 Achene Health and Travel Agency-\u10e8\u10d8 \u10d0\u10e0\u10d8\u10e1 \u10d2\u10d0\u10d5\u10ee\u10d3\u10d4\u10d7 \u10e7\u10dd\u10d5\u10da\u10d8\u10e1\u10db\u10dd\u10db\u10ea\u10d5\u10d4\u10da\u10d8 \u10ef\u10d0\u10dc\u10db\u10e0\u10d7\u10d4\u10da\u10dd\u10d1\u10d8\u10e1\u10d0 \u10d3\u10d0 \u10db\u10dd\u10d2\u10d6\u10d0\u10e3\u10e0\u10dd\u10d1\u10d8\u10e1 \u10d2\u10d0\u10d3\u10d0\u10ec\u10e7\u10d5\u10d4\u10e2\u10d8\u10da\u10d4\u10d1\u10d4\u10d1\u10d8\u10e1 \u10ec\u10d0\u10db\u10e7\u10d5\u10d0\u10dc\u10d8 \u10db\u10d8\u10db\u10ec\u10dd\u10d3\u10d4\u10d1\u10d4\u10da\u10d8, \u10e0\u10d4\u10d5\u10dd\u10da\u10e3\u10ea\u10d8\u10d0 \u10db\u10dd\u10d0\u10ee\u10d3\u10d8\u10dc\u10dd\u10e1 \u10d0\u10d3\u10d0\u10db\u10d8\u10d0\u10dc\u10d4\u10d1\u10d8\u10e1 \u10ef\u10d0\u10dc\u10db\u10e0\u10d7\u10d4\u10da\u10dd\u10d1\u10d0\u10e1\u10d0 \u10d3\u10d0 \u10db\u10dd\u10d2\u10d6\u10d0\u10e3\u10e0\u10dd\u10d1\u10d0\u10e8\u10d8. \u10e9\u10d5\u10d4\u10dc \u10db\u10d8\u10d6\u10dc\u10d0\u10d3 \u10d8\u10e1\u10d0\u10ee\u10d0\u10d5\u10e1 \u10e8\u10d7\u10d0\u10d0\u10d2\u10dd\u10dc\u10dd\u10d7, \u10d2\u10d0\u10d5\u10d0\u10dc\u10d0\u10d7\u10da\u10dd\u10d7 \u10d3\u10d0 \u10d2\u10d0\u10d5\u10d0\u10eb\u10da\u10d8\u10d4\u10e0\u10dd\u10d7 \u10e9\u10d5\u10d4\u10dc\u10d8 \u10d9\u10da\u10d8\u10d4\u10dc\u10e2\u10d4\u10d1\u10d8, \u10d8\u10ea\u10ee\u10dd\u10d5\u10e0\u10dd\u10dc \u10e3\u10e4\u10e0\u10dd \u10ef\u10d0\u10dc\u10e1\u10d0\u10e6\u10d8, \u10e3\u10e4\u10e0\u10dd \u10e1\u10e0\u10e3\u10da\u10e4\u10d0\u10e1\u10dd\u10d5\u10d0\u10dc\u10d8 \u10ea\u10ee\u10dd\u10d5\u10e0\u10d4\u10d1\u10d0, \u10ee\u10dd\u10da\u10dd \u10e1\u10d0\u10db\u10e7\u10d0\u10e0\u10dd \u10db\u10d3\u10d2\u10e0\u10d0\u10d3\u10d8 \u10d3\u10d0 \u10de\u10d0\u10e1\u10e3\u10ee\u10d8\u10e1\u10db\u10d2\u10d4\u10d1\u10da\u10dd\u10d1\u10d8\u10d7 \u10d2\u10d0\u10db\u10dd\u10d8\u10d9\u10d5\u10da\u10d8\u10dd\u10dc.&#8221; icon_position=&#8221;top-center v2&#8243; icon_width=&#8221;fa-2x&#8221; image=&#8221;4729&#8243;][\/vc_column][\/vc_row][vc_row row_space=&#8221;remove_margin remove_padding remove_padding_col&#8221;][vc_column][info_banner_vc use_theme_fonts=&#8221;yes&#8221; ribbon_text=&#8221;\u10d0\u10e9\u10d4\u10dc\u10d8&#8221;]\r\n<h2>Achene Health-\u10e8\u10d8 \u10e9\u10d5\u10d4\u10dc \u10d2\u10d5\u10ef\u10d4\u10e0\u10d0:<\/h2>\r\n<ol>\r\n \t<li style=\"text-align: left;\">\u10e3\u10de\u10e0\u10d4\u10ea\u10d4\u10d3\u10d4\u10dc\u10e2\u10dd \u10db\u10dd\u10db\u10e1\u10d0\u10ee\u10e3\u10e0\u10d4\u10d1\u10d8\u10e1 \u10db\u10d8\u10ec\u10dd\u10d3\u10d4\u10d1\u10d0 &#8211; \u10e9\u10d5\u10d4\u10dc \u10d5\u10ea\u10d3\u10d8\u10da\u10dd\u10d1\u10d7 \u10e3\u10d6\u10e0\u10e3\u10dc\u10d5\u10d4\u10da\u10d5\u10e7\u10dd\u10d7 \u10e9\u10d5\u10d4\u10dc\u10d8 \u10d9\u10da\u10d8\u10d4\u10dc\u10e2\u10d4\u10d1\u10d8\u10e1 \u10db\u10d8\u10d4\u10e0 \u10d3\u10d0\u10db\u10e1\u10d0\u10ee\u10e3\u10e0\u10d4\u10d1\u10e3\u10da\u10d8 \u10d6\u10e0\u10e3\u10dc\u10d5\u10d0 \u10d3\u10d0 \u10e7\u10e3\u10e0\u10d0\u10d3\u10e6\u10d4\u10d1\u10d0.<\/li>\r\n \t<li style=\"text-align: left;\">\u10e8\u10d4\u10d9\u10d5\u10d4\u10d7\u10d8\u10d7 \u10d2\u10d0\u10db\u10dd\u10ea\u10d3\u10d8\u10da\u10d4\u10d1\u10d8\u10e1 \u10e8\u10d4\u10e5\u10db\u10dc\u10d0 &#8211; \u10e9\u10d5\u10d4\u10dc \u10d2\u10d5\u10d4\u10e1\u10db\u10d8\u10e1, \u10e0\u10dd\u10db \u10d7\u10d8\u10d7\u10dd\u10d4\u10e3\u10da\u10d8 \u10d9\u10da\u10d8\u10d4\u10dc\u10e2\u10d8 \u10e3\u10dc\u10d8\u10d9\u10d0\u10da\u10e3\u10e0\u10d8\u10d0 \u10d3\u10d0 \u10d5\u10ea\u10d3\u10d8\u10da\u10dd\u10d1\u10d7 \u10e8\u10d4\u10d5\u10e5\u10db\u10dc\u10d0\u10d7 \u10db\u10dd\u10e0\u10d2\u10d4\u10d1\u10e3\u10da\u10d8 \u10ef\u10d0\u10dc\u10db\u10e0\u10d7\u10d4\u10da\u10dd\u10d1\u10d8\u10e1\u10d0 \u10d3\u10d0 \u10db\u10dd\u10d2\u10d6\u10d0\u10e3\u10e0\u10dd\u10d1\u10d8\u10e1 \u10d2\u10d0\u10d3\u10d0\u10ec\u10e7\u10d5\u10d4\u10e2\u10d8\u10da\u10d4\u10d1\u10d4\u10d1\u10d8 \u10db\u10d0\u10d7\u10d8 \u10d8\u10dc\u10d3\u10d8\u10d5\u10d8\u10d3\u10e3\u10d0\u10da\u10e3\u10e0\u10d8 \u10e1\u10d0\u10ed\u10d8\u10e0\u10dd\u10d4\u10d1\u10d4\u10d1\u10d8\u10e1 \u10d3\u10d0\u10e1\u10d0\u10d9\u10db\u10d0\u10e7\u10dd\u10e4\u10d8\u10da\u10d4\u10d1\u10da\u10d0\u10d3.<\/li>\r\n \t<li style=\"text-align: left;\">\u10ef\u10d0\u10dc\u10e1\u10d0\u10e6\u10d8 \u10ea\u10ee\u10dd\u10d5\u10e0\u10d4\u10d1\u10d8\u10e1 \u10ee\u10d4\u10da\u10e8\u10d4\u10ec\u10e7\u10dd\u10d1\u10d0 &#8211; \u10e9\u10d5\u10d4\u10dc \u10d2\u10d5\u10ef\u10d4\u10e0\u10d0 \u10db\u10dd\u10d2\u10d6\u10d0\u10e3\u10e0\u10dd\u10d1\u10d8\u10e1 \u10e2\u10e0\u10d0\u10dc\u10e1\u10e4\u10dd\u10e0\u10db\u10d0\u10ea\u10d8\u10e3\u10da\u10d8 \u10eb\u10d0\u10da\u10d8\u10e1 \u10d3\u10d0 \u10d5\u10ea\u10d3\u10d8\u10da\u10dd\u10d1\u10d7 \u10e8\u10d7\u10d0\u10d0\u10d2\u10dd\u10dc\u10dd\u10d7 \u10d3\u10d0 \u10d5\u10d0\u10e1\u10ec\u10d0\u10d5\u10da\u10dd\u10d7 \u10e9\u10d5\u10d4\u10dc\u10d8 \u10d9\u10da\u10d8\u10d4\u10dc\u10e2\u10d4\u10d1\u10d8, \u10e0\u10dd\u10db \u10d8\u10ea\u10ee\u10dd\u10d5\u10e0\u10dd\u10dc \u10e3\u10e4\u10e0\u10dd \u10ef\u10d0\u10dc\u10e1\u10d0\u10e6\u10d8 \u10d3\u10d0 \u10e1\u10e0\u10e3\u10da\u10e4\u10d0\u10e1\u10dd\u10d5\u10d0\u10dc\u10d8 \u10ea\u10ee\u10dd\u10d5\u10e0\u10d4\u10d1\u10d0.<\/li>\r\n \t<li style=\"text-align: left;\">\u10d8\u10dc\u10dd\u10d5\u10d0\u10ea\u10d8\u10d4\u10d1\u10d8\u10e1 \u10db\u10d8\u10e6\u10d4\u10d1\u10d0 &#8211; \u10e9\u10d5\u10d4\u10dc \u10db\u10e3\u10d3\u10db\u10d8\u10d5\u10d0\u10d3 \u10d5\u10d8\u10d9\u10d5\u10da\u10d4\u10d5\u10d7 \u10d0\u10ee\u10d0\u10da \u10e2\u10d4\u10e5\u10dc\u10dd\u10da\u10dd\u10d2\u10d8\u10d4\u10d1\u10e1\u10d0 \u10d3\u10d0 \u10d2\u10d0\u10d3\u10d0\u10ec\u10e7\u10d5\u10d4\u10e2\u10d8\u10da\u10d4\u10d1\u10d4\u10d1\u10e1 \u10e9\u10d5\u10d4\u10dc\u10d8 \u10d9\u10da\u10d8\u10d4\u10dc\u10e2\u10d4\u10d1\u10d8\u10e1 \u10ef\u10d0\u10dc\u10db\u10e0\u10d7\u10d4\u10da\u10dd\u10d1\u10d8\u10e1 \u10d2\u10d0\u10e1\u10d0\u10e3\u10db\u10ef\u10dd\u10d1\u10d4\u10e1\u10d4\u10d1\u10da\u10d0\u10d3.<\/li>\r\n<\/ol>\r\n<p style=\"text-align: left;\">\u10e9\u10d5\u10d4\u10dc\u10d8 \u10db\u10d8\u10e1\u10d8\u10d0, \u10ee\u10d4\u10d3\u10d5\u10d0 \u10d3\u10d0 \u10e6\u10d8\u10e0\u10d4\u10d1\u10e3\u10da\u10d4\u10d1\u10d4\u10d1\u10d8 \u10db\u10d0\u10db\u10dd\u10eb\u10e0\u10d0\u10d5\u10d4\u10d1\u10e1 \u10e7\u10d5\u10d4\u10da\u10d0\u10e4\u10d4\u10e0\u10e1, \u10e0\u10d0\u10e1\u10d0\u10ea \u10d5\u10d0\u10d9\u10d4\u10d7\u10d4\u10d1\u10d7 \u10d3\u10d0 \u10d4\u10db\u10e1\u10d0\u10ee\u10e3\u10e0\u10d4\u10d1\u10d0 \u10e0\u10dd\u10d2\u10dd\u10e0\u10ea \u10e8\u10d4\u10ee\u10e1\u10d4\u10dc\u10d4\u10d1\u10d0\u10e1 \u10d8\u10db \u10d2\u10d0\u10d5\u10da\u10d4\u10dc\u10d8\u10e1 \u10e8\u10d4\u10e1\u10d0\u10ee\u10d4\u10d1, \u10e0\u10d8\u10e1\u10d8 \u10d2\u10d0\u10d9\u10d4\u10d7\u10d4\u10d1\u10d0\u10ea \u10e8\u10d4\u10d2\u10d5\u10d8\u10eb\u10da\u10d8\u10d0 \u10db\u10d0\u10d7 \u10ea\u10ee\u10dd\u10d5\u10e0\u10d4\u10d1\u10d0\u10e8\u10d8, \u10d5\u10d8\u10e1\u10d0\u10ea \u10d5\u10d4\u10db\u10e1\u10d0\u10ee\u10e3\u10e0\u10d4\u10d1\u10d8\u10d7.<\/p>\r\n[\/info_banner_vc][\/vc_column][\/vc_row][vc_row row_space=&#8221;remove_padding_top&#8221;][vc_column width=&#8221;1\/3&#8243;][gva_box_color text_style=&#8221;white&#8221; title=&#8221;\u10d3\u10d0\u10ef\u10d0\u10d5\u10e8\u10dc\u10d4\u10d7 \u10e3\u10e4\u10d0\u10e1\u10dd \u10e8\u10d4\u10ee\u10d5\u10d4\u10d3\u10e0\u10d0&#8221; color=&#8221;#1e73be&#8221; image=&#8221;4240&#8243;]\r\n<p style=\"text-align: left;\">\u10d0\u10e5\u10d4\u10dc\u10d8\u10e1 \u10ef\u10d0\u10dc\u10db\u10e0\u10d7\u10d4\u10da\u10dd\u10d1\u10d0<\/p>\r\n<p style=\"text-align: left;\">\u10d2\u10dc\u10d4\u10d1\u10d0\u10d5\u10d7 \u10db\u10d4\u10e2\u10d8 \u10d8\u10dc\u10e4\u10dd\u10e0\u10db\u10d0\u10ea\u10d8\u10d0? \u10e8\u10d4\u10db\u10d3\u10d4\u10d2 \u10e3\u10d1\u10e0\u10d0\u10da\u10dd\u10d3 \u10d3\u10d0\u10dc\u10d8\u10e8\u10dc\u10d4\u10d7 \u10e3\u10e4\u10d0\u10e1\u10dd \u10e1\u10ec\u10e0\u10d0\u10e4\u10d8 \u10e8\u10d4\u10ee\u10d5\u10d4\u10d3\u10e0\u10d0, \u10e0\u10d0\u10d7\u10d0 \u10d2\u10d0\u10dc\u10d5\u10d8\u10ee\u10d8\u10da\u10dd\u10d7 \u10d7\u10e5\u10d5\u10d4\u10dc\u10d8 \u10d8\u10dc\u10d3\u10d8\u10d5\u10d8\u10d3\u10e3\u10d0\u10da\u10e3\u10e0\u10d8 \u10d7\u10d4\u10e0\u10d0\u10de\u10d8\u10d0 \u10d7\u10e5\u10d5\u10d4\u10dc\u10d7\u10d0\u10dc WhatsApp-\u10d8\u10d7, Google Meet-\u10d8\u10d7 \u10d0\u10dc Skype-\u10d8\u10d7.<\/p>\r\n<p style=\"text-align: left;\">\u10d3\u10d0\u10d0\u10ed\u10d8\u10e0\u10d4\u10d7 \u10e5\u10d5\u10d4\u10db\u10dd\u10d7 \u10db\u10dd\u10ea\u10d4\u10db\u10e3\u10da \u10e6\u10d8\u10da\u10d0\u10d9\u10e1 \u10d3\u10d0 \u10e9\u10d5\u10d4\u10dc \u10d3\u10d0\u10d2\u10d8\u10d1\u10e0\u10e3\u10dc\u10d3\u10d4\u10d1\u10d8\u10d7.<\/p>\r\n[\/gva_box_color][vc_column_text]\r\n\r\n<button class=\"wappointment_widget\" style=\"display:none\" data-popup=\"1\" data-button-title=\"\u1c93\u10d0\u10ef\u10d0\u10d5\u10e8\u10dc\u10d0\">\u1c93\u10d0\u10ef\u10d0\u10d5\u10e8\u10dc\u10d0<\/button>[\/vc_column_text][\/vc_column][vc_column width=&#8221;1\/3&#8243;][gva_block_heading title=&#8221;\u10db\u10dd\u10d2\u10d5\u10ec\u10d4\u10e0\u10d4\u10d7&#8221; icon=&#8221;gv-icon-220&#8243; align=&#8221;align-left&#8221;]\u10e9\u10d5\u10d4\u10dc \u10db\u10d8\u10d5\u10d4\u10e1\u10d0\u10da\u10db\u10d4\u10d1\u10d8\u10d7 \u10e7\u10d5\u10d4\u10da\u10d0 \u10e8\u10d4\u10d9\u10d8\u10d7\u10ee\u10d5\u10d0\u10e1, \u10e1\u10d0\u10dd\u10de\u10d4\u10e0\u10d0\u10ea\u10d8\u10dd \u10de\u10e0\u10dd\u10ea\u10d4\u10d3\u10e3\u10e0\u10d4\u10d1\u10d8\u10e1 \u10e8\u10d4\u10e1\u10d0\u10ee\u10d4\u10d1 \u10d9\u10d8\u10d7\u10ee\u10d5\u10d4\u10d1\u10d8\u10d3\u10d0\u10dc \u10d3\u10d0\u10ec\u10e7\u10d4\u10d1\u10e3\u10da\u10d8 \u10de\u10e0\u10dd\u10d1\u10da\u10d4\u10db\u10d4\u10d1\u10d8\u10e1 \u10db\u10dd\u10ec\u10d8\u10dc\u10d0\u10d5\u10d4 \u10db\u10dd\u10d2\u10d5\u10d0\u10e0\u10d4\u10d1\u10d0\u10db\u10d3\u10d4. \u10d3\u10d0\u10d2\u10d5\u10d8\u10d9\u10d0\u10d5\u10e8\u10d8\u10e0\u10d3\u10d8\u10d7 \u10d3\u10e6\u10d4\u10e1\u10d5\u10d4.[\/gva_block_heading]\n<div class=\"wpcf7 no-js\" id=\"wpcf7-f6-o1\" lang=\"tr-TR\" dir=\"ltr\" data-wpcf7-id=\"6\">\n<div class=\"screen-reader-response\"><p role=\"status\" aria-live=\"polite\" aria-atomic=\"true\"><\/p> <ul><\/ul><\/div>\n<form action=\"\/ka\/wp-json\/wp\/v2\/pages\/610#wpcf7-f6-o1\" method=\"post\" class=\"wpcf7-form init\" aria-label=\"\u0130leti\u015fim Formu\" enctype=\"multipart\/form-data\" novalidate=\"novalidate\" data-status=\"init\">\n<fieldset class=\"hidden-fields-container\"><input type=\"hidden\" name=\"_wpcf7\" value=\"6\" \/><input type=\"hidden\" name=\"_wpcf7_version\" value=\"6.1.5\" \/><input type=\"hidden\" name=\"_wpcf7_locale\" value=\"tr_TR\" \/><input type=\"hidden\" name=\"_wpcf7_unit_tag\" value=\"wpcf7-f6-o1\" \/><input type=\"hidden\" name=\"_wpcf7_container_post\" value=\"0\" \/><input type=\"hidden\" name=\"_wpcf7_posted_data_hash\" value=\"\" \/>\n<\/fieldset>\n<p><label> \u1c97\u10e5\u10d5\u10d4\u10dc\u10d8 \u10e1\u10d0\u10ee\u10d4\u10da\u10d8*<br \/>\n<span class=\"wpcf7-form-control-wrap\" data-name=\"your-name\"><input size=\"40\" maxlength=\"400\" class=\"wpcf7-form-control wpcf7-text wpcf7-validates-as-required\" autocomplete=\"name\" aria-required=\"true\" aria-invalid=\"false\" value=\"\" type=\"text\" name=\"your-name\" \/><\/span> <\/label>\n<\/p>\n<p><label> \u1c97\u10e5\u10d5\u10d4\u10dc\u10d8 \u10d4\u10da. \u10e4\u10dd\u10e1\u10e2\u10d0*<br \/>\n<span class=\"wpcf7-form-control-wrap\" data-name=\"your-email\"><input size=\"40\" maxlength=\"400\" class=\"wpcf7-form-control wpcf7-email wpcf7-validates-as-required wpcf7-text wpcf7-validates-as-email\" autocomplete=\"email\" aria-required=\"true\" aria-invalid=\"false\" value=\"\" type=\"email\" name=\"your-email\" \/><\/span> <\/label><br \/>\n<label> \u10e1\u10d0\u10d2\u10d0\u10dc\u10d8<br \/>\n<span class=\"wpcf7-form-control-wrap\" data-name=\"your-subject\"><input size=\"40\" maxlength=\"400\" class=\"wpcf7-form-control wpcf7-text wpcf7-validates-as-required\" aria-required=\"true\" aria-invalid=\"false\" value=\"\" type=\"text\" name=\"your-subject\" \/><\/span> <\/label><br \/>\n<label> \u1c94\u10dc\u10d0<br \/>\n<span class=\"wpcf7-form-control-wrap\" data-name=\"your-language\"><input size=\"40\" maxlength=\"400\" class=\"wpcf7-form-control wpcf7-text\" aria-invalid=\"false\" value=\"\" type=\"text\" name=\"your-language\" \/><\/span> <\/label><br \/>\n<label> \u1c97\u10e5\u10d5\u10d4\u10dc\u10d8 \u10e8\u10d4\u10e2\u10e7\u10dd\u10d1\u10d8\u10dc\u10d4\u10d1\u10d0*<br \/>\n<span class=\"wpcf7-form-control-wrap\" data-name=\"your-message\"><textarea cols=\"40\" rows=\"10\" maxlength=\"2000\" class=\"wpcf7-form-control wpcf7-textarea wpcf7-validates-as-required\" aria-required=\"true\" aria-invalid=\"false\" name=\"your-message\"><\/textarea><\/span> <\/label><br \/>\n<span class=\"wpcf7-form-control-wrap\" data-name=\"file-350\"><input size=\"40\" class=\"wpcf7-form-control wpcf7-file\" accept=\"audio\/*,video\/*,image\/*\" aria-invalid=\"false\" type=\"file\" name=\"file-350\" \/><\/span>\n<\/p>\n<p><input class=\"wpcf7-form-control wpcf7-submit has-spinner\" type=\"submit\" value=\"\u10ec\u10d0\u10e0\u10d0\u10d3\u10d2\u10d8\u10dc\u10dd\u10e1\" \/>\n<\/p><p style=\"display: none !important;\" class=\"akismet-fields-container\" data-prefix=\"_wpcf7_ak_\"><label>&#916;<textarea name=\"_wpcf7_ak_hp_textarea\" cols=\"45\" rows=\"8\" maxlength=\"100\"><\/textarea><\/label><input type=\"hidden\" id=\"ak_js_1\" name=\"_wpcf7_ak_js\" value=\"130\"\/><script>document.getElementById( \"ak_js_1\" ).setAttribute( \"value\", ( new Date() ).getTime() );<\/script><\/p><div class=\"wpcf7-response-output\" aria-hidden=\"true\"><\/div>\n<\/form>\n<\/div>\n[\/vc_column][vc_column width=&#8221;1\/3&#8243;][gva_block_heading title=&#8221;\u1c9b\u10d7\u10d0\u10d5\u10d0\u10e0\u10d8 \u10dd\u10e4\u10d8\u10e1\u10d8&#8221; align=&#8221;align-left&#8221;][\/gva_block_heading][gva_contact_info photo=&#8221;954&#8243; address=&#8221;Mimarsinan Mah. 160. Sok. \u00d6z\u00e7ak\u0131r Apt. No:22, Kat 1, D:4, 55200 Atakum\/Samsun, T\u00fcrkiye&#8221; phone=&#8221;+90 540 240 01 55&#8243; email=&#8221;consult@\u10d0\u10e9\u10d4\u10dc\u10d8health.com&#8221; website=&#8221;https:\/\/\u10d0\u10e9\u10d4\u10dc\u10d8health.com&#8221;][vc_empty_space][gva_block_heading title=&#8221;\u10e1\u10dd\u10ea\u10d8\u10d0\u10da\u10e3\u10e0\u10d8 \u10d1\u10db\u10e3\u10da\u10d4\u10d1\u10d8&#8221; align=&#8221;align-left&#8221;][\/gva_block_heading][gva_social_links el_class=&#8221;icons-align-left&#8221;][vc_single_image image=&#8221;4837&#8243; img_size=&#8221;full&#8221;][vc_column_text css=&#8221;&#8221;]Achene Health Tourism Travel Agency \u10d0\u10e0\u10d8\u10e1 \u10d7\u10e3\u10e0\u10e5\u10d4\u10d7\u10d8\u10e1 \u10e2\u10e3\u10e0\u10d8\u10e1\u10e2\u10e3\u10da\u10d8 \u10e1\u10d0\u10d0\u10d2\u10d4\u10dc\u10e2\u10dd\u10d4\u10d1\u10d8\u10e1 \u10d0\u10e1\u10dd\u10ea\u10d8\u10d0\u10ea\u10d8\u10d8\u10e1 (T\u00dcRSAB) \u10ec\u10d4\u10d5\u10e0\u10d8. \u10d3\u10dd\u10d9\u10e3\u10db\u10d4\u10dc\u10e2\u10d8 No. 16028 \u10ec[\/vc_column_text][vc_single_image image=&#8221;5022&#8243; img_size=&#8221;full&#8221; css=&#8221;&#8221;][\/vc_column][\/vc_row][vc_row row_space=&#8221;remove_padding_top&#8221; isfullwidth=&#8221;0&#8243;][vc_column][vc_gmaps link=&#8221;#E-8_JTNDaWZyYW1lJTIwc3JjJTNEJTIyaHR0cHMlM0ElMkYlMkZ3d3cuZ29vZ2xlLmNvbSUyRm1hcHMlMkZlbWJlZCUzRnBiJTNEJTIxMW0xNCUyMTFtOCUyMTFtMyUyMTFkMTI1OS42MDAyNTI3MDUyNTY1JTIxMmQzNi4yNzIwOTIyMTI4NTc0NDQlMjEzZDQxLjMzMzg0OTY3ODYzMDIxNiUyMTNtMiUyMTFpMTAyNCUyMTJpNzY4JTIxNGYxMy4xJTIxM20zJTIxMW0yJTIxMXMweDAlMjUzQTB4MmE0NTFlMTBjZGUzNzBhNCUyMTJzQWNoZW5lJTI1MjBIZWFsdGglMjE1ZTAlMjEzbTIlMjExc3RyJTIxMnN0ciUyMTR2MTY3NDU1NTAwNTg1OSUyMTVtMiUyMTFzdHIlMjEyc3RyJTIyJTIwd2lkdGglM0QlMjI2MDAlMjIlMjBoZWlnaHQlM0QlMjI0NTAlMjIlMjBzdHlsZSUzRCUyMmJvcmRlciUzQTAlM0IlMjIlMjBhbGxvd2Z1bGxzY3JlZW4lM0QlMjIlMjIlMjBsb2FkaW5nJTNEJTIybGF6eSUyMiUyMHJlZmVycmVycG9saWN5JTNEJTIybm8tcmVmZXJyZXItd2hlbi1kb3duZ3JhZGUlMjIlM0UlM0MlMkZpZnJhbWUlM0U=&#8221; size=&#8221;450&#8243; css=&#8221;.vc_custom_1674555029527{padding-top: 50px !important;padding-bottom: 50px !important;}&#8221;][\/vc_column][\/vc_row]<!-- \/wp:post-content --><\/div>","protected":false},"excerpt":{"rendered":"<p>[vc_row row_space=&#8221;remove_padding_top&#8221;][vc_column width=&#8221;1\/3&#8243;][gva_icon_box title=&#8221;Achene&#8221; description=&#8221;\u10d0\u10e9\u10d4\u10dc\u10d8 \u10de\u10d0\u10e2\u10d0\u10e0\u10d0, \u10d4\u10e0\u10d7\u10d7\u10d4\u10e1\u10da\u10d8\u10d0\u10dc\u10d8 \u10dc\u10d0\u10e7\u10dd\u10e4\u10d8\u10d0. \u10e2\u10d4\u10e0\u10db\u10d8\u10dc\u10d8 \u10d0\u10d9\u10d4\u10dc\u10d8 \u10ee\u10e8\u10d8\u10e0\u10d0\u10d3 \u10d2\u10d0\u10db\u10dd\u10d8\u10e7\u10d4\u10dc\u10d4\u10d1\u10d0 \u10e1\u10d8\u10ea\u10dd\u10ea\u10ee\u10da\u10d8\u10e1 \u10d3\u10d0\u10e1\u10d0\u10ec\u10e7\u10d8\u10e1\u10d8\u10e1 \u10e1\u10d8\u10db\u10d1\u10dd\u10da\u10dd\u10d3. \u10d9\u10dd\u10db\u10de\u10d0\u10dc\u10d8\u10d8\u10e1 \u10e1\u10d0\u10ee\u10d4\u10da\u10d8 ACHENE \u10d0\u10e1\u10d4\u10d5\u10d4 \u10d0\u10e0\u10d8\u10e1 \u10e1\u10d8\u10e2\u10e7\u10d5\u10d4\u10d1\u10d8\u10e1 &#8220;\u10d0\u10e5\u10e2\u10d8\u10d5\u10dd\u10d1\u10d0&#8220;, &#8220;\u10ef\u10d0\u10dc\u10db\u10e0\u10d7\u10d4\u10da\u10dd\u10d1\u10d0&#8220; \u10d3\u10d0 &#8220;\u10e5\u10e1\u10d4\u10da\u10d8&#8220;. Achen-\u10d8\u10e1 \u10d9\u10dd\u10dc\u10ea\u10d4\u10e4\u10ea\u10d8\u10d0 \u10ec\u10d0\u10e0\u10db\u10dd\u10d0\u10d3\u10d2\u10d4\u10dc\u10e1 \u10d8\u10d3\u10d4\u10d0\u10e1 \u10ef\u10d0\u10dc\u10e1\u10d0\u10e6\u10d8 \u10ea\u10ee\u10dd\u10d5\u10e0\u10d4\u10d1\u10d8\u10e1 \u10ec\u10d4\u10e1\u10d8\u10e1 \u10de\u10dd\u10de\u10e3\u10da\u10d0\u10e0\u10d8\u10d6\u10d0\u10ea\u10d8\u10d8\u10e1\u10d0 \u10d3\u10d0 \u10d8\u10e5 \u10e7\u10dd\u10e4\u10dc\u10d0, \u10e0\u10d0\u10d7\u10d0 \u10db\u10ee\u10d0\u10e0\u10d8 \u10d3\u10d0\u10e3\u10ed\u10d8\u10e0\u10dd\u10e1 \u10d8\u10dc\u10d3\u10d8\u10d5\u10d8\u10d3\u10d4\u10d1\u10e1 \u10d9\u10d4\u10d7\u10d8\u10da\u10d3\u10e6\u10d4\u10dd\u10d1\u10d8\u10e1 \u10d2\u10d6\u10d0\u10d6\u10d4.&#8221; icon_position=&#8221;top-center v2&#8243; icon_width=&#8221;fa-2x&#8221; image=&#8221;4345&#8243;][\/vc_column][vc_column width=&#8221;1\/3&#8243;][gva_icon_box title=&#8221;\u1c9b\u10d8\u10e1\u10d8\u10d0&#8221; description=&#8221;O\u10e9\u10d5\u10d4\u10dc\u10d8 \u10db\u10d8\u10e1\u10d8\u10d0\u10d0 Achene Health and Travel Agency-\u10e8\u10d8, [&hellip;]<\/p>\n","protected":false},"author":1,"featured_media":0,"parent":0,"menu_order":0,"comment_status":"closed","ping_status":"closed","template":"","meta":{"footnotes":""},"class_list":["post-610","page","type-page","status-publish","hentry"],"_links":{"self":[{"href":"https:\/\/achenehealth.com\/ka\/wp-json\/wp\/v2\/pages\/610","targetHints":{"allow":["GET"]}}],"collection":[{"href":"https:\/\/achenehealth.com\/ka\/wp-json\/wp\/v2\/pages"}],"about":[{"href":"https:\/\/achenehealth.com\/ka\/wp-json\/wp\/v2\/types\/page"}],"author":[{"embeddable":true,"href":"https:\/\/achenehealth.com\/ka\/wp-json\/wp\/v2\/users\/1"}],"replies":[{"embeddable":true,"href":"https:\/\/achenehealth.com\/ka\/wp-json\/wp\/v2\/comments?post=610"}],"version-history":[{"count":37,"href":"https:\/\/achenehealth.com\/ka\/wp-json\/wp\/v2\/pages\/610\/revisions"}],"predecessor-version":[{"id":5023,"href":"https:\/\/achenehealth.com\/ka\/wp-json\/wp\/v2\/pages\/610\/revisions\/5023"}],"wp:attachment":[{"href":"https:\/\/achenehealth.com\/ka\/wp-json\/wp\/v2\/media?parent=610"}],"curies":[{"name":"wp","href":"https:\/\/api.w.org\/{rel}","templated":true}]}}