{"id":610,"date":"2016-03-07T03:10:46","date_gmt":"2016-03-07T00:10:46","guid":{"rendered":"https:\/\/themesgavias.com\/wp\/kunco\/?page_id=610"},"modified":"2025-11-30T11:12:16","modified_gmt":"2025-11-30T08:12:16","slug":"%d0%be","status":"publish","type":"page","link":"https:\/\/achenehealth.com\/ru\/%d0%be\/","title":{"rendered":"\u041e \u0441\u0430\u0439\u0442\u0435"},"content":{"rendered":"<div class=\"wpb-content-wrapper\">[vc_row row_space=&#187;remove_padding_top&#187;][vc_column width=&#187;1\/3&#8243;][gva_icon_box title=&#187;Achene&#187; description=&#187;\u0410\u0447\u0435\u043d &#8212; \u044d\u0442\u043e \u043c\u0430\u043b\u0435\u043d\u044c\u043a\u0438\u0439 \u043e\u0434\u043d\u043e\u0441\u0435\u043c\u044f\u043d\u043d\u044b\u0439 \u043f\u043b\u043e\u0434 \u0422\u0435\u0440\u043c\u0438\u043d \u0430\u0445\u0435\u043d \u0447\u0430\u0441\u0442\u043e \u0438\u0441\u043f\u043e\u043b\u044c\u0437\u0443\u0435\u0442\u0441\u044f \u0434\u043b\u044f \u043e\u0431\u043e\u0437\u043d\u0430\u0447\u0435\u043d\u0438\u044f \u043d\u0430\u0447\u0430\u043b\u0430 \u0436\u0438\u0437\u043d\u0438 \u041d\u0430\u0437\u0432\u0430\u043d\u0438\u0435 \u043a\u043e\u043c\u043f\u0430\u043d\u0438\u0438 ACHENE \u0442\u0430\u043a\u0436\u0435 \u044f\u0432\u043b\u044f\u0435\u0442\u0441\u044f \u0430\u043a\u0440\u043e\u043d\u0438\u043c\u043e\u043c \u0434\u043b\u044f \u0441\u043b\u043e\u0432: \u0430\u043a\u0442\u0438\u0432\u043d\u043e\u0441\u0442\u044c, \u0437\u0434\u043e\u0440\u043e\u0432\u044c\u0435 \u0438 \u0441\u0435\u0442\u044c` \u041a\u043e\u043d\u0446\u0435\u043f\u0446\u0438\u044f achene \u043f\u0440\u0435\u0434\u0441\u0442\u0430\u0432\u043b\u044f\u0435\u0442 \u0441\u043e\u0431\u043e\u0439 \u0438\u0434\u0435\u044e \u043f\u0440\u043e\u0434\u0432\u0438\u0436\u0435\u043d\u0438\u044f \u0437\u0434\u043e\u0440\u043e\u0432\u043e\u0433\u043e \u043e\u0431\u0440\u0430\u0437\u0430 \u0436\u0438\u0437\u043d\u0438 \u0438 \u043f\u043e\u0434\u0434\u0435\u0440\u0436\u043a\u0438 \u043b\u044e\u0434\u0435\u0439 \u043d\u0430 \u043f\u0443\u0442\u0438 \u043a \u0437\u0434\u043e\u0440\u043e\u0432\u044c\u044e.&#187; icon_position=&#187;top-center v2&#8243; icon_width=&#187;fa-2x&#187; image=&#187;4345&#8243;][\/vc_column][vc_column width=&#187;1\/3&#8243;][gva_icon_box title=&#187; \u041c\u0438\u0441\u0441\u0438\u044f&#187; description=&#187;\u041d\u0430\u0448\u0430 \u043c\u0438\u0441\u0441\u0438\u044f \u0432 Achene Health and Travel Agency \u0437\u0430\u043a\u043b\u044e\u0447\u0430\u0435\u0442\u0441\u044f \u0432 \u043f\u0440\u0435\u0434\u043e\u0441\u0442\u0430\u0432\u043b\u0435\u043d\u0438\u0438 \u0438\u0441\u043a\u043b\u044e\u0447\u0438\u0442\u0435\u043b\u044c\u043d\u044b\u0445 \u043c\u0435\u0434\u0438\u0446\u0438\u043d\u0441\u043a\u0438\u0445 \u0438 \u0442\u0443\u0440\u0438\u0441\u0442\u0438\u0447\u0435\u0441\u043a\u0438\u0445 \u0443\u0441\u043b\u0443\u0433 \u043d\u0430\u0448\u0438\u043c \u043a\u043b\u0438\u0435\u043d\u0442\u0430\u043c, \u043e\u0431\u0435\u0441\u043f\u0435\u0447\u0438\u0432\u0430\u044f \u0438\u0445 \u043a\u043e\u043c\u0444\u043e\u0440\u0442 \u0438 \u0431\u043b\u0430\u0433\u043e\u043f\u043e\u043b\u0443\u0447\u0438\u0435, \u043e\u0434\u043d\u043e\u0432\u0440\u0435\u043c\u0435\u043d\u043d\u043e \u0441\u043f\u043e\u0441\u043e\u0431\u0441\u0442\u0432\u0443\u044f \u0440\u0430\u0437\u0432\u0438\u0442\u0438\u044e \u043e\u0442\u0432\u0435\u0442\u0441\u0442\u0432\u0435\u043d\u043d\u043e\u0433\u043e \u0438 \u0443\u0441\u0442\u043e\u0439\u0447\u0438\u0432\u043e\u0433\u043e \u0442\u0443\u0440\u0438\u0437\u043c\u0430 \u041c\u044b \u0441\u0442\u0440\u0435\u043c\u0438\u043c\u0441\u044f \u0441\u043e\u0437\u0434\u0430\u0432\u0430\u0442\u044c \u0438\u043d\u0434\u0438\u0432\u0438\u0434\u0443\u0430\u043b\u044c\u043d\u044b\u0435 \u0438 \u0437\u0430\u043f\u043e\u043c\u0438\u043d\u0430\u044e\u0449\u0438\u0435\u0441\u044f \u0432\u043f\u0435\u0447\u0430\u0442\u043b\u0435\u043d\u0438\u044f, \u0440\u0443\u043a\u043e\u0432\u043e\u0434\u0441\u0442\u0432\u0443\u044f\u0441\u044c \u043d\u0430\u0448\u0435\u0439 \u043f\u0440\u0438\u0432\u0435\u0440\u0436\u0435\u043d\u043d\u043e\u0441\u0442\u044c\u044e \u043a \u0441\u043e\u0432\u0435\u0440\u0448\u0435\u043d\u0441\u0442\u0432\u0443 \u0438 \u0432\u043d\u0438\u043c\u0430\u043d\u0438\u0435\u043c \u043a \u0434\u0435\u0442\u0430\u043b\u044f\u043c&#187; icon_position=&#187;top-center v2&#8243; icon_width=&#187;fa-2x&#187; image=&#187;4728&#8243;][\/vc_column][vc_column width=&#187;1\/3&#8243;][gva_icon_box title=&#187; \u0417\u0440\u0435\u043d\u0438\u0435&#187; description=&#187;\u041d\u0430\u0448\u0430 \u0446\u0435\u043b\u044c \u0432 Achene Health and Travel Agency &#8212; \u0441\u0442\u0430\u0442\u044c \u0432\u0435\u0434\u0443\u0449\u0438\u043c \u043f\u043e\u0441\u0442\u0430\u0432\u0449\u0438\u043a\u043e\u043c \u043a\u043e\u043c\u043f\u043b\u0435\u043a\u0441\u043d\u044b\u0445 \u0440\u0435\u0448\u0435\u043d\u0438\u0439 \u0434\u043b\u044f \u0437\u0434\u043e\u0440\u043e\u0432\u044c\u044f \u0438 \u043f\u0443\u0442\u0435\u0448\u0435\u0441\u0442\u0432\u0438\u0439, \u0440\u0435\u0432\u043e\u043b\u044e\u0446\u0438\u043e\u043d\u043d\u043e \u0438\u0437\u043c\u0435\u043d\u0438\u0432 \u043f\u0440\u0435\u0434\u0441\u0442\u0430\u0432\u043b\u0435\u043d\u0438\u0435 \u043b\u044e\u0434\u0435\u0439 \u043e \u0437\u0434\u043e\u0440\u043e\u0432\u044c\u0435 \u0438 \u043f\u0443\u0442\u0435\u0448\u0435\u0441\u0442\u0432\u0438\u044f\u0445 \u041c\u044b \u0441\u0442\u0440\u0435\u043c\u0438\u043c\u0441\u044f \u0432\u0434\u043e\u0445\u043d\u043e\u0432\u043b\u044f\u0442\u044c, \u043e\u0431\u0443\u0447\u0430\u0442\u044c \u0438 \u0434\u0430\u0432\u0430\u0442\u044c \u0432\u043e\u0437\u043c\u043e\u0436\u043d\u043e\u0441\u0442\u044c \u043d\u0430\u0448\u0438\u043c \u043a\u043b\u0438\u0435\u043d\u0442\u0430\u043c \u0432\u0435\u0441\u0442\u0438 \u0431\u043e\u043b\u0435\u0435 \u0437\u0434\u043e\u0440\u043e\u0432\u0443\u044e \u0438 \u043f\u043e\u043b\u043d\u043e\u0446\u0435\u043d\u043d\u0443\u044e \u0436\u0438\u0437\u043d\u044c, \u0438\u0441\u0441\u043b\u0435\u0434\u0443\u044f \u043c\u0438\u0440 \u043d\u0430 \u0443\u0441\u0442\u043e\u0439\u0447\u0438\u0432\u043e\u0439 \u0438 \u043e\u0442\u0432\u0435\u0442\u0441\u0442\u0432\u0435\u043d\u043d\u043e\u0439 \u043e\u0441\u043d\u043e\u0432\u0435&#187; icon_position=&#187;top-center v2&#8243; icon_width=&#187;fa-2x&#187; image=&#187;4729&#8243;][\/vc_column][\/vc_row][vc_row row_space=&#187;remove_padding_top&#187;][vc_column][info_banner_vc use_theme_fonts=&#187;yes&#187; ribbon_text=&#187;achene&#187;]\r\n<h2>\u0412 \u043a\u043e\u043c\u043f\u0430\u043d\u0438\u0438 Achene Health \u043c\u044b \u0432\u0435\u0440\u0438\u043c \u0432 \u0442\u043e, \u0447\u0442\u043e:<\/h2>\r\n<ol>\r\n \t<li style=\"text-align: left;\">\u041d\u0435\u043f\u0440\u0435\u0432\u0437\u043e\u0439\u0434\u0435\u043d\u043d\u043e\u0435 \u043e\u0431\u0441\u043b\u0443\u0436\u0438\u0432\u0430\u043d\u0438\u0435 \u043a\u043b\u0438\u0435\u043d\u0442\u043e\u0432 &#8212; \u043c\u044b \u0434\u0435\u043b\u0430\u0435\u043c \u0432\u0441\u0435 \u0432\u043e\u0437\u043c\u043e\u0436\u043d\u043e\u0435, \u0447\u0442\u043e\u0431\u044b \u043d\u0430\u0448\u0438 \u043a\u043b\u0438\u0435\u043d\u0442\u044b \u043f\u043e\u043b\u0443\u0447\u0430\u043b\u0438 \u0437\u0430\u0431\u043e\u0442\u0443 \u0438 \u0432\u043d\u0438\u043c\u0430\u043d\u0438\u0435, \u043a\u043e\u0442\u043e\u0440\u044b\u0445 \u043e\u043d\u0438 \u0437\u0430\u0441\u043b\u0443\u0436\u0438\u0432\u0430\u044e\u0442<\/li>\r\n \t<li style=\"text-align: left;\">\u0421\u043e\u0437\u0434\u0430\u043d\u0438\u0435 \u0438\u043d\u0434\u0438\u0432\u0438\u0434\u0443\u0430\u043b\u044c\u043d\u043e\u0433\u043e \u043e\u043f\u044b\u0442\u0430 &#8212; \u043c\u044b \u043f\u043e\u043d\u0438\u043c\u0430\u0435\u043c, \u0447\u0442\u043e \u043a\u0430\u0436\u0434\u044b\u0439 \u043a\u043b\u0438\u0435\u043d\u0442 \u0443\u043d\u0438\u043a\u0430\u043b\u0435\u043d, \u0438 \u0441\u0442\u0440\u0435\u043c\u0438\u043c\u0441\u044f \u0441\u043e\u0437\u0434\u0430\u0432\u0430\u0442\u044c \u0438\u043d\u0434\u0438\u0432\u0438\u0434\u0443\u0430\u043b\u044c\u043d\u044b\u0435 \u0440\u0435\u0448\u0435\u043d\u0438\u044f \u0434\u043b\u044f \u0437\u0434\u043e\u0440\u043e\u0432\u044c\u044f \u0438 \u043f\u0443\u0442\u0435\u0448\u0435\u0441\u0442\u0432\u0438\u0439, \u0447\u0442\u043e\u0431\u044b \u0443\u0434\u043e\u0432\u043b\u0435\u0442\u0432\u043e\u0440\u0438\u0442\u044c \u0438\u0445 \u0438\u043d\u0434\u0438\u0432\u0438\u0434\u0443\u0430\u043b\u044c\u043d\u044b\u0435 \u043f\u043e\u0442\u0440\u0435\u0431\u043d\u043e\u0441\u0442\u0438<\/li>\r\n \t<li style=\"text-align: left;\">\u0421\u043e\u0434\u0435\u0439\u0441\u0442\u0432\u0438\u0435 \u0437\u0434\u043e\u0440\u043e\u0432\u043e\u043c\u0443 \u043e\u0431\u0440\u0430\u0437\u0443 \u0436\u0438\u0437\u043d\u0438 &#8212; \u043c\u044b \u0432\u0435\u0440\u0438\u043c \u0432 \u043f\u0440\u0435\u043e\u0431\u0440\u0430\u0437\u0443\u044e\u0449\u0443\u044e \u0441\u0438\u043b\u0443 \u043f\u0443\u0442\u0435\u0448\u0435\u0441\u0442\u0432\u0438\u0439 \u0438 \u0441\u0442\u0440\u0435\u043c\u0438\u043c\u0441\u044f \u0432\u0434\u043e\u0445\u043d\u043e\u0432\u043b\u044f\u0442\u044c \u0438 \u043e\u0431\u0443\u0447\u0430\u0442\u044c \u043d\u0430\u0448\u0438\u0445 \u043a\u043b\u0438\u0435\u043d\u0442\u043e\u0432 \u0432\u0435\u0441\u0442\u0438 \u0431\u043e\u043b\u0435\u0435 \u0437\u0434\u043e\u0440\u043e\u0432\u0443\u044e \u0438 \u043f\u043e\u043b\u043d\u043e\u0446\u0435\u043d\u043d\u0443\u044e \u0436\u0438\u0437\u043d\u044c<\/li>\r\n \t<li style=\"text-align: left;\">\u0418\u043d\u043d\u043e\u0432\u0430\u0446\u0438\u0438 &#8212; \u043c\u044b \u043f\u043e\u0441\u0442\u043e\u044f\u043d\u043d\u043e \u0438\u0437\u0443\u0447\u0430\u0435\u043c \u043d\u043e\u0432\u044b\u0435 \u0442\u0435\u0445\u043d\u043e\u043b\u043e\u0433\u0438\u0438 \u0438 \u0440\u0435\u0448\u0435\u043d\u0438\u044f \u0434\u043b\u044f \u0443\u043b\u0443\u0447\u0448\u0435\u043d\u0438\u044f \u0437\u0434\u043e\u0440\u043e\u0432\u044c\u044f \u043d\u0430\u0448\u0438\u0445 \u043a\u043b\u0438\u0435\u043d\u0442\u043e\u0432<\/li>\r\n<\/ol>\r\n<p style=\"text-align: left;\">\u041d\u0430\u0448\u0438 \u043c\u0438\u0441\u0441\u0438\u044f, \u0432\u0438\u0434\u0435\u043d\u0438\u0435 \u0438 \u0446\u0435\u043d\u043d\u043e\u0441\u0442\u0438 \u043e\u043f\u0440\u0435\u0434\u0435\u043b\u044f\u044e\u0442 \u0432\u0441\u0435, \u0447\u0442\u043e \u043c\u044b \u0434\u0435\u043b\u0430\u0435\u043c, \u0438 \u0441\u043b\u0443\u0436\u0430\u0442 \u043d\u0430\u043f\u043e\u043c\u0438\u043d\u0430\u043d\u0438\u0435\u043c \u043e \u0442\u043e\u043c, \u043a\u0430\u043a\u043e\u0435 \u0432\u043b\u0438\u044f\u043d\u0438\u0435 \u043c\u044b \u043c\u043e\u0436\u0435\u043c \u043e\u043a\u0430\u0437\u0430\u0442\u044c \u043d\u0430 \u0436\u0438\u0437\u043d\u044c \u0442\u0435\u0445, \u043a\u043e\u043c\u0443 \u043c\u044b \u0441\u043b\u0443\u0436\u0438\u043c<\/p>\r\n[\/info_banner_vc][\/vc_column][\/vc_row][vc_row row_space=&#187;remove_padding_top&#187;][vc_column width=&#187;1\/3&#8243;][gva_box_color text_style=&#187;white&#187; title=&#187;\u0417\u0430\u043f\u0438\u0448\u0438\u0442\u0435\u0441\u044c \u043d\u0430 \u0431\u0435\u0441\u043f\u043b\u0430\u0442\u043d\u044b\u0439 \u043f\u0440\u0438\u0435\u043c&#187; color=&#187;#1e73be&#187; image=&#187;4240&#8243;]\r\n<p style=\"text-align: left;\">\u0417\u0414\u041e\u0420\u041e\u0412\u042c\u0415 \u0410\u0427\u0415\u041d\u0410<\/p>\r\n<p style=\"text-align: left;\">\u0425\u043e\u0442\u0438\u0442\u0435 \u043f\u043e\u043b\u0443\u0447\u0438\u0442\u044c \u0431\u043e\u043b\u044c\u0448\u0435 \u0438\u043d\u0444\u043e\u0440\u043c\u0430\u0446\u0438\u0438 \u0422\u043e\u0433\u0434\u0430 \u043f\u0440\u043e\u0441\u0442\u043e \u0437\u0430\u043f\u0438\u0448\u0438\u0442\u0435\u0441\u044c \u043d\u0430 \u0431\u0435\u0441\u043f\u043b\u0430\u0442\u043d\u0443\u044e \u0431\u044b\u0441\u0442\u0440\u0443\u044e \u0432\u0441\u0442\u0440\u0435\u0447\u0443, \u0447\u0442\u043e\u0431\u044b \u043c\u044b \u043c\u043e\u0433\u043b\u0438 \u043e\u0431\u0441\u0443\u0434\u0438\u0442\u044c \u0441 \u0432\u0430\u043c\u0438 \u0438\u043d\u0434\u0438\u0432\u0438\u0434\u0443\u0430\u043b\u044c\u043d\u0443\u044e \u0442\u0435\u0440\u0430\u043f\u0438\u044e \u043f\u043e WhatsApp, Google Meet \u0438\u043b\u0438 Skype<\/p>\r\n<p style=\"text-align: left;\">\u041d\u0430\u0436\u043c\u0438\u0442\u0435 \u043d\u0430 \u043a\u043d\u043e\u043f\u043a\u0443 \u043d\u0438\u0436\u0435, \u0438 \u043c\u044b \u0441\u0432\u044f\u0436\u0435\u043c\u0441\u044f \u0441 \u0432\u0430\u043c\u0438<\/p>\r\n[\/gva_box_color][vc_column_text]<button class=\"wappointment_widget\" style=\"display:none\" data-popup=\"1\" data-button-title=\"\u0417\u0430\u0431\u0440\u043e\u043d\u0438\u0440\u043e\u0432\u0430\u0442\u044c \u0441\u0435\u0439\u0447\u0430\u0441\">\u0417\u0430\u0431\u0440\u043e\u043d\u0438\u0440\u043e\u0432\u0430\u0442\u044c \u0441\u0435\u0439\u0447\u0430\u0441<\/button>[\/vc_column_text][\/vc_column][vc_column width=&#187;1\/3&#8243;][gva_block_heading title=&#187;\u041d\u0430\u043f\u0438\u0448\u0438\u0442\u0435 \u043d\u0430\u043c&#187; icon=&#187;gv-icon-220&#8243; align=&#187;align-left&#187;]\u041c\u044b \u0440\u0430\u0434\u044b \u0432\u0441\u0435\u043c \u0437\u0430\u043f\u0440\u043e\u0441\u0430\u043c, \u043d\u0430\u0447\u0438\u043d\u0430\u044f \u043e\u0442 \u0432\u043e\u043f\u0440\u043e\u0441\u043e\u0432 \u043e \u043f\u043e\u0440\u044f\u0434\u043a\u0435 \u0440\u0430\u0431\u043e\u0442\u044b \u0438 \u0437\u0430\u043a\u0430\u043d\u0447\u0438\u0432\u0430\u044f \u043f\u0440\u043e\u0434\u0432\u0438\u043d\u0443\u0442\u044b\u043c\u0438 \u0441\u043f\u043e\u0441\u043e\u0431\u0430\u043c\u0438 \u0443\u0441\u0442\u0440\u0430\u043d\u0435\u043d\u0438\u044f \u043d\u0435\u0438\u0441\u043f\u0440\u0430\u0432\u043d\u043e\u0441\u0442\u0435\u0439. \u0421\u0432\u044f\u0436\u0438\u0442\u0435\u0441\u044c \u0441 \u043d\u0430\u043c\u0438 \u0441\u0435\u0433\u043e\u0434\u043d\u044f.[\/gva_block_heading]\n<div class=\"wpcf7 no-js\" id=\"wpcf7-f6-o1\" lang=\"tr-TR\" dir=\"ltr\" data-wpcf7-id=\"6\">\n<div class=\"screen-reader-response\"><p role=\"status\" aria-live=\"polite\" aria-atomic=\"true\"><\/p> <ul><\/ul><\/div>\n<form action=\"\/ru\/wp-json\/wp\/v2\/pages\/610#wpcf7-f6-o1\" method=\"post\" class=\"wpcf7-form init\" aria-label=\"\u0130leti\u015fim Formu\" enctype=\"multipart\/form-data\" novalidate=\"novalidate\" data-status=\"init\">\n<fieldset class=\"hidden-fields-container\"><input type=\"hidden\" name=\"_wpcf7\" value=\"6\" \/><input type=\"hidden\" name=\"_wpcf7_version\" value=\"6.1.5\" \/><input type=\"hidden\" name=\"_wpcf7_locale\" value=\"tr_TR\" \/><input type=\"hidden\" name=\"_wpcf7_unit_tag\" value=\"wpcf7-f6-o1\" \/><input type=\"hidden\" name=\"_wpcf7_container_post\" value=\"0\" \/><input type=\"hidden\" name=\"_wpcf7_posted_data_hash\" value=\"\" \/>\n<\/fieldset>\n<p><label> \u0412\u0430\u0448\u0435 \u0438\u043c\u044f*<br \/>\n<span class=\"wpcf7-form-control-wrap\" data-name=\"your-name\"><input size=\"40\" maxlength=\"400\" class=\"wpcf7-form-control wpcf7-text wpcf7-validates-as-required\" autocomplete=\"name\" aria-required=\"true\" aria-invalid=\"false\" value=\"\" type=\"text\" name=\"your-name\" \/><\/span> <\/label>\n<\/p>\n<p><label> \u0412\u0430\u0448 \u0430\u0434\u0440\u0435\u0441 \u044d\u043b\u0435\u043a\u0442\u0440\u043e\u043d\u043d\u043e\u0439 \u043f\u043e\u0447\u0442\u044b*<br \/>\n<span class=\"wpcf7-form-control-wrap\" data-name=\"your-email\"><input size=\"40\" maxlength=\"400\" class=\"wpcf7-form-control wpcf7-email wpcf7-validates-as-required wpcf7-text wpcf7-validates-as-email\" autocomplete=\"email\" aria-required=\"true\" aria-invalid=\"false\" value=\"\" type=\"email\" name=\"your-email\" \/><\/span> <\/label><br \/>\n<label> \u0422\u0435\u043c\u0430<br \/>\n<span class=\"wpcf7-form-control-wrap\" data-name=\"your-subject\"><input size=\"40\" maxlength=\"400\" class=\"wpcf7-form-control wpcf7-text wpcf7-validates-as-required\" aria-required=\"true\" aria-invalid=\"false\" value=\"\" type=\"text\" name=\"your-subject\" \/><\/span> <\/label><br \/>\n<label> \u042f\u0437\u044b\u043a<br \/>\n<span class=\"wpcf7-form-control-wrap\" data-name=\"your-language\"><input size=\"40\" maxlength=\"400\" class=\"wpcf7-form-control wpcf7-text\" aria-invalid=\"false\" value=\"\" type=\"text\" name=\"your-language\" \/><\/span> <\/label><br \/>\n<label> \u0412\u0430\u0448\u0435 \u0441\u043e\u043e\u0431\u0449\u0435\u043d\u0438\u0435*<br \/>\n<span class=\"wpcf7-form-control-wrap\" data-name=\"your-message\"><textarea cols=\"40\" rows=\"10\" maxlength=\"2000\" class=\"wpcf7-form-control wpcf7-textarea wpcf7-validates-as-required\" aria-required=\"true\" aria-invalid=\"false\" name=\"your-message\"><\/textarea><\/span> <\/label><br \/>\n<span class=\"wpcf7-form-control-wrap\" data-name=\"file-350\"><input size=\"40\" class=\"wpcf7-form-control wpcf7-file wpcf7-validates-as-required\" accept=\"audio\/*,video\/*,image\/*\" aria-required=\"true\" aria-invalid=\"false\" type=\"file\" name=\"file-350\" \/><\/span><br \/>\n[\u043f\u0440\u0435\u0434\u0441\u0442\u0430\u0432\u0438\u0442\u044c \"Submit\"]\n<\/p><p style=\"display: none !important;\" class=\"akismet-fields-container\" data-prefix=\"_wpcf7_ak_\"><label>&#916;<textarea name=\"_wpcf7_ak_hp_textarea\" cols=\"45\" rows=\"8\" maxlength=\"100\"><\/textarea><\/label><input type=\"hidden\" id=\"ak_js_1\" name=\"_wpcf7_ak_js\" value=\"43\"\/><script>document.getElementById( \"ak_js_1\" ).setAttribute( \"value\", ( new Date() ).getTime() );<\/script><\/p><div class=\"wpcf7-response-output\" aria-hidden=\"true\"><\/div>\n<\/form>\n<\/div>\n[\/vc_column][vc_column width=&#187;1\/3&#8243;][gva_block_heading title=&#187;\u0413\u043b\u0430\u0432\u043d\u044b\u0439 \u043e\u0444\u0438\u0441&#187; align=&#187;align-left&#187;][\/gva_block_heading][gva_contact_info photo=&#187;954&#8243; address=&#187;Mimarsinan Mah. 160. Sok. \u00d6z\u00e7ak\u0131r Apt. No:22, Kat 1, D:4, 55200 Atakum\/Samsun, T\u00fcrkiye&#187; phone=&#187;+90 540 240 01 55&#8243; email=&#187;consult@achenehealth.com&#187; website=&#187;https:\/\/achenehealth.com&#187;][vc_empty_space][gva_block_heading title=&#187;\u0421\u043e\u0446\u0438\u0430\u043b\u044c\u043d\u044b\u0435 \u0441\u0441\u044b\u043b\u043a\u0438&#187; align=&#187;align-left&#187;][\/gva_block_heading][gva_social_links el_class=&#187;icons-align-left&#187;][vc_single_image image=&#187;4853&#8243; img_size=&#187;full&#187;][vc_column_text css=&#187;&#187;]\u0422\u0443\u0440\u0438\u0441\u0442\u0438\u0447\u0435\u0441\u043a\u043e\u0435 \u0430\u0433\u0435\u043d\u0442\u0441\u0442\u0432\u043e Achene Health Tourism \u044f\u0432\u043b\u044f\u0435\u0442\u0441\u044f \u0447\u043b\u0435\u043d\u043e\u043c \u0410\u0441\u0441\u043e\u0446\u0438\u0430\u0446\u0438\u0438 \u0442\u0443\u0440\u0438\u0441\u0442\u0438\u0447\u0435\u0441\u043a\u0438\u0445 \u0430\u0433\u0435\u043d\u0442\u0441\u0442\u0432 \u0422\u0443\u0440\u0446\u0438\u0438 (T\u00dcRSAB) ID No: 16028[\/vc_column_text][vc_single_image image=&#187;5136&#8243; img_size=&#187;full&#187; css=&#187;&#187;][\/vc_column][\/vc_row][vc_row row_space=&#187;remove_padding_top&#187; isfullwidth=&#187;0&#8243;][vc_column][vc_gmaps link=&#187;#E-8_JTNDaWZyYW1lJTIwc3JjJTNEJTIyaHR0cHMlM0ElMkYlMkZ3d3cuZ29vZ2xlLmNvbSUyRm1hcHMlMkZlbWJlZCUzRnBiJTNEJTIxMW0xNCUyMTFtOCUyMTFtMyUyMTFkMTI1OS42MDAyNTI3MDUyNTY1JTIxMmQzNi4yNzIwOTIyMTI4NTc0NDQlMjEzZDQxLjMzMzg0OTY3ODYzMDIxNiUyMTNtMiUyMTFpMTAyNCUyMTJpNzY4JTIxNGYxMy4xJTIxM20zJTIxMW0yJTIxMXMweDAlMjUzQTB4MmE0NTFlMTBjZGUzNzBhNCUyMTJzQWNoZW5lJTI1MjBIZWFsdGglMjE1ZTAlMjEzbTIlMjExc3RyJTIxMnN0ciUyMTR2MTY3NDU1NTAwNTg1OSUyMTVtMiUyMTFzdHIlMjEyc3RyJTIyJTIwd2lkdGglM0QlMjI2MDAlMjIlMjBoZWlnaHQlM0QlMjI0NTAlMjIlMjBzdHlsZSUzRCUyMmJvcmRlciUzQTAlM0IlMjIlMjBhbGxvd2Z1bGxzY3JlZW4lM0QlMjIlMjIlMjBsb2FkaW5nJTNEJTIybGF6eSUyMiUyMHJlZmVycmVycG9saWN5JTNEJTIybm8tcmVmZXJyZXItd2hlbi1kb3duZ3JhZGUlMjIlM0UlM0MlMkZpZnJhbWUlM0U=&#187; size=&#187;450&#8243; css=&#187;.vc_custom_1674555029527{padding-top: 50px !important;padding-bottom: 50px !important;}&#187;][\/vc_column][\/vc_row]<!-- \/wp:post-content --><\/div>","protected":false},"excerpt":{"rendered":"<p>[vc_row row_space=&#187;remove_padding_top&#187;][vc_column width=&#187;1\/3&#8243;][gva_icon_box title=&#187;Achene&#187; description=&#187;\u0410\u0447\u0435\u043d &#8212; \u044d\u0442\u043e \u043c\u0430\u043b\u0435\u043d\u044c\u043a\u0438\u0439 \u043e\u0434\u043d\u043e\u0441\u0435\u043c\u044f\u043d\u043d\u044b\u0439 \u043f\u043b\u043e\u0434 \u0422\u0435\u0440\u043c\u0438\u043d \u0430\u0445\u0435\u043d \u0447\u0430\u0441\u0442\u043e \u0438\u0441\u043f\u043e\u043b\u044c\u0437\u0443\u0435\u0442\u0441\u044f \u0434\u043b\u044f \u043e\u0431\u043e\u0437\u043d\u0430\u0447\u0435\u043d\u0438\u044f \u043d\u0430\u0447\u0430\u043b\u0430 \u0436\u0438\u0437\u043d\u0438 \u041d\u0430\u0437\u0432\u0430\u043d\u0438\u0435 \u043a\u043e\u043c\u043f\u0430\u043d\u0438\u0438 ACHENE \u0442\u0430\u043a\u0436\u0435 \u044f\u0432\u043b\u044f\u0435\u0442\u0441\u044f \u0430\u043a\u0440\u043e\u043d\u0438\u043c\u043e\u043c \u0434\u043b\u044f \u0441\u043b\u043e\u0432: \u0430\u043a\u0442\u0438\u0432\u043d\u043e\u0441\u0442\u044c, \u0437\u0434\u043e\u0440\u043e\u0432\u044c\u0435 \u0438 \u0441\u0435\u0442\u044c` \u041a\u043e\u043d\u0446\u0435\u043f\u0446\u0438\u044f achene \u043f\u0440\u0435\u0434\u0441\u0442\u0430\u0432\u043b\u044f\u0435\u0442 \u0441\u043e\u0431\u043e\u0439 \u0438\u0434\u0435\u044e \u043f\u0440\u043e\u0434\u0432\u0438\u0436\u0435\u043d\u0438\u044f \u0437\u0434\u043e\u0440\u043e\u0432\u043e\u0433\u043e \u043e\u0431\u0440\u0430\u0437\u0430 \u0436\u0438\u0437\u043d\u0438 \u0438 \u043f\u043e\u0434\u0434\u0435\u0440\u0436\u043a\u0438 \u043b\u044e\u0434\u0435\u0439 \u043d\u0430 \u043f\u0443\u0442\u0438 \u043a \u0437\u0434\u043e\u0440\u043e\u0432\u044c\u044e.&#187; icon_position=&#187;top-center v2&#8243; icon_width=&#187;fa-2x&#187; image=&#187;4345&#8243;][\/vc_column][vc_column width=&#187;1\/3&#8243;][gva_icon_box title=&#187; \u041c\u0438\u0441\u0441\u0438\u044f&#187; description=&#187;\u041d\u0430\u0448\u0430 \u043c\u0438\u0441\u0441\u0438\u044f [&hellip;]<\/p>\n","protected":false},"author":1,"featured_media":0,"parent":0,"menu_order":0,"comment_status":"closed","ping_status":"closed","template":"","meta":{"footnotes":""},"class_list":["post-610","page","type-page","status-publish","hentry"],"_links":{"self":[{"href":"https:\/\/achenehealth.com\/ru\/wp-json\/wp\/v2\/pages\/610","targetHints":{"allow":["GET"]}}],"collection":[{"href":"https:\/\/achenehealth.com\/ru\/wp-json\/wp\/v2\/pages"}],"about":[{"href":"https:\/\/achenehealth.com\/ru\/wp-json\/wp\/v2\/types\/page"}],"author":[{"embeddable":true,"href":"https:\/\/achenehealth.com\/ru\/wp-json\/wp\/v2\/users\/1"}],"replies":[{"embeddable":true,"href":"https:\/\/achenehealth.com\/ru\/wp-json\/wp\/v2\/comments?post=610"}],"version-history":[{"count":7,"href":"https:\/\/achenehealth.com\/ru\/wp-json\/wp\/v2\/pages\/610\/revisions"}],"predecessor-version":[{"id":5181,"href":"https:\/\/achenehealth.com\/ru\/wp-json\/wp\/v2\/pages\/610\/revisions\/5181"}],"wp:attachment":[{"href":"https:\/\/achenehealth.com\/ru\/wp-json\/wp\/v2\/media?parent=610"}],"curies":[{"name":"wp","href":"https:\/\/api.w.org\/{rel}","templated":true}]}}