{"id":4163,"date":"2023-01-15T23:47:15","date_gmt":"2023-01-15T20:47:15","guid":{"rendered":"http:\/\/achenehealth.com\/tr-new\/?page_id=4163"},"modified":"2025-03-08T20:51:20","modified_gmt":"2025-03-08T17:51:20","slug":"achene-health","status":"publish","type":"page","link":"https:\/\/achenehealth.com\/tr\/","title":{"rendered":"Achene Health"},"content":{"rendered":"<div class=\"wpb-content-wrapper\"><p>[vc_row row_space=&#8221;remove_padding&#8221;][vc_column][vc_custom_heading text=&#8221;Achene Sa\u011fl\u0131k Turizmi Seyahat Acentas\u0131, Belge No. 16028&#8243; font_container=&#8221;tag:h6|text_align:right&#8221; css=&#8221;&#8221;][\/vc_column][\/vc_row][vc_row fullwidth=&#8221;0&#8243; row_space=&#8221;remove_padding&#8221; isfullwidth=&#8221;0&#8243;][vc_column]\n\t\t\t<!-- START Achene REVOLUTION SLIDER 6.7.40 --><p class=\"rs-p-wp-fix\"><\/p>\n\t\t\t<rs-module-wrap id=\"rev_slider_2_1_wrapper\" data-source=\"gallery\" style=\"visibility:hidden;background:transparent;padding:0;margin:0px auto;margin-top:0;margin-bottom:0;\">\n\t\t\t\t<rs-module id=\"rev_slider_2_1\" style=\"\" data-version=\"6.7.40\">\n\t\t\t\t\t<rs-slides style=\"overflow: hidden; position: absolute;\">\n\t\t\t\t\t\t<rs-slide style=\"position: absolute;\" data-key=\"rs-4\" data-title=\"Slide\" data-thumb=\"\/\/achenehealth.com\/wp-content\/uploads\/2023\/01\/obesity-achene.jpeg\" data-in=\"o:0;\" data-out=\"a:false;\">\n\t\t\t\t\t\t\t<img decoding=\"async\" src=\"\/\/achenehealth.com\/tr\/wp-content\/plugins\/revslider\/sr6\/assets\/assets\/dummy.png\" alt=\"\" title=\"obesity-achene\" width=\"1600\" height=\"1066\" class=\"rev-slidebg tp-rs-img rs-lazyload\" data-lazyload=\"\/\/achenehealth.com\/wp-content\/uploads\/2023\/01\/obesity-achene.jpeg\" data-panzoom=\"d:10000;ss:100;se:109;\" data-no-retina>\n<!--\n\t\t\t\t\t\t\t--><rs-layer\n\t\t\t\t\t\t\t\tid=\"slider-2-slide-4-layer-3\" \n\t\t\t\t\t\t\t\tdata-type=\"text\"\n\t\t\t\t\t\t\t\tdata-color=\"#007aff||#007aff||rgba(255, 255, 255, 1)||rgba(255, 255, 255, 1)\"\n\t\t\t\t\t\t\t\tdata-rsp_ch=\"on\"\n\t\t\t\t\t\t\t\tdata-xy=\"x:l,l,l,c;xo:233px,233px,10px,0;y:t,t,m,m;yo:62px,62px,-84px,-87px;\"\n\t\t\t\t\t\t\t\tdata-text=\"s:68,68,42,34;l:74,74,50,42;fw:600;a:left,left,left,center;\"\n\t\t\t\t\t\t\t\tdata-frame_0=\"y:50px;\"\n\t\t\t\t\t\t\t\tdata-frame_1=\"e:power2.inOut;st:260;sp:380;sR:260;\"\n\t\t\t\t\t\t\t\tdata-frame_999=\"y:-50px;o:0;e:nothing;st:w;sR:8360;\"\n\t\t\t\t\t\t\t\tstyle=\"z-index:5;font-family:'Poppins';\"\n\t\t\t\t\t\t\t>Anla\u015fmal\u0131  <br>\nsa\u011fl\u0131k tesislerimizle  <br>\nhizmetinizdeyiz \n\t\t\t\t\t\t\t<\/rs-layer><!--\n-->\t\t\t\t\t<\/rs-slide>\n\t\t\t\t\t\t<rs-slide style=\"position: absolute;\" data-key=\"rs-5\" data-title=\"Slide\" data-thumb=\"\/\/achenehealth.com\/wp-content\/uploads\/2023\/01\/break-into-beauty.jpeg\" data-in=\"o:0;\" data-out=\"a:false;\">\n\t\t\t\t\t\t\t<img decoding=\"async\" src=\"\/\/achenehealth.com\/tr\/wp-content\/plugins\/revslider\/sr6\/assets\/assets\/dummy.png\" alt=\"\" title=\"break-into-beauty\" width=\"1700\" height=\"1258\" class=\"rev-slidebg tp-rs-img rs-lazyload\" data-lazyload=\"\/\/achenehealth.com\/wp-content\/uploads\/2023\/01\/break-into-beauty.jpeg\" data-panzoom=\"d:10000;ss:100;se:109;\" data-no-retina>\n<!--\n\t\t\t\t\t\t\t--><rs-layer\n\t\t\t\t\t\t\t\tid=\"slider-2-slide-5-layer-3\" \n\t\t\t\t\t\t\t\tdata-type=\"text\"\n\t\t\t\t\t\t\t\tdata-color=\"rgba(255, 255, 255, 1)\"\n\t\t\t\t\t\t\t\tdata-rsp_ch=\"on\"\n\t\t\t\t\t\t\t\tdata-xy=\"x:l,l,l,c;xo:10px,10px,11px,0;y:t,t,m,m;yo:292px,292px,-48px,-49px;\"\n\t\t\t\t\t\t\t\tdata-text=\"s:68,68,38,34;l:72,72,46,42;fw:600;a:left,left,left,center;\"\n\t\t\t\t\t\t\t\tdata-frame_0=\"y:50px;\"\n\t\t\t\t\t\t\t\tdata-frame_1=\"e:power2.inOut;st:260;sp:380;sR:260;\"\n\t\t\t\t\t\t\t\tdata-frame_999=\"y:-50px;o:0;e:nothing;st:w;sR:8360;\"\n\t\t\t\t\t\t\t\tstyle=\"z-index:5;font-family:'Poppins';\"\n\t\t\t\t\t\t\t>Bir Fark <br> Yaratabilirsiniz \n\t\t\t\t\t\t\t<\/rs-layer><!--\n\n\t\t\t\t\t\t\t--><rs-layer\n\t\t\t\t\t\t\t\tid=\"slider-2-slide-5-layer-7\" \n\t\t\t\t\t\t\t\tdata-type=\"text\"\n\t\t\t\t\t\t\t\tdata-color=\"#0a0202\"\n\t\t\t\t\t\t\t\tdata-rsp_ch=\"on\"\n\t\t\t\t\t\t\t\tdata-xy=\"x:l,l,l,c;xo:10px,10px,10px,0;y:t,t,m,m;yo:257px,257px,-116px,-115px;\"\n\t\t\t\t\t\t\t\tdata-text=\"s:14,14,14,12;l:22;fw:500;\"\n\t\t\t\t\t\t\t\tdata-padding=\"t:2;r:10;b:2;l:10;\"\n\t\t\t\t\t\t\t\tdata-frame_1=\"e:power2.inOut;st:540;sR:540;\"\n\t\t\t\t\t\t\t\tdata-frame_999=\"o:0;e:nothing;st:w;sR:8160;\"\n\t\t\t\t\t\t\t\tstyle=\"z-index:6;background-color:rgba(252,201,27,0.8);font-family:'Poppins';text-transform:uppercase;\"\n\t\t\t\t\t\t\t>Welcome to ACHENE HEALTH \n\t\t\t\t\t\t\t<\/rs-layer><!--\n-->\t\t\t\t\t<\/rs-slide>\n\t\t\t\t\t\t<rs-slide style=\"position: absolute;\" data-key=\"rs-13\" data-title=\"Slide\" data-thumb=\"\/\/achenehealth.com\/wp-content\/uploads\/2023\/01\/gozluk.png\" data-in=\"o:0;\" data-out=\"a:false;\">\n\t\t\t\t\t\t\t<img decoding=\"async\" src=\"\/\/achenehealth.com\/tr\/wp-content\/plugins\/revslider\/sr6\/assets\/assets\/dummy.png\" alt=\"\" title=\"gozluk\" width=\"750\" height=\"422\" class=\"rev-slidebg tp-rs-img rs-lazyload\" data-lazyload=\"\/\/achenehealth.com\/wp-content\/uploads\/2023\/01\/gozluk.png\" data-panzoom=\"d:10000;ss:100;se:109;\" data-no-retina>\n<!--\n\t\t\t\t\t\t\t--><rs-layer\n\t\t\t\t\t\t\t\tid=\"slider-2-slide-13-layer-3\" \n\t\t\t\t\t\t\t\tdata-type=\"text\"\n\t\t\t\t\t\t\t\tdata-color=\"rgba(255, 255, 255, 1)\"\n\t\t\t\t\t\t\t\tdata-rsp_ch=\"on\"\n\t\t\t\t\t\t\t\tdata-xy=\"x:l,l,l,c;xo:10px,10px,11px,0;y:t,t,m,m;yo:292px,292px,-48px,-49px;\"\n\t\t\t\t\t\t\t\tdata-text=\"s:68,68,38,34;l:72,72,46,42;fw:600;a:left,left,left,center;\"\n\t\t\t\t\t\t\t\tdata-frame_0=\"y:50px;\"\n\t\t\t\t\t\t\t\tdata-frame_1=\"e:power2.inOut;st:260;sp:380;sR:260;\"\n\t\t\t\t\t\t\t\tdata-frame_999=\"y:-50px;o:0;e:nothing;st:w;sR:8360;\"\n\t\t\t\t\t\t\t\tstyle=\"z-index:5;font-family:'Poppins';\"\n\t\t\t\t\t\t\t>Sa\u011fl\u0131k hizmetlerini d\u00f6n\u00fc\u015ft\u00fcr\u00fcyoruz<br> Ya\u015famlar\u0131 iyile\u015ftiriyoruz \n\t\t\t\t\t\t\t<\/rs-layer><!--\n\n\t\t\t\t\t\t\t--><rs-layer\n\t\t\t\t\t\t\t\tid=\"slider-2-slide-13-layer-7\" \n\t\t\t\t\t\t\t\tdata-type=\"text\"\n\t\t\t\t\t\t\t\tdata-color=\"#0a0202\"\n\t\t\t\t\t\t\t\tdata-rsp_ch=\"on\"\n\t\t\t\t\t\t\t\tdata-xy=\"x:l,l,l,c;xo:10px,10px,10px,0;y:t,t,m,m;yo:257px,257px,-116px,-115px;\"\n\t\t\t\t\t\t\t\tdata-text=\"s:14,14,14,12;l:22;fw:500;\"\n\t\t\t\t\t\t\t\tdata-padding=\"t:2;r:10;b:2;l:10;\"\n\t\t\t\t\t\t\t\tdata-frame_1=\"e:power2.inOut;st:540;sR:540;\"\n\t\t\t\t\t\t\t\tdata-frame_999=\"o:0;e:nothing;st:w;sR:8160;\"\n\t\t\t\t\t\t\t\tstyle=\"z-index:6;background-color:rgba(252,201,27,0.8);font-family:'Poppins';text-transform:uppercase;\"\n\t\t\t\t\t\t\t>ACHENE SA\u011eLIK OFTALMOLOJI\u0307 \n\t\t\t\t\t\t\t<\/rs-layer><!--\n-->\t\t\t\t\t<\/rs-slide>\n\t\t\t\t\t\t<rs-slide style=\"position: absolute;\" data-key=\"rs-14\" data-title=\"Slide\" data-thumb=\"\/\/achenehealth.com\/wp-content\/uploads\/2023\/01\/Knee-examination.jpg\" data-in=\"o:0;\" data-out=\"a:false;\">\n\t\t\t\t\t\t\t<img decoding=\"async\" src=\"\/\/achenehealth.com\/tr\/wp-content\/plugins\/revslider\/sr6\/assets\/assets\/dummy.png\" alt=\"\" title=\"Knee examination\" width=\"2560\" height=\"1254\" class=\"rev-slidebg tp-rs-img rs-lazyload\" data-lazyload=\"\/\/achenehealth.com\/wp-content\/uploads\/2023\/01\/Knee-examination.jpg\" data-panzoom=\"d:10000;ss:100;se:109;\" data-no-retina>\n<!--\n\t\t\t\t\t\t\t--><rs-layer\n\t\t\t\t\t\t\t\tid=\"slider-2-slide-14-layer-3\" \n\t\t\t\t\t\t\t\tdata-type=\"text\"\n\t\t\t\t\t\t\t\tdata-color=\"#3400ba||#3400ba||rgba(255, 255, 255, 1)||rgba(255, 255, 255, 1)\"\n\t\t\t\t\t\t\t\tdata-rsp_ch=\"on\"\n\t\t\t\t\t\t\t\tdata-xy=\"x:l,l,l,c;xo:47px,47px,11px,0;y:t,t,m,m;yo:264px,264px,-48px,-49px;\"\n\t\t\t\t\t\t\t\tdata-text=\"s:68,68,38,34;l:72,72,46,42;fw:600;a:left,left,left,center;\"\n\t\t\t\t\t\t\t\tdata-frame_0=\"y:50px;\"\n\t\t\t\t\t\t\t\tdata-frame_1=\"e:power2.inOut;st:260;sp:380;sR:260;\"\n\t\t\t\t\t\t\t\tdata-frame_999=\"y:-50px;o:0;e:nothing;st:w;sR:8360;\"\n\t\t\t\t\t\t\t\tstyle=\"z-index:5;font-family:'Poppins';\"\n\t\t\t\t\t\t\t>Sa\u011fl\u0131\u011f\u0131n\u0131z <br> En \u00d6nemli \u00d6nceli\u011fimiz \n\t\t\t\t\t\t\t<\/rs-layer><!--\n-->\t\t\t\t\t<\/rs-slide>\n\t\t\t\t\t<\/rs-slides>\n\t\t\t\t<\/rs-module>\n\t\t\t\t<script>\n\t\t\t\t\tsetREVStartSize({c: 'rev_slider_2_1',rl:[1240,1240,778,480],el:[800,800,500,400],gw:[1170,1170,778,480],gh:[800,800,500,400],type:'standard',justify:'',layout:'fullwidth',mh:\"0\"});if (window.RS_MODULES!==undefined && window.RS_MODULES.modules!==undefined && window.RS_MODULES.modules[\"revslider21\"]!==undefined) {window.RS_MODULES.modules[\"revslider21\"].once = false;window.revapi2 = undefined;if (window.RS_MODULES.checkMinimal!==undefined) window.RS_MODULES.checkMinimal()}\n\t\t\t\t<\/script>\n\t\t\t<\/rs-module-wrap>\n\t\t\t<!-- END REVOLUTION SLIDER -->\n[\/vc_column][\/vc_row][vc_row][vc_column][info_banner_vc use_theme_fonts=&#8221;yes&#8221; image_id=&#8221;4345&#8243; ribbon_text=&#8221;ACHENE&#8221;]<\/p>\n<h2 style=\"text-align: center;\">Sa\u011fl\u0131\u011f\u0131n\u0131z, bizim \u00f6nceli\u011fimiz<\/h2>\n<p style=\"text-align: left;\">ACHENE HEALTH, m\u00fc\u015fterilerimize en y\u00fcksek kalitede hizmet ve bak\u0131m sunmaya kendini adam\u0131\u015ft\u0131r. Yurt d\u0131\u015f\u0131nda t\u0131bbi tedavi g\u00f6rmenin g\u00f6z korkutucu bir deneyim olabilece\u011fini biliyoruz, bu nedenle sorunsuz ve stressiz bir s\u00fcre\u00e7 sa\u011flamak i\u00e7in en iyi se\u00e7enekleri ve deste\u011fi sunmaya kararl\u0131y\u0131z.<\/p>\n<p style=\"text-align: left;\">Sayg\u0131n ve akredite t\u0131bbi tesisler ve sa\u011flay\u0131c\u0131larla yak\u0131n i\u015fbirli\u011fi i\u00e7inde \u00e7al\u0131\u015f\u0131yor, her ihtiyaca uygun bir dizi tedavi ve prosed\u00fcr sunuyoruz. Ekibimiz, ilk dan\u0131\u015fmanl\u0131ktan bak\u0131m sonras\u0131na kadar ki\u015fiselle\u015ftirilmi\u015f hizmet ve destek sa\u011flamaya kendini adam\u0131\u015ft\u0131r.<\/p>\n<p style=\"text-align: left;\">\u015eeffafl\u0131\u011fa ve d\u00fcr\u00fcstl\u00fc\u011fe inan\u0131yoruz. M\u00fc\u015fterilerimize bilin\u00e7li kararlar vermelerine yard\u0131mc\u0131 olmak i\u00e7in do\u011fru ve ayr\u0131nt\u0131l\u0131 bilgiler sunmaya \u00e7al\u0131\u015f\u0131yoruz. M\u00fc\u015fterilerimizin m\u00fcmk\u00fcn olan en iyi deneyim ya\u015famalar\u0131n\u0131 sa\u011flamak i\u00e7in \u00e7eviri hizmetleri, seyahat yard\u0131m\u0131 ve \u00f6zel bir m\u00fc\u015fteri hizmetleri ekibi de sunuyoruz.<\/p>\n<p style=\"text-align: left;\">Amac\u0131m\u0131z kendimizi g\u00fcvenilir bir acente olarak konumland\u0131rmakt\u0131r ve hizmetimizi iyile\u015ftirmek ve y\u00fcksek d\u00fczeyde m\u00fc\u015fteri memnuniyetini s\u00fcrd\u00fcrmek i\u00e7in s\u00fcrekli olarak m\u00fc\u015fteri geri bildirimlerini topluyor ve analiz ediyoruz.<\/p>\n<p style=\"text-align: left;\">Sa\u011fl\u0131k ihtiya\u00e7lar\u0131n\u0131z i\u00e7in ACHENE HEALTH&#8217;i tercih etti\u011finiz i\u00e7in te\u015fekk\u00fcr ederiz. M\u00fcmk\u00fcn olan en iyi sonuca ve olumlu bir deneyime ula\u015fman\u0131za yard\u0131mc\u0131 olmak i\u00e7in sab\u0131rs\u0131zlan\u0131yoruz.<\/p>\n<p>[\/info_banner_vc][\/vc_column][\/vc_row][vc_row parallax=&#8221;content-moving&#8221; parallax_image=&#8221;4260&#8243; parallax_speed_bg=&#8221;1.6&#8243; fullwidth=&#8221;0&#8243; row_space=&#8221;remove_padding_top&#8221; isfullwidth=&#8221;&#8221; css=&#8221;.vc_custom_1674811917064{background-color: #f4f5f9 !important;}&#8221;][vc_column][vc_row_inner][vc_column_inner width=&#8221;1\/4&#8243;][gva_icon_box title=&#8221;Excimer lazer&#8221; icon_position=&#8221;top-center v2&#8243; icon_width=&#8221;fa-2x&#8221; icon_color=&#8221;#FFA600&#8243; image=&#8221;4524&#8243;][\/vc_column_inner][vc_column_inner width=&#8221;1\/4&#8243;][gva_icon_box title=&#8221;Rinoplasti&#8221; icon_position=&#8221;top-center v2&#8243; icon_width=&#8221;fa-2x&#8221; icon_color=&#8221;#FFA600&#8243; image=&#8221;4526&#8243;][\/vc_column_inner][vc_column_inner width=&#8221;1\/4&#8243;][gva_icon_box title=&#8221;Obezite cerrahisi&#8221; icon_position=&#8221;top-center v2&#8243; icon_width=&#8221;fa-2x&#8221; icon_color=&#8221;#FFA600&#8243; image=&#8221;4523&#8243;][\/vc_column_inner][vc_column_inner width=&#8221;1\/4&#8243;][gva_icon_box title=&#8221;Ortopedik cerrahi&#8221; icon_position=&#8221;top-center v2&#8243; icon_width=&#8221;fa-2x&#8221; icon_color=&#8221;#FFA600&#8243; image=&#8221;4525&#8243;][\/vc_column_inner][\/vc_row_inner][\/vc_column][\/vc_row][vc_row][vc_column][vc_custom_heading text=&#8221;En ileri lazer g\u00f6rme d\u00fczeltme tekniklerini sunuyoruz&#8221; font_container=&#8221;tag:h3|font_size:28|text_align:center&#8221; google_fonts=&#8221;font_family:Arvo%3Aregular%2Citalic%2C700%2C700italic|font_style:400%20regular%3A400%3Anormal&#8221; link=&#8221;title:Excimer%20laser&#8221;][\/vc_column][\/vc_row][vc_row row_space=&#8221;remove_padding_top&#8221;][vc_column width=&#8221;1\/2&#8243;][vc_single_image image=&#8221;4452&#8243; img_size=&#8221;full&#8221; alignment=&#8221;center&#8221; style=&#8221;vc_box_circle_2&#8243; onclick=&#8221;custom_link&#8221;][\/vc_column][vc_column width=&#8221;1\/2&#8243;][vc_custom_heading text=&#8221;ACHENE HEALTH Oftalmoloji, g\u00f6rme bak\u0131m\u0131 ve hasta bak\u0131m\u0131 ve hizmetinde m\u00fckemmelli\u011fe adanm\u0131\u015ft\u0131r Hizmetlerimiz, Refraktif Cerrahi, Katarakt, Kornea, Retina, Glokom ve Ok\u00fcloplastik Cerrahi dahil olmak \u00fczere g\u00f6z\u00fcn alt uzmanl\u0131k alanlar\u0131na, tedavilerine, ameliyatlar\u0131na ve prosed\u00fcrlerine odaklanmaktad\u0131r&#8221; font_container=&#8221;tag:h3|font_size:24|text_align:left&#8221; use_theme_fonts=&#8221;yes&#8221; css_animation=&#8221;none&#8221; link=&#8221;url:https%3A%2F%2Fachenehealth.com%2Fexcimer-laser%2F|title:Excimer%20laser&#8221;][vc_column_text]<\/p>\n<h4><span style=\"color: blue;\">Tedavi se\u00e7enekleriniz <\/span>hakk\u0131nda daha fazla bilgi edinmek i\u00e7in bug\u00fcn bize ula\u015f\u0131n.<\/h4>\n<p>[\/vc_column_text][\/vc_column][\/vc_row][vc_row row_space=&#8221;remove_padding_top&#8221;][vc_column][vc_custom_heading text=&#8221;Yeni bir g\u00f6r\u00fcn\u00fcme sahip olun&#8221; font_container=&#8221;tag:h3|font_size:28|text_align:center&#8221; google_fonts=&#8221;font_family:Arvo%3Aregular%2Citalic%2C700%2C700italic|font_style:400%20regular%3A400%3Anormal&#8221; link=&#8221;title:Excimer%20laser&#8221;]<div class=\"cq-ribbon-container \" style=\"max-width:;\" data-ribbonwidth=\"\" data-ribbontop=\"16px\" data-ribbonleft=\"10px\"  data-ribboncolor=\"\" data-containerbg=\"\" data-textcolor=\"\" data-textmargintop=\"\"><div style=\"background:#f04256;color:;\nbackground:#f04256;color:;top:10px;bottom:auto\" class=\"cq-ribbon4\">Rinoplasti<div class=\"arrow\" style=\"border-color:transparent #f04256\"><\/div><\/div><div class=\"cq-ribbon-content\"><a href=\"https:\/\/achenehealth.com\/tr\/wp-content\/uploads\/2023\/01\/rhino-scaled.jpeg\" class=\"ribbon-image\"><img decoding=\"async\" src=\"https:\/\/achenehealth.com\/tr\/wp-content\/uploads\/2023\/01\/rhino-scaled.jpeg\" alt=\"\" \/><\/a><p class=\"cq-ribbon-text\">Burun esteti\u011fi veya burnun yeniden \u015fekillendirilmesi olarak da bilinen rinoplasti, burnun g\u00f6r\u00fcn\u00fcm\u00fcn\u00fc ve y\u00fcz\u00fcn geri kalan\u0131yla simetrisini iyile\u015ftirmek i\u00e7in \u015feklini veya boyutunu de\u011fi\u015ftirmeyi ama\u00e7layan yayg\u0131n bir plastik cerrahi prosed\u00fcr\u00fcd\u00fcr. Bu, burnun k\u00fc\u00e7\u00fclt\u00fclmesini veya b\u00fcy\u00fct\u00fclmesini, burun ucunun \u015fekillendirilmesini ve burun deliklerinin k\u00fc\u00e7\u00fclt\u00fclmesini i\u00e7erebilir. Rinoplasti, esteti\u011fin yan\u0131 s\u0131ra septum deviasyonu, sin\u00fczit ve polipler gibi fonksiyonel sorunlar\u0131 da ele alabilir. Prosed\u00fcr\u00fcn amac\u0131, hastan\u0131n genel y\u00fcz g\u00f6r\u00fcn\u00fcm\u00fcn\u00fc tamamlayan do\u011fal g\u00f6r\u00fcn\u00fcml\u00fc bir sonu\u00e7 elde etmektir.<\/p><\/div><\/div>[\/vc_column][\/vc_row][vc_row row_space=&#8221;padding-small&#8221; custom_background=&#8221;bg-theme-2&#8243;][vc_column width=&#8221;5\/6&#8243;][gva_call_to_action title=&#8221;Size nas\u0131l yard\u0131mc\u0131 olabilece\u011fimizi g\u00f6relim&#8221; button_align=&#8221;button-right&#8221; text_link=&#8221;Read more&#8221;][\/gva_call_to_action][\/vc_column][vc_column width=&#8221;1\/6&#8243;][vc_wp_text]<button class=\"wappointment_widget\" style=\"display:none\" data-popup=\"1\" data-button-title=\"\u00dccretsiz online randevu\">\u00dccretsiz online randevu<\/button>[\/vc_wp_text][\/vc_column][\/vc_row][vc_row row_space=&#8221;remove_padding_bottom&#8221;][vc_column][gva_block_heading title=&#8221;Partner Hastaneler&#8221;][\/gva_block_heading][\/vc_column][\/vc_row][vc_row row_space=&#8221;remove_padding_top&#8221;][vc_column width=&#8221;1\/2&#8243;][gva_partners photo=&#8221;4958&#8243; link=&#8221;https:\/\/www.medicalpark.com.tr&#8221; title=&#8221;Medicalpark Grubu&#8221;]Medicalpark Grubu, T\u00fcrkiye&#8217;nin \u00f6nde gelen \u00f6zel sa\u011fl\u0131k kurulu\u015flar\u0131ndan biridir. \u00dclke genelinde \u00e7ok \u00e7e\u015fitli t\u0131bbi hizmetler ve tedaviler sunan bir hastane ve t\u0131p merkezi a\u011f\u0131 i\u015fletmektedir. Grup 1999 y\u0131l\u0131nda kuruldu ve \u0130stanbul, Ankara, Samsun ve Antalya gibi b\u00fcy\u00fck \u015fehirlerde birden fazla lokasyonu kapsayacak \u015fekilde b\u00fcy\u00fcd\u00fc. Medicalpark Grubu, ileri teknoloji ve y\u00fcksek e\u011fitimli sa\u011fl\u0131k personeli ile tan\u0131nmaktad\u0131r ve Joint Commission International (JCI) gibi uluslararas\u0131 kurulu\u015flar taraf\u0131ndan akredite edilmi\u015ftir. Grup, d\u00fcnyan\u0131n her yerinden gelen hastalara hizmet veren uluslararas\u0131 bir hasta departman\u0131 sunmaktad\u0131r.[\/gva_partners][gva_partners photo=&#8221;4930&#8243; link=&#8221;https:\/\/www.medicana.com.tr\/&#8221; title=&#8221;Medicana Sa\u011fl\u0131k Grubu&#8221;]Medicana Sa\u011fl\u0131k Grubu; deneyimli ve alan\u0131nda uzman kadrosu, hasta memnuniyeti odakl\u0131 ve sa\u011fl\u0131k sekt\u00f6r\u00fcnde fark yaratan hizmet anlay\u0131\u015f\u0131 ile 1992 y\u0131l\u0131nda hizmet vermeye ba\u015flam\u0131\u015ft\u0131r. Medicana Sa\u011fl\u0131k Grubu, T\u00fcrkiye genelinde, \u0130stanbul, Ankara, \u0130zmir, Konya, Samsun, Sivas ve Bursa olmak \u00fczere 7 ilde 14 hastane ile hastalar\u0131na sa\u011fl\u0131k hizmeti sunmaktad\u0131r.[\/gva_partners][gva_partners photo=&#8221;4931&#8243; link=&#8221;https:\/\/medibafra.com.tr\/&#8221; title=&#8221;Medi Bafra Hastanesi&#8221;]\u00d6zel Medi Bafra Hastanesi 10 A\u011fustos 2009 tarihinde, hastalara sunulan sa\u011fl\u0131k hizmetinin kalitesini art\u0131rmak amac\u0131yla kurulmu\u015ftur. Ayakta ve yatarak tedaviler i\u00e7in 153 yata\u011fa sahip olan hastane, hasta sa\u011fl\u0131\u011f\u0131n\u0131n iyile\u015ftirilmesi i\u00e7in \u00e7al\u0131\u015fmay\u0131 taahh\u00fct etmektedir. Hastane, ana odak noktas\u0131 hastalara en y\u00fcksek kalitede bak\u0131m sa\u011flamak olan \u00e7e\u015fitli bran\u015flarda uzman doktor ve sa\u011fl\u0131k personelinden olu\u015fan bir ekibe sahiptir.[\/gva_partners][\/vc_column][vc_column width=&#8221;1\/2&#8243;][gva_partners photo=&#8221;4959&#8243; link=&#8221;https:\/\/www.livhospital.com&#8221; title=&#8221;Liv Hospital&#8221;]Liv Hospital&#8217;\u0131n ad\u0131 &#8220;Lider Uluslararas\u0131 Vizyon&#8221;. Liv Hospital T\u00fcrkiye&#8217;de bir grup \u00f6zel sa\u011fl\u0131k kurulu\u015fudur. Di\u011ferlerinin yan\u0131 s\u0131ra genel cerrahi, kardiyoloji, ortopedi, n\u00f6roloji ve onkoloji de dahil olmak \u00fczere geni\u015f bir yelpazede t\u0131bbi hizmetler sunmaktad\u0131r. Hastane grubu 2011 y\u0131l\u0131nda kuruldu ve o zamandan beri \u0130stanbul, Ankara, \u0130zmir ve Samsun da dahil olmak \u00fczere T\u00fcrkiye&#8217;nin \u00e7e\u015fitli yerlerini kapsayacak \u015fekilde b\u00fcy\u00fcd\u00fc. Liv Hospital, en son teknoloji ve y\u00fcksek e\u011fitimli t\u0131bbi kadrosuyla tan\u0131n\u0131r. Hastane grubu JCI akreditasyonuna sahiptir ve uluslararas\u0131 bir hasta departman\u0131 ile \u00e7al\u0131\u015fmaktad\u0131r. T\u00fcrkiye&#8217;nin en iyi \u00f6zel hastanelerinden biri olarak kabul edilir ve yerel ve uluslararas\u0131 hastalara \u00e7ok \u00e7e\u015fitli t\u0131bbi hizmetler sunar.[\/gva_partners][gva_partners photo=&#8221;4908&#8243; link=&#8221;https:\/\/www.buyukanadoluhastanesi.com\/&#8221; title=&#8221;B\u00fcy\u00fck Anadolu Hastaneleri&#8221;]B\u00fcy\u00fck Anadolu Sa\u011fl\u0131k Grubu, sa\u011fl\u0131k hizmetleri sunma konusunda 27 y\u0131ll\u0131k deneyime sahiptir. Uzmanla\u015fm\u0131\u015f sa\u011fl\u0131k hizmetleri sunmaktad\u0131r. Hastanenin hasta memnuniyetini sa\u011flama, sa\u011fl\u0131k sorunlar\u0131n\u0131 m\u00fcmk\u00fcn olan en k\u0131sa s\u00fcrede \u00e7\u00f6zme, t\u00fcm yasal gereklilikleri kar\u015f\u0131lama ve nitelikli bir sa\u011fl\u0131k ekibiyle sa\u011fl\u0131k hizmeti sunma konusundaki kararl\u0131l\u0131\u011f\u0131 sars\u0131lmazd\u0131r. Samsun&#8217;da iki ve Dar\u0131ca&#8217;da iki hastanesi bulunan Grup, bilim ve teknolojideki geli\u015fmeleri yak\u0131ndan takip ederek y\u00fcksek kalitede sa\u011fl\u0131k hizmeti sunmay\u0131 hedeflemektedir. [\/gva_partners][gva_partners photo=&#8221;4909&#8243; link=&#8221;https:\/\/medibafra.com.tr\/&#8221; title=&#8221;FBM Estetik Klinik&#8221;]FBM Estetik Klini\u011fi, Do\u00e7ent Dr. Hayati Akba\u015f y\u00f6netiminde plastik cerrahi, sa\u00e7 ekimi, rinoplasti, mamoplasti ve ameliyats\u0131z y\u00fcz gen\u00e7le\u015ftirme konular\u0131nda deneyimli kadrosuyla 2005 y\u0131l\u0131ndan bu yana faaliyet g\u00f6stermektedir.[\/gva_partners][\/vc_column][\/vc_row][vc_row row_space=&#8221;remove_padding_top&#8221;][vc_column][gva_brands style=&#8221;style-2&#8243; items_lg=&#8221;4&#8243; items_md=&#8221;3&#8243; items_sm=&#8221;2&#8243; items_xs=&#8221;2&#8243;][\/vc_column][\/vc_row]<\/p>\n<\/div>","protected":false},"excerpt":{"rendered":"<p>[vc_row row_space=&#8221;remove_padding&#8221;][vc_column][vc_custom_heading text=&#8221;Achene Sa\u011fl\u0131k Turizmi Seyahat Acentas\u0131, Belge No. 16028&#8243; font_container=&#8221;tag:h6|text_align:right&#8221; css=&#8221;&#8221;][\/vc_column][\/vc_row][vc_row fullwidth=&#8221;0&#8243; row_space=&#8221;remove_padding&#8221; isfullwidth=&#8221;0&#8243;][vc_column][\/vc_column][\/vc_row][vc_row][vc_column][info_banner_vc use_theme_fonts=&#8221;yes&#8221; image_id=&#8221;4345&#8243; ribbon_text=&#8221;ACHENE&#8221;] Sa\u011fl\u0131\u011f\u0131n\u0131z, bizim \u00f6nceli\u011fimiz ACHENE HEALTH, m\u00fc\u015fterilerimize en y\u00fcksek kalitede hizmet ve bak\u0131m sunmaya kendini adam\u0131\u015ft\u0131r. Yurt d\u0131\u015f\u0131nda t\u0131bbi tedavi g\u00f6rmenin g\u00f6z korkutucu bir deneyim olabilece\u011fini biliyoruz, bu nedenle sorunsuz ve stressiz bir s\u00fcre\u00e7 sa\u011flamak i\u00e7in en iyi [&hellip;]<\/p>\n","protected":false},"author":1,"featured_media":0,"parent":0,"menu_order":0,"comment_status":"closed","ping_status":"closed","template":"","meta":{"footnotes":""},"class_list":["post-4163","page","type-page","status-publish","hentry"],"_links":{"self":[{"href":"https:\/\/achenehealth.com\/tr\/wp-json\/wp\/v2\/pages\/4163","targetHints":{"allow":["GET"]}}],"collection":[{"href":"https:\/\/achenehealth.com\/tr\/wp-json\/wp\/v2\/pages"}],"about":[{"href":"https:\/\/achenehealth.com\/tr\/wp-json\/wp\/v2\/types\/page"}],"author":[{"embeddable":true,"href":"https:\/\/achenehealth.com\/tr\/wp-json\/wp\/v2\/users\/1"}],"replies":[{"embeddable":true,"href":"https:\/\/achenehealth.com\/tr\/wp-json\/wp\/v2\/comments?post=4163"}],"version-history":[{"count":55,"href":"https:\/\/achenehealth.com\/tr\/wp-json\/wp\/v2\/pages\/4163\/revisions"}],"predecessor-version":[{"id":5033,"href":"https:\/\/achenehealth.com\/tr\/wp-json\/wp\/v2\/pages\/4163\/revisions\/5033"}],"wp:attachment":[{"href":"https:\/\/achenehealth.com\/tr\/wp-json\/wp\/v2\/media?parent=4163"}],"curies":[{"name":"wp","href":"https:\/\/api.w.org\/{rel}","templated":true}]}}