{"id":4202,"date":"2023-01-16T19:36:19","date_gmt":"2023-01-16T16:36:19","guid":{"rendered":"http:\/\/achenehealth.com\/tr-new\/?page_id=4202"},"modified":"2023-06-01T12:48:03","modified_gmt":"2023-06-01T09:48:03","slug":"cerezler-politikasi","status":"publish","type":"page","link":"https:\/\/achenehealth.com\/tr\/cerezler-politikasi\/","title":{"rendered":"\u00c7erez politikas\u0131"},"content":{"rendered":"<\/p>\n<p>\u00c7EREZLER WEB SI\u0307TESI\u0307 BI\u0307LDI\u0307RI\u0307MI\u0307<\/p>\n<p>\u00a0<\/p>\n<\/p>\n<p>\u00c7erezler, web sitesini ilk ziyaret etti\u011finizde bir web sitesinin bilgisayar\u0131n\u0131za veya mobil cihaz\u0131n\u0131za yerle\u015ftirebilece\u011fi k\u00fc\u00e7\u00fck metin dosyalar\u0131d\u0131r. \u00c7erezler, web sitesinin bir sonraki ziyaretinizde cihaz\u0131n\u0131z\u0131 tan\u0131mas\u0131na yard\u0131mc\u0131 olacakt\u0131r. Web i\u015faret\u00e7ileri veya di\u011fer benzer dosyalar da ayn\u0131 \u015feyi yapabilir. Biz \u015fu terimi kullan\u0131yoruz \u201cbu politikada &#8220;\u00e7erezler&#8221; bu \u015fekilde bilgi toplayan t\u00fcm dosyalara at\u0131fta bulunmak i\u00e7in kullan\u0131l\u0131r.<\/p>\n<p>\u00a0<\/p>\n<\/p>\n<p>Sizi web sitesinin di\u011fer kullan\u0131c\u0131lar\u0131ndan ay\u0131rt etmek i\u00e7in \u00e7erezleri kullan\u0131r\u0131z. Bu, web sitesini kulland\u0131\u011f\u0131n\u0131zda size iyi bir deneyim sunmam\u0131za yard\u0131mc\u0131 olur ve ayr\u0131ca size sa\u011flad\u0131\u011f\u0131m\u0131z hizmetleri geli\u015ftirmemize olanak tan\u0131r. Web sitesini tekrar ziyaret etti\u011finizde, sistem y\u00f6netimi i\u00e7in \u00f6nceki ziyaretleriniz ve varsa IP adresiniz, i\u015fletim sisteminiz ve taray\u0131c\u0131 t\u00fcr\u00fcn\u00fcz dahil olmak \u00fczere bilgisayar\u0131n\u0131z hakk\u0131nda bilgi alabilece\u011fiz Bu, tarama eylemleriniz ve kal\u0131plar\u0131n\u0131z hakk\u0131nda istatistiksel verilerdir ve sizi tan\u0131mlamaz. Ayn\u0131 nedenle, bilgisayar\u0131n\u0131z\u0131n sabit diskinde depolanan bir \u00e7erez dosyas\u0131 kullanarak genel internet kullan\u0131m\u0131n\u0131z hakk\u0131nda bilgi edinebiliriz.<\/p>\n<p>\u00a0<\/p>\n<\/p>\n<p>A\u015fa\u011f\u0131daki \u00e7erezleri kullanabiliriz:<\/p>\n<p>\u00a0<\/p>\n<p>\u00a0<\/p>\n<p>\u00a0<\/p>\n<p>\u2022Mutlaka gerekli \u00e7erezler. Bunlar, web sitesinde dola\u015fman\u0131z\u0131 ve web sitesinin g\u00fcvenli alanlar\u0131na eri\u015fim gibi \u00f6zelliklerini kullanman\u0131z\u0131 sa\u011flamak i\u00e7in gerekli olan \u00e7erezlerdir. Bunlar\u0131 devre d\u0131\u015f\u0131 b\u0131rakmak, web sitemizin baz\u0131 b\u00f6l\u00fcmlerine eri\u015femeyece\u011finiz anlam\u0131na gelebilir.<\/p>\n<p>\u00a0<\/p>\n<\/p>\n<p>\u2022<em>Analitik ve performans \u00e7erezleri. <\/em><em>Bu \u00e7erezleri, ziyaret\u00e7ilerin web sitesini nas\u0131l kulland\u0131klar\u0131 hakk\u0131nda bilgi toplamak i\u00e7in kullanabiliriz, \u00f6rne\u011fin ziyaret\u00e7ilerin en \u00e7ok hangi sayfalara gitti\u011fi. Bu, \u00f6rne\u011fin kullan\u0131c\u0131lar\u0131n arad\u0131klar\u0131n\u0131 kolayca bulmalar\u0131n\u0131 sa\u011flayarak web sitemizin \u00e7al\u0131\u015fma \u015feklini iyile\u015ftirmemize yard\u0131mc\u0131 olur. Bu \u00e7erezlerden baz\u0131lar\u0131 analitik \u00e7erezler olarak bilinir ve sekt\u00f6rde kabul g\u00f6rm\u00fc\u015f \u00fc\u00e7\u00fcnc\u00fc taraflar\u0131 kullanarak web sitesi trafi\u011fini izlememize olanak tan\u0131r.<\/em><\/p>\n<p>\u00a0<\/p>\n<\/p>\n<p>\u2022Fonksiyonel \u00e7erezler. Bu \u00e7erezler, web sitemize geri d\u00f6nd\u00fc\u011f\u00fcn\u00fczde sizi tan\u0131mak ve i\u00e7eri\u011fimizi sizin i\u00e7in ki\u015fiselle\u015ftirebilmemiz i\u00e7in metin boyutu, yaz\u0131 tipleri ve web sitesinin de\u011fi\u015ftirebilece\u011finiz di\u011fer b\u00f6l\u00fcmleri gibi \u015feylerde yapt\u0131\u011f\u0131n\u0131z de\u011fi\u015fiklikleri hat\u0131rlamak i\u00e7in kullan\u0131labilir. \u00c7o\u011fu taray\u0131c\u0131 \u00e7erezleri otomatik olarak kabul eder, ancak isterseniz taray\u0131c\u0131 ayarlar\u0131n\u0131z\u0131 t\u00fcm \u00e7erezlerin veya baz\u0131 \u00e7erezlerin ayarlanmas\u0131n\u0131 reddedecek \u015fekilde ayarlayarak \u00e7erez tercihlerinizi de\u011fi\u015ftirebilirsiniz. Bunu genellikle \u015fu adresi ziyaret ederek yapabilirsiniz \u201cse\u00e7enekleri&#8221; veya \u201ctaray\u0131c\u0131n\u0131zdaki &#8220;tercihler&#8221; men\u00fcs\u00fc. Bununla birlikte, bunu yapman\u0131z ve t\u00fcm \u00e7erezleri (temel \u00e7erezler dahil) engellemeyi se\u00e7meniz durumunda, deneyiminizin aksi takdirde oldu\u011fu kadar tatmin edici olaca\u011f\u0131n\u0131 garanti edemeyece\u011fimizi ve web sitemizin tamam\u0131na veya bir k\u0131sm\u0131na eri\u015femeyebilece\u011finizi l\u00fctfen unutmay\u0131n.<\/p>\n<p>\u00a0<\/p>\n","protected":false},"excerpt":{"rendered":"<p>\u00c7EREZLER WEB SI\u0307TESI\u0307 BI\u0307LDI\u0307RI\u0307MI\u0307 \u00a0 \u00c7erezler, web sitesini ilk ziyaret etti\u011finizde bir web sitesinin bilgisayar\u0131n\u0131za veya mobil cihaz\u0131n\u0131za yerle\u015ftirebilece\u011fi k\u00fc\u00e7\u00fck metin dosyalar\u0131d\u0131r. \u00c7erezler, web sitesinin bir sonraki ziyaretinizde cihaz\u0131n\u0131z\u0131 tan\u0131mas\u0131na yard\u0131mc\u0131 olacakt\u0131r. Web i\u015faret\u00e7ileri veya di\u011fer benzer dosyalar da ayn\u0131 \u015feyi yapabilir. Biz \u015fu terimi kullan\u0131yoruz \u201cbu politikada &#8220;\u00e7erezler&#8221; bu \u015fekilde bilgi toplayan t\u00fcm dosyalara [&hellip;]<\/p>\n","protected":false},"author":1,"featured_media":0,"parent":0,"menu_order":0,"comment_status":"closed","ping_status":"closed","template":"","meta":{"footnotes":""},"class_list":["post-4202","page","type-page","status-publish","hentry"],"_links":{"self":[{"href":"https:\/\/achenehealth.com\/tr\/wp-json\/wp\/v2\/pages\/4202","targetHints":{"allow":["GET"]}}],"collection":[{"href":"https:\/\/achenehealth.com\/tr\/wp-json\/wp\/v2\/pages"}],"about":[{"href":"https:\/\/achenehealth.com\/tr\/wp-json\/wp\/v2\/types\/page"}],"author":[{"embeddable":true,"href":"https:\/\/achenehealth.com\/tr\/wp-json\/wp\/v2\/users\/1"}],"replies":[{"embeddable":true,"href":"https:\/\/achenehealth.com\/tr\/wp-json\/wp\/v2\/comments?post=4202"}],"version-history":[{"count":3,"href":"https:\/\/achenehealth.com\/tr\/wp-json\/wp\/v2\/pages\/4202\/revisions"}],"predecessor-version":[{"id":4785,"href":"https:\/\/achenehealth.com\/tr\/wp-json\/wp\/v2\/pages\/4202\/revisions\/4785"}],"wp:attachment":[{"href":"https:\/\/achenehealth.com\/tr\/wp-json\/wp\/v2\/media?parent=4202"}],"curies":[{"name":"wp","href":"https:\/\/api.w.org\/{rel}","templated":true}]}}