{"id":4206,"date":"2023-01-16T19:56:59","date_gmt":"2023-01-16T16:56:59","guid":{"rendered":"http:\/\/achenehealth.com\/tr-new\/?page_id=4206"},"modified":"2023-06-01T12:39:13","modified_gmt":"2023-06-01T09:39:13","slug":"gi%cc%87zli%cc%87li%cc%87k-poli%cc%87ti%cc%87kasi","status":"publish","type":"page","link":"https:\/\/achenehealth.com\/tr\/gi%cc%87zli%cc%87li%cc%87k-poli%cc%87ti%cc%87kasi\/","title":{"rendered":"Gizlilik Politikas\u0131"},"content":{"rendered":"<p><\/p><p>GI\u0307ZLI\u0307LI\u0307K VE KI\u0307\u015eI\u0307SEL VERI\u0307LERI\u0307N KORUNMASI POLI\u0307TI\u0307KASI<\/p><p><\/p><p><\/p><p>achenehealth \u00fczerinde hizmet veren ACHENE Sa\u011fl\u0131k Hizmetleri Limited \u015eirketi olarak.com sitesi olarak ki\u015fisel verilerinizin g\u00fcvenli\u011fi konusunda azami hassasiyet g\u00f6stermekteyiz. Ki\u015fisel verileriniz, Ki\u015fisel Verilerin Korunmas\u0131 Kanunu&#8217;na uygun olarak i\u015flenmekte ve muhafaza edilmektedir. 6698 (\u201cKVKK&#8221;).<\/p><p><\/p><p><\/p><p>Achene Health, Veri Koruma Kanunu&#8217;nun amac\u0131 do\u011frultusunda bir veri denetleyicisidir. 6698 (\u201cveri koruma kanunu&#8221;), ki\u015fisel bilgilerinizle ilgili olarak. Bir veri denetleyicisi olarak, ki\u015fisel bilgileri i\u015fledi\u011fimizde veri koruma yasas\u0131na uymam\u0131z\u0131 ve bu bilgileri m\u00fc\u015fterimizin talimatlar\u0131na ve mesleki gizlilik y\u00fck\u00fcml\u00fcl\u00fc\u011f\u00fcm\u00fcze uygun olarak kullanmam\u0131z\u0131 sa\u011flamaktan sorumluyuz.<\/p><p><\/p><p><\/p><p>Bu gizlilik politikas\u0131nda \u015fu kelimeleri kulland\u0131\u011f\u0131m\u0131z yerlerde \u201cki\u015fisel bilgiler&#8221; bu kelimeleri sizinle ilgili olan ve sizi tan\u0131mlayan bilgileri tan\u0131mlamak i\u00e7in kullan\u0131yoruz.<\/p><p><\/p><p><\/p><p>Bu gizlilik politikas\u0131 zaman zaman ve veri koruma d\u00fczenleyicileri taraf\u0131ndan yay\u0131nlanan k\u0131lavuzlara yan\u0131t olarak de\u011fi\u015febilir. De\u011fi\u015fiklikleri www adresindeki web sitemiz arac\u0131l\u0131\u011f\u0131yla size bildirece\u011fiz.achenehealth.com&#8217;a bildirece\u011fiz ve e\u011fer bir m\u00fc\u015fteriyseniz, \u00f6nemli de\u011fi\u015fiklikleri size yaz\u0131l\u0131 olarak bildirece\u011fiz.<\/p><p><\/p><p><\/p><p>1. Hangi ki\u015fisel bilgileri topluyor ve kullan\u0131yoruz?<\/p><p><\/p><p><\/p><p>Toplad\u0131\u011f\u0131m\u0131z ve i\u015fledi\u011fimiz ki\u015fisel bilgilerin t\u00fcr\u00fc, sizinle olan ili\u015fkimize ve bunlar\u0131 elde etti\u011fimiz ve kulland\u0131\u011f\u0131m\u0131z ba\u011flama ba\u011fl\u0131d\u0131r.<\/p><p><\/p><p><\/p><p>Clients:where we are advising and\/or acting for you<\/p><p><\/p><p><\/p><p>Size hizmetlerimizi sunabilmemiz i\u00e7in belirli ki\u015fisel bilgilere ihtiyac\u0131m\u0131z olacak. \u0130stedi\u011fimiz ki\u015fisel bilgileri sa\u011flamazsan\u0131z, size hizmet sunmam\u0131z\u0131 geciktirebilir veya engelleyebilir. Toplayabilece\u011fimiz bilgi t\u00fcrleri:<\/p><p><\/p><p><\/p><p>\u2022 Your name \u2022 Your contact information (e.g., address, phone number, mobile phone number, email address) \u2022 Matter information (i.e., information relating to the matter in which you are seeking our advice or representation) \u2022 Financial information so far as is relevant to your instructions (e.g., the source of funds if you are instructing us on a purchase transaction or your bank details if we will transfer money to you) \u2022 If you are a business client, information provided by you about other individuals in connection with advice we are providing to the business (e.g., \u00e7al\u0131\u015fan bilgileri)<\/p><p><\/p><p><\/p><p>Business development and website use:if we have or would like to have a business relationship with you, or if you visit our website This personal information will be used to develop our business and the services we provide.<\/p><p><\/p><p><\/p><p>Toplayabilece\u011fimiz bilgi t\u00fcrleri:<\/p><p><\/p><p><\/p><p>\u2022 Your name \u2022 Your contact information (e.g., email address) \u2022 Information about your occupation and professional information (e.g., i\u015f unvan\u0131, \u015firket, mesleki deneyim)<\/p><p><\/p><p><\/p><p>2. Ki\u015fisel bilgilerin nas\u0131l topland\u0131\u011f\u0131 ve sorumluluklar\u0131n\u0131z<\/p><p><\/p><p><\/p><p>Ki\u015fisel bilgilerinizi sizinle \u015fahsen g\u00f6r\u00fc\u015ft\u00fc\u011f\u00fcm\u00fczde veya konunuzla ilgili olarak sizinle yaz\u0131\u015farak toplayaca\u011f\u0131z.<\/p><p><\/p><p><\/p><p>Yasal ve profesyonel hizmetlerimizi sunarken kullanmak \u00fczere \u00fc\u00e7\u00fcnc\u00fc taraflardan ki\u015fisel bilgiler alabiliriz. Bu ki\u015fisel bilgilerin i\u015flenmesi, konunuzun ilerlemesi ve yasal ve profesyonel dan\u0131\u015fman\u0131n\u0131z olarak sizin \u00e7\u0131karlar\u0131n\u0131za en uygun \u015fekilde hareket etmemizi sa\u011flamak i\u00e7in gerekli olabilir.<\/p><p><\/p><p><\/p><p>Ki\u015fisel bilgi toplayabilece\u011fimiz kaynaklar aras\u0131nda \u015funlar da bulunmaktad\u0131r:<\/p><p><\/p><p><\/p><p>\u2022 Publicly accessible sources \u2022 Direct from a third party (e.g., from a client, such as information about their employees, other parties involved in the legal proceedings, such as the lawyer acting on the other side) \u2022 A third party with your consent (e.g., your bank, another financial institution or advisor; consultants and other professionals we may engage in relation to your matter; your employer) \u2022 Other technical systems, (e.g.ileti\u015fim sistemleri, e-posta ve anl\u0131k mesajla\u015fma sistemleri)<\/p><p><\/p><p><\/p><p>Size hizmetlerimizi sunarken, siz, yetkilileriniz ve\/veya \u00e7al\u0131\u015fanlar\u0131n\u0131z veya di\u011fer \u00fc\u00e7\u00fcnc\u00fc taraflar hakk\u0131ndaki ki\u015fisel bilgileri tutabilir ve kullanabiliriz. Bize \u00fc\u00e7\u00fcnc\u00fc bir tarafla ilgili ki\u015fisel bilgi verdi\u011finizde, bunu yapmak i\u00e7in gerekli izin veya yetkiye sahip oldu\u011funuzu onaylars\u0131n\u0131z. Ayr\u0131ca, s\u00f6z konusu ki\u015fisel bilgilerin sa\u011flanmas\u0131n\u0131n veri koruma ve di\u011fer ge\u00e7erli yasalara uygun olmas\u0131n\u0131 sa\u011flamaktan da sorumlusunuz. Ba\u015fka biriyle ilgili olmas\u0131 halinde ki\u015fisel verileri if\u015fa etme yetkisine sahip olman\u0131z ve if\u015fa edilen t\u00fcm verilerin eksiksiz, do\u011fru ve g\u00fcncel olmas\u0131 gerekir.<\/p><p><\/p><p><\/p><p>3. Ki\u015fisel bilgilerinizi nas\u0131l ve neden kullan\u0131yoruz<\/p><p><\/p><p><\/p><p>Veri koruma yasas\u0131 uyar\u0131nca, ki\u015fisel bilgilerinizi yaln\u0131zca bunu yapmak i\u00e7in uygun bir nedenimiz varsa kullanabiliriz, \u00f6rne\u011fin:<\/p><p><\/p><p><\/p><p>\u2022 To comply with our legal and regulatory obligations \u2022 For our legitimate interests \u2022 For the performance of our contract with you or to take steps at your request before entering into a contract \u2022 With your explicit consent.<\/p><p><\/p><p><\/p><p>Me\u015fru menfaat, kendi hak ve menfaatleriniz taraf\u0131ndan ge\u00e7ersiz k\u0131l\u0131nmad\u0131\u011f\u0131 s\u00fcrece, ki\u015fisel bilgilerinizi kullanmak i\u00e7in ticari veya ticari bir nedenimiz oldu\u011funda s\u00f6z konusudur. Ki\u015fisel bilgilerinizi me\u015fru menfaatlerimiz i\u00e7in i\u015flemeden \u00f6nce siz ve haklar\u0131n\u0131z \u00fczerindeki olas\u0131 etkileri dikkate ald\u0131\u011f\u0131m\u0131zdan ve dengeledi\u011fimizden emin oluruz. Ki\u015fisel bilgilerinizi, a\u00e7\u0131k izniniz olmad\u0131k\u00e7a veya yasalarca ba\u015fka t\u00fcrl\u00fc gerekli k\u0131l\u0131nmad\u0131k\u00e7a veya izin verilmedik\u00e7e, \u00e7\u0131karlar\u0131m\u0131z\u0131n sizin \u00fczerinizdeki etkisinden daha a\u011f\u0131r bast\u0131\u011f\u0131 faaliyetler i\u00e7in kullanmay\u0131z.<\/p><p><\/p><p><\/p><p>Genel olarak, ki\u015fisel bilgileri \u015fu ama\u00e7larla toplayaca\u011f\u0131z:<\/p><p><\/p><p><\/p><p>\u2022 Provide legal and professional services to you, to manage our relationship and comply with our legal obligations arising from it \u2022 Provide you with information about our business and the services we offer including relevant communications \u2022 Help us improve our business and the services we offer.<\/p><p><\/p><p><\/p><p>Yukar\u0131daki bilgiler, bize vermi\u015f olabilece\u011finiz veya \u00fc\u00e7\u00fcnc\u00fc bir taraftan edinmemize izin verdi\u011finiz ve genellikle yaln\u0131zca a\u00e7\u0131k izninizle i\u015fleyece\u011fimiz \u00f6zel kategori ki\u015fisel bilgiler i\u00e7in ge\u00e7erli de\u011fildir. Bununla birlikte, baz\u0131 durumlarda, bir konuyla ba\u011flant\u0131l\u0131 olarak \u00fc\u00e7\u00fcnc\u00fc taraflardan \u00f6zel kategori ki\u015fisel bilgiler alabiliriz ve bu bilgileri, yasal bir iddian\u0131n veya iddialar\u0131n olu\u015fturulmas\u0131, uygulanmas\u0131 veya savunulmas\u0131 i\u00e7in gerekli oldu\u011funda veya mahkemelerin adli s\u0131fat\u0131yla hareket etti\u011fi durumlarda izniniz olmadan yasal olarak i\u015fleyebiliriz.<\/p><p><\/p><p><\/p><p>Ki\u015fisel bilgilerinizi, ba\u015fka bir nedenle kullanmam\u0131z gerekti\u011fini makul bir \u015fekilde d\u00fc\u015f\u00fcnmedi\u011fimiz ve bu neden as\u0131l ama\u00e7la uyumlu olmad\u0131\u011f\u0131 s\u00fcrece, yaln\u0131zca toplad\u0131\u011f\u0131m\u0131z ama\u00e7lar i\u00e7in kullanaca\u011f\u0131z. Ki\u015fisel bilgilerinizi ilgisiz bir ama\u00e7 i\u00e7in kullanmam\u0131z gerekirse, sizi bilgilendirece\u011fiz ve bunu yapmam\u0131za izin veren yasal dayana\u011f\u0131 a\u00e7\u0131klayaca\u011f\u0131z. Ki\u015fisel bilgilerinizi bilginiz veya a\u00e7\u0131k r\u0131zan\u0131z olmadan, yukar\u0131daki kurallara uygun olarak, yasalar\u0131n gerektirdi\u011fi veya izin verdi\u011fi durumlarda i\u015fleyebiliriz.<\/p><p><\/p><p><\/p><p>4. Ki\u015fisel bilgilerinizi kimlerle payla\u015f\u0131yoruz<\/p><p><\/p><p><\/p><p>Ki\u015fisel bilgileri payla\u015f\u0131yoruz:<\/p><p><\/p><p><\/p><p>\u2022 Professional advisers whom we instruct on your behalf or refer you to (e.g., accountants, tax advisors or other experts) \u2022 Other third parties where necessary (e.g., expert witnesses, courts or tribunals) \u2022 Our financial institutions<\/p><p><\/p><p><\/p><p>Herhangi bir yasal, mesleki veya etik y\u00fck\u00fcml\u00fcl\u00fc\u011fe uymak (kara para aklamay\u0131 \u00f6nleme y\u00fck\u00fcml\u00fcl\u00fcklerimize uymak gibi) veya haklar\u0131m\u0131z\u0131, m\u00fclk\u00fcm\u00fcz\u00fc veya g\u00fcvenli\u011fimizi (veya ortaklar\u0131m\u0131z\u0131n, \u00e7al\u0131\u015fanlar\u0131m\u0131z\u0131n veya m\u00fc\u015fterilerimizin haklar\u0131n\u0131) uygulamak veya korumak i\u00e7in bunu yapmakla y\u00fck\u00fcml\u00fc oldu\u011fumuz durumlarda ki\u015fisel bilgilerinizi \u00fc\u00e7\u00fcnc\u00fc taraflarla (polis ve di\u011fer kolluk kuvvetleri gibi) payla\u015faca\u011f\u0131z.<\/p><p><\/p><p><\/p><p>5. Ki\u015fisel bilgilerinizin ne kadar s\u00fcreyle saklanaca\u011f\u0131<\/p><p><\/p><p><\/p><p>Ki\u015fisel bilgilerinizi yaln\u0131zca, yasal, muhasebe veya raporlama gerekliliklerini ve y\u00fck\u00fcml\u00fcl\u00fcklerini yerine getirmek de dahil olmak \u00fczere, toplad\u0131\u011f\u0131m\u0131z ama\u00e7lar\u0131 yerine getirmek i\u00e7in gerekli oldu\u011fu s\u00fcrece saklayaca\u011f\u0131z. Ki\u015fisel bilgilerinizi saklamam\u0131z art\u0131k gerekli olmad\u0131\u011f\u0131nda, bunlar\u0131 silecek veya anonim hale getirece\u011fiz. Baz\u0131 durumlarda, ki\u015fisel bilgilerinizi ara\u015ft\u0131rma veya istatistiksel ama\u00e7lar i\u00e7in anonimle\u015ftirebiliriz (b\u00f6ylece art\u0131k sizinle ili\u015fkilendirilemez), bu durumda bu bilgileri size daha fazla bildirimde bulunmaks\u0131z\u0131n s\u00fcresiz olarak kullanabiliriz.<\/p><p><\/p><p><\/p><p>Ki\u015fisel bilgiler i\u00e7in uygun saklama s\u00fcresini belirlemek i\u00e7in, ki\u015fisel bilgilerin miktar\u0131n\u0131, niteli\u011fini ve hassasiyetini, yetkisiz kullan\u0131m veya if\u015fadan kaynaklanabilecek potansiyel zarar riskini, ki\u015fisel bilgilerinizi i\u015fleme ama\u00e7lar\u0131m\u0131z\u0131 ve bu ama\u00e7lara ba\u015fka yollarla ula\u015f\u0131p ula\u015famayaca\u011f\u0131m\u0131z\u0131 ve ge\u00e7erli yasal gereklilikleri dikkate al\u0131r\u0131z.<\/p><p><\/p><p><\/p><p>6. Ki\u015fisel bilgilerinizi nas\u0131l koruyoruz<\/p><p><\/p><p><\/p><p>Bilgilerin g\u00fcvende tutulmas\u0131, veri koruma uyumlulu\u011funun \u00f6nemli bir par\u00e7as\u0131d\u0131r. Ki\u015fisel Bilgilerinizin yanl\u0131\u015fl\u0131kla kaybolmas\u0131n\u0131, yetkisiz bir \u015fekilde kullan\u0131lmas\u0131n\u0131 veya eri\u015filmesini, de\u011fi\u015ftirilmesini veya if\u015fa edilmesini \u00f6nlemek i\u00e7in uygun g\u00fcvenlik \u00f6nlemleri ald\u0131k. Ayr\u0131ca, Ki\u015fisel Bilgilerinize eri\u015fimi, i\u015f gere\u011fi bilmesi gereken ve gizlilik y\u00fck\u00fcml\u00fcl\u00fc\u011f\u00fcne tabi olan \u00e7al\u0131\u015fanlar, temsilciler, y\u00fckleniciler ve di\u011fer \u00fc\u00e7\u00fcnc\u00fc taraflarla s\u0131n\u0131rland\u0131r\u0131yoruz.<\/p><p><\/p><p><\/p><p>\u015e\u00fcpheli herhangi bir ki\u015fisel veri ihlali ile ba\u015fa \u00e7\u0131kmak i\u00e7in prosed\u00fcrler olu\u015fturduk ve yasal olarak bunu yapmam\u0131z gerekti\u011finde sizi bir ihlalden haberdar edece\u011fiz.<\/p><p><\/p><p><\/p><p>7. Ki\u015fisel bilgilerinize ili\u015fkin haklar\u0131n\u0131z<\/p><p><\/p><p><\/p><p>Belirli muafiyetlere tabi olarak, hakk\u0131n\u0131zda tuttu\u011fumuz ki\u015fisel bilgilerinizin bir kopyas\u0131n\u0131 alma hakk\u0131na sahipsiniz.<\/p><p><\/p><p><\/p><p>Elimizde bulunan ki\u015fisel bilgilerinizin yanl\u0131\u015f veya eksik olmas\u0131 durumunda d\u00fczeltmemizi isteme hakk\u0131na sahipsiniz.<\/p><p><\/p><p><\/p><p>Belirli durumlarda ki\u015fisel bilgilerinizin silinmesini bizden talep etme hakk\u0131na sahipsiniz. \u00d6rne\u011fin (i) ki\u015fisel bilgilerinizin toplanma veya ba\u015fka bir \u015fekilde kullan\u0131lma ama\u00e7lar\u0131yla ilgili olarak art\u0131k gerekli olmad\u0131\u011f\u0131 durumlarda; (ii) onay\u0131n\u0131z\u0131 geri \u00e7ekerseniz ve ki\u015fisel bilgilerinizin kullan\u0131lmaya devam edilmesi i\u00e7in dayand\u0131\u011f\u0131m\u0131z ba\u015fka bir yasal gerek\u00e7e yoksa; (iii) ki\u015fisel bilgilerinizin kullan\u0131m\u0131na itiraz ederseniz; (iv) ki\u015fisel bilgilerinizi yasa d\u0131\u015f\u0131 bir \u015fekilde kulland\u0131ysak veya (v) ki\u015fisel bilgilerinizin yasal bir y\u00fck\u00fcml\u00fcl\u00fc\u011fe uymak i\u00e7in silinmesi gerekiyorsa.<\/p><p><\/p><p><\/p><p>Belirli durumlarda ki\u015fisel bilgilerinizin kullan\u0131m\u0131na itiraz etme hakk\u0131na sahipsiniz. \u00d6rne\u011fin (i) \u00f6zel durumunuzla ilgili gerek\u00e7eleriniz oldu\u011funda ve ki\u015fisel bilgilerinizi me\u015fru menfaatlerimiz i\u00e7in kulland\u0131\u011f\u0131m\u0131zda.<\/p><p><\/p><p><\/p><p>Ki\u015fisel bilgilerinizi kullanmak i\u00e7in izninize g\u00fcvendi\u011fimiz durumlarda, izninizi istedi\u011finiz zaman geri \u00e7ekme hakk\u0131na sahipsiniz.<\/p><p><\/p><p><\/p><p>Ki\u015fisel bilgilerinizi veri koruma yasas\u0131na uygun olarak kullanmad\u0131\u011f\u0131m\u0131z\u0131 d\u00fc\u015f\u00fcn\u00fcyorsan\u0131z, T\u00fcrkiye Veri Koruma Kurumu&#8217;na \u015fikayette bulunma hakk\u0131na sahipsiniz.<\/p><p><\/p><p><\/p><p>8. \u0130leti\u015fim Bilgileri<\/p><p><\/p><p><\/p><p>Bu gizlilik politikas\u0131 hakk\u0131nda herhangi bir sorunuz varsa, l\u00fctfen consult@achenehealth adresine e-posta g\u00f6ndererek bize bildirin.com adresinden; posta yoluyla Mimarsinan, 160. Sk. No:22, 55200 Atakum\/Samsun, T\u00fcrkiye.<\/p><p><\/p><p><\/p><p><\/p><p><\/p>","protected":false},"excerpt":{"rendered":"<p>GI\u0307ZLI\u0307LI\u0307K VE KI\u0307\u015eI\u0307SEL VERI\u0307LERI\u0307N KORUNMASI POLI\u0307TI\u0307KASI achenehealth \u00fczerinde hizmet veren ACHENE Sa\u011fl\u0131k Hizmetleri Limited \u015eirketi olarak.com sitesi olarak ki\u015fisel verilerinizin g\u00fcvenli\u011fi konusunda azami hassasiyet g\u00f6stermekteyiz. Ki\u015fisel verileriniz, Ki\u015fisel Verilerin Korunmas\u0131 Kanunu&#8217;na uygun olarak i\u015flenmekte ve muhafaza edilmektedir. 6698 (\u201cKVKK&#8221;). Achene Health, Veri Koruma Kanunu&#8217;nun amac\u0131 do\u011frultusunda bir veri denetleyicisidir. 6698 (\u201cveri koruma kanunu&#8221;), ki\u015fisel bilgilerinizle [&hellip;]<\/p>\n","protected":false},"author":1,"featured_media":0,"parent":0,"menu_order":0,"comment_status":"closed","ping_status":"closed","template":"","meta":{"footnotes":""},"class_list":["post-4206","page","type-page","status-publish","hentry"],"_links":{"self":[{"href":"https:\/\/achenehealth.com\/tr\/wp-json\/wp\/v2\/pages\/4206","targetHints":{"allow":["GET"]}}],"collection":[{"href":"https:\/\/achenehealth.com\/tr\/wp-json\/wp\/v2\/pages"}],"about":[{"href":"https:\/\/achenehealth.com\/tr\/wp-json\/wp\/v2\/types\/page"}],"author":[{"embeddable":true,"href":"https:\/\/achenehealth.com\/tr\/wp-json\/wp\/v2\/users\/1"}],"replies":[{"embeddable":true,"href":"https:\/\/achenehealth.com\/tr\/wp-json\/wp\/v2\/comments?post=4206"}],"version-history":[{"count":3,"href":"https:\/\/achenehealth.com\/tr\/wp-json\/wp\/v2\/pages\/4206\/revisions"}],"predecessor-version":[{"id":4781,"href":"https:\/\/achenehealth.com\/tr\/wp-json\/wp\/v2\/pages\/4206\/revisions\/4781"}],"wp:attachment":[{"href":"https:\/\/achenehealth.com\/tr\/wp-json\/wp\/v2\/media?parent=4206"}],"curies":[{"name":"wp","href":"https:\/\/api.w.org\/{rel}","templated":true}]}}