{"id":4210,"date":"2023-01-16T20:15:44","date_gmt":"2023-01-16T17:15:44","guid":{"rendered":"http:\/\/achenehealth.com\/tr-new\/?page_id=4210"},"modified":"2023-06-01T12:38:47","modified_gmt":"2023-06-01T09:38:47","slug":"yasal-tavsiye","status":"publish","type":"page","link":"https:\/\/achenehealth.com\/tr\/yasal-tavsiye\/","title":{"rendered":"Yasal tavsiye"},"content":{"rendered":"<p><\/p><h2 class=\"wp-block-heading\">ACHENE SA\u011eLIK<\/h2><p><\/p><p><\/p><h3 class=\"wp-block-heading\">Yasal M\u00fclkiyet ve Telif Hakk\u0131 Hakk\u0131nda<\/h3><p><\/p><p><\/p><p>Bu web sitesinin ve i\u00e7eri\u011finin sahibi ACHENE Health&#8217;tir. Bu web sitesinin sahiplerinin izni olmadan iletilmesi, devredilmesi, sat\u0131lmas\u0131, kiralanmas\u0131 ve\/veya halka a\u00e7\u0131k sergilenmesi yasakt\u0131r.<\/p><p><\/p><p><\/p><p>ACHENE Health \u00f6nceden haber vermeksizin ve herhangi bir s\u0131n\u0131rlama olmaks\u0131z\u0131n web sitesinin i\u00e7eri\u011fini de\u011fi\u015ftirme hakk\u0131n\u0131 sakl\u0131 tutar. Bu web sitesine g\u00f6nderilen veya formlar\u0131 arac\u0131l\u0131\u011f\u0131yla sunulan bilgiler do\u011fru olmal\u0131 ve \u00fc\u00e7\u00fcnc\u00fc taraflar\u0131n haklar\u0131n\u0131 veya y\u00fcr\u00fcrl\u00fckteki yasalar\u0131 ihlal etmemelidir.<\/p><p><\/p><p><\/p><p>ACHENE Health, web sitesinde vir\u00fcs veya di\u011fer unsurlar\u0131n %100 bulunmad\u0131\u011f\u0131n\u0131 garanti edemeyerek, bilgisayar vir\u00fcsleri veya herhangi bir nitelikteki bilgisayar unsurlar\u0131n\u0131n neden oldu\u011fu herhangi bir nitelikteki zarara u\u011frayan ki\u015fi veya \u015firket ile herhangi bir s\u00f6zle\u015fmeye dayal\u0131 veya s\u00f6zle\u015fme d\u0131\u015f\u0131 sorumlulu\u011fu reddeder.<\/p><p><\/p><p><\/p><p>Bu web sitesinde sunulan bilgi ve tavsiyeler yaln\u0131zca yol g\u00f6sterme ama\u00e7l\u0131d\u0131r ve ACHENE Health bu t\u00fcr bilgi veya tavsiyelerin do\u011frulu\u011fu veya etkinli\u011finin eksikli\u011finden kaynaklanan her t\u00fcrl\u00fc sorumluluktan muaft\u0131r. ACHENE Health, burada at\u0131fta bulunulan hi\u00e7bir tedaviyi, prosed\u00fcr\u00fc, \u00fcr\u00fcn\u00fc veya doktoru onaylamaz. Bu bilgiler bir e\u011fitim hizmeti olarak sunulmaktad\u0131r ve t\u0131bbi tavsiye niteli\u011fi ta\u015f\u0131mamaktad\u0131r.Sitedeki bilgiler asla bir doktorun tedavi veya kons\u00fcltasyonunun yerini alamaz. Bu kayna\u011fa dayanarak, ila\u00e7 tedavisine ba\u015flanmas\u0131 veya mevcut tedavinin de\u011fi\u015ftirilmesi kesinlikle \u00f6nerilmez. Web sitemizin i\u00e7eri\u011fi asla ki\u015fisel te\u015fhis veya tedavi y\u00f6ntemi se\u00e7imi i\u00e7in de\u011ferlendirilmemelidir. Sitede kanunun i\u00e7eri\u011fine ayk\u0131r\u0131 reklam veya ilan yapma niyeti yoktur.<\/p><p><\/p><p><\/p><h3 class=\"wp-block-heading\">Web Sitesinin Kullan\u0131m Ko\u015fullar\u0131<\/h3><p><\/p><p><\/p><p>ACHENE Health, web sitesinde, abonelik ve kabul edilen h\u00fck\u00fcm ve ko\u015fullar \u00fczerine ger\u00e7ekle\u015ftirdi\u011finiz faaliyet, \u00fcr\u00fcn ve hizmetlerin t\u00fcr\u00fc ile ilgili bilgiler sunar. ACHENE Health, bu web sitesinde yer alan bilgileri g\u00fcncelleme, de\u011fi\u015ftirme veya silme hakk\u0131n\u0131 sakl\u0131 tutar ve bu bilgilere eri\u015fimi s\u0131n\u0131rlayabilir veya reddedebilir.<\/p><p><\/p><p><\/p><p>In particular,ACHENE Healthreserves the right to eliminate, limit or prevent access to its website when technical difficulties arise due to events or circumstances beyond the control of ACHENE Health, which, in its opinion, reduce or cancel the security levels adopted for the proper functioning of the website.<\/p><p><\/p><p><\/p><h3 class=\"wp-block-heading\">Ki\u015fisel Verilerin Korunmas\u0131 Politikas\u0131<\/h3><p><\/p><p><\/p><p>Web sitesinde sa\u011flanan baz\u0131 hizmetler, Ki\u015fisel Verilerin korunmas\u0131na ili\u015fkin \u00f6zel h\u00fck\u00fcmler i\u00e7eren belirli ko\u015fullar i\u00e7erebilir. Toplanan ki\u015fisel veriler otomatik i\u015fleme tabi tutulacak ve ilgili otomatik dosyalara dahil edilecektir. Kullan\u0131c\u0131, ACHENE Health&#8217;e sa\u011flad\u0131\u011f\u0131 ki\u015fisel verilerin do\u011fru oldu\u011funu garanti eder ve bu verilerdeki de\u011fi\u015fiklikleri bildirmekten sorumludur. Otomatik dosyan\u0131n sorumlusu olarak ACHENE Health, Ki\u015fisel Verilerin Korunmas\u0131 kurallar\u0131na tam uyumu garanti eder ve bu nedenle, L.O. 15\/1999, imza sahibi t\u00fczel ki\u015finin avukatlar\u0131, m\u00fcdahilleri, yetkilileri ve uygun oldu\u011fu durumlarda kefilleri bilgilendirilir ve verilerinin mevcut otomatik dosyalara dahil edilmesine r\u0131za g\u00f6sterir.<\/p><p><\/p><p><\/p><p>Ki\u015fisel verilerin toplanmas\u0131 ve otomatik olarak i\u015flenmesinin amac\u0131, ACHENE Health ile s\u00f6zle\u015fmeye dayal\u0131 ili\u015fkinin s\u00fcrd\u00fcr\u00fclmesi, kullan\u0131c\u0131n\u0131n kaydolmaya karar verdi\u011fi hizmetlerin y\u00f6netimi, idaresi, sa\u011flanmas\u0131, geni\u015fletilmesi ve iyile\u015ftirilmesinin yan\u0131 s\u0131ra ACHENE Health taraf\u0131ndan sunulan \u00fcr\u00fcn ve hizmetler hakk\u0131nda teknik, operasyonel ve ticari bilgilerin geleneksel ve elektronik yollarla g\u00f6nderilmesidir. ACHENE Health, ki\u015fisel verilerin korunmas\u0131 i\u00e7in yasal olarak gerekli g\u00fcvenlik seviyelerini benimsemi\u015ftir ve ACHENE Health&#8217;e sa\u011flanan ki\u015fisel verilerin kaybolmas\u0131n\u0131, k\u00f6t\u00fcye kullan\u0131lmas\u0131n\u0131, de\u011fi\u015ftirilmesini, yetkisiz eri\u015fimini ve \u00e7al\u0131nmas\u0131n\u0131 \u00f6nlemek i\u00e7in eri\u015fimi dahilindeki di\u011fer ara\u00e7lar\u0131 ve ek teknik \u00f6nlemleri kurmaya \u00e7al\u0131\u015f\u0131r.<\/p><p><\/p><p><\/p><p>Ancak kullan\u0131c\u0131, \u0130nternet g\u00fcvenlik \u00f6nlemlerinin a\u015f\u0131lamaz olmad\u0131\u011f\u0131n\u0131n fark\u0131nda olmal\u0131d\u0131r. Kullan\u0131c\u0131lar tan\u0131nm\u0131\u015f haklara sahiptir ve eri\u015fim, iptal, d\u00fczeltme ve itiraz haklar\u0131n\u0131 kullanabilecek ve ACHENE Health ile ileti\u015fime ge\u00e7erek yap\u0131lan devirler hakk\u0131nda bilgi alabileceklerdir. ACHENE Health, bir kullan\u0131c\u0131 web&#8217;de gezinirken, yaln\u0131zca belirli bir bilgisayar\u0131n taray\u0131c\u0131s\u0131yla (anonim bir kullan\u0131c\u0131) ili\u015fkilendirilen ve kendi ba\u015flar\u0131na kullan\u0131c\u0131n\u0131n ad\u0131n\u0131 ve soyad\u0131n\u0131 sa\u011flamayan \u00e7erezler kullanabilir.<\/p><p><\/p><p><\/p><p>\u00c7erezler sayesinde ACHENE Health&#8217;in, kay\u0131tl\u0131 kullan\u0131c\u0131lar\u0131n taray\u0131c\u0131lar\u0131n\u0131 ilk kez kay\u0131t olduktan sonra tan\u0131mas\u0131, kendilerine \u00f6zel olarak ayr\u0131lm\u0131\u015f alanlara ve hizmetlere eri\u015fmek i\u00e7in her ziyarette kay\u0131t olmak zorunda kalmamalar\u0131 m\u00fcmk\u00fcnd\u00fcr. Kullan\u0131lan \u00e7erezler di\u011fer sa\u011flay\u0131c\u0131lar taraf\u0131ndan olu\u015fturulan \u00e7erez dosyalar\u0131n\u0131 okuyamaz. Kullan\u0131c\u0131, taray\u0131c\u0131n\u0131z\u0131 \u00e7erezlerin al\u0131nd\u0131\u011f\u0131na dair ekranda uyar\u0131lacak \u015fekilde yap\u0131land\u0131rma ve \u00e7erezlerin sabit s\u00fcr\u00fcc\u00fcn\u00fcze y\u00fcklenmesini \u00f6nleme olana\u011f\u0131na sahiptir.<\/p><p><\/p><p><\/p><h3 class=\"wp-block-heading\">Web Analiti\u011fi<\/h3><p><\/p><p><\/p><p>Bu web sitesi, Google, Inc taraf\u0131ndan sa\u011flanan bir web analiz hizmeti olan Google Analytics&#8217;i kullanmaktad\u0131r. merkezi 1600 Amphitheatre Parkway, Mountain View (California), CA 94043, Amerika Birle\u015fik Devletleri adresinde bulunan bir Delaware \u015firketi (\u201cGoogle&#8221;). Google Analytics \u015funlar\u0131 kullan\u0131r \u201cweb sitesinin kullan\u0131c\u0131lar\u0131n web sitesini nas\u0131l kulland\u0131\u011f\u0131n\u0131 analiz etmesine yard\u0131mc\u0131 olmak i\u00e7in bilgisayar\u0131n\u0131za yerle\u015ftirilen metin dosyalar\u0131 olan &#8220;\u00e7erezler.<\/p><p><\/p><p><\/p><p>\u00c7erez taraf\u0131ndan web sitesini kullan\u0131m\u0131n\u0131z hakk\u0131nda olu\u015fturulan bilgiler (IP adresiniz dahil) do\u011frudan Google&#8217;a iletilecek ve Google taraf\u0131ndan Amerika Birle\u015fik Devletleri&#8217;ndeki sunucularda saklanacakt\u0131r. Google bu bilgileri bizim ad\u0131m\u0131za web sitesi kullan\u0131m\u0131n\u0131z\u0131 izlemek, web sitesi etkinli\u011fi hakk\u0131nda raporlar derlemek ve web sitesi etkinli\u011fi ve internet kullan\u0131m\u0131yla ilgili di\u011fer hizmetleri sa\u011flamak amac\u0131yla kullanacakt\u0131r.<\/p><p><\/p><p><\/p><p>Google ayr\u0131ca bu bilgileri yasalar\u0131n gerektirdi\u011fi durumlarda veya s\u00f6z konusu \u00fc\u00e7\u00fcnc\u00fc taraflar\u0131n bilgileri Google ad\u0131na i\u015fledi\u011fi durumlarda \u00fc\u00e7\u00fcnc\u00fc taraflara aktarabilir. Google, IP adresinizi Google taraf\u0131ndan tutulan di\u011fer verilerle ili\u015fkilendirmeyecektir. Taray\u0131c\u0131n\u0131zda uygun ayarlar\u0131 se\u00e7erek \u00e7erez kullan\u0131m\u0131n\u0131 reddedebilirsiniz, ancak bunu yaparsan\u0131z bu web sitesinin t\u00fcm i\u015flevlerini kullanamayabilece\u011finizi bilmelisiniz. Bu web sitesini kullanarak, hakk\u0131n\u0131zdaki bilgilerin Google taraf\u0131ndan yukar\u0131da belirtilen \u015fekilde ve ama\u00e7larla i\u015flenmesine izin vermi\u015f olursunuz.<\/p><p><\/p>","protected":false},"excerpt":{"rendered":"<p>ACHENE SA\u011eLIK Yasal M\u00fclkiyet ve Telif Hakk\u0131 Hakk\u0131nda Bu web sitesinin ve i\u00e7eri\u011finin sahibi ACHENE Health&#8217;tir. Bu web sitesinin sahiplerinin izni olmadan iletilmesi, devredilmesi, sat\u0131lmas\u0131, kiralanmas\u0131 ve\/veya halka a\u00e7\u0131k sergilenmesi yasakt\u0131r. ACHENE Health \u00f6nceden haber vermeksizin ve herhangi bir s\u0131n\u0131rlama olmaks\u0131z\u0131n web sitesinin i\u00e7eri\u011fini de\u011fi\u015ftirme hakk\u0131n\u0131 sakl\u0131 tutar. Bu web sitesine g\u00f6nderilen veya formlar\u0131 arac\u0131l\u0131\u011f\u0131yla [&hellip;]<\/p>\n","protected":false},"author":1,"featured_media":0,"parent":0,"menu_order":0,"comment_status":"closed","ping_status":"closed","template":"","meta":{"footnotes":""},"class_list":["post-4210","page","type-page","status-publish","hentry"],"_links":{"self":[{"href":"https:\/\/achenehealth.com\/tr\/wp-json\/wp\/v2\/pages\/4210","targetHints":{"allow":["GET"]}}],"collection":[{"href":"https:\/\/achenehealth.com\/tr\/wp-json\/wp\/v2\/pages"}],"about":[{"href":"https:\/\/achenehealth.com\/tr\/wp-json\/wp\/v2\/types\/page"}],"author":[{"embeddable":true,"href":"https:\/\/achenehealth.com\/tr\/wp-json\/wp\/v2\/users\/1"}],"replies":[{"embeddable":true,"href":"https:\/\/achenehealth.com\/tr\/wp-json\/wp\/v2\/comments?post=4210"}],"version-history":[{"count":6,"href":"https:\/\/achenehealth.com\/tr\/wp-json\/wp\/v2\/pages\/4210\/revisions"}],"predecessor-version":[{"id":4780,"href":"https:\/\/achenehealth.com\/tr\/wp-json\/wp\/v2\/pages\/4210\/revisions\/4780"}],"wp:attachment":[{"href":"https:\/\/achenehealth.com\/tr\/wp-json\/wp\/v2\/media?parent=4210"}],"curies":[{"name":"wp","href":"https:\/\/api.w.org\/{rel}","templated":true}]}}