{"id":4423,"date":"2023-01-24T19:39:26","date_gmt":"2023-01-24T16:39:26","guid":{"rendered":"https:\/\/achenehealth.com\/?page_id=4423"},"modified":"2023-06-05T19:01:00","modified_gmt":"2023-06-05T16:01:00","slug":"excimer-lazer","status":"publish","type":"page","link":"https:\/\/achenehealth.com\/tr\/excimer-lazer\/","title":{"rendered":"Excimer lazer"},"content":{"rendered":"<div class=\"wpb-content-wrapper\"><p>[vc_row row_space=&#8221;remove_padding_bottom&#8221;][vc_column width=&#8221;1\/2&#8243;][gva_block_heading title=&#8221;ACHENE Sa\u011fl\u0131k Oftalmoloji&#8221; align=&#8221;align-left&#8221;]<\/p>\n<p class=\"vc_custom_heading\">ACHENE HEALTH Oftalmoloji, g\u00f6rme bak\u0131m\u0131 ve hizmetinde m\u00fckemmelli\u011fe adanm\u0131\u015ft\u0131r. Hizmetlerimiz Refraktif Cerrahi, Katarakt, Kveyanea, Retina, Glokom ve Ok\u00fcloplastik Cerrahi dahil olmak \u00fczere g\u00f6z\u00fcn alt uzmanl\u0131k alanlar\u0131na, tedavilerine, ameliyatlar\u0131na ve prosed\u00fcrlerine odaklanmaktad\u0131r.<\/p>\n<p>[\/gva_block_heading][gva_block_heading title=&#8221;Refraktif kusurlar&#8221; align=&#8221;align-left&#8221;]<\/p>\n<p style=\"font-weight: 400;\">K\u0131rma kusurlar\u0131, net g\u00f6rmeyi zorla\u015ft\u0131ran belirli bir g\u00f6rme kusuru t\u00fcr\u00fcd\u00fcr. G\u00f6z\u00fcn\u00fcz\u00fcn \u015fekli \u0131\u015f\u0131\u011f\u0131n retinan\u0131za (g\u00f6z\u00fcn\u00fcz\u00fcn arkas\u0131nda \u0131\u015f\u0131\u011fa duyarl\u0131 bir doku tabakas\u0131) d\u00fczg\u00fcn bir \u015fekilde odaklanmas\u0131n\u0131 engelledi\u011finde ve ortaya \u00e7\u0131karlar. G\u00f6z\u00fcn d\u0131\u015f g\u00f6r\u00fcnt\u00fclere odaklanma yetene\u011fi bozuldu\u011funda meydana gelir. K\u0131rma kusurlar\u0131 bulan\u0131k g\u00f6rmeye neden olur ve bu bazen g\u00f6r\u00fc\u015f\u00fcn\u00fcz\u00fc bozacak kadar k\u00f6t\u00fc olabilir &#8211; bulan\u0131k g\u00f6rme en yayg\u0131n semptomdur. \u00c7ift g\u00f6rme, bulan\u0131k g\u00f6rme, parlak \u0131\u015f\u0131klar\u0131n etraf\u0131nda parlama veya haleler, g\u00f6zleri k\u0131sma, ba\u015f a\u011fr\u0131s\u0131 veya g\u00f6rme yorgunlu\u011fu da g\u00f6r\u00fclebilir. K\u0131rma kusurlar\u0131 genellikle g\u00f6zl\u00fck veya kontakt lenslerle d\u00fczeltilebilir.<\/p>\n<p>[\/gva_block_heading][gva_block_heading title=&#8221;Excimer Lazer&#8221; align=&#8221;align-left&#8221;][\/gva_block_heading][gva_icon_box description=&#8221;Excimer lazer ilk olarak 1995 y\u0131l\u0131nda ABD G\u0131da ve \u0130la\u00e7 Dairesi (FDA) taraf\u0131ndan lazer g\u00f6z cerrahisinde kullan\u0131m i\u00e7in onaylanm\u0131\u015ft\u0131r. O zamandan bu yana, miyopluk, uza\u011f\u0131 g\u00f6rme ve astigmatizm gibi refraktif kusurlar\u0131 olan milyonlarca hastay\u0131 tedavi etmek i\u00e7in kullan\u0131lmaktad\u0131r. Excimer lazerin refraktif kusurlar\u0131n d\u00fczeltilmesinde g\u00fcvenli ve etkili bir y\u00f6ntem oldu\u011fu kan\u0131tlanm\u0131\u015f ve bir\u00e7ok klinik \u00e7al\u0131\u015fma ve ara\u015ft\u0131rmada ba\u015far\u0131yla kullan\u0131lm\u0131\u015ft\u0131r. FDA&#8217;n\u0131n excimer lazerler de dahil olmak \u00fczere t\u00fcm t\u0131bbi cihazlar\u0131n g\u00fcvenli\u011fini ve etkinli\u011fini d\u00fczenli olarak izledi\u011fini ve yeni bilgiler ortaya \u00e7\u0131kt\u0131k\u00e7a k\u0131lavuzlar\u0131n\u0131 ve tavsiyelerini g\u00fcncelledi\u011fini belirtmek gerekir. Ayr\u0131ca, excimer lazer teknolojisinin zaman i\u00e7inde geli\u015fti\u011fini ve wavefront-guided veya topografi-guided lazerler gibi daha yeni versiyonlar\u0131n art\u0131k mevcut oldu\u011funu ve daha fazla hassasiyet ve daha iyi sonu\u00e7lar sundu\u011funu belirtmek de \u00f6nemlidir.&#8221; icon_position=&#8221;top-left&#8221; image=&#8221;4533&#8243;][\/vc_column][vc_column width=&#8221;1\/2&#8243;][vc_single_image image=&#8221;4437&#8243; img_size=&#8221;full&#8221; alignment=&#8221;right&#8221; style=&#8221;vc_box_bveyader_circle_2&#8243;][vc_empty_space][gva_icon_box icon_position=&#8221;top-left&#8221; image=&#8221;4394&#8243;][accordion_father activetabbg=&#8221;#994fe2&#8243; activetabclr=&#8221;#ffffff&#8221;][accordion_son title=&#8221;Excimer lazer nedir?&#8221;]Excimer lazer, fotoablatif ayr\u0131\u015fma olarak bilinen bir i\u015flemle \u00f6n korneadan doku \u00e7\u0131kararak g\u00f6z\u00fcn k\u0131r\u0131lma durumunu de\u011fi\u015ftirir. Bu i\u015flem, \u00e7evre dokuya herhangi bir termal hasar vermeden korneadaki kimyasal ba\u011flar\u0131 bozmak i\u00e7in excimer lazerden gelen ultraviyole enerjiyi kullan\u0131r.<\/p>\n<p>Excimer lazer, lazer destekli in situ keratomileusis (LASIK) ve fotorefraktif keratektomi (PRK) gibi refraktif cerrahide korneay\u0131 yeniden \u015fekillendirmek ve miyopluk, uzak g\u00f6r\u00fc\u015fl\u00fcl\u00fck ve astigmatizm gibi g\u00f6rme sorunlar\u0131n\u0131 d\u00fczeltmek i\u00e7in kullan\u0131lan bir lazer t\u00fcr\u00fcd\u00fcr. Excimer lazer, korneadan k\u00fc\u00e7\u00fck miktarlarda dokuyu hassas bir \u015fekilde \u00e7\u0131karmak i\u00e7in ultraviyole (UV) enerjisini kullan\u0131r ve hastan\u0131n g\u00f6r\u00fc\u015f\u00fcn\u00fc iyile\u015ftirmek i\u00e7in \u015feklini ve k\u0131r\u0131lma \u00f6zelliklerini de\u011fi\u015ftirir. Prosed\u00fcr tipik olarak non-invazivdir ve \u00e7evre dokuda minimum termal hasara neden olur. Bu, g\u00f6zl\u00fck veya kontakt lenslere olan ba\u011f\u0131ml\u0131l\u0131klar\u0131n\u0131 azaltmak veya ortadan kald\u0131rmak isteyen k\u0131rma kusurlar\u0131 olanlar i\u00e7in pop\u00fcler bir se\u00e7im haline getirir.[\/accordion_son][accordion_son title=&#8221;Excimer lazerin tipleri nelerdir?&#8221;]Lazer g\u00f6z ameliyat\u0131n\u0131n \u00e7e\u015fitli t\u00fcrleri vard\u0131r:<\/p>\n<p>LASIK (Laser-Assisted In Situ Keratomileusis) &#8211; Bu en s\u0131k uygulanan lazer g\u00f6z ameliyat\u0131d\u0131r ve miyopluk, uzak g\u00f6r\u00fc\u015fl\u00fcl\u00fck ve astigmatizmay\u0131 d\u00fczeltmek i\u00e7in kullan\u0131l\u0131r.<br \/>\nPRK (Fotorefraktif Keratektomi) &#8211; LASIK&#8217;e benzer \u015fekilde, PRK ayn\u0131 g\u00f6rme sorunlar\u0131n\u0131 d\u00fczeltmek i\u00e7in kullan\u0131l\u0131r, ancak cerrahi teknik biraz farkl\u0131d\u0131r.<br \/>\nLASEK (Lazer Destekli Sub-Epitelyal Keratektomi) &#8211; Bu, PRK&#8217;n\u0131n bir varyasyonudur ve ayn\u0131 g\u00f6rme sorunlar\u0131n\u0131 d\u00fczeltmek i\u00e7in kullan\u0131l\u0131r.<br \/>\nEpi-LASIK &#8211; Bu, PRK&#8217;ya benzeyen ancak daha az invaziv olan bir LASIK \u00e7e\u015fididir.<br \/>\nSMILE (Small Incision Lenticule Extraction) &#8211; Miyoplu\u011fu ve astigmatizmay\u0131 d\u00fczeltebilen daha yeni bir lazer g\u00f6z ameliyat\u0131 t\u00fcr\u00fcd\u00fcr ve geleneksel LASIK ameliyat\u0131ndan daha az invazivdir.<br \/>\n&#8220;B\u0131\u00e7aks\u0131z&#8221; lazer olarak da bilinen &#8220;No touch&#8221; lazer, geleneksel LASIK ameliyat\u0131na benzeyen bir lazer g\u00f6z ameliyat\u0131 t\u00fcr\u00fcd\u00fcr. Bununla birlikte, korneada bir flep olu\u015fturmak i\u00e7in bir b\u0131\u00e7ak (mikrokeratom) kullanmak yerine, cerrah flebi olu\u015fturmak i\u00e7in bir lazer kullan\u0131r. Bu genellikle &#8220;tamamen lazer LASIK&#8221; veya &#8220;b\u0131\u00e7aks\u0131z LASIK&#8221; olarak adland\u0131r\u0131l\u0131r. Bu t\u00fcr ameliyat\u0131n ana avantaj\u0131 daha az invaziv olmas\u0131d\u0131r, bu da iyile\u015fme s\u00fcresinin genellikle daha k\u0131sa oldu\u011fu ve komplikasyon olas\u0131l\u0131\u011f\u0131n\u0131n daha az oldu\u011fu anlam\u0131na gelir. Ayr\u0131ca, flep bir lazerle olu\u015fturuldu\u011fu i\u00e7in, prosed\u00fcr\u00fcn hassasiyeti artar ve bu da baz\u0131 hastalar i\u00e7in daha iyi g\u00f6rsel sonu\u00e7larla sonu\u00e7lanabilir.<br \/>\nLazer g\u00f6z ameliyat\u0131n\u0131n ba\u015far\u0131s\u0131 ve g\u00fcvenli\u011finin yaln\u0131zca kullan\u0131lan lazer t\u00fcr\u00fcne de\u011fil, cerrah\u0131n beceri ve deneyimine ve hastan\u0131n genel sa\u011fl\u0131\u011f\u0131na ba\u011fl\u0131 oldu\u011funu unutmamak \u00f6nemlidir.[\/accordion_son][accordion_son title=&#8221;LAS\u0130K&#8217;de excimer lazer neden kullan\u0131l\u0131r?&#8221;]Excimer lazer, kornean\u0131n \u015feklinde hassas, do\u011fru ve y\u00fcksek kontroll\u00fc de\u011fi\u015fiklikler yapabildi\u011fi i\u00e7in LASIK&#8217;te kullan\u0131l\u0131r. Lazer, korneadan \u00e7ok ince bir doku tabakas\u0131n\u0131 \u00e7\u0131karmak i\u00e7in kullan\u0131lan ultraviyole (UV) \u0131\u015f\u0131k enerjisi yayar. Lazer, kornean\u0131n belirli b\u00f6lgelerini y\u00fcksek hassasiyetle hedefleyebildi\u011finden, miyopi, hipermetropi ve astigmatizm gibi \u00e7ok \u00e7e\u015fitli k\u0131r\u0131lma hatalar\u0131n\u0131 d\u00fczeltebilir.<\/p>\n<p>Excimer lazer de LASIK&#8217;te kullan\u0131l\u0131r \u00e7\u00fcnk\u00fc korneada bu de\u011fi\u015fiklikleri \u00e7evre dokuda \u00f6nemli termal hasara neden olmadan yapabilir. Bu \u00f6nemlidir \u00e7\u00fcnk\u00fc komplikasyon riskini azalt\u0131r ve daha h\u0131zl\u0131 bir iyile\u015fme s\u00fcresi sa\u011flar. Ek olarak, prosed\u00fcr tipik olarak ayakta tedavi baz\u0131nda yap\u0131l\u0131r ve nispeten a\u011fr\u0131s\u0131zd\u0131r, bu da hastalar\u0131n ameliyattan k\u0131sa bir s\u00fcre sonra normal aktivitelerine d\u00f6nmelerine olanak tan\u0131r.[\/accordion_son][accordion_son title=&#8221;No touch lazer g\u00f6z ameliyat\u0131 nedir?&#8221;]&#8221;B\u0131\u00e7aks\u0131z&#8221; veya &#8220;tamamen lazer&#8221; LASIK olarak da bilinen dokunmas\u0131z lazer g\u00f6z ameliyat\u0131, miyopluk (yak\u0131n\u0131 g\u00f6rememe), hipermetropluk (uza\u011f\u0131 g\u00f6rememe) ve astigmatl\u0131k gibi g\u00f6rme bozukluklar\u0131n\u0131 d\u00fczeltmek amac\u0131yla korneay\u0131 yeniden \u015fekillendirmek i\u00e7in lazer kullanan bir lazer g\u00f6z ameliyat\u0131 t\u00fcr\u00fcd\u00fcr. Korneada bir flep olu\u015fturmak i\u00e7in cerrahi bir b\u0131\u00e7ak kullanan geleneksel LASIK&#8217;in aksine, no touch lazer g\u00f6z ameliyat\u0131 flep olu\u015fturmak i\u00e7in bir lazer kullan\u0131r, b\u00f6ylece b\u0131\u00e7ak ihtiyac\u0131n\u0131 ortadan kald\u0131r\u0131r. Prosed\u00fcr ayakta tedavi baz\u0131nda ger\u00e7ekle\u015ftirilir ve tipik olarak 20 dakikadan az s\u00fcrer. \u0130yile\u015fme s\u00fcresi genellikle geleneksel LASIK&#8217;ten daha h\u0131zl\u0131d\u0131r ve hastalar genellikle 24 saat i\u00e7inde geli\u015fmi\u015f g\u00f6rme deneyimi ya\u015farlar.[\/accordion_son][accordion_son title=&#8221;Excimer lazer benim i\u00e7in uygun bir se\u00e7enek mi?&#8221;]Excimer lazer, miyopi, hipermetropi ve astigmatizma dahil olmak \u00fczere \u00e7ok \u00e7e\u015fitli k\u0131rma kusurlar\u0131n\u0131 d\u00fczeltmek i\u00e7in kullan\u0131labilir.<br \/>\nExcimer lazer cerrahisi ile elde edilebilecek d\u00fczeltme miktar\u0131, cerrah\u0131n becerisi ve deneyimi, hastan\u0131n genel sa\u011fl\u0131\u011f\u0131 ve kullan\u0131lan \u00f6zel lazer t\u00fcr\u00fc ve cerrahi teknik dahil olmak \u00fczere \u00e7e\u015fitli fakt\u00f6rlere ba\u011fl\u0131d\u0131r.<\/p>\n<p>Miyopi i\u00e7in, excimer lazer -20 diyoptriye kadar d\u00fczeltmek i\u00e7in kullan\u0131labilir. Hipermetropi i\u00e7in +6 diyoptriye kadar kullan\u0131labilir. Astigmatizm i\u00e7in ise -6 diyoptriye kadar kullan\u0131labilir.<\/p>\n<p>Bununla birlikte, \u00e7ok y\u00fcksek derecede miyopi, hipermetropi veya astigmatizm i\u00e7in Fakik G\u0130L&#8217;ler veya refraktif lens de\u011fi\u015fimi gibi di\u011fer cerrahi se\u00e7eneklerin daha uygun olabilece\u011fini belirtmek gerekir.<\/p>\n<p>Her zaman oldu\u011fu gibi, her bir hasta i\u00e7in en uygun tedaviyi belirlemek i\u00e7in kapsaml\u0131 bir g\u00f6z muayenesi ve kalifiye bir g\u00f6z cerrah\u0131 ile g\u00f6r\u00fc\u015fme gereklidir.[\/accordion_son][accordion_son title=&#8221;Lazer g\u00f6z ameliyat\u0131 g\u00f6rmeyi iyile\u015ftirir mi?&#8221;]LASIK gibi lazer g\u00f6z ameliyatlar\u0131, yak\u0131n\u0131 g\u00f6rememe (miyopi), uza\u011f\u0131 g\u00f6rememe (hipermetropi) ve astigmatizma gibi belirli g\u00f6rme sorunlar\u0131 olan hastalarda g\u00f6rmeyi iyile\u015ftirebilir. I\u015f\u0131\u011f\u0131n g\u00f6ze girme ve retinaya odaklanma \u015feklini de\u011fi\u015ftirmek i\u00e7in g\u00f6z\u00fcn \u015feffaf \u00f6n y\u00fczeyi olan korneay\u0131 yeniden \u015fekillendirerek \u00e7al\u0131\u015f\u0131r.<\/p>\n<p>Lazer g\u00f6z ameliyat\u0131n\u0131n ba\u015far\u0131 oran\u0131 y\u00fcksektir ve \u00e7o\u011fu hasta g\u00f6r\u00fc\u015flerinde \u00f6nemli \u00f6l\u00e7\u00fcde iyile\u015fme ya\u015far. Bununla birlikte, bu bir garanti de\u011fildir ve baz\u0131 hastalar 20\/20 g\u00f6r\u00fc\u015fe ula\u015famayabilir veya g\u00f6r\u00fc\u015flerine ince ayar yapmak i\u00e7in ek prosed\u00fcrlere ihtiya\u00e7 duyabilir.<\/p>\n<p>Lazer g\u00f6z ameliyat\u0131n\u0131n herkes i\u00e7in uygun olmayabilece\u011fini ve sizin i\u00e7in do\u011fru se\u00e7enek olup olmad\u0131\u011f\u0131n\u0131 belirlemek i\u00e7in nitelikli bir g\u00f6z doktoru ile muayene ve kons\u00fcltasyon yap\u0131lmas\u0131 gerekti\u011fini unutmamak \u00f6nemlidir.[\/accordion_son][accordion_son title=&#8221;Lazer g\u00f6z ameli\u0307yat\u0131 ne kadar a\u011fr\u0131l\u0131d\u0131r?&#8221;]LASIK gibi lazer g\u00f6z ameliyatlar\u0131n\u0131n genellikle \u00e7ok a\u011fr\u0131 verici oldu\u011fu d\u00fc\u015f\u00fcn\u00fclmez. \u0130\u015flem s\u0131ras\u0131nda g\u00f6z y\u00fczeyini uyu\u015fturmak i\u00e7in uyu\u015fturucu g\u00f6z damlalar\u0131 kullan\u0131l\u0131r, bu nedenle \u00e7o\u011fu hasta \u00e7ok az rahats\u0131zl\u0131k duydu\u011funu veya hi\u00e7 rahats\u0131zl\u0131k duymad\u0131\u011f\u0131n\u0131 bildirir. Baz\u0131 hastalar i\u015flem s\u0131ras\u0131nda hafif bir bas\u0131n\u00e7 hissi duyabilir, ancak bu genellikle hafif ve k\u0131sa s\u00fcreli olarak tan\u0131mlan\u0131r.<\/p>\n<p>\u0130\u015flemden sonra baz\u0131 hastalar g\u00f6zde hafif bir rahats\u0131zl\u0131k veya ka\u015f\u0131nma hissi ya\u015fayabilir, ancak bu genellikle re\u00e7etesiz sat\u0131lan a\u011fr\u0131 kesici ila\u00e7larla iyi bir \u015fekilde y\u00f6netilir ve tipik olarak bir veya iki g\u00fcn i\u00e7inde d\u00fczelir.<\/p>\n<p>\u00c7o\u011fu hasta, i\u015flemden sonraki bir veya iki g\u00fcn i\u00e7inde i\u015f ve araba kullanma gibi normal faaliyetlerine d\u00f6nebilir. Uygun iyile\u015fmeyi ve m\u00fcmk\u00fcn olan en iyi sonucu sa\u011flamak i\u00e7in cerrah taraf\u0131ndan sa\u011flanan ameliyat sonras\u0131 talimatlar\u0131 takip etmek \u00f6nemlidir.[\/accordion_son][accordion_son title=&#8221;Lazer g\u00f6z ameliyat\u0131nda nas\u0131l g\u00f6z k\u0131rpmazs\u0131n\u0131z?&#8221;]Lazer g\u00f6z ameliyat\u0131 s\u0131ras\u0131nda g\u00f6z kapaklar\u0131n\u0131 a\u00e7\u0131k tutmak ve g\u00f6z k\u0131rpmay\u0131 \u00f6nlemek i\u00e7in g\u00f6z kapa\u011f\u0131 spekulumu ad\u0131 verilen bir cihaz kullan\u0131l\u0131r. Spekulum, \u00fcst ve alt g\u00f6z kapaklar\u0131 aras\u0131na yerle\u015ftirilen ve onlar\u0131 nazik\u00e7e a\u00e7\u0131k tutan k\u00fc\u00e7\u00fck, plastik bir cihazd\u0131r. Genellikle a\u011fr\u0131s\u0131zd\u0131r ve g\u00f6ze herhangi bir zarar vermez. Ek olarak, cerrah i\u015flem s\u0131ras\u0131nda bir hedef \u0131\u015f\u0131\u011fa odaklanman\u0131z\u0131 isteyebilir, bu da g\u00f6z\u00fcn\u00fcz\u00fc sabit tutmaya ve g\u00f6z k\u0131rpma ihtiyac\u0131n\u0131 azaltmaya yard\u0131mc\u0131 olabilir. Daha yeni lazer teknolojilerinden baz\u0131lar\u0131, lazerin g\u00f6z hareketini izlemesine ve lazer \u0131\u015f\u0131n\u0131n\u0131 buna g\u00f6re ayarlamas\u0131na yard\u0131mc\u0131 olacak yerle\u015fik bir g\u00f6z izleme sistemine de sahiptir, bu da i\u015flem s\u0131ras\u0131nda g\u00f6z kapaklar\u0131n\u0131 a\u00e7\u0131k tutma ihtiyac\u0131n\u0131 azaltabilir.[\/accordion_son][accordion_son title=&#8221;Lazer g\u00f6z ameliyat\u0131n\u0131n iyile\u015fmesi ne kadar s\u00fcrer?&#8221;]Refraktif cerrahi olarak da bilinen lazer g\u00f6z ameliyat\u0131ndan sonraki iyile\u015fme s\u00fcreci, prosed\u00fcr\u00fcn t\u00fcr\u00fcne ve bireysel hastaya ba\u011fl\u0131 olarak de\u011fi\u015febilir. Genel olarak, \u00e7o\u011fu ki\u015fi ameliyattan sonraki birka\u00e7 g\u00fcn i\u00e7inde g\u00f6r\u00fc\u015flerinde iyile\u015fme g\u00f6rebilir ve hastalar\u0131n \u00e7o\u011fu bir veya iki hafta i\u00e7inde optimum g\u00f6rme keskinli\u011fine ula\u015f\u0131r. Bununla birlikte, tam iyile\u015fme s\u00fcrecinin birka\u00e7 ay s\u00fcrebilece\u011fini unutmamak \u00f6nemlidir.<\/p>\n<p>Hastalar\u0131n \u00e7o\u011fu ameliyattan sonraki bir veya iki g\u00fcn i\u00e7inde normal aktivitelerine d\u00f6nebilir, ancak birka\u00e7 g\u00fcn boyunca yanma, ka\u015f\u0131nt\u0131 veya \u0131\u015f\u0131k hassasiyeti gibi baz\u0131 hafif rahats\u0131zl\u0131klar ya\u015fayabilirler. Cerrah taraf\u0131ndan verilen ve iltihab\u0131 azaltmak i\u00e7in g\u00f6z damlas\u0131 kullanmay\u0131, g\u00f6zleri ovu\u015fturmaktan ka\u00e7\u0131nmay\u0131 ve y\u00fczme, spor veya a\u011f\u0131r kald\u0131rma gibi belirli aktivitelerden bir s\u00fcre ka\u00e7\u0131nmay\u0131 i\u00e7erebilecek ameliyat sonras\u0131 talimatlara uymak \u00f6nemlidir.<\/p>\n<p>Baz\u0131 durumlarda iyile\u015fme s\u00fcreci daha uzun s\u00fcrebilir ve baz\u0131 hastalar birka\u00e7 ay boyunca g\u00f6r\u00fc\u015flerinde dalgalanmalar ya\u015fayabilir. Cerrah iyile\u015fme s\u00fcrecini yak\u0131ndan izleyecek ve m\u00fcmk\u00fcn olan en iyi sonucu sa\u011flamak i\u00e7in gerekli ayarlamalar\u0131 yapacakt\u0131r.[\/accordion_son][accordion_son title=&#8221;Excimer lazer g\u00fcvenli bir giri\u015fim midir?&#8221;]Excimer lazer, yak\u0131n g\u00f6r\u00fc\u015fl\u00fcl\u00fck (miyop), uzak g\u00f6r\u00fc\u015fl\u00fcl\u00fck (hipermetrop) ve astigmatizm gibi belirli g\u00f6z rahats\u0131zl\u0131klar\u0131 i\u00e7in g\u00fcvenli ve etkili bir tedavi olarak kabul edilir. Lazer g\u00f6z ameliyat\u0131 veya refraktif cerrahi olarak bilinen prosed\u00fcr, g\u00f6r\u00fc\u015f\u00fc iyile\u015ftirmek i\u00e7in g\u00f6z\u00fcn berrak \u00f6n y\u00fczeyi olan korneay\u0131 yeniden \u015fekillendirmek i\u00e7in y\u00fcksek oranda odaklanm\u0131\u015f bir ultraviyole \u0131\u015f\u0131k demeti kullan\u0131r. Prosed\u00fcr tipik olarak ayakta tedavi baz\u0131nda ger\u00e7ekle\u015ftirilir ve \u00e7o\u011fu insan birka\u00e7 g\u00fcn i\u00e7inde normal aktivitelerine d\u00f6nebilir. Bununla birlikte, herhangi bir t\u0131bbi prosed\u00fcrde oldu\u011fu gibi, tedaviye girmeden \u00f6nce kalifiye bir g\u00f6z cerrah\u0131 ile tart\u0131\u015f\u0131lmas\u0131 gereken riskler ve potansiyel komplikasyonlar vard\u0131r.[\/accordion_son][\/accordion_father][\/vc_column][\/vc_row][vc_row row_space=&#8221;remove_margin remove_padding remove_padding_col&#8221;][vc_column][gva_block_heading title=&#8221;Excimer Laser&#8221; align=&#8221;align-left&#8221;][\/gva_block_heading][\/vc_column][\/vc_row][vc_row row_space=&#8221;remove_padding_top&#8221;][vc_column width=&#8221;1\/3&#8243;][vc_single_image image=&#8221;4467&#8243;][\/vc_column][vc_column width=&#8221;1\/3&#8243;][vc_single_image image=&#8221;4466&#8243;][\/vc_column][vc_column width=&#8221;1\/3&#8243;][vc_single_image image=&#8221;4468&#8243;][\/vc_column][\/vc_row][vc_row row_space=&#8221;remove_padding_top&#8221;][vc_column][vc_custom_heading text=&#8221;Prosed\u00fcr, g\u00f6z\u00fcn \u00f6n taraf\u0131nda saat kristaline benzer bir flep olu\u015fturulmas\u0131yla ba\u015flar. Bu doku y\u00fcksek bir k\u0131rma g\u00fcc\u00fcne sahiptir. Flep, b\u0131\u00e7aks\u0131z lazer kullan\u0131larak olu\u015fturulur ve bilgisayar kontroll\u00fc hassasiyet kullan\u0131larak hastaya g\u00f6re \u00f6zelle\u015ftirilir. Daha sonra, dalga cephesi olarak bilinen ki\u015fiselle\u015ftirilmi\u015f bir tedavi plan\u0131 olu\u015fturmak i\u00e7in kullan\u0131lan Wavescan aberometri kullan\u0131larak hastan\u0131n infveyamasyonu toplan\u0131r. Bu infveyamasyon daha sonra excimer lazere aktar\u0131l\u0131r. Daha sonra flep kald\u0131r\u0131l\u0131r ve altta yatan stroma dokusu, bir iris kay\u0131t sistemi ile donat\u0131lm\u0131\u015f olan ve wavefront \u00f6l\u00e7\u00fcmlerini uygulayabilen excimer lazer kullan\u0131larak tedavi edilir. Prosed\u00fcr tipik olarak non-invazivdir ve \u00e7evre dokuda minimum termal hasara neden olur. Bu, g\u00f6zl\u00fck veya kontakt lenslere olan ba\u011f\u0131ml\u0131l\u0131klar\u0131n\u0131 azaltmak isteyen refraktif kusurlar\u0131 olanlar i\u00e7in pop\u00fcler bir se\u00e7imdir.&#8221; font_container=&#8221;tag:p|text_align:left&#8221; use_theme_fonts=&#8221;yes&#8221;][gva_image_content][\/gva_image_content][\/vc_column][\/vc_row][vc_row row_space=&#8221;remove_padding_top&#8221;][vc_column width=&#8221;1\/4&#8243;][gva_icon_box title=&#8221;En iyi hasta bak\u0131m\u0131&#8221; icon=&#8221;gv-icon-1271&#8243; description=&#8221;\u00d6ncelikli hedefimiz her zaman ola\u011fan\u00fcst\u00fc bak\u0131m, e\u015fsiz cerrahi deneyim ve ki\u015fiselle\u015ftirilmi\u015f tedavi sa\u011flamakt\u0131r&#8221; icon_position=&#8221;top-center v2&#8243; icon_width=&#8221;fa-4x&#8221; icon_colveya=&#8221;#0000ff&#8221;][\/vc_column][vc_column width=&#8221;1\/4&#8243;][gva_icon_box title=&#8221;Net bir vizyona sahip olun&#8221; icon=&#8221;gv-icon-1589&#8243; description=&#8221;Arzu etti\u011finiz g\u00f6rmeye ve ideal ya\u015fam tarz\u0131na ula\u015f\u0131n&#8221; icon_position=&#8221;top-center v2&#8243; icon_width=&#8221;fa-4x&#8221; icon_colveya=&#8221;#0000ff&#8221;][\/vc_column][vc_column width=&#8221;1\/4&#8243;][gva_icon_box title=&#8221;G\u00f6rmenizi optimize edin&#8221; icon=&#8221;gv-icon-1289&#8243; description=&#8221;En yeni, en ileri teknoloji dokunmas\u0131z prosed\u00fcrle g\u00f6rmenizi iyile\u015ftirin&#8221; icon_position=&#8221;top-center v2&#8243; icon_width=&#8221;fa-4x&#8221; icon_colveya=&#8221;#0000ff&#8221;][\/vc_column][vc_column width=&#8221;1\/4&#8243;][gva_icon_box title=&#8221;G\u00f6rmenizi yeniden \u015fekillendirin&#8221; icon=&#8221;fa fa-eye&#8221; description=&#8221;Uzak g\u00f6r\u00fc\u015f g\u00f6zl\u00fcklerine ve\/veya kontakt lenslere olan ihtiyac\u0131 ortadan kald\u0131r\u0131n&#8221; icon_position=&#8221;top-center v2&#8243; icon_width=&#8221;fa-4x&#8221; icon_colveya=&#8221;#0000ff&#8221;][\/vc_column][\/vc_row]<\/p>\n<\/div>","protected":false},"excerpt":{"rendered":"<p>[vc_row row_space=&#8221;remove_padding_bottom&#8221;][vc_column width=&#8221;1\/2&#8243;][gva_block_heading title=&#8221;ACHENE Sa\u011fl\u0131k Oftalmoloji&#8221; align=&#8221;align-left&#8221;] ACHENE HEALTH Oftalmoloji, g\u00f6rme bak\u0131m\u0131 ve hizmetinde m\u00fckemmelli\u011fe adanm\u0131\u015ft\u0131r. Hizmetlerimiz Refraktif Cerrahi, Katarakt, Kveyanea, Retina, Glokom ve Ok\u00fcloplastik Cerrahi dahil olmak \u00fczere g\u00f6z\u00fcn alt uzmanl\u0131k alanlar\u0131na, tedavilerine, ameliyatlar\u0131na ve prosed\u00fcrlerine odaklanmaktad\u0131r. [\/gva_block_heading][gva_block_heading title=&#8221;Refraktif kusurlar&#8221; align=&#8221;align-left&#8221;] K\u0131rma kusurlar\u0131, net g\u00f6rmeyi zorla\u015ft\u0131ran belirli bir g\u00f6rme kusuru t\u00fcr\u00fcd\u00fcr. G\u00f6z\u00fcn\u00fcz\u00fcn \u015fekli \u0131\u015f\u0131\u011f\u0131n [&hellip;]<\/p>\n","protected":false},"author":1,"featured_media":4450,"parent":0,"menu_order":0,"comment_status":"closed","ping_status":"closed","template":"","meta":{"footnotes":""},"class_list":["post-4423","page","type-page","status-publish","has-post-thumbnail","hentry"],"_links":{"self":[{"href":"https:\/\/achenehealth.com\/tr\/wp-json\/wp\/v2\/pages\/4423","targetHints":{"allow":["GET"]}}],"collection":[{"href":"https:\/\/achenehealth.com\/tr\/wp-json\/wp\/v2\/pages"}],"about":[{"href":"https:\/\/achenehealth.com\/tr\/wp-json\/wp\/v2\/types\/page"}],"author":[{"embeddable":true,"href":"https:\/\/achenehealth.com\/tr\/wp-json\/wp\/v2\/users\/1"}],"replies":[{"embeddable":true,"href":"https:\/\/achenehealth.com\/tr\/wp-json\/wp\/v2\/comments?post=4423"}],"version-history":[{"count":36,"href":"https:\/\/achenehealth.com\/tr\/wp-json\/wp\/v2\/pages\/4423\/revisions"}],"predecessor-version":[{"id":4813,"href":"https:\/\/achenehealth.com\/tr\/wp-json\/wp\/v2\/pages\/4423\/revisions\/4813"}],"wp:featuredmedia":[{"embeddable":true,"href":"https:\/\/achenehealth.com\/tr\/wp-json\/wp\/v2\/media\/4450"}],"wp:attachment":[{"href":"https:\/\/achenehealth.com\/tr\/wp-json\/wp\/v2\/media?parent=4423"}],"curies":[{"name":"wp","href":"https:\/\/api.w.org\/{rel}","templated":true}]}}