{"id":4484,"date":"2023-01-25T16:24:25","date_gmt":"2023-01-25T13:24:25","guid":{"rendered":"https:\/\/achenehealth.com\/?page_id=4484"},"modified":"2023-07-13T20:18:46","modified_gmt":"2023-07-13T17:18:46","slug":"ri%cc%87noplasti%cc%87","status":"publish","type":"page","link":"https:\/\/achenehealth.com\/tr\/ri%cc%87noplasti%cc%87\/","title":{"rendered":"Rinoplasti"},"content":{"rendered":"<div class=\"wpb-content-wrapper\"><p>[vc_row row_space=&#8221;remove_padding_bottom&#8221;][vc_column width=&#8221;1\/2&#8243;][gva_block_heading title=&#8221;ACHENE Sa\u011fl\u0131k Burun Esteti\u011fi&#8221; align=&#8221;align-left&#8221;]Rinoplasti, etkili estetik ve pratik burun yeniden \u015fekillendirmesi i\u00e7in kulak burun bo\u011faz ba\u015f ve boyun cerrahisinde en zorlu prosed\u00fcrlerden biri olarak kabul edilir.<\/p>\n<p>[\/gva_block_heading][vc_single_image image=&#8221;4488&#8243; img_size=&#8221;full&#8221; alignment=&#8221;right&#8221; style=&#8221;vc_box_rounded&#8221;][gva_icon_box icon_position=&#8221;top-left&#8221; image=&#8221;4394&#8243;][accordion_father activetabbg=&#8221;#994fe2&#8243; activetabclr=&#8221;#ffffff&#8221;][accordion_son title=&#8221;Rinoplasti \u00e7e\u015fitleri nelerdir&#8221;]Her biri belirli sorunlar\u0131 ele almak ve belirli sonu\u00e7lar elde etmek i\u00e7in kullan\u0131lan \u00e7e\u015fitli rinoplasti t\u00fcrleri vard\u0131r. En yayg\u0131n rinoplasti t\u00fcrlerinden baz\u0131lar\u0131 \u015funlard\u0131r:<\/p>\n<p>B\u00fcy\u00fctme rinoplastisi: Bu t\u00fcr bir prosed\u00fcr, burun k\u00f6pr\u00fcs\u00fcn\u00fc veya ucunu olu\u015fturmak i\u00e7in tipik olarak k\u0131k\u0131rdak veya sentetik malzemeler kullan\u0131larak burnun boyutunu ve \u015feklini geli\u015ftirmek i\u00e7in kullan\u0131l\u0131r.<\/p>\n<p>Red\u00fcksiyon rinoplasti: Bu prosed\u00fcr, tipik olarak kemik ve k\u0131k\u0131rdak \u00e7\u0131kar\u0131larak burun boyutunu k\u00fc\u00e7\u00fcltmek i\u00e7in kullan\u0131l\u0131r.<\/p>\n<p>Revizyon rinoplasti: Bu prosed\u00fcr, \u00f6nceki bir rinoplasti ameliyat\u0131ndan sonra ortaya \u00e7\u0131km\u0131\u015f olabilecek sorunlar\u0131 d\u00fczeltmek i\u00e7in kullan\u0131l\u0131r.<\/p>\n<p>Fonksiyonel rinoplasti: Bu prosed\u00fcr, burnun i\u00e7 yap\u0131s\u0131n\u0131 de\u011fi\u015ftirerek nefes alma zorluklar\u0131n\u0131 d\u00fczeltmek i\u00e7in kullan\u0131l\u0131r.<\/p>\n<p>Ameliyats\u0131z burun esteti\u011fi: Bu, burnu yeniden \u015fekillendirmek i\u00e7in dermal dolgu maddelerinin kullan\u0131ld\u0131\u011f\u0131 bir prosed\u00fcrd\u00fcr.<\/p>\n<p>Bireysel ihtiya\u00e7lar\u0131n\u0131z ve hedefleriniz i\u00e7in en iyi rinoplasti t\u00fcr\u00fcn\u00fc belirlemek i\u00e7in kurul onayl\u0131 bir plastik cerraha dan\u0131\u015fman\u0131z \u00f6nemlidir. Cerrah y\u00fcz hatlar\u0131n\u0131z\u0131, cilt tipinizi, t\u0131bbi ge\u00e7mi\u015finizi ve prosed\u00fcr\u00fc etkileyebilecek di\u011fer fakt\u00f6rleri dikkate alacakt\u0131r.<\/p>\n<p>[\/accordion_son][accordion_son title=&#8221;Estetik rinoplasti nedir&#8221;]Kozmetik rinoplasti olarak da bilinen estetik rinoplasti, yaln\u0131zca burun g\u00f6r\u00fcn\u00fcm\u00fcn\u00fc iyile\u015ftirmek amac\u0131yla yap\u0131lan bir rinoplasti t\u00fcr\u00fcd\u00fcr. Bu prosed\u00fcr\u00fcn amac\u0131, bombeli burun ucu, e\u011fri burun, k\u00f6pr\u00fcde kamburluk ve asimetri gibi sorunlar\u0131 ele alarak daha dengeli ve orant\u0131l\u0131 bir g\u00f6r\u00fcn\u00fcm olu\u015fturmakt\u0131r.<\/p>\n<p>Estetik rinoplasti s\u0131ras\u0131nda cerrah, altta yatan k\u0131k\u0131rdak ve kemi\u011fe eri\u015fmek i\u00e7in burunda kesiler a\u00e7acakt\u0131r. Cerrah daha sonra k\u0131k\u0131rdak ve kemi\u011fi gerekti\u011fi \u015fekilde \u00e7\u0131kararak, ekleyerek veya yeniden da\u011f\u0131tarak burnu yeniden \u015fekillendirecektir.<\/p>\n<p>Baz\u0131 durumlarda, cerrah burnu b\u00fcy\u00fctmek i\u00e7in silikon veya Gore-Tex gibi sentetik malzemeler de kullanabilir. Prosed\u00fcr, \u015feklini de\u011fi\u015ftirmek i\u00e7in burun kemiklerinde yap\u0131lan cerrahi kesikler olan osteotomilerin kullan\u0131m\u0131n\u0131 da i\u00e7erebilir.<\/p>\n<p>Prosed\u00fcr genel anestezi alt\u0131nda ger\u00e7ekle\u015ftirilir ve iyile\u015fme s\u00fcresi prosed\u00fcr\u00fcn kapsam\u0131na ba\u011fl\u0131d\u0131r. Cerrah, tam iyile\u015fmenin ne zaman beklenece\u011fi ve iyile\u015fme s\u00fcrecinde nelerin beklenece\u011fi de dahil olmak \u00fczere ameliyat sonras\u0131 bak\u0131m hakk\u0131nda ayr\u0131nt\u0131l\u0131 talimatlar verecektir.<\/p>\n<p>[\/accordion_son][accordion_son title=&#8221;Burun esteti\u011finin nedenleri nelerdir&#8221;]Burun esteti\u011fi olarak da bilinen rinoplasti, burnun g\u00f6r\u00fcn\u00fcm\u00fcn\u00fc ve i\u015flevini iyile\u015ftirmek i\u00e7in kullan\u0131lan cerrahi bir prosed\u00fcrd\u00fcr. Bu prosed\u00fcr i\u00e7in endikasyonlar b\u00fcy\u00fck \u00f6l\u00e7\u00fcde de\u011fi\u015febilir, ancak bireylerin rinoplasti yapt\u0131rmay\u0131 se\u00e7melerinin baz\u0131 yayg\u0131n nedenleri \u015funlard\u0131r:<\/p>\n<p>G\u00f6r\u00fcn\u00fc\u015f\u00fcn\u00fc iyile\u015ftirmek i\u00e7in burnun yeniden \u015fekillendirilmesi: Bu, burun boyutunun k\u00fc\u00e7\u00fclt\u00fclmesini, burun deliklerinin daralt\u0131lmas\u0131n\u0131 veya ucun \u015feklinin de\u011fi\u015ftirilmesini i\u00e7erebilir.<\/p>\n<p>\u0130\u015flevsel sorunlar\u0131n d\u00fczeltilmesi: Bu, burundan nefes almada zorlu\u011fa neden olabilen septum deviasyonunun d\u00fczeltilmesini i\u00e7erebilir.<\/p>\n<p>Simetriyi iyile\u015ftirmek: Baz\u0131 bireyler asimetrik bir buruna sahip olabilir ve bu durum rinoplasti ile d\u00fczeltilebilir.<\/p>\n<p>Yaralanmalar\u0131n onar\u0131lmas\u0131: Rinoplasti, k\u0131r\u0131k burun gibi burun yaralanmalar\u0131n\u0131 onarmak i\u00e7in kullan\u0131labilir.<\/p>\n<p>Do\u011fu\u015ftan gelen kusurlar\u0131n d\u00fczeltilmesi: Baz\u0131 ki\u015filer burun yar\u0131\u011f\u0131 gibi do\u011fu\u015ftan gelen bir kusurla do\u011fabilir ve bu kusur rinoplasti ile d\u00fczeltilebilir.<\/p>\n<p>Rinoplastinin herkese uyan tek bir prosed\u00fcr olmad\u0131\u011f\u0131n\u0131 ve ameliyat endikasyonlar\u0131n\u0131n ki\u015fiden ki\u015fiye de\u011fi\u015fece\u011fini unutmamak \u00f6nemlidir. Ayr\u0131ca, ameliyat\u0131n ba\u015far\u0131s\u0131 ve sonu\u00e7lar\u0131, cerrah\u0131n beceri ve deneyiminin yan\u0131 s\u0131ra hastan\u0131n genel sa\u011fl\u0131k durumuna da ba\u011fl\u0131 olacakt\u0131r.<\/p>\n<p>\u00d6zetle, Rinoplasti burnun g\u00f6r\u00fcn\u00fcm\u00fcn\u00fc ve i\u015flevini iyile\u015ftirmek i\u00e7in kullan\u0131labilen cerrahi bir prosed\u00fcrd\u00fcr. Bu prosed\u00fcr\u00fcn endikasyonlar\u0131 b\u00fcy\u00fck \u00f6l\u00e7\u00fcde de\u011fi\u015febilir, ancak baz\u0131 yayg\u0131n nedenler aras\u0131nda g\u00f6r\u00fcn\u00fcm\u00fcn\u00fc iyile\u015ftirmek i\u00e7in burnu yeniden \u015fekillendirmek, i\u015flevsel sorunlar\u0131 d\u00fczeltmek, simetriyi iyile\u015ftirmek, yaralanmalar\u0131 onarmak ve do\u011fu\u015ftan gelen kusurlar\u0131 d\u00fczeltmek yer al\u0131r.[\/accordion_son][accordion_son title=&#8221;Rinoplasti i\u00e7in en uygun zaman nedir&#8221;]Rinoplasti veya burun ameliyat\u0131 i\u00e7in en uygun zaman tipik olarak sonbahar ve k\u0131\u015f gibi y\u0131l\u0131n daha so\u011fuk mevsimleridir. Bunun nedeni, prosed\u00fcr\u00fc takip eden iyile\u015fme s\u00fcrecinin birka\u00e7 hafta s\u00fcrebilmesidir; bu s\u00fcre zarf\u0131nda hastalar, komplikasyonlar\u0131 ve kesi yerinde renk de\u011fi\u015fikli\u011fini \u00f6nlemek i\u00e7in g\u00fcne\u015fe maruz kalmaktan ka\u00e7\u0131nmal\u0131d\u0131r. Ayr\u0131ca, so\u011fuk aylarda hastalar ameliyat sonras\u0131 morluk veya \u015fi\u015flikleri e\u015farp ve \u015fapkalarla daha kolay gizleyebilirler. Sonu\u00e7 olarak, rinoplasti i\u00e7in en uygun zaman hastaya ve hastan\u0131n kendine \u00f6zg\u00fc ko\u015fullar\u0131na ba\u011fl\u0131 olarak de\u011fi\u015fecektir. Bu nedenle, prosed\u00fcr\u00fc isteyen bireylerin kendi \u00f6zel ihtiya\u00e7lar\u0131 ve iyile\u015fmeleri i\u00e7in en uygun zaman\u0131 belirlemek \u00fczere kurul onayl\u0131 bir plastik cerraha dan\u0131\u015fmalar\u0131 \u00f6nerilir.[\/accordion_son][accordion_son title=&#8221;Rinoplasti ameliyat\u0131 ne kadar s\u00fcrer&#8221;]Burun esteti\u011fi olarak da bilinen rinoplasti, tamamlanmas\u0131 genellikle 1 ila 3 saat s\u00fcren cerrahi bir i\u015flemdir. Ameliyat\u0131n tam s\u00fcresi, hastan\u0131n \u00f6zel hedef ve ihtiya\u00e7lar\u0131n\u0131n yan\u0131 s\u0131ra prosed\u00fcr\u00fcn karma\u015f\u0131kl\u0131\u011f\u0131na da ba\u011fl\u0131 olacakt\u0131r. Ameliyat s\u0131ras\u0131nda cerrah, g\u00f6r\u00fcn\u00fcm\u00fc iyile\u015ftirmek, i\u015flevsel sorunlar\u0131 d\u00fczeltmek veya her ikisini birden yapmak i\u00e7in burnu yeniden \u015fekillendirecektir. Prosed\u00fcr, hastan\u0131n tercihine ve cerrah\u0131n tavsiyesine ba\u011fl\u0131 olarak genel anestezi veya sedasyonlu lokal anestezi alt\u0131nda ger\u00e7ekle\u015ftirilebilir. Ameliyattan sonra hastalar, tipik olarak birka\u00e7 hafta i\u00e7inde azalacak olan bir miktar \u015fi\u015flik ve morarma ya\u015famay\u0131 bekleyebilirler.[\/accordion_son][accordion_son title=&#8221;Rinoplasti ne kadar ac\u0131 verir&#8221;]Rinoplasti, iyile\u015fme d\u00f6neminde bir miktar rahats\u0131zl\u0131k ve a\u011fr\u0131ya neden olabilen cerrahi bir i\u015flemdir. Hastalar\u0131n deneyimledi\u011fi a\u011fr\u0131 seviyesi ki\u015fiye, prosed\u00fcr\u00fcn karma\u015f\u0131kl\u0131\u011f\u0131na ve hastan\u0131n a\u011fr\u0131 tolerans\u0131na ba\u011fl\u0131 olarak de\u011fi\u015fecektir.<\/p>\n<p>Ameliyat\u0131n hemen ard\u0131ndan hastalar burun ve \u00e7evresindeki b\u00f6lgelerde bir miktar a\u011fr\u0131 ve rahats\u0131zl\u0131k hissedebilirler. Bu durum cerrah taraf\u0131ndan re\u00e7ete edilen a\u011fr\u0131 kesici ila\u00e7larla y\u00f6netilebilir. G\u00f6z ve burun \u00e7evresinde \u015fi\u015fme ve morarma da yayg\u0131nd\u0131r, bu da baz\u0131 rahats\u0131zl\u0131klara neden olabilir.<\/p>\n<p>Hastalar ameliyat\u0131 takip eden ilk birka\u00e7 g\u00fcn boyunca bir miktar a\u011fr\u0131 ve rahats\u0131zl\u0131k hissetmeyi bekleyebilirler. A\u011fr\u0131 bir hafta i\u00e7inde kademeli olarak azalmal\u0131 ve re\u00e7etesiz sat\u0131lan a\u011fr\u0131 kesici ila\u00e7larla y\u00f6netilebilir olmal\u0131d\u0131r.<\/p>\n<p>\u0130yile\u015fme d\u00f6neminde hastalar burunda bir miktar ka\u015f\u0131nt\u0131 ve gerginlik de ya\u015fayabilir. Burun t\u0131kan\u0131kl\u0131\u011f\u0131 ve burundan nefes almada zorluk ya\u015famak da yayg\u0131nd\u0131r. Bu semptomlar burun iyile\u015ftik\u00e7e yava\u015f yava\u015f d\u00fczelmelidir.<\/p>\n<p>D\u00fczg\u00fcn iyile\u015fmeyi sa\u011flamak ve a\u011fr\u0131 ve rahats\u0131zl\u0131\u011f\u0131 en aza indirmek i\u00e7in cerrah taraf\u0131ndan sa\u011flanan bak\u0131m sonras\u0131 talimatlara uymak \u00f6nemlidir. \u00c7o\u011fu hasta ameliyattan sonraki 7-10 g\u00fcn i\u00e7inde i\u015fine ve normal aktivitelerine d\u00f6nebilir.<\/p>\n<p>\u00d6zetle, rinoplasti sonras\u0131 iyile\u015fme d\u00f6neminde ya\u015fanan a\u011fr\u0131 ve rahats\u0131zl\u0131k d\u00fczeyi ki\u015fiden ki\u015fiye de\u011fi\u015febilir. Hastalar bir miktar a\u011fr\u0131 ve rahats\u0131zl\u0131k hissetmeyi beklemelidir, ancak bu a\u011fr\u0131 kesici ila\u00e7larla y\u00f6netilebilir ve iyile\u015fme s\u00fcresi boyunca kademeli olarak azalmal\u0131d\u0131r.[\/accordion_son][accordion_son title=&#8221;Rinoplasti sonras\u0131 iyile\u015fme s\u00fcresi nedir&#8221;]Rinoplasti i\u00e7in iyile\u015fme zaman \u00e7izelgesi ki\u015fiye g\u00f6re de\u011fi\u015febilir, ancak genel olarak iyile\u015fme s\u00fcreci birka\u00e7 a\u015famaya ayr\u0131labilir:<\/p>\n<p>Ameliyat G\u00fcn\u00fc: Hasta ameliyat s\u0131ras\u0131nda genel anestezi alt\u0131nda olacak ve ayn\u0131 g\u00fcn evine gidecektir. \u015ei\u015fli\u011fi azaltmak i\u00e7in buz paketleri kullan\u0131lacak ve hastaya bunlar\u0131n yan\u0131 s\u0131ra topikal merhemlerin nas\u0131l kullan\u0131laca\u011f\u0131 konusunda talimat verilecektir. Diki\u015fler ve ateller bir hafta sonra al\u0131nabilir.<\/p>\n<p>1-2 Hafta: Hasta bir miktar \u015fi\u015flik ya\u015fayacak, burun ve g\u00f6z \u00e7evresindeki morluklar solmaya ba\u015flayacakt\u0131r. A\u011fr\u0131 minimal olmal\u0131 ve re\u00e7etesiz sat\u0131lan a\u011fr\u0131 kesici ila\u00e7larla kolayca kontrol edilebilmelidir.<\/p>\n<p>3-4 Hafta: Ameliyat\u0131n neredeyse t\u00fcm g\u00f6r\u00fcn\u00fcr belirtileri ortadan kalkacak ve kardiyo egzersizlerine d\u00f6nmek g\u00fcvenli olacakt\u0131r. \u015ei\u015fli\u011fin azalmaya devam etmesiyle burnun yeni \u015fekli daha iyi tan\u0131mlanacakt\u0131r.<\/p>\n<p>6 Hafta: Hasta a\u011f\u0131rl\u0131k ta\u015f\u0131ma egzersizlerine devam edebilir ve g\u00f6zl\u00fck takabilir.<\/p>\n<p>3-6 Ay: Burun i\u00e7inde veya burun derisinde his ile ilgili herhangi bir sorun \u00e7\u00f6z\u00fclmeye ba\u015flayacakt\u0131r.<\/p>\n<p>1 Y\u0131l: \u0130yile\u015fme s\u00fcreci tamamlan\u0131r, yeni burun \u015fekli tamamen olu\u015fur, t\u00fcm \u015fi\u015flikler gider ve burun ucu daha rafine hale gelir.[\/accordion_son][accordion_son title=&#8221;Rinoplasti iyile\u015fmesi nas\u0131l h\u0131zland\u0131r\u0131l\u0131r&#8221;]Rinoplasti sonras\u0131 iyile\u015fme, birka\u00e7 hafta ila birka\u00e7 ay s\u00fcrebilir. Bununla birlikte, iyile\u015fme s\u00fcrecini h\u0131zland\u0131rmak i\u00e7in at\u0131labilecek baz\u0131 ad\u0131mlar vard\u0131r.<\/p>\n<p>\u00d6ncelikle, cerrah taraf\u0131ndan verilen t\u00fcm ameliyat sonras\u0131 talimatlara uymak \u00f6nemlidir. Bu, re\u00e7ete edilen ila\u00e7lar\u0131n belirtildi\u011fi \u015fekilde al\u0131nmas\u0131n\u0131, yorucu aktivitelerden ka\u00e7\u0131n\u0131lmas\u0131n\u0131 ve belirli bir s\u00fcre boyunca burun s\u00fcmk\u00fcrmekten ka\u00e7\u0131n\u0131lmas\u0131n\u0131 i\u00e7erebilir.<\/p>\n<p>\u0130kinci olarak, ba\u015f\u0131n y\u00fcksekte tutulmas\u0131 ve b\u00f6lgenin buzlanmas\u0131 \u015fi\u015flik ve morarman\u0131n azalt\u0131lmas\u0131na yard\u0131mc\u0131 olabilir. Ameliyattan sonraki ilk birka\u00e7 g\u00fcn boyunca b\u00f6lgeye so\u011fuk kompres uygulamak da iltihab\u0131 azaltmaya ve iyile\u015fmeyi desteklemeye yard\u0131mc\u0131 olabilir.<\/p>\n<p>\u00dc\u00e7\u00fcnc\u00fc olarak, iyile\u015fmeyi geciktirebilece\u011fi ve komplikasyon riskini art\u0131rabilece\u011fi i\u00e7in sigara veya alkolden ka\u00e7\u0131nmak \u00f6nemlidir.<\/p>\n<p>D\u00f6rd\u00fcnc\u00fc olarak, kesi b\u00f6lgesini temiz ve kuru tutmak enfeksiyonu \u00f6nlemeye yard\u0131mc\u0131 olabilir. Bu, antibiyotik merhem kullanmay\u0131 ve cerrah\u0131n belirtti\u011fi \u015fekilde bandajlar\u0131 de\u011fi\u015ftirmeyi i\u00e7erebilir.<\/p>\n<p>Rinoplasti sonras\u0131 iyile\u015fmenin bir di\u011fer \u00f6nemli y\u00f6n\u00fc de belirli bir s\u00fcre burun \u00fczerine g\u00f6zl\u00fck veya g\u00fcne\u015f g\u00f6zl\u00fc\u011f\u00fc takmaktan ka\u00e7\u0131nmakt\u0131r. Bu, burun \u00fczerinde bask\u0131 olu\u015fturabilir ve iyile\u015fme s\u00fcrecini engelleyebilir. Cerrah genellikle tekrar g\u00f6zl\u00fck takmaya ba\u015flaman\u0131n ne zaman g\u00fcvenli olaca\u011f\u0131 konusunda tavsiyede bulunacakt\u0131r.<\/p>\n<p>G\u00f6zl\u00fck takman\u0131z gerekiyorsa, \u00f6zel bir klips veya &#8220;g\u00f6zl\u00fck tutucular\u0131&#8221; G\u00f6zl\u00fck \u00e7er\u00e7evelerine tak\u0131lan ve burun k\u00f6pr\u00fcs\u00fcn\u00fcn \u00fczerine oturarak burun \u00fczerinde herhangi bir bask\u0131 olu\u015fmas\u0131n\u0131 \u00f6nleyen.<\/p>\n<p>Ameliyattan sonra bir s\u00fcre yorucu aktivitelerden ve a\u011f\u0131r kald\u0131rmaktan ka\u00e7\u0131nmak da \u00f6nemlidir, \u00e7\u00fcnk\u00fc bunlar y\u00fcze kan ak\u0131\u015f\u0131n\u0131 art\u0131rabilir ve \u015fi\u015flik ve morlu\u011fun artmas\u0131na neden olabilir.<\/p>\n<p>Genel olarak, sab\u0131rl\u0131 olmak ve cerrah taraf\u0131ndan sa\u011flanan talimatlara uymak, uygun iyile\u015fmeyi ve optimal sonu\u00e7lar\u0131 sa\u011flamak i\u00e7in \u00f6nemlidir.[\/accordion_son][\/accordion_father][\/vc_column][vc_column width=&#8221;1\/2&#8243;][gva_box_video photo=&#8221;4271&#8243; title=&#8221;Burun Esteti\u011fi&#8221;]https:\/\/www.youtube.com\/watch?v=wu4DBIb_XVo[\/gva_box_video][vc_empty_space][gva_block_heading title=&#8221;G\u00f6r\u00fcn\u00fcm\u00fcn\u00fcz\u00fc iyile\u015ftirin&#8221; align=&#8221;align-left&#8221;]Rinoplasti, also known as a nose job, is a surgical procedure performed to reshape the nose and improve its appearance. Y\u00fcz simetrisini, nefes almay\u0131 ve \u00f6zg\u00fcveni geli\u015ftirmeye yard\u0131mc\u0131 olabilecek pop\u00fcler bir prosed\u00fcrd\u00fcr.<\/p>\n<p>Burun esteti\u011finin ba\u015fl\u0131ca faydalar\u0131ndan biri, daha dengeli ve orant\u0131l\u0131 bir g\u00f6r\u00fcn\u00fcm elde edebilmektir. Prosed\u00fcr, bombeli bir u\u00e7, \u00e7arp\u0131k bir burun, k\u00f6pr\u00fcde bir kamburluk ve asimetri dahil olmak \u00fczere \u00e7e\u015fitli sorunlar\u0131 d\u00fczeltmek i\u00e7in kullan\u0131labilir. Solunum g\u00fc\u00e7l\u00fc\u011f\u00fc gibi i\u015flevsel sorunlar\u0131 d\u00fczeltmek i\u00e7in de kullan\u0131labilir.<\/p>\n<p>Rinoplastinin bir di\u011fer faydas\u0131 da her ya\u015ftan kad\u0131n ve erke\u011fe uygulanabilmesidir. Prosed\u00fcr bireyin ihtiya\u00e7lar\u0131na ve hedeflerine g\u00f6re uyarlan\u0131r, bu da onu bir\u00e7ok hasta i\u00e7in \u00e7ok y\u00f6nl\u00fc ve etkili bir se\u00e7enek haline getirir.<\/p>\n<p>Buna ek olarak, cerrahi tekniklerdeki geli\u015fmeler, prosed\u00fcr\u00fc daha g\u00fcvenli ve daha \u00f6ng\u00f6r\u00fclebilir hale getirmi\u015f, daha k\u0131sa iyile\u015fme s\u00fcreleri ve daha az g\u00f6r\u00fcn\u00fcr yara izi b\u0131rakm\u0131\u015ft\u0131r. Bir\u00e7ok hasta ameliyattan sonraki bir veya iki hafta i\u00e7inde i\u015fine ve normal faaliyetlerine d\u00f6nebilir.<\/p>\n<p>Genel olarak rinoplasti, burunlar\u0131n\u0131n g\u00f6r\u00fcn\u00fcm\u00fcn\u00fc ve i\u015flevini iyile\u015ftirmek isteyen ki\u015filer i\u00e7in m\u00fckemmel bir se\u00e7enek olabilir. Prosed\u00fcr\u00fc, risklerini ve faydalar\u0131n\u0131 ve istedi\u011finiz sonu\u00e7lar\u0131 elde etmek i\u00e7in en iyi se\u00e7enekleri tart\u0131\u015fmak i\u00e7in deneyimli bir cerraha dan\u0131\u015fmak \u00f6nemlidir.[\/gva_block_heading][\/vc_column][\/vc_row][vc_row][vc_column][gva_block_heading title=&#8221;Rinoplasti&#8221; align=&#8221;align-left&#8221;][\/gva_block_heading][info_list_father liststyle=&#8221;dotted&#8221;][info_list_son imgstyle=&#8221;img-circle&#8221; titleclr=&#8221;#000000&#8243; image_id=&#8221;4496&#8243; title=&#8221;Kons\u00fcltasyon&#8221;]Kons\u00fcltasyon s\u00fcreci tipik olarak, istenen sonucu belirlemek ve hastan\u0131n prosed\u00fcr i\u00e7in iyi bir aday olup olmad\u0131\u011f\u0131n\u0131 de\u011ferlendirmek i\u00e7in bir plastik cerrahla yap\u0131lan bir g\u00f6r\u00fc\u015fmeyi i\u00e7erir.[\/info_list_son][info_list_son imgstyle=&#8221;img-circle&#8221; titleclr=&#8221;#000000&#8243; image_id=&#8221;4498&#8243; title=&#8221;Cerrahi plan&#8221;]Cerrahi plan kons\u00fcltasyon s\u0131ras\u0131nda geli\u015ftirilir ve hastan\u0131n \u00f6zel ihtiya\u00e7lar\u0131na ve hedeflerine g\u00f6re uyarlan\u0131r. The steps of a rhinoplasty procedure typically involve the following:[\/info_list_son][info_list_son imgstyle=&#8221;img-circle&#8221; titleclr=&#8221;#000000&#8243; image_id=&#8221;4497&#8243; title=&#8221;Anestezi&#8221; caption_url=&#8221;&#8221;]Hastaya ya ameliyat s\u0131ras\u0131nda anestezi ya da ameliyat edilen b\u00f6lgeye lokal anestezi verilecektir.[\/info_list_son][info_list_son imgstyle=&#8221;img-circle&#8221; titleclr=&#8221;#000000&#8243; image_id=&#8221;4499&#8243; title=&#8221;\u0130nsizyon&#8221;]Cerrah burnun i\u00e7 k\u0131sm\u0131nda (kapal\u0131 rinoplasti) veya kolumella \u00fczerinde (a\u00e7\u0131k rinoplasti) kesiler yapacakt\u0131r.[\/info_list_son][info_list_son imgstyle=&#8221;img-circle&#8221; titleclr=&#8221;#000000&#8243; image_id=&#8221;4526&#8243; title=&#8221;Yeniden \u015eekillendirme&#8221;]Cerrah daha sonra istenen g\u00f6r\u00fcn\u00fcm\u00fc elde etmek i\u00e7in k\u0131k\u0131rdak ve kemi\u011fi yeniden \u015fekillendirecektir. Bu, dokunun \u00e7\u0131kar\u0131lmas\u0131n\u0131, eklenmesini veya yeniden \u015fekillendirilmesini i\u00e7erebilir.[\/info_list_son][info_list_son imgstyle=&#8221;img-circle&#8221; titleclr=&#8221;#000000&#8243; image_id=&#8221;4499&#8243; title=&#8221;Kesi\u011fin kapat\u0131lmas\u0131&#8221;]Kesiler, diki\u015f veya cerrahi bant ile kapat\u0131lacakt\u0131r.[\/info_list_son][info_list_son imgstyle=&#8221;img-circle&#8221; titleclr=&#8221;#000000&#8243; image_id=&#8221;4548&#8243; title=&#8221;Atellerin yerle\u015ftirilmesi ve paketleme&#8221;]Cerrah, yeni \u015fekli desteklemeye yard\u0131mc\u0131 olmak ve \u015fi\u015fli\u011fi azaltmak i\u00e7in burnun i\u00e7ine ateller ve burnun d\u0131\u015f\u0131na ambalaj yerle\u015ftirebilir.[\/info_list_son][info_list_son imgstyle=&#8221;img-circle&#8221; titleclr=&#8221;#000000&#8243; image_id=&#8221;4261&#8243; title=&#8221;Kurtarma&#8221;]Hasta anesteziden kurtulurken izlenecektir. Evde kendilerine nas\u0131l bakacaklar\u0131 ve cerrahla ne zaman g\u00f6r\u00fc\u015fecekleri konusunda talimatlar verilecektir.[\/info_list_son][\/info_list_father][\/vc_column][\/vc_row][vc_row row_space=&#8221;remove_padding_top&#8221;][vc_column width=&#8221;1\/4&#8243;][gva_icon_box title=&#8221;En iyi hasta bak\u0131m\u0131&#8221; icon=&#8221;gv-icon-1271&#8243; description=&#8221;\u00d6ncelikli hedefimiz her zaman \u00fcst\u00fcn bak\u0131m, e\u015fsiz cerrahi deneyim ve ki\u015fiselle\u015ftirilmi\u015f tedavi sa\u011flamakt\u0131r.&#8221; icon_position=&#8221;top-center v2&#8243; icon_width=&#8221;fa-4x&#8221; icon_color=&#8221;#0000ff&#8221;][\/vc_column][vc_column width=&#8221;1\/4&#8243;][gva_icon_box title=&#8221;G\u00f6r\u00fcn\u00fc\u015f\u00fcn\u00fcz\u00fc de\u011fi\u015ftirin&#8221; icon=&#8221;gv-icon-1566&#8243; description=&#8221;Kapal\u0131 rinoplasti ile g\u00f6r\u00fcn\u00fcm\u00fcn\u00fcz\u00fc iyile\u015ftirin&#8221; icon_position=&#8221;top-center v2&#8243; icon_width=&#8221;fa-4x&#8221; icon_color=&#8221;#0000ff&#8221;][\/vc_column][vc_column width=&#8221;1\/4&#8243;][gva_icon_box title=&#8221;Daha iyi nefes al\u0131n&#8221; icon=&#8221;gv-icon-381&#8243; description=&#8221;Nefes alma probleminizi sona erdirin&#8221; icon_position=&#8221;top-center v2&#8243; icon_width=&#8221;fa-4x&#8221; icon_color=&#8221;#0000ff&#8221;][\/vc_column][vc_column width=&#8221;1\/4&#8243;][gva_icon_box title=&#8221;Burun esteti\u011fi sanat\u0131&#8221; icon=&#8221;gv-icon-848&#8243; description=&#8221;Burnun g\u00f6r\u00fcn\u00fcm\u00fcn\u00fc de\u011fi\u015ftirme iste\u011fi&#8221; icon_position=&#8221;top-center v2&#8243; icon_width=&#8221;fa-4x&#8221; icon_color=&#8221;#0000ff&#8221;][\/vc_column][\/vc_row]<\/p>\n<\/div>","protected":false},"excerpt":{"rendered":"<p>[vc_row row_space=&#8221;remove_padding_bottom&#8221;][vc_column width=&#8221;1\/2&#8243;][gva_block_heading title=&#8221;ACHENE Sa\u011fl\u0131k Burun Esteti\u011fi&#8221; align=&#8221;align-left&#8221;]Rinoplasti, etkili estetik ve pratik burun yeniden \u015fekillendirmesi i\u00e7in kulak burun bo\u011faz ba\u015f ve boyun cerrahisinde en zorlu prosed\u00fcrlerden biri olarak kabul edilir. [\/gva_block_heading][vc_single_image image=&#8221;4488&#8243; img_size=&#8221;full&#8221; alignment=&#8221;right&#8221; style=&#8221;vc_box_rounded&#8221;][gva_icon_box icon_position=&#8221;top-left&#8221; image=&#8221;4394&#8243;][accordion_father activetabbg=&#8221;#994fe2&#8243; activetabclr=&#8221;#ffffff&#8221;][accordion_son title=&#8221;Rinoplasti \u00e7e\u015fitleri nelerdir&#8221;]Her biri belirli sorunlar\u0131 ele almak ve belirli sonu\u00e7lar elde etmek i\u00e7in kullan\u0131lan \u00e7e\u015fitli [&hellip;]<\/p>\n","protected":false},"author":1,"featured_media":4488,"parent":0,"menu_order":0,"comment_status":"closed","ping_status":"closed","template":"","meta":{"footnotes":""},"class_list":["post-4484","page","type-page","status-publish","has-post-thumbnail","hentry"],"_links":{"self":[{"href":"https:\/\/achenehealth.com\/tr\/wp-json\/wp\/v2\/pages\/4484","targetHints":{"allow":["GET"]}}],"collection":[{"href":"https:\/\/achenehealth.com\/tr\/wp-json\/wp\/v2\/pages"}],"about":[{"href":"https:\/\/achenehealth.com\/tr\/wp-json\/wp\/v2\/types\/page"}],"author":[{"embeddable":true,"href":"https:\/\/achenehealth.com\/tr\/wp-json\/wp\/v2\/users\/1"}],"replies":[{"embeddable":true,"href":"https:\/\/achenehealth.com\/tr\/wp-json\/wp\/v2\/comments?post=4484"}],"version-history":[{"count":22,"href":"https:\/\/achenehealth.com\/tr\/wp-json\/wp\/v2\/pages\/4484\/revisions"}],"predecessor-version":[{"id":4857,"href":"https:\/\/achenehealth.com\/tr\/wp-json\/wp\/v2\/pages\/4484\/revisions\/4857"}],"wp:featuredmedia":[{"embeddable":true,"href":"https:\/\/achenehealth.com\/tr\/wp-json\/wp\/v2\/media\/4488"}],"wp:attachment":[{"href":"https:\/\/achenehealth.com\/tr\/wp-json\/wp\/v2\/media?parent=4484"}],"curies":[{"name":"wp","href":"https:\/\/api.w.org\/{rel}","templated":true}]}}