{"id":4558,"date":"2023-01-27T18:32:17","date_gmt":"2023-01-27T15:32:17","guid":{"rendered":"https:\/\/achenehealth.com\/?page_id=4558"},"modified":"2023-11-30T19:14:42","modified_gmt":"2023-11-30T16:14:42","slug":"neden-biz","status":"publish","type":"page","link":"https:\/\/achenehealth.com\/tr\/neden-biz\/","title":{"rendered":"Neden biz"},"content":{"rendered":"<div class=\"wpb-content-wrapper\"><p>[vc_row][vc_column][info_banner_vc use_theme_fonts=&#8221;yes&#8221; image_id=&#8221;4345&#8243; ribbon_text=&#8221;ACHENE&#8221;]<\/p>\n<h2>Sa\u011fl\u0131\u011f\u0131n\u0131z, bizim \u00f6nceli\u011fimiz<\/h2>\n<h2>D\u00fcnya standartlar\u0131nda sa\u011fl\u0131k hizmetini bizimle deneyimleyin<\/h2>\n<p>ACHENE HEALTH olarak, m\u00fc\u015fterilerimize en y\u00fcksek kalitede hizmet ve bak\u0131m sunmaya kendimizi adad\u0131k. Yurt d\u0131\u015f\u0131nda t\u0131bbi tedavi g\u00f6rmenin g\u00f6z korkutucu bir deneyim olabilece\u011fini biliyoruz, bu nedenle sorunsuz ve stressiz bir s\u00fcre\u00e7 sa\u011flamak i\u00e7in en iyi se\u00e7enekleri ve deste\u011fi sunmaya kararl\u0131y\u0131z.<\/p>\n<p>Sayg\u0131n ve akredite t\u0131bbi tesisler ve sa\u011flay\u0131c\u0131larla yak\u0131n i\u015fbirli\u011fi i\u00e7inde \u00e7al\u0131\u015f\u0131yor, her ihtiyaca uygun bir dizi tedavi ve prosed\u00fcr sunuyoruz. Ekibimiz, ilk g\u00f6r\u00fc\u015fmeden bak\u0131m sonras\u0131na kadar ki\u015fiselle\u015ftirilmi\u015f hizmet ve destek sa\u011flamaya kendini adam\u0131\u015ft\u0131r.<\/p>\n<p>\u015eeffafl\u0131\u011fa ve d\u00fcr\u00fcstl\u00fc\u011fe inan\u0131yoruz ve m\u00fc\u015fterilerimize bilin\u00e7li kararlar vermelerine yard\u0131mc\u0131 olmak i\u00e7in do\u011fru ve ayr\u0131nt\u0131l\u0131 bilgiler sunmaya \u00e7al\u0131\u015f\u0131yoruz. M\u00fc\u015fterilerimizin m\u00fcmk\u00fcn olan en iyi deneyimi ya\u015famalar\u0131n\u0131 sa\u011flamak i\u00e7in \u00e7eviri hizmetleri, seyahat yard\u0131m\u0131 ve \u00f6zel bir m\u00fc\u015fteri hizmetleri ekibi de sunuyoruz.<\/p>\n<p>Amac\u0131m\u0131z kendimizi g\u00fcvenilir bir acente olarak konumland\u0131rmakt\u0131r ve hizmetimizi iyile\u015ftirmek ve y\u00fcksek d\u00fczeyde m\u00fc\u015fteri memnuniyetini s\u00fcrd\u00fcrmek i\u00e7in s\u00fcrekli olarak m\u00fc\u015fteri geri bildirimlerini topluyor ve analiz ediyoruz.<\/p>\n<p>Sa\u011fl\u0131k ihtiya\u00e7lar\u0131n\u0131z i\u00e7in ACHENE HEALTH&#8217;i tercih etti\u011finiz i\u00e7in te\u015fekk\u00fcr ederiz. M\u00fcmk\u00fcn olan en iyi sonu\u00e7lar\u0131 elde etmenize ve olumlu bir deneyim ya\u015faman\u0131za yard\u0131mc\u0131 olmak i\u00e7in sab\u0131rs\u0131zlan\u0131yoruz.[\/info_banner_vc][\/vc_column][\/vc_row][vc_row row_space=&#8221;remove_padding_top&#8221;][vc_column width=&#8221;1\/4&#8243;][gva_box_color title=&#8221;Hastaneler&#8221; image=&#8221;4563&#8243;]ACHENE HEALTH, hastalar\u0131m\u0131za d\u00fcnyan\u0131n en y\u00fcksek akreditasyona sahip ve sayg\u0131n hastanelerinden baz\u0131lar\u0131na eri\u015fim sunmaktan gurur duyar. Ortak hastaneler a\u011f\u0131m\u0131z en y\u00fcksek kalite ve g\u00fcvenlik standartlar\u0131n\u0131 kar\u015f\u0131lamaktad\u0131r. Bu tesislerde en yetenekli ve deneyimli sa\u011fl\u0131k \u00e7al\u0131\u015fanlar\u0131 g\u00f6rev yapmakta olup en son teknoloji ve en modern ekipmanlarla donat\u0131lm\u0131\u015ft\u0131r.<\/p>\n<p>Ayr\u0131ca, hastane ortaklar\u0131m\u0131z Joint Commission International (JCI), International Organisation for Standardisation (ISO) ve di\u011ferleri gibi uluslararas\u0131 kabul g\u00f6rm\u00fc\u015f kurulu\u015flar taraf\u0131ndan akredite edilmi\u015ftir.<\/p>\n<p>Hastalar\u0131m\u0131za en \u00fcst d\u00fczeyde bak\u0131m ve hizmet sunmay\u0131 taahh\u00fct ediyoruz.[\/gva_box_color][\/vc_column][vc_column width=&#8221;1\/4&#8243;][gva_box_color title=&#8221;\u0130leti\u015fim&#8221; image=&#8221;4564&#8243;]ACHENE HEALTH olarak, ileti\u015fimin \u00f6zellikle uluslararas\u0131 hastalar i\u00e7in sa\u011fl\u0131k hizmeti deneyiminin \u00f6nemli bir y\u00f6n\u00fc oldu\u011funun fark\u0131nday\u0131z. Bu nedenle Arap\u00e7a, \u0130ngilizce, Rus\u00e7a, Almanca ve G\u00fcrc\u00fcce dahil olmak \u00fczere \u00e7e\u015fitli dillerde profesyonel \u00e7eviri hizmetleri sunuyoruz. Deneyimli \u00e7evirmenlerden olu\u015fan ekibimiz, sa\u011fl\u0131k hizmeti sa\u011flay\u0131c\u0131n\u0131z ve personelimizle do\u011fru ve g\u00fcvenilir ileti\u015fime eri\u015febilmenizi sa\u011flamaya kendini adam\u0131\u015ft\u0131r. T\u0131bbi randevular, kons\u00fcltasyonlar ve di\u011fer \u00f6nemli ileti\u015fimler i\u00e7in \u00e7eviri hizmetleri sa\u011flayabiliriz. Amac\u0131m\u0131z, bizimle kal\u0131\u015f\u0131n\u0131z\u0131 m\u00fcmk\u00fcn oldu\u011funca konforlu ve stressiz hale getirmektir ve etkili ileti\u015fim kurabilmenin bu deneyimin \u00e7ok \u00f6nemli bir par\u00e7as\u0131 oldu\u011funa inan\u0131yoruz.[\/gva_box_color][\/vc_column][vc_column width=&#8221;1\/4&#8243;][gva_box_color title=&#8221;Konaklama&#8221; image=&#8221;4565&#8243;]ACHENE HEALTH olarak, rahat ve s\u0131cak bir ortam\u0131n iyile\u015fme s\u00fcrecinin \u00f6nemli bir par\u00e7as\u0131 oldu\u011funa inan\u0131yoruz. Bu nedenle sa\u011fl\u0131k turizmi hastalar\u0131m\u0131z i\u00e7in hepsi de size en \u00fcst d\u00fczeyde konfor ve misafirperverlik sa\u011flamak \u00fczere tasarlanm\u0131\u015f \u00e7ok \u00e7e\u015fitli konaklama se\u00e7enekleri sunuyoruz. \u0130ster \u00f6zel bir odaya veya s\u00fcite, ister daha ekonomik bir se\u00e7ene\u011fe ihtiyac\u0131n\u0131z olsun, her ihtiyaca ve b\u00fct\u00e7eye uygun bir \u015feyimiz var. Konaklama birimlerimiz hastaneye yak\u0131n ve elveri\u015fli bir konumdad\u0131r ve konaklaman\u0131z\u0131 m\u00fcmk\u00fcn oldu\u011funca keyifli hale getirmek i\u00e7in modern olanaklar ve hizmetlerle donat\u0131lm\u0131\u015ft\u0131r. Ekibimiz size s\u0131cak ve misafirperver bir deneyim sunmaya kendini adam\u0131\u015ft\u0131r ve her t\u00fcrl\u00fc istek veya endi\u015fenizde size yard\u0131mc\u0131 olmak i\u00e7in her zaman haz\u0131r\u0131z.[\/gva_box_color][\/vc_column][vc_column width=&#8221;1\/4&#8243;][gva_box_color title=&#8221;Transferler&#8221; image=&#8221;4566&#8243;]ACHENE HEALTH olarak, sa\u011fl\u0131k turizmi hastalar\u0131m\u0131z i\u00e7in sorunsuz ve stressiz bir ula\u015f\u0131m deneyiminin \u00f6nemini anl\u0131yoruz. Bu nedenle, hastaneye gidi\u015f ve d\u00f6n\u00fc\u015f i\u00e7in uygun ve g\u00fcvenilir bir havaalan\u0131 transfer hizmeti sunuyoruz. Deneyimli s\u00fcr\u00fcc\u00fclerimiz b\u00f6lgeye a\u015finad\u0131r ve var\u0131\u015f noktan\u0131za g\u00fcvenli bir \u015fekilde ve zaman\u0131nda ula\u015fman\u0131z\u0131 sa\u011flayacakt\u0131r. Daha fazla konfor ve g\u00f6n\u00fcl rahatl\u0131\u011f\u0131n\u0131z i\u00e7in t\u00fcm ara\u00e7lar\u0131m\u0131z d\u00fczenli olarak dezenfekte edilmekte ve gerekli t\u00fcm g\u00fcvenlik \u00f6zellikleriyle donat\u0131lmaktad\u0131r. Siz iyile\u015fme s\u00fcrecinize odaklan\u0131rken nakliye ihtiya\u00e7lar\u0131n\u0131zla biz ilgilenelim. Havaalan\u0131 transferinizi ayarlamak i\u00e7in bug\u00fcn bize ula\u015f\u0131n.[\/gva_box_color][\/vc_column][\/vc_row][vc_row row_space=&#8221;remove_padding_top&#8221;][vc_column][vc_wp_text]<button class=\"wappointment_widget\" style=\"display:none\" data-popup=\"1\" data-button-title=\"Online randevu\">Online randevu<\/button>[\/vc_wp_text][info_banner_vc use_theme_fonts=&#8221;yes&#8221; image_id=&#8221;4345&#8243; ribbon_text=&#8221;ACHENE&#8221;]<\/p>\n<h2 style=\"text-align: center;\">Her \u015fey dahil paket<\/h2>\n<h4 style=\"text-align: center;\">Amac\u0131m\u0131z hastalar\u0131m\u0131za en \u00fcst d\u00fczeyde bak\u0131m ve hizmet sunmakt\u0131r ve her \u015fey dahil paketlerimiz tam da bunu yapmak i\u00e7in tasarlanm\u0131\u015ft\u0131r. Daha fazla bilgi edinmek ve ihtiya\u00e7lar\u0131n\u0131za uygun bir paketi \u00f6zelle\u015ftirmek i\u00e7in bug\u00fcn bize ula\u015f\u0131n.<\/h4>\n<p>[\/info_banner_vc][\/vc_column][\/vc_row][vc_row row_space=&#8221;remove_padding_top&#8221;][vc_column width=&#8221;1\/2&#8243;][info_list_father liststyle=&#8221;inset&#8221;][info_list_son style=&#8221;icon&#8221; titleclr=&#8221;#000000&#8243; title=&#8221;Konaklama&#8221; icon=&#8221;fas fa-hotel&#8221; iconclr=&#8221;#ffffff&#8221; iconbg=&#8221;#dd3333&#8243;]\u00d6zel odalardan s\u00fcitlere kadar konforlu ve elveri\u015fli konumdaki konaklama se\u00e7enekleriniz.[\/info_list_son][info_list_son style=&#8221;icon&#8221; titleclr=&#8221;#000000&#8243; title=&#8221;Havaalan\u0131 kar\u015f\u0131lama ve b\u0131rakma&#8221; iconclr=&#8221;#ffffff&#8221; iconbg=&#8221;#dd3333&#8243; icon=&#8221;fas fa-car&#8221;]Deneyimli s\u00fcr\u00fcc\u00fcler ve d\u00fczenli olarak dezenfekte edilen ara\u00e7larla havaliman\u0131na ve havaliman\u0131ndan rahat ve g\u00fcvenilir ula\u015f\u0131m.[\/info_list_son][info_list_son style=&#8221;icon&#8221; titleclr=&#8221;#000000&#8243; title=&#8221;\u00c7eviri&#8221; iconclr=&#8221;#ffffff&#8221; iconbg=&#8221;#dd3333&#8243; icon=&#8221;fas fa-language&#8221;]T\u0131p alan\u0131nda deneyimli profesyonel \u00e7evirmen ve terc\u00fcmanlardan olu\u015fan bir ekibe sahibiz.[\/info_list_son][info_list_son style=&#8221;icon&#8221; titleclr=&#8221;#000000&#8243; title=&#8221;Hastaneye yat\u0131\u015f&#8221; icon=&#8221;far fa-hospital&#8221; iconclr=&#8221;#ffffff&#8221; iconbg=&#8221;#dd3333&#8243;]Deneyimli sa\u011fl\u0131k uzmanlar\u0131n\u0131n \u00e7al\u0131\u015ft\u0131\u011f\u0131 ve en son teknolojiyle donat\u0131lm\u0131\u015f, d\u00fcnyan\u0131n en y\u00fcksek akreditasyona sahip ve sayg\u0131n hastanelerinden baz\u0131lar\u0131na eri\u015fim.[\/info_list_son][\/info_list_father][\/vc_column][vc_column width=&#8221;1\/2&#8243;][info_list_father theme=&#8221;right&#8221; liststyle=&#8221;inset&#8221;][info_list_son style=&#8221;icon&#8221; titleclr=&#8221;#000000&#8243; title=&#8221;Ameliyat \u00f6ncesi kons\u00fcltasyon&#8221; icon=&#8221;fas fa-stethoscope&#8221; iconclr=&#8221;#ffffff&#8221; iconbg=&#8221;#dd3333&#8243;]Durumunuzu de\u011ferlendirmek i\u00e7in profesyonel ekip \u00fcyeleri taraf\u0131ndan ki\u015fiselle\u015ftirilmi\u015f bir kons\u00fcltasyon.[\/info_list_son][info_list_son style=&#8221;icon&#8221; titleclr=&#8221;#000000&#8243; title=&#8221;Ameliyat \u00f6ncesi laboratuvar \u00e7al\u0131\u015fmas\u0131&#8221; icon=&#8221;fas fa-vial&#8221; iconclr=&#8221;#ffffff&#8221; iconbg=&#8221;#dd3333&#8243;]Sa\u011fl\u0131k hizmeti sa\u011flay\u0131c\u0131n\u0131z taraf\u0131ndan belirlendi\u011fi \u00fczere, ameliyat \u00f6ncesinde gerekli t\u00fcm testler ve de\u011ferlendirmeler.[\/info_list_son][info_list_son style=&#8221;icon&#8221; titleclr=&#8221;#000000&#8243; title=&#8221;Ameliyat&#8221; icon=&#8221;fas fa-cut&#8221; iconclr=&#8221;#ffffff&#8221; iconbg=&#8221;#dd3333&#8243;]Sa\u011fl\u0131k hizmeti sa\u011flay\u0131c\u0131n\u0131z taraf\u0131ndan belirlenen, son derece yetenekli ve deneyimli cerrahlar taraf\u0131ndan ger\u00e7ekle\u015ftirilen cerrahi prosed\u00fcr.[\/info_list_son][info_list_son style=&#8221;icon&#8221; titleclr=&#8221;#000000&#8243; title=&#8221;Ameliyat sonras\u0131 ila\u00e7lar&#8221; icon=&#8221;fas fa-hand-peace&#8221; iconclr=&#8221;#ffffff&#8221; iconbg=&#8221;#dd3333&#8243;]Ameliyat sonras\u0131nda sa\u011fl\u0131k uzman\u0131n\u0131z taraf\u0131ndan belirlenen gerekli t\u00fcm ila\u00e7 ve tedaviler.[\/info_list_son][\/info_list_father][\/vc_column][\/vc_row][vc_row row_space=&#8221;remove_padding_bottom&#8221;][vc_column][gva_block_heading title=&#8221;Partner Hastaneler&#8221;][\/gva_block_heading][\/vc_column][\/vc_row][vc_row row_space=&#8221;remove_padding_top&#8221;][vc_column width=&#8221;1\/2&#8243;][gva_partners photo=&#8221;4958&#8243; link=&#8221;https:\/\/www.medicalpark.com.tr&#8221; title=&#8221;Medicalpark Grubu&#8221;]Medicalpark Grubu, T\u00fcrkiye&#8217;nin \u00f6nde gelen \u00f6zel sa\u011fl\u0131k kurulu\u015flar\u0131ndan biridir. \u00dclke genelinde \u00e7ok \u00e7e\u015fitli t\u0131bbi hizmetler ve tedaviler sunan bir hastane ve t\u0131p merkezi a\u011f\u0131 i\u015fletmektedir. Grup 1999 y\u0131l\u0131nda kuruldu ve \u0130stanbul, Ankara, Samsun ve Antalya gibi b\u00fcy\u00fck \u015fehirlerde birden fazla lokasyonu kapsayacak \u015fekilde b\u00fcy\u00fcd\u00fc. Medicalpark Grubu, ileri teknoloji ve y\u00fcksek e\u011fitimli sa\u011fl\u0131k personeli ile tan\u0131nmaktad\u0131r ve Joint Commission International (JCI) gibi uluslararas\u0131 kurulu\u015flar taraf\u0131ndan akredite edilmi\u015ftir. Grup, d\u00fcnyan\u0131n her yerinden gelen hastalara hizmet veren uluslararas\u0131 bir hasta departman\u0131 sunmaktad\u0131r.[\/gva_partners][gva_partners photo=&#8221;4930&#8243; link=&#8221;https:\/\/www.medicana.com.tr\/&#8221; title=&#8221;Medicana Sa\u011fl\u0131k Grubu&#8221;]Medicana Sa\u011fl\u0131k Grubu; deneyimli ve alan\u0131nda uzman kadrosu, hasta memnuniyeti odakl\u0131 ve sa\u011fl\u0131k sekt\u00f6r\u00fcnde fark yaratan hizmet anlay\u0131\u015f\u0131 ile 1992 y\u0131l\u0131nda hizmet vermeye ba\u015flam\u0131\u015ft\u0131r. Medicana Sa\u011fl\u0131k Grubu, T\u00fcrkiye genelinde, \u0130stanbul, Ankara, \u0130zmir, Konya, Samsun, Sivas ve Bursa olmak \u00fczere 7 ilde 14 hastane ile hastalar\u0131na sa\u011fl\u0131k hizmeti sunmaktad\u0131r.[\/gva_partners][gva_partners photo=&#8221;4931&#8243; link=&#8221;https:\/\/medibafra.com.tr\/&#8221; title=&#8221;Medi Bafra Hastanesi&#8221;]\u00d6zel Medi Bafra Hastanesi 10 A\u011fustos 2009 tarihinde, hastalara sunulan sa\u011fl\u0131k hizmetinin kalitesini art\u0131rmak amac\u0131yla kurulmu\u015ftur. Ayakta ve yatarak tedaviler i\u00e7in 153 yata\u011fa sahip olan hastane, hasta sa\u011fl\u0131\u011f\u0131n\u0131n iyile\u015ftirilmesi i\u00e7in \u00e7al\u0131\u015fmay\u0131 taahh\u00fct etmektedir. Hastane, ana odak noktas\u0131 hastalara en y\u00fcksek kalitede bak\u0131m sa\u011flamak olan \u00e7e\u015fitli bran\u015flarda uzman doktor ve sa\u011fl\u0131k personelinden olu\u015fan bir ekibe sahiptir.[\/gva_partners][\/vc_column][vc_column width=&#8221;1\/2&#8243;][gva_partners photo=&#8221;4959&#8243; link=&#8221;https:\/\/www.livhospital.com&#8221; title=&#8221;Liv Hospital&#8221;]Liv Hospital&#8217;\u0131n ad\u0131 &#8220;Lider Uluslararas\u0131 Vizyon&#8221;. Liv Hospital T\u00fcrkiye&#8217;de bir grup \u00f6zel sa\u011fl\u0131k kurulu\u015fudur. Di\u011ferlerinin yan\u0131 s\u0131ra genel cerrahi, kardiyoloji, ortopedi, n\u00f6roloji ve onkoloji de dahil olmak \u00fczere geni\u015f bir yelpazede t\u0131bbi hizmetler sunmaktad\u0131r. Hastane grubu 2011 y\u0131l\u0131nda kuruldu ve o zamandan beri \u0130stanbul, Ankara, \u0130zmir ve Samsun da dahil olmak \u00fczere T\u00fcrkiye&#8217;nin \u00e7e\u015fitli yerlerini kapsayacak \u015fekilde b\u00fcy\u00fcd\u00fc. Liv Hospital, en son teknoloji ve y\u00fcksek e\u011fitimli t\u0131bbi kadrosuyla tan\u0131n\u0131r. Hastane grubu JCI akreditasyonuna sahiptir ve uluslararas\u0131 bir hasta departman\u0131 ile \u00e7al\u0131\u015fmaktad\u0131r. T\u00fcrkiye&#8217;nin en iyi \u00f6zel hastanelerinden biri olarak kabul edilir ve yerel ve uluslararas\u0131 hastalara \u00e7ok \u00e7e\u015fitli t\u0131bbi hizmetler sunar.[\/gva_partners][gva_partners photo=&#8221;4908&#8243; link=&#8221;https:\/\/www.buyukanadoluhastanesi.com\/&#8221; title=&#8221;B\u00fcy\u00fck Anadolu Hastaneleri&#8221;]B\u00fcy\u00fck Anadolu Sa\u011fl\u0131k Grubu, sa\u011fl\u0131k hizmetleri sunma konusunda 27 y\u0131ll\u0131k deneyime sahiptir. Uzmanla\u015fm\u0131\u015f sa\u011fl\u0131k hizmetleri sunmaktad\u0131r. Hastanenin hasta memnuniyetini sa\u011flama, sa\u011fl\u0131k sorunlar\u0131n\u0131 m\u00fcmk\u00fcn olan en k\u0131sa s\u00fcrede \u00e7\u00f6zme, t\u00fcm yasal gereklilikleri kar\u015f\u0131lama ve nitelikli bir sa\u011fl\u0131k ekibiyle sa\u011fl\u0131k hizmeti sunma konusundaki kararl\u0131l\u0131\u011f\u0131 sars\u0131lmazd\u0131r. Samsun&#8217;da iki ve Dar\u0131ca&#8217;da iki hastanesi bulunan Grup, bilim ve teknolojideki geli\u015fmeleri yak\u0131ndan takip ederek y\u00fcksek kalitede sa\u011fl\u0131k hizmeti sunmay\u0131 hedeflemektedir. [\/gva_partners][gva_partners photo=&#8221;4909&#8243; link=&#8221;https:\/\/medibafra.com.tr\/&#8221; title=&#8221;FBM Estetik Klinik&#8221;]FBM Estetik Klini\u011fi, Do\u00e7ent Dr. Hayati Akba\u015f y\u00f6netiminde plastik cerrahi, sa\u00e7 ekimi, rinoplasti, mamoplasti ve ameliyats\u0131z y\u00fcz gen\u00e7le\u015ftirme konular\u0131nda deneyimli kadrosuyla 2005 y\u0131l\u0131ndan bu yana faaliyet g\u00f6stermektedir.[\/gva_partners][\/vc_column][\/vc_row][vc_row row_space=&#8221;remove_padding_top&#8221;][vc_column][gva_brands style=&#8221;style-2&#8243; items_lg=&#8221;4&#8243; items_md=&#8221;3&#8243; items_sm=&#8221;2&#8243; items_xs=&#8221;2&#8243;][\/vc_column][\/vc_row]<\/p>\n<\/div>","protected":false},"excerpt":{"rendered":"<p>[vc_row][vc_column][info_banner_vc use_theme_fonts=&#8221;yes&#8221; image_id=&#8221;4345&#8243; ribbon_text=&#8221;ACHENE&#8221;] Sa\u011fl\u0131\u011f\u0131n\u0131z, bizim \u00f6nceli\u011fimiz D\u00fcnya standartlar\u0131nda sa\u011fl\u0131k hizmetini bizimle deneyimleyin ACHENE HEALTH olarak, m\u00fc\u015fterilerimize en y\u00fcksek kalitede hizmet ve bak\u0131m sunmaya kendimizi adad\u0131k. Yurt d\u0131\u015f\u0131nda t\u0131bbi tedavi g\u00f6rmenin g\u00f6z korkutucu bir deneyim olabilece\u011fini biliyoruz, bu nedenle sorunsuz ve stressiz bir s\u00fcre\u00e7 sa\u011flamak i\u00e7in en iyi se\u00e7enekleri ve deste\u011fi sunmaya kararl\u0131y\u0131z. Sayg\u0131n ve [&hellip;]<\/p>\n","protected":false},"author":1,"featured_media":4623,"parent":0,"menu_order":0,"comment_status":"closed","ping_status":"closed","template":"","meta":{"footnotes":""},"class_list":["post-4558","page","type-page","status-publish","has-post-thumbnail","hentry"],"_links":{"self":[{"href":"https:\/\/achenehealth.com\/tr\/wp-json\/wp\/v2\/pages\/4558","targetHints":{"allow":["GET"]}}],"collection":[{"href":"https:\/\/achenehealth.com\/tr\/wp-json\/wp\/v2\/pages"}],"about":[{"href":"https:\/\/achenehealth.com\/tr\/wp-json\/wp\/v2\/types\/page"}],"author":[{"embeddable":true,"href":"https:\/\/achenehealth.com\/tr\/wp-json\/wp\/v2\/users\/1"}],"replies":[{"embeddable":true,"href":"https:\/\/achenehealth.com\/tr\/wp-json\/wp\/v2\/comments?post=4558"}],"version-history":[{"count":42,"href":"https:\/\/achenehealth.com\/tr\/wp-json\/wp\/v2\/pages\/4558\/revisions"}],"predecessor-version":[{"id":4971,"href":"https:\/\/achenehealth.com\/tr\/wp-json\/wp\/v2\/pages\/4558\/revisions\/4971"}],"wp:featuredmedia":[{"embeddable":true,"href":"https:\/\/achenehealth.com\/tr\/wp-json\/wp\/v2\/media\/4623"}],"wp:attachment":[{"href":"https:\/\/achenehealth.com\/tr\/wp-json\/wp\/v2\/media?parent=4558"}],"curies":[{"name":"wp","href":"https:\/\/api.w.org\/{rel}","templated":true}]}}