{"id":4638,"date":"2023-01-29T22:42:03","date_gmt":"2023-01-29T19:42:03","guid":{"rendered":"https:\/\/achenehealth.com\/?page_id=4638"},"modified":"2023-06-04T12:19:04","modified_gmt":"2023-06-04T09:19:04","slug":"diz-protezi","status":"publish","type":"page","link":"https:\/\/achenehealth.com\/tr\/diz-protezi\/","title":{"rendered":"Diz protezi"},"content":{"rendered":"<div class=\"wpb-content-wrapper\"><p>[vc_row fullwidth=&#8221;0&#8243; row_space=&#8221;remove_padding_top&#8221;][vc_column][vc_single_image image=&#8221;4686&#8243; img_size=&#8221;full&#8221;][\/vc_column][\/vc_row][vc_row row_space=&#8221;remove_padding_bottom&#8221;][vc_column width=&#8221;1\/2&#8243;][gva_block_heading title=&#8221;Diz A\u011fr\u0131s\u0131n\u0131n Te\u015fhisi: Bir Doktora G\u00f6r\u00fcnmek Neden \u00d6nemlidir&#8221; align=&#8221;align-left&#8221;]<\/p>\n<p style=\"font-weight: 400; text-align: left;\">Yukar\u0131daki belirti ve semptomlardan herhangi birini ya\u015f\u0131yorsan\u0131z, de\u011ferlendirme ve do\u011fru te\u015fhis i\u00e7in bir doktora g\u00f6r\u00fcnmeniz \u00f6nerilir. Doktorunuz diz a\u011fr\u0131n\u0131z\u0131n nedenini belirlemek i\u00e7in fizik muayene yapabilir, t\u0131bbi ge\u00e7mi\u015finizi g\u00f6zden ge\u00e7irebilir ve r\u00f6ntgen veya MRI gibi g\u00f6r\u00fcnt\u00fcleme testleri isteyebilir. Erken te\u015fhis ve tedavi a\u011fr\u0131y\u0131 azaltmaya ve diz ekleminde daha fazla hasar\u0131 \u00f6nlemeye yard\u0131mc\u0131 olabilir.<\/p>\n<ul>\n<li style=\"font-weight: 400; text-align: left;\">Diz a\u011fr\u0131s\u0131na ek olarak kal\u00e7a a\u011fr\u0131s\u0131<\/li>\n<li style=\"font-weight: 400; text-align: left;\">Patella (diz kapa\u011f\u0131) yak\u0131n\u0131nda iltihaplanma<\/li>\n<li style=\"font-weight: 400; text-align: left;\">Eklem instabilitesi<\/li>\n<li style=\"font-weight: 400; text-align: left;\">S\u0131k\u0131\u015fan veya kilitlenen diz<\/li>\n<li style=\"font-weight: 400; text-align: left;\">Dizinizi d\u00fczeltti\u011finizde veya b\u00fckt\u00fc\u011f\u00fcn\u00fczde diz a\u011fr\u0131s\u0131<\/li>\n<li style=\"font-weight: 400; text-align: left;\">Topallama<\/li>\n<li style=\"font-weight: 400; text-align: left;\">Dizinizi hareket ettirirken a\u011fr\u0131<\/li>\n<li style=\"font-weight: 400; text-align: left;\">Sertlik<\/li>\n<li style=\"font-weight: 400; text-align: left;\">\u015ei\u015fme<\/li>\n<li style=\"font-weight: 400; text-align: left;\">Y\u00fcr\u00fcmek g\u00fcvensiz veya tehlikeli hissettiriyor<\/li>\n<\/ul>\n<p>[\/gva_block_heading][vc_single_image image=&#8221;4643&#8243; img_size=&#8221;full&#8221; alignment=&#8221;right&#8221;][gva_icon_box icon_position=&#8221;top-left&#8221; image=&#8221;4394&#8243;][accordion_father activetabbg=&#8221;#994fe2&#8243; activetabclr=&#8221;#ffffff&#8221;][accordion_son title=&#8221;S\u0131k g\u00f6r\u00fclen diz problemleri nelerdir&#8221;]<\/p>\n<p style=\"font-weight: 400;\">Diz problemleri yaralanma, a\u015f\u0131r\u0131 kullan\u0131m ve artrit gibi dejeneratif durumlar da dahil olmak \u00fczere \u00e7e\u015fitli fakt\u00f6rlerden kaynaklanabilir. Yayg\u0131n diz yaralanmalar\u0131 aras\u0131nda ACL (\u00f6n \u00e7apraz ba\u011f) veya menisk\u00fcs y\u0131rt\u0131klar\u0131, k\u0131r\u0131klar ve bursit (eklemi saran s\u0131v\u0131 dolu keselerin iltihaplanmas\u0131) yer al\u0131r. Diz eklemini koruyan k\u0131k\u0131rda\u011f\u0131n a\u015f\u0131nmas\u0131 ile karakterize olan artrit de diz a\u011fr\u0131s\u0131 ve sertli\u011fine neden olabilir. Gut, tendinit ve osteoporoz gibi di\u011fer rahats\u0131zl\u0131klar da diz sorunlar\u0131na yol a\u00e7abilir. Diz sorunlar\u0131n\u0131 ele almak i\u00e7in bir ortopedi uzman\u0131ndan do\u011fru te\u015fhis ve ki\u015fiselle\u015ftirilmi\u015f tedavi plan\u0131 almak \u00f6nemlidir.<\/p>\n<p style=\"font-weight: 400;\">\u0130\u015fte diz protezi ameliyat\u0131 ihtiyac\u0131na yol a\u00e7abilecek yayg\u0131n durumlar\u0131n bir listesi:<\/p>\n<ul>\n<li style=\"font-weight: 400;\">Osteoartrit<\/li>\n<li style=\"font-weight: 400;\">Romatoid artrit<\/li>\n<li style=\"font-weight: 400;\">Travma sonras\u0131 artrit<\/li>\n<li style=\"font-weight: 400;\">Avask\u00fcler nekroz<\/li>\n<li style=\"font-weight: 400;\">Osteoporoza ba\u011fl\u0131 k\u0131r\u0131klar<\/li>\n<li style=\"font-weight: 400;\">Kronik diz a\u011fr\u0131s\u0131 ve instabilite<\/li>\n<li style=\"font-weight: 400;\">Dejeneratif eklem hastal\u0131\u011f\u0131<\/li>\n<\/ul>\n<p style=\"font-weight: 400;\">Bu ko\u015fullar \u015fiddetli diz a\u011fr\u0131s\u0131na neden olabilir ve hareket kabiliyetini k\u0131s\u0131tlayarak baz\u0131 bireyler i\u00e7in diz protezi ameliyat\u0131n\u0131 gerekli hale getirebilir. Do\u011fru te\u015fhis ve ki\u015fiselle\u015ftirilmi\u015f tedavi plan\u0131 i\u00e7in bir ortopedi cerrah\u0131na dan\u0131\u015fmak \u00f6nemlidir.<\/p>\n<p>[\/accordion_son][accordion_son title=&#8221;Diz artritinin belirtileri nelerdir&#8221;]Diz artritinin yayg\u0131n belirtileri \u015funlard\u0131r:<\/p>\n<ul>\n<li style=\"font-weight: 400;\">A\u011fr\u0131: \u00d6zellikle y\u00fcr\u00fcme veya merdiven \u00e7\u0131kma gibi a\u011f\u0131rl\u0131k ta\u015f\u0131yan aktiviteler s\u0131ras\u0131nda diz ekleminde a\u011fr\u0131 veya yanma.<\/li>\n<li style=\"font-weight: 400;\">Sertlik: \u00d6zellikle hareketsizlik d\u00f6nemlerinden sonra dizin b\u00fck\u00fclmesinde veya d\u00fczeltilmesinde zorluk.<\/li>\n<li style=\"font-weight: 400;\">\u015ei\u015fme: Diz \u015fi\u015febilir ve hassasla\u015fabilir.<\/li>\n<li style=\"font-weight: 400;\">Hareket kabiliyetinde azalma: Y\u00fcr\u00fcme, merdiven \u00e7\u0131kma veya uzun s\u00fcre ayakta durma dahil olmak \u00fczere diz eklemini hareket ettirmede zorluk.<\/li>\n<li style=\"font-weight: 400;\">Krepitus: Dizinizi hareket ettirdi\u011finizde bir \u00e7atlama veya g\u0131c\u0131rdama sesi.<\/li>\n<li style=\"font-weight: 400;\">\u0130nstabilite: Dizin k\u0131r\u0131labilece\u011fi hissi &#8220;yol ver&#8221;.<\/li>\n<\/ul>\n<p>[\/accordion_son][accordion_son title=&#8221;Total diz protezi nedir&#8221;]<\/p>\n<p style=\"font-weight: 400;\">Total diz replasman\u0131 (TKR), hasarl\u0131 bir diz eklemini metal ve plastik bile\u015fenlerden olu\u015fan yapay bir eklemle de\u011fi\u015ftiren cerrahi bir prosed\u00fcrd\u00fcr. TKR&#8217;nin hedefleri a\u011fr\u0131y\u0131 hafifletmek, eklem fonksiyonunu ve hareketlili\u011fini iyile\u015ftirmek ve diz deformitelerini d\u00fczeltmektir.<\/p>\n<p>[\/accordion_son][accordion_son title=&#8221;Kimler diz protezi ameliyat\u0131na ihtiya\u00e7 duyar&#8221;]<\/p>\n<p style=\"font-weight: 400;\">Total diz artroplastisi olarak da bilinen diz protezi ameliyat\u0131, tipik olarak artrit veya cerrahi olmayan tedavilere yan\u0131t vermeyen di\u011fer durumlar\u0131n neden oldu\u011fu \u015fiddetli diz a\u011fr\u0131s\u0131 ve sertli\u011fi olan bireyler i\u00e7in \u00f6nerilir. Ameliyat, diz yaralanmas\u0131 ge\u00e7iren veya hareket kabiliyetini ve ya\u015fam kalitesini etkileyen diz deformitesi olan bireyler i\u00e7in de gerekli olabilir. Diz protezi ameliyat\u0131 karar\u0131 genellikle bir ortopedi cerrah\u0131 taraf\u0131ndan kapsaml\u0131 bir de\u011ferlendirme yap\u0131ld\u0131ktan ve a\u011fr\u0131n\u0131n \u015fiddeti, eklem hasar\u0131n\u0131n derecesi ve bireyin genel sa\u011fl\u0131k ve aktivite d\u00fczeyi gibi fakt\u00f6rler g\u00f6z \u00f6n\u00fcnde bulundurulduktan sonra verilir.<\/p>\n<p>[\/accordion_son][accordion_son title=&#8221;Hastalar ne zaman total diz replasman\u0131n\u0131 d\u00fc\u015f\u00fcnmelidir&#8221;]<\/p>\n<p style=\"font-weight: 400;\">Hastalar, fizik tedavi, a\u011fr\u0131 kesici ila\u00e7lar ve ya\u015fam tarz\u0131 de\u011fi\u015fiklikleri gibi cerrahi olmayan tedaviler art\u0131k \u015fiddetli diz osteoartriti, romatoid artrit veya di\u011fer diz eklemi rahats\u0131zl\u0131klar\u0131n\u0131n neden oldu\u011fu diz a\u011fr\u0131s\u0131 ve sertli\u011finden yeterli rahatlama sa\u011flamad\u0131\u011f\u0131nda total diz protezi ameliyat\u0131n\u0131 d\u00fc\u015f\u00fcnmelidir. Ek olarak, diz deformitesi hastan\u0131n ya\u015fam kalitesini ve hareketlili\u011fini \u00f6nemli \u00f6l\u00e7\u00fcde etkiliyorsa TKR d\u00fc\u015f\u00fcn\u00fclebilir. TKR yapt\u0131rma karar\u0131 genellikle bir ortopedi cerrah\u0131na dan\u0131\u015f\u0131larak verilir.<\/p>\n<p>[\/accordion_son][accordion_son title=&#8221;Obezsem total diz protezi yapt\u0131rabilir miyim&#8221;]<\/p>\n<p style=\"font-weight: 400;\">Evet, obezseniz total diz protezi yapt\u0131rabilirsiniz. Bununla birlikte, a\u015f\u0131r\u0131 kilolu veya obez olmak, enfeksiyon, kan p\u0131ht\u0131la\u015fmas\u0131 ve daha uzun iyile\u015fme s\u00fcresi gibi diz protezi ameliyat\u0131yla ili\u015fkili baz\u0131 komplikasyon riskinizi art\u0131rabilir. Ayr\u0131ca yapay eklem \u00fczerinde ekstra bask\u0131 olu\u015fturabilir ve bu da implant\u0131n gev\u015femesine veya bozulmas\u0131na neden olabilir.<\/p>\n<p style=\"font-weight: 400;\">TKR d\u00fc\u015f\u00fcn\u00fcyorsan\u0131z ve a\u015f\u0131r\u0131 kilolu veya obezseniz, ortopedi cerrah\u0131n\u0131zla prosed\u00fcr\u00fcn potansiyel risklerini ve faydalar\u0131n\u0131 g\u00f6r\u00fc\u015fmeniz \u00f6nemlidir. Cerrah\u0131n\u0131z, riskleri en aza indirmek ve prosed\u00fcr\u00fcn sonu\u00e7lar\u0131n\u0131 iyile\u015ftirmek i\u00e7in ameliyattan \u00f6nce kilo vermenizi \u00f6nerebilir. Baz\u0131 durumlarda, sa\u011fl\u0131kl\u0131 bir kiloya ula\u015fman\u0131za yard\u0131mc\u0131 olmak i\u00e7in TKR&#8217;den \u00f6nce bariatrik cerrahi \u00f6nerilebilir.<\/p>\n<p>[\/accordion_son][accordion_son title=&#8221;Diz protezi ameliyat\u0131nda ne olur&#8221;]<\/p>\n<p style=\"font-weight: 400;\">Diz protezi ameliyat\u0131 s\u0131ras\u0131nda hasarl\u0131 diz eklemi a\u00e7\u0131\u011fa \u00e7\u0131kar\u0131l\u0131r ve uyluk kemi\u011finin ucu (femur) ile kaval kemi\u011finin \u00fcst k\u0131sm\u0131 (tibia) yapay eklem bile\u015fenlerine uyacak \u015fekilde yeniden \u015fekillendirilir. Hasarl\u0131 diz eklemi daha sonra \u00e7\u0131kar\u0131l\u0131r ve yapay eklemin metal ve plastik bile\u015fenleri \u00f6zel bir \u00e7imento veya pres-fit y\u00f6ntemi kullan\u0131larak kemiklere tutturulur. Diz protezi bile\u015fenleri tipik olarak femur i\u00e7in metal bir plaka, tibia i\u00e7in metal bir kutu ve bunlar\u0131n aras\u0131nda plastik bir ara par\u00e7adan olu\u015fur. Prosed\u00fcr genellikle 1-2 saat s\u00fcrer ve genel anestezi alt\u0131nda ger\u00e7ekle\u015ftirilir. Ameliyattan sonra diz genellikle bir bandajla sar\u0131l\u0131r ve fazla s\u0131v\u0131y\u0131 almak i\u00e7in bir dren yerle\u015ftirilebilir. Ameliyattan sonra genellikle 3-5 g\u00fcn hastanede kalacaks\u0131n\u0131z.<\/p>\n<p>[\/accordion_son][accordion_son title=&#8221;Ameliyat\u0131mdan sonra klinikte ne kadar kalaca\u011f\u0131m&#8221;]<\/p>\n<p style=\"font-weight: 400;\">Total diz protezi sonras\u0131 hastanede kal\u0131\u015f s\u00fcresi tipik olarak 3-5 g\u00fcnd\u00fcr. Bu s\u00fcre zarf\u0131nda hasta a\u011fr\u0131 y\u00f6netimi ve rehabilitasyon tedavisi al\u0131r ve herhangi bir komplikasyon a\u00e7\u0131s\u0131ndan izlenir. Hastanede kal\u0131\u015f s\u00fcresi hastan\u0131n genel sa\u011fl\u0131k durumuna, uygulanan TKR prosed\u00fcr\u00fcn\u00fcn t\u00fcr\u00fcne ve hastan\u0131n ameliyata verdi\u011fi yan\u0131ta ba\u011fl\u0131 olarak de\u011fi\u015febilir.<\/p>\n<p style=\"font-weight: 400;\">Hastaneden taburcu olduktan sonra \u00e7o\u011fu hasta rehabilitasyon tedavisi almaya devam edecek ve ba\u015far\u0131l\u0131 bir iyile\u015fme sa\u011flamak i\u00e7in ortopedi cerrah\u0131 taraf\u0131ndan izlenecektir. Hasta, dizindeki g\u00fcc\u00fc ve hareket a\u00e7\u0131kl\u0131\u011f\u0131n\u0131 yeniden kazanmak i\u00e7in ameliyattan sonra birka\u00e7 hafta ila ay boyunca fizyoterapiye ihtiya\u00e7 duyabilir. \u0130yile\u015fme s\u00fcresi ki\u015fiden ki\u015fiye b\u00fcy\u00fck \u00f6l\u00e7\u00fcde de\u011fi\u015febilir, ancak \u00e7o\u011fu insan ameliyattan sonraki 2-6 ay i\u00e7inde normal g\u00fcnl\u00fck aktivitelerine d\u00f6nebilir.<\/p>\n<p>[\/accordion_son][accordion_son title=&#8221;Diz protezi ameliyat\u0131ndan sonra beklenen zaman \u00e7izelgesi nedir&#8221;]<\/p>\n<ul>\n<li>1 G\u00fcn: Y\u00fcr\u00fcme yard\u0131mc\u0131s\u0131 kullanarak ayakta durabilmelisiniz.<\/li>\n<li style=\"font-weight: 400;\">2-5 g\u00fcn: Hastaneden ayr\u0131labileceksiniz.<\/li>\n<li style=\"font-weight: 400;\">1 hafta: Koltuk de\u011fnekleriyle ba\u011f\u0131ms\u0131z olarak y\u00fcr\u00fcyebilmelisiniz.<\/li>\n<li style=\"font-weight: 400;\">4-6 hafta: Ara\u00e7 kullanman\u0131z m\u00fcmk\u00fcn olabilir (sigorta \u015firketinize dan\u0131\u015f\u0131n).<\/li>\n<li style=\"font-weight: 400;\">6 hafta: Koltuk de\u011fne\u011fi olmadan y\u00fcr\u00fcyebilmelisiniz.<\/li>\n<li style=\"font-weight: 400;\">3 ay ila 1 y\u0131l: Yara dokusu iyile\u015ftik\u00e7e ve kaslar egzersizle onar\u0131ld\u0131k\u00e7a tam iyile\u015fme sa\u011flaman\u0131z gerekir.<\/li>\n<li style=\"font-weight: 400;\">2 y\u0131l: Genellikle a\u011fr\u0131 ve \u015fi\u015flikten kurtulmu\u015f olmal\u0131s\u0131n\u0131z.<\/li>\n<\/ul>\n<p style=\"font-weight: 400;\">Not: Bu zaman \u00e7izelgesi tahmini olup ya\u015f, genel sa\u011fl\u0131k durumu ve rehabilitasyonun ilerlemesi gibi bireysel fakt\u00f6rlere ba\u011fl\u0131 olarak de\u011fi\u015febilir. En iyi sonucu elde etmek i\u00e7in doktorunuzun talimatlar\u0131na uyman\u0131z ve \u00f6ng\u00f6r\u00fclen \u015fekilde fizik tedaviye kat\u0131lman\u0131z \u00f6nemlidir.<\/p>\n<p>[\/accordion_son][accordion_son title=&#8221;Diz protezi ile spor yapabilir miyim&#8221;]<\/p>\n<p style=\"font-weight: 400;\">Total diz replasman\u0131ndan sonra \u00e7o\u011fu insan y\u00fcr\u00fcy\u00fc\u015f, golf ve y\u00fczme gibi d\u00fc\u015f\u00fck etkili aktivitelere kat\u0131labilir, ancak ko\u015fma, z\u0131plama ve temas sporlar\u0131 gibi y\u00fcksek etkili aktiviteler genellikle \u00f6nerilmez. TKR sonras\u0131 spora kat\u0131lma karar\u0131 hastan\u0131n ya\u015f\u0131, genel sa\u011fl\u0131k durumu ve fiziksel durumu da dahil olmak \u00fczere \u00e7e\u015fitli fakt\u00f6rlere ba\u011fl\u0131d\u0131r.<\/p>\n<p style=\"font-weight: 400;\">Ameliyattan \u00f6nce ortopedi cerrah\u0131n\u0131zla aktivite d\u00fczeyinizi ve egzersiz hedeflerinizi g\u00f6r\u00fc\u015fmeniz ve cerrah\u0131n ameliyat sonras\u0131 rehabilitasyon ve fiziksel aktivite \u00f6nerilerine uyman\u0131z \u00f6nemlidir. Baz\u0131 durumlarda, yapay eklem \u00fczerindeki stresi en aza indirmek i\u00e7in belirli faaliyetlerden ka\u00e7\u0131n\u0131lmas\u0131 veya bunlar\u0131n de\u011fi\u015ftirilmesi \u00f6nerilebilir.<\/p>\n<p style=\"font-weight: 400;\">V\u00fccudunuzu dinlemeniz ve \u00f6zellikle TKR&#8217;den iyile\u015fmenin ilk a\u015famalar\u0131nda kendinizi \u00e7ok zorlamaman\u0131z \u00f6nemlidir. Fiziksel aktiviteyi kademeli olarak art\u0131rmak ve y\u00fcksek etkili aktivitelerden ka\u00e7\u0131nmak protezin \u00f6mr\u00fcn\u00fc uzatmaya ve komplikasyon riskini en aza indirmeye yard\u0131mc\u0131 olabilir.<\/p>\n<p>[\/accordion_son][accordion_son title=&#8221;Total diz protezi ile ilgili riskler nelerdir&#8221;]<\/p>\n<ul>\n<li style=\"font-weight: 400;\">Enfeksiyon: TKR&#8217;den sonra nadir g\u00f6r\u00fclse de, herhangi bir cerrahi prosed\u00fcrde enfeksiyon riski vard\u0131r.<\/li>\n<li style=\"font-weight: 400;\">Kan p\u0131ht\u0131lar\u0131: TKR&#8217;den sonra bacak damarlar\u0131nda kan p\u0131ht\u0131lar\u0131 olu\u015fabilir ve akci\u011ferlere gitmeleri halinde hayati tehlike yaratabilirler.<\/li>\n<li style=\"font-weight: 400;\">Sinir veya kan damar\u0131 yaralanmas\u0131: Ameliyat s\u0131ras\u0131nda diz b\u00f6lgesinde sinir ve kan damar\u0131 yaralanmas\u0131 riski vard\u0131r.<\/li>\n<li style=\"font-weight: 400;\">Gev\u015feme: Yapay eklem bile\u015fenleri zaman i\u00e7inde gev\u015feyebilir ve revizyon ameliyat\u0131 gerektirebilir.<\/li>\n<li style=\"font-weight: 400;\">\u0130mplant yetmezli\u011fi: Yapay eklem a\u015f\u0131nabilir veya k\u0131r\u0131labilir, bu da ek ameliyat gerektirir.<\/li>\n<li style=\"font-weight: 400;\">A\u011fr\u0131: TKR sonras\u0131 dizde a\u011fr\u0131 veya rahats\u0131zl\u0131k devam edebilir ve ek tedavi gerektirebilir.<\/li>\n<li style=\"font-weight: 400;\">Sertlik: TKR&#8217;den sonra diz sertle\u015febilir ve hastan\u0131n hareket aral\u0131\u011f\u0131n\u0131 k\u0131s\u0131tlayabilir.<\/li>\n<\/ul>\n<p>Prosed\u00fcr\u00fc uygulamaya karar vermeden \u00f6nce TKR&#8217;nin potansiyel risklerini ve faydalar\u0131n\u0131 uzman bir ortopedi cerrah\u0131 ile g\u00f6r\u00fc\u015fmek \u00f6nemlidir.[\/accordion_son][\/accordion_father][\/vc_column][vc_column width=&#8221;1\/2&#8243;][vc_single_image image=&#8221;4650&#8243; img_size=&#8221;full&#8221; alignment=&#8221;right&#8221;][vc_empty_space][gva_block_heading title=&#8221;Diz eklemi dejenerasyonu&#8221; align=&#8221;align-left&#8221;]<\/p>\n<p style=\"font-weight: 400;\">Diz dejenerasyonu, diz ekleminin zamanla a\u015f\u0131narak a\u011fr\u0131ya, sertli\u011fe ve hareket kabiliyetinin azalmas\u0131na neden oldu\u011fu bir durumdur. Genellikle eklemleri etkileyen bir artrit t\u00fcr\u00fc olan osteoartritten kaynaklan\u0131r, ancak yaralanma, obezite veya romatoid artrit gibi di\u011fer durumlardan da kaynaklanabilir. Diz ekleminin dejenerasyonu, eklemdeki kemikleri yast\u0131klayan k\u0131k\u0131rda\u011f\u0131n par\u00e7alanmas\u0131na neden olarak a\u011fr\u0131, iltihaplanma ve eklem i\u015flevinin azalmas\u0131na yol a\u00e7ar. \u0130lerlemi\u015f vakalarda, diz dejenerasyonu ciddi diz a\u011fr\u0131s\u0131na, hareket kabiliyetinde azalmaya ve sakatl\u0131\u011fa neden olarak y\u00fcr\u00fcme, merdiven \u00e7\u0131kma ve hatta ayakta durma gibi aktiviteleri zorla\u015ft\u0131rabilir. Baz\u0131 durumlarda diz eklemi dejenerasyonu diz protezi ameliyat\u0131 gerektirebilir.<\/p>\n<p>[\/gva_block_heading][vc_single_image image=&#8221;4660&#8243; img_size=&#8221;350&#215;525&#8243; alignment=&#8221;right&#8221;][\/vc_column][\/vc_row][vc_row row_space=&#8221;remove_padding_top&#8221;][vc_column width=&#8221;1\/4&#8243;][gva_icon_box title=&#8221;En iyi hasta bak\u0131m\u0131&#8221; icon=&#8221;gv-icon-1271&#8243; description=&#8221;\u00d6ncelikli hedefimiz her zaman \u00fcst\u00fcn bak\u0131m, e\u015fsiz cerrahi deneyim ve ki\u015fiselle\u015ftirilmi\u015f tedavi sa\u011flamakt\u0131r.&#8221; icon_position=&#8221;top-center v2&#8243; icon_width=&#8221;fa-4x&#8221; icon_color=&#8221;#0000ff&#8221;][\/vc_column][vc_column width=&#8221;1\/4&#8243;][gva_icon_box title=&#8221;A\u011fr\u0131y\u0131 geride b\u0131rak\u0131n&#8221; description=&#8221;Hareketlerinizi art\u0131r\u0131n&#8221; icon_position=&#8221;top-center v2&#8243; icon_width=&#8221;fa-4x&#8221; icon_color=&#8221;#0000ff&#8221; image=&#8221;4699&#8243;][\/vc_column][vc_column width=&#8221;1\/4&#8243;][gva_icon_box title=&#8221;Her ad\u0131mda daha g\u00fc\u00e7l\u00fc&#8221; icon=&#8221;gv-icon-1604&#8243; description=&#8221;Y\u00fcr\u00fcme sorununuza son verin&#8221; icon_position=&#8221;top-center v2&#8243; icon_width=&#8221;fa-4x&#8221; icon_color=&#8221;#0000ff&#8221;][\/vc_column][vc_column width=&#8221;1\/4&#8243;][gva_icon_box title=&#8221;Yeni diz, yeni f\u0131rsatlar&#8221; description=&#8221;Yeni ba\u015flang\u0131\u00e7, s\u0131n\u0131rs\u0131z olanaklar&#8221; icon_position=&#8221;top-center v2&#8243; icon_width=&#8221;fa-4x&#8221; icon_color=&#8221;#0000ff&#8221; image=&#8221;4696&#8243;][\/vc_column][\/vc_row][vc_column][\/vc_column]<\/p>\n<\/div>","protected":false},"excerpt":{"rendered":"<p>[vc_row fullwidth=&#8221;0&#8243; row_space=&#8221;remove_padding_top&#8221;][vc_column][vc_single_image image=&#8221;4686&#8243; img_size=&#8221;full&#8221;][\/vc_column][\/vc_row][vc_row row_space=&#8221;remove_padding_bottom&#8221;][vc_column width=&#8221;1\/2&#8243;][gva_block_heading title=&#8221;Diz A\u011fr\u0131s\u0131n\u0131n Te\u015fhisi: Bir Doktora G\u00f6r\u00fcnmek Neden \u00d6nemlidir&#8221; align=&#8221;align-left&#8221;] Yukar\u0131daki belirti ve semptomlardan herhangi birini ya\u015f\u0131yorsan\u0131z, de\u011ferlendirme ve do\u011fru te\u015fhis i\u00e7in bir doktora g\u00f6r\u00fcnmeniz \u00f6nerilir. Doktorunuz diz a\u011fr\u0131n\u0131z\u0131n nedenini belirlemek i\u00e7in fizik muayene yapabilir, t\u0131bbi ge\u00e7mi\u015finizi g\u00f6zden ge\u00e7irebilir ve r\u00f6ntgen veya MRI gibi g\u00f6r\u00fcnt\u00fcleme testleri isteyebilir. Erken te\u015fhis [&hellip;]<\/p>\n","protected":false},"author":1,"featured_media":4525,"parent":0,"menu_order":0,"comment_status":"closed","ping_status":"closed","template":"","meta":{"footnotes":""},"class_list":["post-4638","page","type-page","status-publish","has-post-thumbnail","hentry"],"_links":{"self":[{"href":"https:\/\/achenehealth.com\/tr\/wp-json\/wp\/v2\/pages\/4638","targetHints":{"allow":["GET"]}}],"collection":[{"href":"https:\/\/achenehealth.com\/tr\/wp-json\/wp\/v2\/pages"}],"about":[{"href":"https:\/\/achenehealth.com\/tr\/wp-json\/wp\/v2\/types\/page"}],"author":[{"embeddable":true,"href":"https:\/\/achenehealth.com\/tr\/wp-json\/wp\/v2\/users\/1"}],"replies":[{"embeddable":true,"href":"https:\/\/achenehealth.com\/tr\/wp-json\/wp\/v2\/comments?post=4638"}],"version-history":[{"count":39,"href":"https:\/\/achenehealth.com\/tr\/wp-json\/wp\/v2\/pages\/4638\/revisions"}],"predecessor-version":[{"id":4807,"href":"https:\/\/achenehealth.com\/tr\/wp-json\/wp\/v2\/pages\/4638\/revisions\/4807"}],"wp:featuredmedia":[{"embeddable":true,"href":"https:\/\/achenehealth.com\/tr\/wp-json\/wp\/v2\/media\/4525"}],"wp:attachment":[{"href":"https:\/\/achenehealth.com\/tr\/wp-json\/wp\/v2\/media?parent=4638"}],"curies":[{"name":"wp","href":"https:\/\/api.w.org\/{rel}","templated":true}]}}